{"id":470,"date":"2022-06-15T20:12:15","date_gmt":"2022-06-15T18:12:15","guid":{"rendered":"https:\/\/mockelnforeningarna.se\/kbmk\/?page_id=470"},"modified":"2022-11-28T11:15:14","modified_gmt":"2022-11-28T10:15:14","slug":"profilprodukter","status":"publish","type":"page","link":"https:\/\/mockelnforeningarna.se\/kbmk\/klubben\/profilprodukter\/","title":{"rendered":"Profilprodukter"},"content":{"rendered":"\n<p><strong>F\u00f6reningskl\u00e4der<\/strong><\/p>\n\n\n\n<p>En kollektion av f\u00f6reningskl\u00e4der har tagits fram I samarbete med Fabriqen<\/p>\n\n\n\n<figure class=\"wp-block-image\"><img loading=\"lazy\" decoding=\"async\" width=\"1167\" height=\"629\" src=\"https:\/\/mockelnforeningarna.se\/app\/uploads\/sites\/22\/2022\/06\/Profilprodukter.jpg\" alt=\"\" class=\"wp-image-473\" srcset=\"https:\/\/mockelnforeningarna.se\/app\/uploads\/sites\/22\/2022\/06\/Profilprodukter.jpg 1167w, https:\/\/mockelnforeningarna.se\/app\/uploads\/sites\/22\/2022\/06\/Profilprodukter-300x162.jpg 300w, https:\/\/mockelnforeningarna.se\/app\/uploads\/sites\/22\/2022\/06\/Profilprodukter-1024x552.jpg 1024w, https:\/\/mockelnforeningarna.se\/app\/uploads\/sites\/22\/2022\/06\/Profilprodukter-768x414.jpg 768w, https:\/\/mockelnforeningarna.se\/app\/uploads\/sites\/22\/2022\/06\/Profilprodukter-800x431.jpg 800w, https:\/\/mockelnforeningarna.se\/app\/uploads\/sites\/22\/2022\/06\/Profilprodukter-500x269.jpg 500w, https:\/\/mockelnforeningarna.se\/app\/uploads\/sites\/22\/2022\/06\/Profilprodukter-600x323.jpg 600w\" sizes=\"auto, (max-width: 1167px) 100vw, 1167px\" \/><\/figure>\n\n\n\n<p>Kl\u00e4derna kan best\u00e4llas till medlemspris p\u00e5 f\u00f6ljande l\u00e4nk: <a href=\"https:\/\/sportfabriqen.se\/butiker\/karlskoga-motorbatsklubb.html\">https:\/\/sportfabriqen.se\/butiker\/karlskoga-motorbatsklubb.html<\/a><\/p>\n","protected":false},"excerpt":{"rendered":"<p>F\u00f6reningskl\u00e4der En kollektion av f\u00f6reningskl\u00e4der har tagits fram I samarbete med Fabriqen Kl\u00e4derna kan best\u00e4llas till medlemspris p\u00e5 f\u00f6ljande l\u00e4nk: https:\/\/sportfabriqen.se\/butiker\/karlskoga-motorbatsklubb.html<\/p>\n","protected":false},"author":27,"featured_media":0,"parent":81,"menu_order":0,"comment_status":"closed","ping_status":"closed","template":"","meta":{"footnotes":""},"class_list":["post-470","page","type-page","status-publish","hentry"],"_links":{"self":[{"href":"https:\/\/mockelnforeningarna.se\/kbmk\/wp-json\/wp\/v2\/pages\/470","targetHints":{"allow":["GET"]}}],"collection":[{"href":"https:\/\/mockelnforeningarna.se\/kbmk\/wp-json\/wp\/v2\/pages"}],"about":[{"href":"https:\/\/mockelnforeningarna.se\/kbmk\/wp-json\/wp\/v2\/types\/page"}],"author":[{"embeddable":true,"href":"https:\/\/mockelnforeningarna.se\/kbmk\/wp-json\/wp\/v2\/users\/27"}],"replies":[{"embeddable":true,"href":"https:\/\/mockelnforeningarna.se\/kbmk\/wp-json\/wp\/v2\/comments?post=470"}],"version-history":[{"count":1,"href":"https:\/\/mockelnforeningarna.se\/kbmk\/wp-json\/wp\/v2\/pages\/470\/revisions"}],"predecessor-version":[{"id":594,"href":"https:\/\/mockelnforeningarna.se\/kbmk\/wp-json\/wp\/v2\/pages\/470\/revisions\/594"}],"up":[{"embeddable":true,"href":"https:\/\/mockelnforeningarna.se\/kbmk\/wp-json\/wp\/v2\/pages\/81"}],"wp:attachment":[{"href":"https:\/\/mockelnforeningarna.se\/kbmk\/wp-json\/wp\/v2\/media?parent=470"}],"curies":[{"name":"wp","href":"https:\/\/api.w.org\/{rel}","templated":true}]}}