{"id":81,"date":"2018-12-11T16:02:06","date_gmt":"2018-12-11T15:02:06","guid":{"rendered":"https:\/\/mockelnforeningarna.se\/kbmk\/?page_id=81"},"modified":"2025-04-07T08:15:35","modified_gmt":"2025-04-07T06:15:35","slug":"klubben","status":"publish","type":"page","link":"https:\/\/mockelnforeningarna.se\/kbmk\/klubben\/","title":{"rendered":"Klubben"},"content":{"rendered":"\n<p><span class=\"s1\">Karlskoga Bofors Motorb\u00e5tsklubb \u00e4r bel\u00e4gen i Bj\u00f6rkbornshamnen i Karlskoga. H\u00e4r finns ramp f\u00f6r sj\u00f6s\u00e4ttning samt kran som lyfter upp till 3500kg. Sj\u00f6s\u00e4ttning kan assisteras med traktor. Hamnen har plats f\u00f6r ca 100 b\u00e5tar med bombredd p\u00e5 max 4 meter. I hamnen finns vatten och el samt en g\u00e4stplats.<\/span><\/p>\n\n\n\n<p><span class=\"s1\">Till klubben h\u00f6r ocks\u00e5 Str\u00e4ckn\u00e4sholmen (Klubbholmen) d\u00e4r vi erbjuder medlemmarna gemensamhetsutrymmen i form av klubbstuga, sanitetshus, bastu och bryggplatser med el. P\u00e5 holmen finns fr\u00e5n och med 2015 m\u00f6jlighet till septiktankst\u00f6mning.<\/span><\/p>\n\n\n\n<p><span class=\"s1\">Vintertid finns m\u00f6jlighet till uppst\u00e4llning av b\u00e5t i hamnen.<\/span><\/p>\n","protected":false},"excerpt":{"rendered":"<p>Karlskoga Bofors Motorb\u00e5tsklubb \u00e4r bel\u00e4gen i Bj\u00f6rkbornshamnen i Karlskoga. H\u00e4r finns ramp f\u00f6r sj\u00f6s\u00e4ttning samt kran som lyfter upp till 3500kg. Sj\u00f6s\u00e4ttning kan assisteras med traktor. Hamnen har plats f\u00f6r [&hellip;]<\/p>\n","protected":false},"author":27,"featured_media":0,"parent":0,"menu_order":0,"comment_status":"closed","ping_status":"closed","template":"","meta":{"footnotes":""},"class_list":["post-81","page","type-page","status-publish","hentry"],"_links":{"self":[{"href":"https:\/\/mockelnforeningarna.se\/kbmk\/wp-json\/wp\/v2\/pages\/81","targetHints":{"allow":["GET"]}}],"collection":[{"href":"https:\/\/mockelnforeningarna.se\/kbmk\/wp-json\/wp\/v2\/pages"}],"about":[{"href":"https:\/\/mockelnforeningarna.se\/kbmk\/wp-json\/wp\/v2\/types\/page"}],"author":[{"embeddable":true,"href":"https:\/\/mockelnforeningarna.se\/kbmk\/wp-json\/wp\/v2\/users\/27"}],"replies":[{"embeddable":true,"href":"https:\/\/mockelnforeningarna.se\/kbmk\/wp-json\/wp\/v2\/comments?post=81"}],"version-history":[{"count":2,"href":"https:\/\/mockelnforeningarna.se\/kbmk\/wp-json\/wp\/v2\/pages\/81\/revisions"}],"predecessor-version":[{"id":1033,"href":"https:\/\/mockelnforeningarna.se\/kbmk\/wp-json\/wp\/v2\/pages\/81\/revisions\/1033"}],"wp:attachment":[{"href":"https:\/\/mockelnforeningarna.se\/kbmk\/wp-json\/wp\/v2\/media?parent=81"}],"curies":[{"name":"wp","href":"https:\/\/api.w.org\/{rel}","templated":true}]}}