{"id":87,"date":"2018-12-11T16:04:48","date_gmt":"2018-12-11T15:04:48","guid":{"rendered":"https:\/\/mockelnforeningarna.se\/kbmk\/?page_id=87"},"modified":"2023-04-14T15:49:02","modified_gmt":"2023-04-14T13:49:02","slug":"bli-medlem","status":"publish","type":"page","link":"https:\/\/mockelnforeningarna.se\/kbmk\/klubben\/bli-medlem\/","title":{"rendered":"Medlem"},"content":{"rendered":"\n<div class=\"wp-block-group has-global-padding is-layout-constrained wp-block-group-is-layout-constrained\">\n<h2 class=\"wp-block-heading\">Bli Medlem<\/h2>\n\n\n\n<p>Nya medlemmar \u00e4r v\u00e4lkomna till hamnkontoret d\u00e5 det \u00e4r bemannat. \u00d6ppettider finner du i kalendern. <br>\u00d6nskem\u00e5l eller fr\u00e5gor om medlemskap under s\u00e4song d\u00e5 kontoret inte \u00e4r bemannat h\u00e4nvisas du till att kontakta n\u00e5gon i styrelsen. Kontaktuppgifter finner du p\u00e5 sidan Klubben-&gt; Styrelsen<\/p>\n\n\n\n<h3 class=\"wp-block-heading\">Redan medlem<\/h3>\n\n\n\n<p>Att h\u00e5lla medlemsregistret uppdaterat \u00e4r viktigt av m\u00e5nga anledningar, det g\u00e4ller f\u00f6r medlemsavgifter, information som mailas ut, uppgifter om b\u00e5t och b\u00e5tf\u00f6rs\u00e4kring osv.<\/p>\n\n\n\n<p>Kbmk \u00e4r medlem i b\u00e5tunionen och vi anv\u00e4nder ett gemensamt system f\u00f6r att hantera alla medlemsuppgifter, alla medlemmar har tillg\u00e5ng till systemet och kan sj\u00e4lva se och uppdatera sina uppgifter.<\/p>\n\n\n\n<p>Vi helst att du sj\u00e4lv loggar in och uppdaterar dina uppgifter om dig och din b\u00e5t, inlogggning kan ska ske via ett konto eller bankid, (f\u00f6r bankid inloggning ska fungera m\u00e5ste dock ditt personummer finnas upplagt registret, g\u00e5r det inte att logga in s\u00e5 h\u00f6r av dig till n\u00e5gon i styrelsen s\u00e5 hj\u00e4lper vi dig)<br>Klicka p\u00e5 bilden nedan s\u00e5 kommer du till inloggningsidan<\/p>\n\n\n\n<figure class=\"wp-block-image size-full\"><a href=\"https:\/\/bas.batunionen.se\/\"><img loading=\"lazy\" decoding=\"async\" width=\"198\" height=\"74\" src=\"https:\/\/mockelnforeningarna.se\/app\/uploads\/sites\/22\/2023\/04\/BASK.jpg\" alt=\"\" class=\"wp-image-760\" \/><\/a><\/figure>\n\n\n\n<p><\/p>\n\n\n\n<p>F\u00f6r den som inte lyckas logga in i medlemsregistret ovan s\u00e5 kan du tillsvidare anv\u00e4nda nedan formul\u00e4r f\u00f6r att uppdatera n\u00e5gra av uppgifterna. <\/p>\n\n\n\n<div class=\"wp-block-contact-form-7-contact-form-selector\">\n<div class=\"wpcf7 no-js\" id=\"wpcf7-f513-o1\" lang=\"sv-SE\" dir=\"ltr\" data-wpcf7-id=\"513\">\n<div class=\"screen-reader-response\"><p role=\"status\" aria-live=\"polite\" aria-atomic=\"true\"><\/p> <ul><\/ul><\/div>\n<form action=\"\/kbmk\/wp-json\/wp\/v2\/pages\/87#wpcf7-f513-o1\" method=\"post\" class=\"wpcf7-form init\" aria-label=\"Kontaktformul\u00e4r\" novalidate=\"novalidate\" data-status=\"init\">\n<fieldset class=\"hidden-fields-container\"><input type=\"hidden\" name=\"_wpcf7\" value=\"513\" \/><input type=\"hidden\" name=\"_wpcf7_version\" value=\"6.1.5\" \/><input type=\"hidden\" name=\"_wpcf7_locale\" value=\"sv_SE\" \/><input type=\"hidden\" name=\"_wpcf7_unit_tag\" value=\"wpcf7-f513-o1\" \/><input type=\"hidden\" name=\"_wpcf7_container_post\" value=\"0\" \/><input type=\"hidden\" name=\"_wpcf7_posted_data_hash\" value=\"\" \/>\n<\/fieldset>\n<p>Uppdatera dina uppgifter till f\u00f6reningen\n<\/p>\n<p><label> Ditt namn<br \/>\n<span class=\"wpcf7-form-control-wrap\" data-name=\"your-name\"><input size=\"40\" maxlength=\"400\" class=\"wpcf7-form-control wpcf7-text wpcf7-validates-as-required\" aria-required=\"true\" aria-invalid=\"false\" value=\"\" type=\"text\" name=\"your-name\" \/><\/span> <\/label>\n<\/p>\n<p><label> Ditt telefon nummer<br \/>\n<span class=\"wpcf7-form-control-wrap\" data-name=\"Telefon\"><input size=\"40\" maxlength=\"400\" class=\"wpcf7-form-control wpcf7-text wpcf7-validates-as-required\" aria-required=\"true\" aria-invalid=\"false\" value=\"\" type=\"text\" name=\"Telefon\" \/><\/span> <\/label>\n<\/p>\n<p><label> Din e-post<br \/>\n<span class=\"wpcf7-form-control-wrap\" data-name=\"your-email\"><input size=\"40\" maxlength=\"400\" class=\"wpcf7-form-control wpcf7-email wpcf7-validates-as-required wpcf7-text wpcf7-validates-as-email\" aria-required=\"true\" aria-invalid=\"false\" value=\"\" type=\"email\" name=\"your-email\" \/><\/span> <\/label>\n<\/p>\n<p><label> Postadress<br \/>\n<span class=\"wpcf7-form-control-wrap\" data-name=\"Postadress\"><input size=\"40\" maxlength=\"400\" class=\"wpcf7-form-control wpcf7-text\" aria-invalid=\"false\" value=\"\" type=\"text\" name=\"Postadress\" \/><\/span> <\/label>\n<\/p>\n<p><label> Postnummer<br \/>\n<span class=\"wpcf7-form-control-wrap\" data-name=\"Postnummer\"><input size=\"40\" maxlength=\"400\" class=\"wpcf7-form-control wpcf7-text\" aria-invalid=\"false\" value=\"\" type=\"text\" name=\"Postnummer\" \/><\/span> <\/label>\n<\/p>\n<p><label> Postort<br \/>\n<span class=\"wpcf7-form-control-wrap\" data-name=\"Postort\"><input size=\"40\" maxlength=\"400\" class=\"wpcf7-form-control wpcf7-text\" aria-invalid=\"false\" value=\"\" type=\"text\" name=\"Postort\" \/><\/span> <\/label>\n<\/p>\n<p><label> \u00d6vrig information (valfritt)<br \/>\n<span class=\"wpcf7-form-control-wrap\" data-name=\"your-message\"><textarea cols=\"40\" rows=\"10\" maxlength=\"2000\" class=\"wpcf7-form-control wpcf7-textarea\" aria-invalid=\"false\" name=\"your-message\"><\/textarea><\/span><br \/>\n<\/label>\n<\/p>\n<p><input class=\"wpcf7-form-control wpcf7-submit has-spinner\" type=\"submit\" value=\"Skicka\" \/>\n<\/p><div class=\"wpcf7-response-output\" aria-hidden=\"true\"><\/div>\n<\/form>\n<\/div>\n<\/div>\n<\/div>\n","protected":false},"excerpt":{"rendered":"<p>Bli Medlem Nya medlemmar \u00e4r v\u00e4lkomna till hamnkontoret d\u00e5 det \u00e4r bemannat. \u00d6ppettider finner du i kalendern. \u00d6nskem\u00e5l eller fr\u00e5gor om medlemskap under s\u00e4song d\u00e5 kontoret inte \u00e4r bemannat h\u00e4nvisas [&hellip;]<\/p>\n","protected":false},"author":27,"featured_media":0,"parent":81,"menu_order":0,"comment_status":"closed","ping_status":"closed","template":"","meta":{"footnotes":""},"class_list":["post-87","page","type-page","status-publish","hentry"],"_links":{"self":[{"href":"https:\/\/mockelnforeningarna.se\/kbmk\/wp-json\/wp\/v2\/pages\/87","targetHints":{"allow":["GET"]}}],"collection":[{"href":"https:\/\/mockelnforeningarna.se\/kbmk\/wp-json\/wp\/v2\/pages"}],"about":[{"href":"https:\/\/mockelnforeningarna.se\/kbmk\/wp-json\/wp\/v2\/types\/page"}],"author":[{"embeddable":true,"href":"https:\/\/mockelnforeningarna.se\/kbmk\/wp-json\/wp\/v2\/users\/27"}],"replies":[{"embeddable":true,"href":"https:\/\/mockelnforeningarna.se\/kbmk\/wp-json\/wp\/v2\/comments?post=87"}],"version-history":[{"count":7,"href":"https:\/\/mockelnforeningarna.se\/kbmk\/wp-json\/wp\/v2\/pages\/87\/revisions"}],"predecessor-version":[{"id":766,"href":"https:\/\/mockelnforeningarna.se\/kbmk\/wp-json\/wp\/v2\/pages\/87\/revisions\/766"}],"up":[{"embeddable":true,"href":"https:\/\/mockelnforeningarna.se\/kbmk\/wp-json\/wp\/v2\/pages\/81"}],"wp:attachment":[{"href":"https:\/\/mockelnforeningarna.se\/kbmk\/wp-json\/wp\/v2\/media?parent=87"}],"curies":[{"name":"wp","href":"https:\/\/api.w.org\/{rel}","templated":true}]}}