{"id":871,"date":"2023-06-26T10:09:33","date_gmt":"2023-06-26T08:09:33","guid":{"rendered":"https:\/\/mockelnforeningarna.se\/kbmk\/?page_id=871"},"modified":"2025-05-26T08:59:10","modified_gmt":"2025-05-26T06:59:10","slug":"holmen2","status":"publish","type":"page","link":"https:\/\/mockelnforeningarna.se\/kbmk\/holmen2\/","title":{"rendered":"Holmen"},"content":{"rendered":"\n<p><strong>Arbetsgrupp f\u00f6r klubbstugan<\/strong><br>Stugm\u00e4stare Marcus B\u00e4ck 073-617 93 36<br>Peter Gustavsson 070-420 81 94<br>Stefan Ericsson 070-244 89 08<br>Jimmy Nilsson 076-264 68 00<br>Lars Ohlsson 073-246 89 28<br>Linus Wiklund 070-232 26 34<\/p>\n","protected":false},"excerpt":{"rendered":"<p>Arbetsgrupp f\u00f6r klubbstuganStugm\u00e4stare Marcus B\u00e4ck 073-617 93 36Peter Gustavsson 070-420 81 94Stefan Ericsson 070-244 89 08Jimmy Nilsson 076-264 68 00Lars Ohlsson 073-246 89 28Linus Wiklund 070-232 26 34<\/p>\n","protected":false},"author":27,"featured_media":0,"parent":0,"menu_order":0,"comment_status":"closed","ping_status":"closed","template":"","meta":{"footnotes":""},"class_list":["post-871","page","type-page","status-publish","hentry"],"_links":{"self":[{"href":"https:\/\/mockelnforeningarna.se\/kbmk\/wp-json\/wp\/v2\/pages\/871","targetHints":{"allow":["GET"]}}],"collection":[{"href":"https:\/\/mockelnforeningarna.se\/kbmk\/wp-json\/wp\/v2\/pages"}],"about":[{"href":"https:\/\/mockelnforeningarna.se\/kbmk\/wp-json\/wp\/v2\/types\/page"}],"author":[{"embeddable":true,"href":"https:\/\/mockelnforeningarna.se\/kbmk\/wp-json\/wp\/v2\/users\/27"}],"replies":[{"embeddable":true,"href":"https:\/\/mockelnforeningarna.se\/kbmk\/wp-json\/wp\/v2\/comments?post=871"}],"version-history":[{"count":5,"href":"https:\/\/mockelnforeningarna.se\/kbmk\/wp-json\/wp\/v2\/pages\/871\/revisions"}],"predecessor-version":[{"id":1084,"href":"https:\/\/mockelnforeningarna.se\/kbmk\/wp-json\/wp\/v2\/pages\/871\/revisions\/1084"}],"wp:attachment":[{"href":"https:\/\/mockelnforeningarna.se\/kbmk\/wp-json\/wp\/v2\/media?parent=871"}],"curies":[{"name":"wp","href":"https:\/\/api.w.org\/{rel}","templated":true}]}}