{"id":11,"date":"2022-11-22T19:15:31","date_gmt":"2022-11-22T18:15:31","guid":{"rendered":"https:\/\/mockelnforeningarna.se\/kgahum\/?page_id=11"},"modified":"2026-01-20T21:42:11","modified_gmt":"2026-01-20T20:42:11","slug":"protokol","status":"publish","type":"page","link":"https:\/\/mockelnforeningarna.se\/kgahum\/protokol\/","title":{"rendered":"Dokument och protokoll"},"content":{"rendered":"\n<h2 class=\"wp-block-heading\">Dokument och protokoll<\/h2>\n\n\n\n<p class=\"has-sofia-pro-font-family\"><strong>-&gt; <a href=\"https:\/\/mockelnforeningarna.se\/app\/uploads\/sites\/11\/2023\/02\/STADGAR.doc.pdf\">Stadgar<\/a><\/strong><\/p>\n\n\n\n<p class=\"has-primary-color has-text-color\"><strong>\u00c5rsm\u00f6teshandlingar<\/strong><\/p>\n\n\n\n<p class=\"has-sofia-pro-font-family\" style=\"font-size:20px\"><a href=\"https:\/\/mockelnforeningarna.se\/kgahum\/2026-protokoll-och-dokument\/\" data-type=\"page\" data-id=\"2039\"><strong>&#8211;&gt; 2026<\/strong><\/a><\/p>\n\n\n\n<p class=\"has-sofia-pro-font-family\" style=\"font-size:20px\"><a href=\"https:\/\/mockelnforeningarna.se\/kgahum\/2025-protokill-dokument\/\" data-type=\"page\" data-id=\"1911\">&#8211;<strong>&gt; 2025<\/strong><\/a><br><br><strong> <a href=\"https:\/\/mockelnforeningarna.se\/kgahum\/2024-dokument\/\" data-type=\"page\" data-id=\"1599\"> -&gt; 2024 <\/a> <\/strong><\/p>\n\n\n\n<p class=\"has-sofia-pro-font-family\" style=\"font-size:19px\">  <strong>  -&gt; <a href=\"https:\/\/mockelnforeningarna.se\/kgahum\/2023-protokoll-och-dokument\/\">2023<\/a><\/strong><\/p>\n\n\n\n<p class=\"has-sofia-pro-font-family\">   <strong><a href=\"https:\/\/mockelnforeningarna.se\/app\/uploads\/sites\/11\/2023\/02\/KHF_ArsM_Prot.pdf\"> <\/a><a href=\"https:\/\/mockelnforeningarna.se\/app\/uploads\/sites\/11\/2023\/02\/KHF_ArsM_Prot_2022.pdf\">-&gt; 2022<\/a><\/strong><\/p>\n\n\n\n<p class=\"has-sofia-pro-font-family\">    <strong>-&gt; <a href=\"https:\/\/mockelnforeningarna.se\/kgahum\/arsmote-12-oktober-2021\/\">2021<\/a><\/strong><\/p>\n\n\n\n<p class=\"has-sofia-pro-font-family\">   <strong> -&gt; <a href=\"https:\/\/mockelnforeningarna.se\/kgahum\/arsmote-10-mars-2020\/\">2020<\/a><\/strong><\/p>\n\n\n\n<p class=\"has-sofia-pro-font-family\"><strong> <a href=\"https:\/\/mockelnforeningarna.se\/app\/uploads\/sites\/11\/2023\/10\/Aldre_Protokoll_KgaHum.pdf\">  -&gt; \u00c4ldre \u00e5rsm\u00f6teshandlingar (tom &#8230; 2010)<\/a><\/strong><\/p>\n\n\n\n<p class=\"has-sofia-pro-font-family\"><strong><a href=\"https:\/\/mockelnforeningarna.se\/kgahum\/\">&lt;- Tillbaka<\/a><\/strong><\/p>\n","protected":false},"excerpt":{"rendered":"<p>Dokument och protokoll -&gt; Stadgar \u00c5rsm\u00f6teshandlingar &#8211;&gt; 2026 &#8211;&gt; 2025 -&gt; 2024 -&gt; 2023 -&gt; 2022 -&gt; 2021 -&gt; 2020 -&gt; \u00c4ldre \u00e5rsm\u00f6teshandlingar (tom &#8230; 2010) &lt;- Tillbaka<\/p>\n","protected":false},"author":92,"featured_media":0,"parent":0,"menu_order":0,"comment_status":"closed","ping_status":"closed","template":"page-notitle.php","meta":{"footnotes":""},"class_list":["post-11","page","type-page","status-publish","hentry"],"_links":{"self":[{"href":"https:\/\/mockelnforeningarna.se\/kgahum\/wp-json\/wp\/v2\/pages\/11","targetHints":{"allow":["GET"]}}],"collection":[{"href":"https:\/\/mockelnforeningarna.se\/kgahum\/wp-json\/wp\/v2\/pages"}],"about":[{"href":"https:\/\/mockelnforeningarna.se\/kgahum\/wp-json\/wp\/v2\/types\/page"}],"author":[{"embeddable":true,"href":"https:\/\/mockelnforeningarna.se\/kgahum\/wp-json\/wp\/v2\/users\/92"}],"replies":[{"embeddable":true,"href":"https:\/\/mockelnforeningarna.se\/kgahum\/wp-json\/wp\/v2\/comments?post=11"}],"version-history":[{"count":129,"href":"https:\/\/mockelnforeningarna.se\/kgahum\/wp-json\/wp\/v2\/pages\/11\/revisions"}],"predecessor-version":[{"id":2059,"href":"https:\/\/mockelnforeningarna.se\/kgahum\/wp-json\/wp\/v2\/pages\/11\/revisions\/2059"}],"wp:attachment":[{"href":"https:\/\/mockelnforeningarna.se\/kgahum\/wp-json\/wp\/v2\/media?parent=11"}],"curies":[{"name":"wp","href":"https:\/\/api.w.org\/{rel}","templated":true}]}}