{"id":136,"date":"2023-01-20T10:23:14","date_gmt":"2023-01-20T09:23:14","guid":{"rendered":"https:\/\/mockelnforeningarna.se\/kgahum\/?page_id=136"},"modified":"2023-11-16T19:50:40","modified_gmt":"2023-11-16T18:50:40","slug":"arsmote-2023","status":"publish","type":"page","link":"https:\/\/mockelnforeningarna.se\/kgahum\/arsmote-2023\/","title":{"rendered":"Kallelse och verksamhetsber\u00e4ttelse \u00e5rsm\u00f6te 2023"},"content":{"rendered":"\n<p><strong>Kallelse till \u00c5rsm\u00f6te<br>den 14 februari 2023 kl 18.30<\/strong><br><br><strong>Plats<\/strong><br><strong>K\u00e4llaren Nya Folkets Hus<\/strong><\/p>\n\n\n\n<p>Sedvanliga \u00e5rsm\u00f6tesf\u00f6rhandlingar<br>Efter \u00e5rsm\u00f6tet ber\u00e4ttar Omi S\u00f6derblom om sin bok S\u00f6derblom och Wallenbergaff\u00e4ren \u2013 nytt ljus i ett trauma.<br><br><strong>Ostbuff\u00e9<\/strong><br><br><em><strong>V\u00c4LKOMNA!<\/strong><\/em><\/p>\n\n\n\n<p>V\u00e5r ref.<br>Sune Eriksson<br><a href=\"mailto:sune.eriksson@me.com\">sune.eriksson@me.com<\/a><br>tel. 070 5725407<\/p>\n\n\n\n<p>Medlemsavgift kr 200:-, familjemedlem kr 200:-<br>Plusgirokonto 56 83 35-4<br>Betala g\u00e4rna via internet ange \u00e4ven namn och adress.<br><br><\/p>\n\n\n\n<p><strong>Karlskoga humanistiska f\u00f6rening<br>Verksamhetsber\u00e4ttelse 2022<\/strong><\/p>\n\n\n\n<p><strong>Styrelse<\/strong><br>Ordf\u00f6rande:<br>Benny Abrahamsson<br><br>Vice ordf\u00f6rande:<br>Siv Andersson<\/p>\n\n\n\n<p>Kass\u00f6r:<br>Sune Eriksson<\/p>\n\n\n\n<p>Sekreterare:<br>Anneli Weman<\/p>\n\n\n\n<p>\u00d6vriga ledam\u00f6ter:<br>Birgit Waern<br>Gunilla Hammarstedt<br>Siv Eriksson<\/p>\n\n\n\n<p>Suppleant:<br>Ulla Asp<\/p>\n\n\n\n<p><strong>\u00d6vriga funktion\u00e4rer:<\/strong><\/p>\n\n\n\n<p>Revisorer:<br>Rigmor Broms och Per Bolander<\/p>\n\n\n\n<p>Revisorssuppleant:<br>Rolf Lindberg<\/p>\n\n\n\n<p>Webmaster:<br>Christer Lasson som avled och under h\u00f6sten ersattes av<br>tf webmaster Ulf Palm\u00e9r<\/p>\n\n\n\n<p>Valberedning:<br>Lars Jonsson och Lars Madebrink<\/p>\n\n\n\n<p>Styrelsen har sammantr\u00e4tt sju g\u00e5nger. Den f\u00f6rsta av \u00e5rets f\u00f6rel\u00e4sningar, 8 februari, fick st\u00e4llas in p\u00e5 grund av nya covid-restriktioner. Det innebar ocks\u00e5 att \u00e5rsm\u00f6tet flyttades fram till 8 mars.<\/p>\n\n\n\n<p>Medlemsavgiften f\u00f6r 2022 var 200 kr medan avgiften f\u00f6r enstaka f\u00f6redrag var 50 kr.<\/p>\n\n\n\n<p>F\u00f6reningen har 93 medlemmar varav ett 70-tal meddelat sin e-postadress och f\u00e5r kallelser och andra utskick via e-mail.<\/p>\n\n\n\n<p>Christer Lasson avled under \u00e5ret och som webmaster fyllnadsvaldes Ulf Palm\u00e9r som p\u00e5b\u00f6rjade arbetet med en ny hemsida under M\u00f6ckelnf\u00f6reningarnas portal. Den nya hemsidan, som kan bli helt f\u00e4rdig under 2023, finns under adressen mockelnforeningarna.se\/kgahum\/<\/p>\n\n\n\n<p><strong>Programmet f\u00f6r 2022 var:<\/strong><br><br>8 mars<br>Kvinnor som lever i klankulturer<br>F\u00f6redragsh\u00e5llare: Soheila Fors<\/p>\n\n\n\n<p>12 april<br>Hur jag t\u00e4nker n\u00e4r jag g\u00f6r teaterkostymer<br>F\u00f6redragsh\u00e5llare: Inger Hallstr\u00f6m Stinnerbom<\/p>\n\n\n\n<p>10 maj<br>Ber\u00e4ttelsen om en orkester och dess instrument<br>F\u00f6redragsh\u00e5llare: Linn Elvkull<\/p>\n\n\n\n<p>13 september<br>Om sp\u00e4nningsromanen Linn\u00e9s arvinge<br>F\u00f6redragsh\u00e5llare: Samuel \u00c5hman<\/p>\n\n\n\n<p>11 oktober<br>En expos\u00e9 \u00f6ver modern kn\u00e4kirurgi och hur det f\u00f6rb\u00e4ttrar livskvaliten<br>F\u00f6redragsh\u00e5llare: Christer Lundgren<\/p>\n\n\n\n<p>8 november<br>Konspirationsreceptet<br>F\u00f6redragsh\u00e5llare: Jonas Hjalmar Blom<\/p>\n\n\n\n<p>F\u00f6rel\u00e4sningarna h\u00e5lls i K\u00e4llaren, Folkets hus, till en kostnad av 825 kronor per g\u00e5ng. De har varit v\u00e4lbes\u00f6kta och f\u00f6ljs av den popul\u00e4ra eftersitsen med ostbuff\u00e9. En avrundning p\u00e5 kv\u00e4llen som m\u00f6jligg\u00f6rs tack vare n\u00e5gra medlemmars f\u00f6rtj\u00e4nstfulla insatser.<\/p>\n\n\n\n<p>Karlskoga den 9 februari 2023<\/p>\n\n\n\n<p>Benny Abrahamsson Anneli Weman<br>ordf\u00f6rande sekreterare<\/p>\n\n\n\n<p>Siv Andersson Birgit Waern<br>vice ordf\u00f6rande<br><br>Sune Eriksson Gunilla Hammarstedt<br>kass\u00f6r<\/p>\n\n\n\n<p>Siv Eriksson<\/p>\n\n\n\n<blockquote class=\"wp-block-quote is-layout-flow wp-block-quote-is-layout-flow\">\n<p class=\"has-sofia-pro-font-family\"><a href=\"https:\/\/mockelnforeningarna.se\/kgahum\/2023-protokoll-och-dokument\/\">&lt;- Tillbaka<\/a><br><br><\/p>\n<\/blockquote>\n","protected":false},"excerpt":{"rendered":"<p>Kallelse till \u00c5rsm\u00f6teden 14 februari 2023 kl 18.30 PlatsK\u00e4llaren Nya Folkets Hus Sedvanliga \u00e5rsm\u00f6tesf\u00f6rhandlingarEfter \u00e5rsm\u00f6tet ber\u00e4ttar Omi S\u00f6derblom om sin bok S\u00f6derblom och Wallenbergaff\u00e4ren \u2013 nytt ljus i ett trauma. [&hellip;]<\/p>\n","protected":false},"author":92,"featured_media":0,"parent":0,"menu_order":0,"comment_status":"closed","ping_status":"closed","template":"","meta":{"footnotes":""},"class_list":["post-136","page","type-page","status-publish","hentry"],"_links":{"self":[{"href":"https:\/\/mockelnforeningarna.se\/kgahum\/wp-json\/wp\/v2\/pages\/136","targetHints":{"allow":["GET"]}}],"collection":[{"href":"https:\/\/mockelnforeningarna.se\/kgahum\/wp-json\/wp\/v2\/pages"}],"about":[{"href":"https:\/\/mockelnforeningarna.se\/kgahum\/wp-json\/wp\/v2\/types\/page"}],"author":[{"embeddable":true,"href":"https:\/\/mockelnforeningarna.se\/kgahum\/wp-json\/wp\/v2\/users\/92"}],"replies":[{"embeddable":true,"href":"https:\/\/mockelnforeningarna.se\/kgahum\/wp-json\/wp\/v2\/comments?post=136"}],"version-history":[{"count":22,"href":"https:\/\/mockelnforeningarna.se\/kgahum\/wp-json\/wp\/v2\/pages\/136\/revisions"}],"predecessor-version":[{"id":1443,"href":"https:\/\/mockelnforeningarna.se\/kgahum\/wp-json\/wp\/v2\/pages\/136\/revisions\/1443"}],"wp:attachment":[{"href":"https:\/\/mockelnforeningarna.se\/kgahum\/wp-json\/wp\/v2\/media?parent=136"}],"curies":[{"name":"wp","href":"https:\/\/api.w.org\/{rel}","templated":true}]}}