{"id":1599,"date":"2024-01-24T14:11:24","date_gmt":"2024-01-24T13:11:24","guid":{"rendered":"https:\/\/mockelnforeningarna.se\/kgahum\/?page_id=1599"},"modified":"2024-02-20T12:09:34","modified_gmt":"2024-02-20T11:09:34","slug":"2024-dokument","status":"publish","type":"page","link":"https:\/\/mockelnforeningarna.se\/kgahum\/2024-dokument\/","title":{"rendered":"2024 Dokument"},"content":{"rendered":"\n<p class=\"has-sofia-pro-font-family has-standard-font-size\"><strong><a href=\"https:\/\/mockelnforeningarna.se\/app\/uploads\/sites\/11\/2024\/02\/Protokoll-arsmote-2024.pdf\">-&gt; \u00c5rsm\u00f6tesprotokoll 2024<\/a><\/strong><\/p>\n\n\n\n<p class=\"has-sofia-pro-font-family has-standard-font-size\"><a href=\"https:\/\/mockelnforeningarna.se\/app\/uploads\/sites\/11\/2024\/01\/Verksamhetsberattelse-2023.pdf\">-&gt; Verksamhetsber\u00e4ttelse 2023<\/a><\/p>\n\n\n\n<p class=\"has-sofia-pro-font-family has-standard-font-size\"><strong><a href=\"https:\/\/mockelnforeningarna.se\/kgahum\/protokol\/\" data-type=\"page\" data-id=\"11\">&lt;- Tillbaka<\/a><\/strong><\/p>\n","protected":false},"excerpt":{"rendered":"<p>-&gt; \u00c5rsm\u00f6tesprotokoll 2024 -&gt; Verksamhetsber\u00e4ttelse 2023 &lt;- Tillbaka<\/p>\n","protected":false},"author":92,"featured_media":0,"parent":0,"menu_order":0,"comment_status":"closed","ping_status":"closed","template":"","meta":{"footnotes":""},"class_list":["post-1599","page","type-page","status-publish","hentry"],"_links":{"self":[{"href":"https:\/\/mockelnforeningarna.se\/kgahum\/wp-json\/wp\/v2\/pages\/1599","targetHints":{"allow":["GET"]}}],"collection":[{"href":"https:\/\/mockelnforeningarna.se\/kgahum\/wp-json\/wp\/v2\/pages"}],"about":[{"href":"https:\/\/mockelnforeningarna.se\/kgahum\/wp-json\/wp\/v2\/types\/page"}],"author":[{"embeddable":true,"href":"https:\/\/mockelnforeningarna.se\/kgahum\/wp-json\/wp\/v2\/users\/92"}],"replies":[{"embeddable":true,"href":"https:\/\/mockelnforeningarna.se\/kgahum\/wp-json\/wp\/v2\/comments?post=1599"}],"version-history":[{"count":13,"href":"https:\/\/mockelnforeningarna.se\/kgahum\/wp-json\/wp\/v2\/pages\/1599\/revisions"}],"predecessor-version":[{"id":1675,"href":"https:\/\/mockelnforeningarna.se\/kgahum\/wp-json\/wp\/v2\/pages\/1599\/revisions\/1675"}],"wp:attachment":[{"href":"https:\/\/mockelnforeningarna.se\/kgahum\/wp-json\/wp\/v2\/media?parent=1599"}],"curies":[{"name":"wp","href":"https:\/\/api.w.org\/{rel}","templated":true}]}}