{"id":16,"date":"2022-11-22T19:16:40","date_gmt":"2022-11-22T18:16:40","guid":{"rendered":"https:\/\/mockelnforeningarna.se\/kgahum\/?page_id=16"},"modified":"2024-01-27T09:42:38","modified_gmt":"2024-01-27T08:42:38","slug":"medlemskap","status":"publish","type":"page","link":"https:\/\/mockelnforeningarna.se\/kgahum\/medlemskap\/","title":{"rendered":"Medlemskap"},"content":{"rendered":"\n<div class=\"wp-block-columns alignfull has-pale-cyan-blue-background-color has-background is-layout-flex wp-container-core-columns-is-layout-28f84493 wp-block-columns-is-layout-flex\">\n<div class=\"wp-block-column is-layout-flow wp-block-column-is-layout-flow\">\n<h2 class=\"wp-block-heading\">   Bli medlem<\/h2>\n\n\n\n<p class=\"has-pale-cyan-blue-background-color has-background\"><strong>Medlemsavgift <br>200 kr \/ \u00e5r.<br>Inbetalas till<br>Swish 123 278 4445<br>eller<br>Plusgiro 568335-4.<br>I denna avgift ing\u00e5r entr\u00e9 till f\u00f6reningens <\/strong><br><strong>samtliga f\u00f6rel\u00e4sningar.<br><br>Icke medlem betalar <br>80 kr i entr\u00e9avgift per f\u00f6rel\u00e4sningstillf\u00e4lle.<\/strong><\/p>\n<\/div>\n\n\n\n<div class=\"wp-block-column is-layout-flow wp-block-column-is-layout-flow\" style=\"flex-basis:50%\">\n<p><br><br><br><br><strong>Du kan bli medlem genom att kontakta <\/strong>:<br><strong>Kass\u00f6ren vid n\u00e5gon av f\u00f6reningens sammankomster<br>eller <\/strong><br><strong>Fylla i f\u00f6ljande formul\u00e4r<\/strong><\/p>\n\n\n\n<div class=\"wp-block-contact-form-7-contact-form-selector\">\n<div class=\"wpcf7 no-js\" id=\"wpcf7-f965-o1\" lang=\"sv-SE\" dir=\"ltr\" data-wpcf7-id=\"965\">\n<div class=\"screen-reader-response\"><p role=\"status\" aria-live=\"polite\" aria-atomic=\"true\"><\/p> <ul><\/ul><\/div>\n<form action=\"\/kgahum\/wp-json\/wp\/v2\/pages\/16#wpcf7-f965-o1\" method=\"post\" class=\"wpcf7-form init\" aria-label=\"Kontaktformul\u00e4r\" novalidate=\"novalidate\" data-status=\"init\">\n<fieldset class=\"hidden-fields-container\"><input type=\"hidden\" name=\"_wpcf7\" value=\"965\" \/><input type=\"hidden\" name=\"_wpcf7_version\" value=\"6.1.5\" \/><input type=\"hidden\" name=\"_wpcf7_locale\" value=\"sv_SE\" \/><input type=\"hidden\" name=\"_wpcf7_unit_tag\" value=\"wpcf7-f965-o1\" \/><input type=\"hidden\" name=\"_wpcf7_container_post\" value=\"0\" \/><input type=\"hidden\" name=\"_wpcf7_posted_data_hash\" value=\"\" \/>\n<\/fieldset>\n<p><label> \u00c4mne<br \/>\n<span class=\"wpcf7-form-control-wrap\" data-name=\"my_subject\"><input size=\"40\" maxlength=\"400\" class=\"wpcf7-form-control wpcf7-text wpcf7-validates-as-required\" aria-required=\"true\" aria-invalid=\"false\" value=\"Medlemskap\" type=\"text\" name=\"my_subject\" \/><\/span> <\/label>\n<\/p>\n<p><label> Namn<br \/>\n<span class=\"wpcf7-form-control-wrap\" data-name=\"my_name\"><input size=\"40\" maxlength=\"400\" class=\"wpcf7-form-control wpcf7-text wpcf7-validates-as-required\" autocomplete=\"name\" aria-required=\"true\" aria-invalid=\"false\" value=\"\" type=\"text\" name=\"my_name\" \/><\/span> <\/label>\n<\/p>\n<p><label> E-post<br \/>\n<span class=\"wpcf7-form-control-wrap\" data-name=\"my_email\"><input size=\"40\" maxlength=\"400\" class=\"wpcf7-form-control wpcf7-email wpcf7-validates-as-required wpcf7-text wpcf7-validates-as-email\" autocomplete=\"email\" aria-required=\"true\" aria-invalid=\"false\" value=\"\" type=\"email\" name=\"my_email\" \/><\/span> <\/label>\n<\/p>\n<p><label> Tel nr<br \/>\n<span class=\"wpcf7-form-control-wrap\" data-name=\"my_phone\"><input size=\"40\" maxlength=\"400\" class=\"wpcf7-form-control wpcf7-text wpcf7-validates-as-required\" autocomplete=\"name\" aria-required=\"true\" aria-invalid=\"false\" value=\"\" type=\"text\" name=\"my_phone\" \/><\/span> <\/label>\n<\/p>\n<p><span style=\"color:white\"><b>\n\t\t\t<big> \/\/\n\t\t\t<\/big><\/b><\/span>\n<\/p>\n<p><input class=\"wpcf7-form-control wpcf7-submit has-spinner\" type=\"submit\" value=\"Skicka\" \/>\n<\/p><div class=\"wpcf7-response-output\" aria-hidden=\"true\"><\/div>\n<\/form>\n<\/div>\n<\/div>\n<\/div>\n<\/div>\n\n\n\n<p class=\"has-sofia-pro-font-family\"><a href=\"https:\/\/mockelnforeningarna.se\/kgahum\/\"><strong>&lt;- Tillbaka<\/strong><\/a><\/p>\n","protected":false},"excerpt":{"rendered":"<p>Bli medlem Medlemsavgift 200 kr \/ \u00e5r.Inbetalas tillSwish 123 278 4445ellerPlusgiro 568335-4.I denna avgift ing\u00e5r entr\u00e9 till f\u00f6reningens samtliga f\u00f6rel\u00e4sningar. Icke medlem betalar 80 kr i entr\u00e9avgift per f\u00f6rel\u00e4sningstillf\u00e4lle. Du [&hellip;]<\/p>\n","protected":false},"author":92,"featured_media":0,"parent":0,"menu_order":0,"comment_status":"closed","ping_status":"closed","template":"page-notitle.php","meta":{"footnotes":""},"class_list":["post-16","page","type-page","status-publish","hentry"],"_links":{"self":[{"href":"https:\/\/mockelnforeningarna.se\/kgahum\/wp-json\/wp\/v2\/pages\/16","targetHints":{"allow":["GET"]}}],"collection":[{"href":"https:\/\/mockelnforeningarna.se\/kgahum\/wp-json\/wp\/v2\/pages"}],"about":[{"href":"https:\/\/mockelnforeningarna.se\/kgahum\/wp-json\/wp\/v2\/types\/page"}],"author":[{"embeddable":true,"href":"https:\/\/mockelnforeningarna.se\/kgahum\/wp-json\/wp\/v2\/users\/92"}],"replies":[{"embeddable":true,"href":"https:\/\/mockelnforeningarna.se\/kgahum\/wp-json\/wp\/v2\/comments?post=16"}],"version-history":[{"count":61,"href":"https:\/\/mockelnforeningarna.se\/kgahum\/wp-json\/wp\/v2\/pages\/16\/revisions"}],"predecessor-version":[{"id":1643,"href":"https:\/\/mockelnforeningarna.se\/kgahum\/wp-json\/wp\/v2\/pages\/16\/revisions\/1643"}],"wp:attachment":[{"href":"https:\/\/mockelnforeningarna.se\/kgahum\/wp-json\/wp\/v2\/media?parent=16"}],"curies":[{"name":"wp","href":"https:\/\/api.w.org\/{rel}","templated":true}]}}