{"id":1911,"date":"2025-03-19T15:31:44","date_gmt":"2025-03-19T14:31:44","guid":{"rendered":"https:\/\/mockelnforeningarna.se\/kgahum\/?page_id=1911"},"modified":"2025-03-19T16:39:58","modified_gmt":"2025-03-19T15:39:58","slug":"2025-protokill-dokument","status":"publish","type":"page","link":"https:\/\/mockelnforeningarna.se\/kgahum\/2025-protokill-dokument\/","title":{"rendered":"2025 Protokoll och Dokument"},"content":{"rendered":"\n<p>-&gt; <a href=\"https:\/\/mockelnforeningarna.se\/app\/uploads\/sites\/11\/2025\/03\/2025_Protokoll-arsmote-2025.pdf\"><strong>\u00c5rsm\u00f6tesprotokoll<\/strong><\/a><br><br>-&gt; <strong><a href=\"https:\/\/mockelnforeningarna.se\/app\/uploads\/sites\/11\/2025\/03\/2025_Konstituerande-styrelsemote-25.pdf\">Konstituerande<\/a><\/strong><br><br>Verksamhetsber\u00e4ttelse<br><br>-&gt; <a href=\"https:\/\/mockelnforeningarna.se\/app\/uploads\/sites\/11\/2025\/03\/2025_Funktionarer.pdf\">Funktion\u00e4rer 2025<\/a><br><\/p>\n","protected":false},"excerpt":{"rendered":"<p>-&gt; \u00c5rsm\u00f6tesprotokoll -&gt; Konstituerande Verksamhetsber\u00e4ttelse -&gt; Funktion\u00e4rer 2025<\/p>\n","protected":false},"author":92,"featured_media":0,"parent":0,"menu_order":0,"comment_status":"closed","ping_status":"closed","template":"","meta":{"footnotes":""},"class_list":["post-1911","page","type-page","status-publish","hentry"],"_links":{"self":[{"href":"https:\/\/mockelnforeningarna.se\/kgahum\/wp-json\/wp\/v2\/pages\/1911","targetHints":{"allow":["GET"]}}],"collection":[{"href":"https:\/\/mockelnforeningarna.se\/kgahum\/wp-json\/wp\/v2\/pages"}],"about":[{"href":"https:\/\/mockelnforeningarna.se\/kgahum\/wp-json\/wp\/v2\/types\/page"}],"author":[{"embeddable":true,"href":"https:\/\/mockelnforeningarna.se\/kgahum\/wp-json\/wp\/v2\/users\/92"}],"replies":[{"embeddable":true,"href":"https:\/\/mockelnforeningarna.se\/kgahum\/wp-json\/wp\/v2\/comments?post=1911"}],"version-history":[{"count":6,"href":"https:\/\/mockelnforeningarna.se\/kgahum\/wp-json\/wp\/v2\/pages\/1911\/revisions"}],"predecessor-version":[{"id":1924,"href":"https:\/\/mockelnforeningarna.se\/kgahum\/wp-json\/wp\/v2\/pages\/1911\/revisions\/1924"}],"wp:attachment":[{"href":"https:\/\/mockelnforeningarna.se\/kgahum\/wp-json\/wp\/v2\/media?parent=1911"}],"curies":[{"name":"wp","href":"https:\/\/api.w.org\/{rel}","templated":true}]}}