{"id":2039,"date":"2026-01-20T21:16:59","date_gmt":"2026-01-20T20:16:59","guid":{"rendered":"https:\/\/mockelnforeningarna.se\/kgahum\/?page_id=2039"},"modified":"2026-03-24T08:18:01","modified_gmt":"2026-03-24T07:18:01","slug":"2026-protokoll-och-dokument","status":"publish","type":"page","link":"https:\/\/mockelnforeningarna.se\/kgahum\/2026-protokoll-och-dokument\/","title":{"rendered":"2026 Protokoll och dokument"},"content":{"rendered":"\n<p><a href=\"https:\/\/mockelnforeningarna.se\/kgahum\/2026-protokoll-och-dokument\/arsmotesprotokoll-2026\/\" data-type=\"page\" data-id=\"2128\"><strong>-&gt; \u00c5rsm<\/strong><\/a><a href=\"https:\/\/mockelnforeningarna.se\/app\/uploads\/sites\/11\/2026\/03\/Protokoll-fort-vid-arsmote-med-Karlskoga-Humanistiska-Forening-den-3-februari-2026-1.pdf\" data-type=\"page\" data-id=\"2128\"><strong>\u00f6tesprotkoll<\/strong><\/a><br><br><a href=\"https:\/\/mockelnforeningarna.se\/app\/uploads\/sites\/11\/2026\/03\/Konstituerande_Styrelsemote_2026.pdf\"><strong>-&gt; Konstituerande<\/strong><\/a><br><br><strong>&gt; <a href=\"https:\/\/mockelnforeningarna.se\/app\/uploads\/sites\/11\/2026\/03\/VerksamhetsBerattelse_for_2025_Arsmoter_2026.pdf\">Verksamhetsber\u00e4ttelse<\/a><\/strong><br><br><a href=\"https:\/\/mockelnforeningarna.se\/app\/uploads\/sites\/11\/2026\/03\/Sandlist_Styrelsen_KgaHum.pdf\" data-type=\"page\" data-id=\"2135\"><strong>-&gt; Funktion\u00e4rer <\/strong><\/a><br><br><br><a href=\"https:\/\/mockelnforeningarna.se\/kgahum\/protokol\/\">&lt; Tillbaka<\/a><br><br><br><\/p>\n\n\n\n<p><\/p>\n","protected":false},"excerpt":{"rendered":"<p>-&gt; \u00c5rsm\u00f6tesprotkoll -&gt; Konstituerande &gt; Verksamhetsber\u00e4ttelse -&gt; Funktion\u00e4rer &lt; Tillbaka<\/p>\n","protected":false},"author":92,"featured_media":0,"parent":0,"menu_order":0,"comment_status":"closed","ping_status":"closed","template":"","meta":{"footnotes":""},"class_list":["post-2039","page","type-page","status-publish","hentry"],"_links":{"self":[{"href":"https:\/\/mockelnforeningarna.se\/kgahum\/wp-json\/wp\/v2\/pages\/2039","targetHints":{"allow":["GET"]}}],"collection":[{"href":"https:\/\/mockelnforeningarna.se\/kgahum\/wp-json\/wp\/v2\/pages"}],"about":[{"href":"https:\/\/mockelnforeningarna.se\/kgahum\/wp-json\/wp\/v2\/types\/page"}],"author":[{"embeddable":true,"href":"https:\/\/mockelnforeningarna.se\/kgahum\/wp-json\/wp\/v2\/users\/92"}],"replies":[{"embeddable":true,"href":"https:\/\/mockelnforeningarna.se\/kgahum\/wp-json\/wp\/v2\/comments?post=2039"}],"version-history":[{"count":29,"href":"https:\/\/mockelnforeningarna.se\/kgahum\/wp-json\/wp\/v2\/pages\/2039\/revisions"}],"predecessor-version":[{"id":2181,"href":"https:\/\/mockelnforeningarna.se\/kgahum\/wp-json\/wp\/v2\/pages\/2039\/revisions\/2181"}],"wp:attachment":[{"href":"https:\/\/mockelnforeningarna.se\/kgahum\/wp-json\/wp\/v2\/media?parent=2039"}],"curies":[{"name":"wp","href":"https:\/\/api.w.org\/{rel}","templated":true}]}}