{"id":346,"date":"2023-03-04T14:22:40","date_gmt":"2023-03-04T13:22:40","guid":{"rendered":"https:\/\/mockelnforeningarna.se\/kgahum\/?page_id=346"},"modified":"2023-11-16T19:56:22","modified_gmt":"2023-11-16T18:56:22","slug":"2023-protokoll-och-dokument","status":"publish","type":"page","link":"https:\/\/mockelnforeningarna.se\/kgahum\/2023-protokoll-och-dokument\/","title":{"rendered":"2023 Protokoll och dokument"},"content":{"rendered":"\n<p class=\"has-sofia-pro-font-family\"><strong>-&gt;<\/strong> <a href=\"https:\/\/mockelnforeningarna.se\/kgahum\/2023-protokoll-och-dokument\/\">\u00c5rsm\u00f6tesprotokoll<\/a><br><br><strong>-&gt;<\/strong> <a href=\"https:\/\/mockelnforeningarna.se\/kgahum\/arsmote-2023\/\">Kallelse till \u00e5rsm\u00f6te 2023 och Verksamhetsber\u00e4ttelse f\u00f6r 2022<\/a><br><br><strong><a href=\"https:\/\/mockelnforeningarna.se\/kgahum\/protokol\/\">&lt;- Tillbaka<\/a><\/strong><\/p>\n","protected":false},"excerpt":{"rendered":"<p>-&gt; \u00c5rsm\u00f6tesprotokoll -&gt; Kallelse till \u00e5rsm\u00f6te 2023 och Verksamhetsber\u00e4ttelse f\u00f6r 2022 &lt;- Tillbaka<\/p>\n","protected":false},"author":92,"featured_media":0,"parent":0,"menu_order":0,"comment_status":"closed","ping_status":"closed","template":"","meta":{"footnotes":""},"class_list":["post-346","page","type-page","status-publish","hentry"],"_links":{"self":[{"href":"https:\/\/mockelnforeningarna.se\/kgahum\/wp-json\/wp\/v2\/pages\/346","targetHints":{"allow":["GET"]}}],"collection":[{"href":"https:\/\/mockelnforeningarna.se\/kgahum\/wp-json\/wp\/v2\/pages"}],"about":[{"href":"https:\/\/mockelnforeningarna.se\/kgahum\/wp-json\/wp\/v2\/types\/page"}],"author":[{"embeddable":true,"href":"https:\/\/mockelnforeningarna.se\/kgahum\/wp-json\/wp\/v2\/users\/92"}],"replies":[{"embeddable":true,"href":"https:\/\/mockelnforeningarna.se\/kgahum\/wp-json\/wp\/v2\/comments?post=346"}],"version-history":[{"count":11,"href":"https:\/\/mockelnforeningarna.se\/kgahum\/wp-json\/wp\/v2\/pages\/346\/revisions"}],"predecessor-version":[{"id":2153,"href":"https:\/\/mockelnforeningarna.se\/kgahum\/wp-json\/wp\/v2\/pages\/346\/revisions\/2153"}],"wp:attachment":[{"href":"https:\/\/mockelnforeningarna.se\/kgahum\/wp-json\/wp\/v2\/media?parent=346"}],"curies":[{"name":"wp","href":"https:\/\/api.w.org\/{rel}","templated":true}]}}