{"id":89,"date":"2022-11-22T21:51:12","date_gmt":"2022-11-22T20:51:12","guid":{"rendered":"https:\/\/mockelnforeningarna.se\/kgahum\/?page_id=89"},"modified":"2022-11-22T21:51:15","modified_gmt":"2022-11-22T20:51:15","slug":"arsmote-12-oktober-2021","status":"publish","type":"page","link":"https:\/\/mockelnforeningarna.se\/kgahum\/arsmote-12-oktober-2021\/","title":{"rendered":"\u00c5rsm\u00f6te 12 oktober 2021"},"content":{"rendered":"\n<p><strong>Protokoll f\u00f6rt vid \u00e5rsm\u00f6te med Karlskoga Humanistiska F\u00f6rening den 12 oktober 2021<\/strong><\/p>\n\n\n\n<p><strong>1. V\u00e4lkommen<br><\/strong>F\u00f6reningens ordf\u00f6rande Benny Abrahamsson h\u00e4lsade v\u00e4lkommen och \u00f6ppnade m\u00f6tet.<\/p>\n\n\n\n<p><strong>2. a. Val av ordf\u00f6rande och sekreterare f\u00f6r m\u00f6tet<br><\/strong>Till m\u00f6tesordf\u00f6rande valdes Helena Frisk och till m\u00f6tessekreterare Anneli Weman<strong><\/strong><\/p>\n\n\n\n<p><strong>b. Val av justerare<br><\/strong>Till justerare av dagens protokoll valdes Agneta Lautmann och Gunilla Gunilla Hammarstedt.<\/p>\n\n\n\n<p><strong>3. Stadgeenlig kallelse<br><\/strong>M\u00f6tet fann att kallelse skett i enlighet med stadgarna.<\/p>\n\n\n\n<p><strong>4. Dagordning<br><\/strong>Dagordningen presenterades och godk\u00e4ndes.<\/p>\n\n\n\n<p><strong>5. Verksamhetsber\u00e4ttelse och bokslut<br><\/strong>Verksamhetsber\u00e4ttelse f\u00f6r 2020 visades via projektor varefter den godk\u00e4ndes.<\/p>\n\n\n\n<p><strong>6. Revisionsber\u00e4ttelse<br><\/strong>Kass\u00f6r Sune Eriksson l\u00e4ste upp revisorernas ber\u00e4ttelse med till\u00e4gget att 46 medlemmar ej betalt avgiften f\u00f6r 2020.<\/p>\n\n\n\n<p><strong>7. Ansvarsfrihet<br><\/strong>Styrelsen beviljades ansvarsfrihet f\u00f6r det g\u00e5ngna verksamhets\u00e5ret p\u00e5 revisorernas f\u00f6rslag.<\/p>\n\n\n\n<p><strong>8. Fastst\u00e4llande av avgifter<br><\/strong>Fri avgift f\u00f6r 2021 som en konsekvens av inst\u00e4llda arrangemang pga pandemin. Ny avgift betalas f\u00f6r 2022 till beloppet 200 kr f\u00f6r enskild medlem. Avgiften f\u00f6r en enstaka f\u00f6rel\u00e4sning kvarst\u00e5r p\u00e5 50 kr. F\u00f6rslaget bif\u00f6lls.<\/p>\n\n\n\n<p><strong>9. Verksamhetsplan och budget f\u00f6r kommande verksamhets\u00e5r<\/strong><\/p>\n\n\n\n<p>Verksamhetsplan och budget godk\u00e4ndes enligt f\u00f6rslaget.<\/p>\n\n\n\n<p><strong>10. Val av ordf\u00f6rande f\u00f6r f\u00f6reningen<br><\/strong>Benny Abrahamsson valdes om f\u00f6r 1 \u00e5r.<\/p>\n\n\n\n<p><strong>11. Val av \u00f6vriga ledam\u00f6ter<br><\/strong>Sune Eriksson kvarst\u00e5r 1 \u00e5r<br>Birgit Waern kvarst\u00e5r 1 \u00e5r<br>Siv Eriksson kvarst\u00e5r 1 \u00e5r<br>Anneli Weman kvarst\u00e5r 1 \u00e5r<br>Siv Andersson omval 2 \u00e5r<br>Gunilla Hammarstedt nyval 2 \u00e5r<br>Suppleant: Ulla Asp omval 1 \u00e5r<\/p>\n\n\n\n<p><strong>12. Val av revisor och suppleant<br><\/strong>Rigmor Broms omval 1 \u00e5r<br>Per Bolander omval 1 \u00e5r<br>Revisorssuppleant: Rolf Lindberg nyval 1 \u00e5r<\/p>\n\n\n\n<p><strong>13. Val av valberedning<br><\/strong>Lars Jonsson, sammankallande, och Lars Madebrink valdes till val-beredning.<\/p>\n\n\n\n<p><strong>14. \u00d6vriga fr\u00e5gor<br><\/strong>Inga \u00f6vriga fr\u00e5gor<\/p>\n\n\n\n<p><strong>15. Avslutning<br><\/strong>M\u00f6tesordf\u00f6rande tackade f\u00f6r f\u00f6rtroendet och f\u00f6rklarade m\u00f6tet avslutat.<\/p>\n\n\n\n<p><strong>16. Avtackning<br><\/strong>Ordf\u00f6rande tackade avg\u00e5ende sekreterare Agneta Lautmann f\u00f6r mycket v\u00e4l utf\u00f6rt uppdrag och \u00f6verl\u00e4mnade en blomsterbukett med muntlig sk\u00f6tselanvisning.<\/p>\n\n\n\n<p>Anneli Weman<\/p>\n\n\n\n<p>\u00c5rsm\u00f6tessekretare&nbsp;&nbsp;&nbsp;&nbsp;&nbsp;Justeras&nbsp;&nbsp;&nbsp;&nbsp;&nbsp;&nbsp;&nbsp;&nbsp;&nbsp;&nbsp;&nbsp;&nbsp;&nbsp;&nbsp;&nbsp;&nbsp;&nbsp;&nbsp;&nbsp;&nbsp;&nbsp;&nbsp;&nbsp;&nbsp;&nbsp;&nbsp;&nbsp;&nbsp;&nbsp;&nbsp;&nbsp;&nbsp;&nbsp;&nbsp;&nbsp;&nbsp;&nbsp;&nbsp;&nbsp;&nbsp;&nbsp;&nbsp;&nbsp;&nbsp;&nbsp;&nbsp;&nbsp;&nbsp;&nbsp;Justeras<\/p>\n\n\n\n<p>Gunilla Hammarstedt&nbsp;&nbsp;&nbsp;&nbsp;&nbsp;&nbsp;&nbsp;&nbsp;&nbsp;&nbsp;&nbsp;&nbsp;&nbsp;&nbsp;&nbsp;&nbsp;&nbsp;&nbsp;&nbsp;&nbsp;&nbsp;&nbsp;&nbsp;Agneta Lautmann<\/p>\n","protected":false},"excerpt":{"rendered":"<p>Protokoll f\u00f6rt vid \u00e5rsm\u00f6te med Karlskoga Humanistiska F\u00f6rening den 12 oktober 2021 1. V\u00e4lkommenF\u00f6reningens ordf\u00f6rande Benny Abrahamsson h\u00e4lsade v\u00e4lkommen och \u00f6ppnade m\u00f6tet. 2. a. Val av ordf\u00f6rande och sekreterare f\u00f6r [&hellip;]<\/p>\n","protected":false},"author":3,"featured_media":0,"parent":0,"menu_order":0,"comment_status":"closed","ping_status":"closed","template":"","meta":{"footnotes":""},"class_list":["post-89","page","type-page","status-publish","hentry"],"_links":{"self":[{"href":"https:\/\/mockelnforeningarna.se\/kgahum\/wp-json\/wp\/v2\/pages\/89","targetHints":{"allow":["GET"]}}],"collection":[{"href":"https:\/\/mockelnforeningarna.se\/kgahum\/wp-json\/wp\/v2\/pages"}],"about":[{"href":"https:\/\/mockelnforeningarna.se\/kgahum\/wp-json\/wp\/v2\/types\/page"}],"author":[{"embeddable":true,"href":"https:\/\/mockelnforeningarna.se\/kgahum\/wp-json\/wp\/v2\/users\/3"}],"replies":[{"embeddable":true,"href":"https:\/\/mockelnforeningarna.se\/kgahum\/wp-json\/wp\/v2\/comments?post=89"}],"version-history":[{"count":1,"href":"https:\/\/mockelnforeningarna.se\/kgahum\/wp-json\/wp\/v2\/pages\/89\/revisions"}],"predecessor-version":[{"id":90,"href":"https:\/\/mockelnforeningarna.se\/kgahum\/wp-json\/wp\/v2\/pages\/89\/revisions\/90"}],"wp:attachment":[{"href":"https:\/\/mockelnforeningarna.se\/kgahum\/wp-json\/wp\/v2\/media?parent=89"}],"curies":[{"name":"wp","href":"https:\/\/api.w.org\/{rel}","templated":true}]}}