{"id":93,"date":"2022-11-22T21:54:57","date_gmt":"2022-11-22T20:54:57","guid":{"rendered":"https:\/\/mockelnforeningarna.se\/kgahum\/?page_id=93"},"modified":"2022-11-22T21:54:59","modified_gmt":"2022-11-22T20:54:59","slug":"arsmote-10-mars-2020","status":"publish","type":"page","link":"https:\/\/mockelnforeningarna.se\/kgahum\/arsmote-10-mars-2020\/","title":{"rendered":"\u00c5rsm\u00f6te 10 mars 2020"},"content":{"rendered":"\n<p><strong>Protokoll f\u00f6rt vid extra medlemsm\u00f6te den 10 mars 2020 med Karlskoga Humanistiska F\u00f6rening<\/strong><strong><\/strong><\/p>\n\n\n\n<p>N\u00e4rvarande: Ett 80-tal medlemmar<\/p>\n\n\n\n<p>1.&nbsp;&nbsp;&nbsp;&nbsp;Ordf\u00f6randen \u00f6ppnade m\u00f6tet.<\/p>\n\n\n\n<p>2.&nbsp;&nbsp;&nbsp;&nbsp;Till m\u00f6tessekreterare valdes Agneta Lautmann och till justerare Lars Jonsson.<\/p>\n\n\n\n<p>3.&nbsp;&nbsp;&nbsp;&nbsp;Vid f\u00f6reningens \u00e5rsm\u00f6te den 11 februari 2020 bif\u00f6lls ett f\u00f6rslag till stadge\u00e4ndring. I de nuvarande stadgarna st\u00e5r det att ordf\u00f6randen och vice ordf\u00f6randen tecknar f\u00f6reningens firma. Detta f\u00f6reslogs \u00e4ndras till att ordf\u00f6randen och kass\u00f6ren var f\u00f6r sig tecknar f\u00f6reningens firma.<\/p>\n\n\n\n<p>4.&nbsp;&nbsp;&nbsp;&nbsp;M\u00f6tet bifaller f\u00f6rslaget.<\/p>\n\n\n\n<p>5.&nbsp;&nbsp;&nbsp;&nbsp;Ordf\u00f6randen avslutade m\u00f6tet.<\/p>\n\n\n\n<p>Vid protokollet<\/p>\n\n\n\n<p>Agneta Lautmann, sekreterare&nbsp;&nbsp;&nbsp;&nbsp;&nbsp;&nbsp;&nbsp;&nbsp;&nbsp;&nbsp;&nbsp;&nbsp;&nbsp;&nbsp;&nbsp;&nbsp;&nbsp;&nbsp;&nbsp;&nbsp;&nbsp;&nbsp;&nbsp;&nbsp;&nbsp;&nbsp;Lars Jonsson, justerare<\/p>\n\n\n\n<p>Benny Abrahamsson, ordf\u00f6rande&nbsp;&nbsp;&nbsp;&nbsp;&nbsp;&nbsp;&nbsp;&nbsp;&nbsp;&nbsp;&nbsp;&nbsp;&nbsp;&nbsp;&nbsp;&nbsp;&nbsp;&nbsp;&nbsp;&nbsp;&nbsp;Sune Eriksson, kass\u00f6r<\/p>\n","protected":false},"excerpt":{"rendered":"<p>Protokoll f\u00f6rt vid extra medlemsm\u00f6te den 10 mars 2020 med Karlskoga Humanistiska F\u00f6rening N\u00e4rvarande: Ett 80-tal medlemmar 1.&nbsp;&nbsp;&nbsp;&nbsp;Ordf\u00f6randen \u00f6ppnade m\u00f6tet. 2.&nbsp;&nbsp;&nbsp;&nbsp;Till m\u00f6tessekreterare valdes Agneta Lautmann och till justerare Lars Jonsson. [&hellip;]<\/p>\n","protected":false},"author":3,"featured_media":0,"parent":0,"menu_order":0,"comment_status":"closed","ping_status":"closed","template":"","meta":{"footnotes":""},"class_list":["post-93","page","type-page","status-publish","hentry"],"_links":{"self":[{"href":"https:\/\/mockelnforeningarna.se\/kgahum\/wp-json\/wp\/v2\/pages\/93","targetHints":{"allow":["GET"]}}],"collection":[{"href":"https:\/\/mockelnforeningarna.se\/kgahum\/wp-json\/wp\/v2\/pages"}],"about":[{"href":"https:\/\/mockelnforeningarna.se\/kgahum\/wp-json\/wp\/v2\/types\/page"}],"author":[{"embeddable":true,"href":"https:\/\/mockelnforeningarna.se\/kgahum\/wp-json\/wp\/v2\/users\/3"}],"replies":[{"embeddable":true,"href":"https:\/\/mockelnforeningarna.se\/kgahum\/wp-json\/wp\/v2\/comments?post=93"}],"version-history":[{"count":1,"href":"https:\/\/mockelnforeningarna.se\/kgahum\/wp-json\/wp\/v2\/pages\/93\/revisions"}],"predecessor-version":[{"id":94,"href":"https:\/\/mockelnforeningarna.se\/kgahum\/wp-json\/wp\/v2\/pages\/93\/revisions\/94"}],"wp:attachment":[{"href":"https:\/\/mockelnforeningarna.se\/kgahum\/wp-json\/wp\/v2\/media?parent=93"}],"curies":[{"name":"wp","href":"https:\/\/api.w.org\/{rel}","templated":true}]}}