{"id":41,"date":"2019-01-29T14:00:13","date_gmt":"2019-01-29T13:00:13","guid":{"rendered":"https:\/\/mockelnforeningarna.se\/kgajakt\/?page_id=41"},"modified":"2022-11-29T14:38:38","modified_gmt":"2022-11-29T13:38:38","slug":"skjutbana-lerduvor","status":"publish","type":"page","link":"https:\/\/mockelnforeningarna.se\/kgajakt\/skjutbana-lerduvor\/","title":{"rendered":"Skjutbana Lerduvor"},"content":{"rendered":"\n<div class=\"wp-block-media-text alignfull is-stacked-on-mobile\"><figure class=\"wp-block-media-text__media\"><img loading=\"lazy\" decoding=\"async\" width=\"683\" height=\"1024\" src=\"https:\/\/mockelnforeningarna.se\/app\/uploads\/sites\/25\/2019\/01\/photo-1510248703225-7f7838dfd579-683x1024.jpeg\" alt=\"\" class=\"wp-image-36 size-full\" srcset=\"https:\/\/mockelnforeningarna.se\/app\/uploads\/sites\/25\/2019\/01\/photo-1510248703225-7f7838dfd579-683x1024.jpeg 683w, https:\/\/mockelnforeningarna.se\/app\/uploads\/sites\/25\/2019\/01\/photo-1510248703225-7f7838dfd579-200x300.jpeg 200w, https:\/\/mockelnforeningarna.se\/app\/uploads\/sites\/25\/2019\/01\/photo-1510248703225-7f7838dfd579-768x1152.jpeg 768w, https:\/\/mockelnforeningarna.se\/app\/uploads\/sites\/25\/2019\/01\/photo-1510248703225-7f7838dfd579-1024x1536.jpeg 1024w, https:\/\/mockelnforeningarna.se\/app\/uploads\/sites\/25\/2019\/01\/photo-1510248703225-7f7838dfd579-1365x2048.jpeg 1365w, https:\/\/mockelnforeningarna.se\/app\/uploads\/sites\/25\/2019\/01\/photo-1510248703225-7f7838dfd579-1600x2400.jpeg 1600w, https:\/\/mockelnforeningarna.se\/app\/uploads\/sites\/25\/2019\/01\/photo-1510248703225-7f7838dfd579-1400x2100.jpeg 1400w, https:\/\/mockelnforeningarna.se\/app\/uploads\/sites\/25\/2019\/01\/photo-1510248703225-7f7838dfd579-800x1200.jpeg 800w, https:\/\/mockelnforeningarna.se\/app\/uploads\/sites\/25\/2019\/01\/photo-1510248703225-7f7838dfd579-500x750.jpeg 500w, https:\/\/mockelnforeningarna.se\/app\/uploads\/sites\/25\/2019\/01\/photo-1510248703225-7f7838dfd579-1440x2160.jpeg 1440w, https:\/\/mockelnforeningarna.se\/app\/uploads\/sites\/25\/2019\/01\/photo-1510248703225-7f7838dfd579-600x900.jpeg 600w, https:\/\/mockelnforeningarna.se\/app\/uploads\/sites\/25\/2019\/01\/photo-1510248703225-7f7838dfd579-scaled.jpeg 1707w\" sizes=\"auto, (max-width: 683px) 100vw, 683px\" \/><\/figure><div class=\"wp-block-media-text__content\">\n<h1 class=\"wp-block-heading\">Skjutbana Lerduvor<\/h1>\n\n\n\n<h3 class=\"wp-block-heading\">SKEETBANAN<\/h3>\n\n\n\n<p>Skytte serie \u00e4r 25 duvor eller 15 duvor (25 serie utan duble&#8217;)<br>Det g\u00e5r ocks\u00e5 bra att skjuta enstaka duvor fr\u00e5n valfri station<\/p>\n\n\n\n<p>Fri Tr\u00e4ning (till\u00e5ten skjuttid) \u00e4r:<br>M\u00e5ndagar 09.00-21.00<br>Tisdagar 16:00-21.00<br>Torsdagar 16:00-21.00<\/p>\n\n\n\n<p>Naturligtvis med undantag f\u00f6r de tider som bokats i kalendern f\u00f6r planerade aktiviteter, tex gemensamt \u00f6vningsskytte, j\u00e4garexamen och eventuella bokningar\/uthyrning av banan.<br>Kontrollera alltid aktuella bokningar i kalendern.<\/p>\n<\/div><\/div>\n","protected":false},"excerpt":{"rendered":"<p>Skjutbana Lerduvor SKEETBANAN Skytte serie \u00e4r 25 duvor eller 15 duvor (25 serie utan duble&#8217;)Det g\u00e5r ocks\u00e5 bra att skjuta enstaka duvor fr\u00e5n valfri station Fri Tr\u00e4ning (till\u00e5ten skjuttid) \u00e4r:M\u00e5ndagar [&hellip;]<\/p>\n","protected":false},"author":31,"featured_media":0,"parent":0,"menu_order":0,"comment_status":"closed","ping_status":"closed","template":"page-notitle.php","meta":{"footnotes":""},"class_list":["post-41","page","type-page","status-publish","hentry"],"_links":{"self":[{"href":"https:\/\/mockelnforeningarna.se\/kgajakt\/wp-json\/wp\/v2\/pages\/41","targetHints":{"allow":["GET"]}}],"collection":[{"href":"https:\/\/mockelnforeningarna.se\/kgajakt\/wp-json\/wp\/v2\/pages"}],"about":[{"href":"https:\/\/mockelnforeningarna.se\/kgajakt\/wp-json\/wp\/v2\/types\/page"}],"author":[{"embeddable":true,"href":"https:\/\/mockelnforeningarna.se\/kgajakt\/wp-json\/wp\/v2\/users\/31"}],"replies":[{"embeddable":true,"href":"https:\/\/mockelnforeningarna.se\/kgajakt\/wp-json\/wp\/v2\/comments?post=41"}],"version-history":[{"count":2,"href":"https:\/\/mockelnforeningarna.se\/kgajakt\/wp-json\/wp\/v2\/pages\/41\/revisions"}],"predecessor-version":[{"id":435,"href":"https:\/\/mockelnforeningarna.se\/kgajakt\/wp-json\/wp\/v2\/pages\/41\/revisions\/435"}],"wp:attachment":[{"href":"https:\/\/mockelnforeningarna.se\/kgajakt\/wp-json\/wp\/v2\/media?parent=41"}],"curies":[{"name":"wp","href":"https:\/\/api.w.org\/{rel}","templated":true}]}}