{"id":45,"date":"2019-01-29T14:01:31","date_gmt":"2019-01-29T13:01:31","guid":{"rendered":"https:\/\/mockelnforeningarna.se\/kgajakt\/?page_id=45"},"modified":"2022-11-29T14:40:44","modified_gmt":"2022-11-29T13:40:44","slug":"jagarexamen","status":"publish","type":"page","link":"https:\/\/mockelnforeningarna.se\/kgajakt\/jagarexamen\/","title":{"rendered":"J\u00e4garexamen"},"content":{"rendered":"\n<h3 class=\"wp-block-heading\">Teoretiska och praktiska prov<\/h3>\n\n\n\n<p>V\u00e5r J\u00e4garexamensverksamhet omfattar teoretiska prov och praktiska prov f\u00f6r samtliga delmoment samt att vi &nbsp;ibland driver vi kurser tillsammans med Vuxenskolan i Karlskoga<\/p>\n\n\n\n<p>Teoretiska prov \u00e4r m\u00f6jliga att avl\u00e4gga under hela \u00e5ret med undantag av Juni\/Juli\/Augusti<\/p>\n\n\n\n<p>Praktiska prov hanterar vi endast under April \u2013 Juni<\/p>\n\n\n\n<div class=\"wp-block-contact-form-7-contact-form-selector\">\n<div class=\"wpcf7 no-js\" id=\"wpcf7-f97-o1\" lang=\"sv-SE\" dir=\"ltr\" data-wpcf7-id=\"97\">\n<div class=\"screen-reader-response\"><p role=\"status\" aria-live=\"polite\" aria-atomic=\"true\"><\/p> <ul><\/ul><\/div>\n<form action=\"\/kgajakt\/wp-json\/wp\/v2\/pages\/45#wpcf7-f97-o1\" method=\"post\" class=\"wpcf7-form init\" aria-label=\"Kontaktformul\u00e4r\" novalidate=\"novalidate\" data-status=\"init\">\n<fieldset class=\"hidden-fields-container\"><input type=\"hidden\" name=\"_wpcf7\" value=\"97\" \/><input type=\"hidden\" name=\"_wpcf7_version\" value=\"6.1.5\" \/><input type=\"hidden\" name=\"_wpcf7_locale\" value=\"sv_SE\" \/><input type=\"hidden\" name=\"_wpcf7_unit_tag\" value=\"wpcf7-f97-o1\" \/><input type=\"hidden\" name=\"_wpcf7_container_post\" value=\"0\" \/><input type=\"hidden\" name=\"_wpcf7_posted_data_hash\" value=\"\" \/>\n<\/fieldset>\n<p><label> H\u00e4r kan du anm\u00e4la dig f\u00f6r avl\u00e4ggande av prov, fyll i formul\u00e4ret och skicka till oss: <\/label>\n<\/p>\n<p><label> Ditt namn (obligatorisk)<br \/>\n<span class=\"wpcf7-form-control-wrap\" data-name=\"your-name\"><input size=\"40\" maxlength=\"400\" class=\"wpcf7-form-control wpcf7-text wpcf7-validates-as-required\" aria-required=\"true\" aria-invalid=\"false\" value=\"\" type=\"text\" name=\"your-name\" \/><\/span> <\/label>\n<\/p>\n<p><label> Ditt telefonummer (obligatorisk)<br \/>\n<span class=\"wpcf7-form-control-wrap\" data-name=\"tel-809\"><input size=\"40\" maxlength=\"400\" class=\"wpcf7-form-control wpcf7-tel wpcf7-validates-as-required wpcf7-text wpcf7-validates-as-tel\" aria-required=\"true\" aria-invalid=\"false\" placeholder=\"Ditt telefon nr.\" value=\"\" type=\"tel\" name=\"tel-809\" \/><\/span> <\/label>\n<\/p>\n<p><label> Ditt personummer (obligatorisk)<br \/>\n<span class=\"wpcf7-form-control-wrap\" data-name=\"Pnum\"><input size=\"40\" maxlength=\"400\" class=\"wpcf7-form-control wpcf7-tel wpcf7-validates-as-required wpcf7-text wpcf7-validates-as-tel\" aria-required=\"true\" aria-invalid=\"false\" placeholder=\"Personnummer\" value=\"\" type=\"tel\" name=\"Pnum\" \/><\/span> <\/label>\n<\/p>\n<p><label> Din e-post (obligatorisk)<br \/>\n<span class=\"wpcf7-form-control-wrap\" data-name=\"your-email\"><input size=\"40\" maxlength=\"400\" class=\"wpcf7-form-control wpcf7-email wpcf7-validates-as-required wpcf7-text wpcf7-validates-as-email\" aria-required=\"true\" aria-invalid=\"false\" value=\"\" type=\"email\" name=\"your-email\" \/><\/span> <\/label>\n<\/p>\n<p>Ange vilka prov du vill utf\u00f6ra (obligatorisk)<br \/>\n<span class=\"wpcf7-form-control-wrap\" data-name=\"Provtyp\"><span class=\"wpcf7-form-control wpcf7-checkbox wpcf7-validates-as-required\"><span class=\"wpcf7-list-item first\"><label><input type=\"checkbox\" name=\"Provtyp[]\" value=\"Teoretiskt prov\" \/><span class=\"wpcf7-list-item-label\">Teoretiskt prov<\/span><\/label><\/span><span class=\"wpcf7-list-item\"><label><input type=\"checkbox\" name=\"Provtyp[]\" value=\"Hagelgev\u00e4rsprov\" \/><span class=\"wpcf7-list-item-label\">Hagelgev\u00e4rsprov<\/span><\/label><\/span><span class=\"wpcf7-list-item\"><label><input type=\"checkbox\" name=\"Provtyp[]\" value=\"Grundprov kulgev\u00e4r\" \/><span class=\"wpcf7-list-item-label\">Grundprov kulgev\u00e4r<\/span><\/label><\/span><span class=\"wpcf7-list-item last\"><label><input type=\"checkbox\" name=\"Provtyp[]\" value=\"H\u00f6gviltprov kulgev\u00e4r\" \/><span class=\"wpcf7-list-item-label\">H\u00f6gviltprov kulgev\u00e4r<\/span><\/label><\/span><\/span><\/span>\n<\/p>\n<p><label> \u00d6vrig information till oss<br \/>\n<span class=\"wpcf7-form-control-wrap\" data-name=\"your-message\"><textarea cols=\"40\" rows=\"10\" maxlength=\"2000\" class=\"wpcf7-form-control wpcf7-textarea\" aria-invalid=\"false\" name=\"your-message\"><\/textarea><\/span> <\/label>\n<\/p>\n<p><input class=\"wpcf7-form-control wpcf7-submit has-spinner\" type=\"submit\" value=\"Skicka\" \/>\n<\/p><div class=\"wpcf7-response-output\" aria-hidden=\"true\"><\/div>\n<\/form>\n<\/div>\n<\/div>\n","protected":false},"excerpt":{"rendered":"<p>Teoretiska och praktiska prov V\u00e5r J\u00e4garexamensverksamhet omfattar teoretiska prov och praktiska prov f\u00f6r samtliga delmoment samt att vi &nbsp;ibland driver vi kurser tillsammans med Vuxenskolan i Karlskoga Teoretiska prov \u00e4r [&hellip;]<\/p>\n","protected":false},"author":31,"featured_media":0,"parent":0,"menu_order":0,"comment_status":"closed","ping_status":"closed","template":"page-notitle.php","meta":{"footnotes":""},"class_list":["post-45","page","type-page","status-publish","hentry"],"_links":{"self":[{"href":"https:\/\/mockelnforeningarna.se\/kgajakt\/wp-json\/wp\/v2\/pages\/45","targetHints":{"allow":["GET"]}}],"collection":[{"href":"https:\/\/mockelnforeningarna.se\/kgajakt\/wp-json\/wp\/v2\/pages"}],"about":[{"href":"https:\/\/mockelnforeningarna.se\/kgajakt\/wp-json\/wp\/v2\/types\/page"}],"author":[{"embeddable":true,"href":"https:\/\/mockelnforeningarna.se\/kgajakt\/wp-json\/wp\/v2\/users\/31"}],"replies":[{"embeddable":true,"href":"https:\/\/mockelnforeningarna.se\/kgajakt\/wp-json\/wp\/v2\/comments?post=45"}],"version-history":[{"count":2,"href":"https:\/\/mockelnforeningarna.se\/kgajakt\/wp-json\/wp\/v2\/pages\/45\/revisions"}],"predecessor-version":[{"id":438,"href":"https:\/\/mockelnforeningarna.se\/kgajakt\/wp-json\/wp\/v2\/pages\/45\/revisions\/438"}],"wp:attachment":[{"href":"https:\/\/mockelnforeningarna.se\/kgajakt\/wp-json\/wp\/v2\/media?parent=45"}],"curies":[{"name":"wp","href":"https:\/\/api.w.org\/{rel}","templated":true}]}}