{"id":7,"date":"2019-01-29T13:38:12","date_gmt":"2019-01-29T12:38:12","guid":{"rendered":"https:\/\/mockelnforeningarna.se\/kgajakt\/?page_id=7"},"modified":"2026-02-27T10:01:14","modified_gmt":"2026-02-27T09:01:14","slug":"hem","status":"publish","type":"page","link":"https:\/\/mockelnforeningarna.se\/kgajakt\/","title":{"rendered":"Hem"},"content":{"rendered":"\n<div class=\"wp-block-cover alignfull\"><img loading=\"lazy\" decoding=\"async\" width=\"2560\" height=\"1440\" class=\"wp-block-cover__image-background wp-image-11\" alt=\"\" src=\"https:\/\/mockelnforeningarna.se\/app\/uploads\/sites\/25\/2019\/01\/photo-1426170042593-200f250dfdaf.jpeg\" data-object-fit=\"cover\" srcset=\"https:\/\/mockelnforeningarna.se\/app\/uploads\/sites\/25\/2019\/01\/photo-1426170042593-200f250dfdaf.jpeg 2560w, https:\/\/mockelnforeningarna.se\/app\/uploads\/sites\/25\/2019\/01\/photo-1426170042593-200f250dfdaf-300x169.jpeg 300w, https:\/\/mockelnforeningarna.se\/app\/uploads\/sites\/25\/2019\/01\/photo-1426170042593-200f250dfdaf-1024x576.jpeg 1024w, https:\/\/mockelnforeningarna.se\/app\/uploads\/sites\/25\/2019\/01\/photo-1426170042593-200f250dfdaf-768x432.jpeg 768w, https:\/\/mockelnforeningarna.se\/app\/uploads\/sites\/25\/2019\/01\/photo-1426170042593-200f250dfdaf-1536x864.jpeg 1536w, https:\/\/mockelnforeningarna.se\/app\/uploads\/sites\/25\/2019\/01\/photo-1426170042593-200f250dfdaf-2048x1152.jpeg 2048w, https:\/\/mockelnforeningarna.se\/app\/uploads\/sites\/25\/2019\/01\/photo-1426170042593-200f250dfdaf-1600x900.jpeg 1600w, https:\/\/mockelnforeningarna.se\/app\/uploads\/sites\/25\/2019\/01\/photo-1426170042593-200f250dfdaf-1400x788.jpeg 1400w, https:\/\/mockelnforeningarna.se\/app\/uploads\/sites\/25\/2019\/01\/photo-1426170042593-200f250dfdaf-800x450.jpeg 800w, https:\/\/mockelnforeningarna.se\/app\/uploads\/sites\/25\/2019\/01\/photo-1426170042593-200f250dfdaf-500x281.jpeg 500w, https:\/\/mockelnforeningarna.se\/app\/uploads\/sites\/25\/2019\/01\/photo-1426170042593-200f250dfdaf-1440x810.jpeg 1440w, https:\/\/mockelnforeningarna.se\/app\/uploads\/sites\/25\/2019\/01\/photo-1426170042593-200f250dfdaf-600x338.jpeg 600w\" sizes=\"auto, (max-width: 2560px) 100vw, 2560px\" \/><span aria-hidden=\"true\" class=\"wp-block-cover__background has-background-dim\"><\/span><div class=\"wp-block-cover__inner-container is-layout-flow wp-block-cover-is-layout-flow\">\n<h2 class=\"wp-block-heading has-text-align-center\">V\u00c4LKOMMEN TILL<br>KARLSKOGA JAKTSKYTTEKLUBB<\/h2>\n\n\n\n<p class=\"has-text-align-center\"><em>En lokalavdelning i J\u00e4garnas Riksf\u00f6rbund<\/em><\/p>\n<\/div><\/div>\n\n\n\n<div class=\"wp-block-group alignwide has-global-padding is-layout-constrained wp-block-group-is-layout-constrained\" style=\"margin-top:var(--wp--preset--spacing--large)\">\n<h2 class=\"wp-block-heading\">KARLSKOGA JAKTSKYTTEKLUBB<\/h2>\n\n\n\n<p class=\"has-m-font-size\">V\u00e4lkommen till Karlskoga Jaktskytteklubb, en lokalavdelning i J\u00e4garnas Riksf\u00f6rbund.<\/p>\n\n\n\n<p>Klubben bedriver skytteverksamhet vid de egna skjutbanorna som ocks\u00e5 \u00e4r godk\u00e4nda som provbanor f\u00f6r j\u00e4garexamen.\u00a0Klubben har f\u00f6r n\u00e4rvarande\u00a0tre verksamma provledare som examinerar elever.<br>Som medlem i J\u00e4garnas Riksf\u00f6rbund Karlskoga kan du utnyttja klubben skjutbanor. F\u00f6r att dessutom ha reducerade priser vid uttnyttjande av anl\u00e4ggningen, s\u00e5 tar klubben ut en \u00e5rsavgift p\u00e5\u00a0250 kr.<\/p>\n\n\n\n<p>Du kan ocks\u00e5 bli medlem i klubben utan att vara medlem i J\u00e4garnas Riksf\u00f6rbund. \u00c5rsavgift f\u00f6r st\u00f6djande medlem, som bara ber\u00f6r skjutbaneverksamheten, ej delar i viltv\u00e5rdavdelningens arbete \u00e4r\u00a0350 kr\/\u00e5r. Man har samma reducering p\u00e5 avgifter vid utnyttjande av anl\u00e4ggningarna.\u00a0F\u00f6r att l\u00f6sa medlemskap endast i klubben s\u00e5 betalar man in avgiften till postgirot 64 69 55-5. Ange: namn, adress och vilket \u00e5r du betalar f\u00f6r.<\/p>\n<\/div>\n\n\n\n<div class=\"wp-block-columns alignwide is-layout-flex wp-container-core-columns-is-layout-5c5d7afb wp-block-columns-is-layout-flex\" style=\"border-style:none;border-width:0px;margin-top:var(--wp--preset--spacing--large)\">\n<div class=\"wp-block-column has-black-color has-text-color has-background has-link-color wp-elements-3e662c926101b941d4312339869996d6 is-layout-flow wp-block-column-is-layout-flow\" style=\"background-color:#00000017;padding-top:2em;padding-right:2em;padding-bottom:2em;padding-left:2em\">\n<h5 class=\"wp-block-heading\">SKJUTBANA \u00c4LG<\/h5>\n\n\n\n<p>\u00d6vningskytte p\u00e5 l\u00f6pande \u00e4lg &#8211; 80 meter<\/p>\n\n\n\n<div class=\"wp-block-buttons alignfull is-horizontal is-content-justification-center is-layout-flex wp-container-core-buttons-is-layout-d072e305 wp-block-buttons-is-layout-flex\">\n<div class=\"wp-block-button has-custom-width wp-block-button__width-100\"><a class=\"wp-block-button__link has-white-color has-text-color has-background no-border-radius wp-element-button\" style=\"background-color:#000000\">L\u00e4s mer<\/a><\/div>\n<\/div>\n<\/div>\n\n\n\n<div class=\"wp-block-column has-text-color has-background has-link-color wp-elements-dda6a2897d0c24f69186eb2bc852039c is-layout-flow wp-block-column-is-layout-flow\" style=\"color:#000000;background-color:#00000017;padding-top:2em;padding-right:2em;padding-bottom:2em;padding-left:2em\">\n<h5 class=\"wp-block-heading\">SKJUTBANA LERDUVOR<\/h5>\n\n\n\n<p>\u00d6va upp ditt hagelskytte p\u00e5 klubbens skeetbana&nbsp;<\/p>\n\n\n\n<div class=\"wp-block-buttons alignfull is-horizontal is-content-justification-center is-layout-flex wp-container-core-buttons-is-layout-d072e305 wp-block-buttons-is-layout-flex\">\n<div class=\"wp-block-button has-custom-width wp-block-button__width-100 is-style-fill\"><a class=\"wp-block-button__link has-white-color has-text-color has-background no-border-radius wp-element-button\" style=\"background-color:#000000\">L\u00e4s mer<\/a><\/div>\n<\/div>\n<\/div>\n\n\n\n<div class=\"wp-block-column has-text-color has-background has-link-color wp-elements-735993fc56af423285dde38d73cf8102 is-layout-flow wp-block-column-is-layout-flow\" style=\"color:#000000;background-color:#00d1843b;padding-top:2em;padding-right:2em;padding-bottom:2em;padding-left:2em\">\n<h5 class=\"wp-block-heading\">J\u00c4GAREXAMEN<\/h5>\n\n\n\n<p>Vi ger under \u00e5ret flera m\u00f6jligheter till avl\u00e4ggande av praktiska prov och teoretiska prov.<\/p>\n\n\n\n<div class=\"wp-block-buttons alignfull is-horizontal is-content-justification-center is-layout-flex wp-container-core-buttons-is-layout-03627597 wp-block-buttons-is-layout-flex\">\n<div class=\"wp-block-button has-custom-width wp-block-button__width-100\"><a class=\"wp-block-button__link has-secondary-color has-primary-background-color has-text-color has-background wp-element-button\" style=\"border-radius:0px\">L\u00e4s mer<\/a><\/div>\n<\/div>\n<\/div>\n<\/div>\n\n\n\n<div class=\"wp-block-columns alignwide is-layout-flex wp-container-core-columns-is-layout-5c5d7afb wp-block-columns-is-layout-flex\" style=\"border-style:none;border-width:0px;margin-top:var(--wp--preset--spacing--large)\">\n<div class=\"wp-block-column is-vertically-aligned-top has-black-color has-secondary-background-color has-text-color has-background has-link-color wp-elements-615afdcc13441ab839e52d05f3ff0598 is-layout-flow wp-block-column-is-layout-flow\" style=\"padding-top:0em;padding-right:0em;padding-bottom:0em;padding-left:0em\"><\/div>\n\n\n\n<div class=\"wp-block-column is-vertically-aligned-top has-secondary-background-color has-text-color has-background has-link-color wp-elements-48079677d9431a6ec074858581e21e78 is-layout-flow wp-block-column-is-layout-flow\" style=\"color:#000000\"><\/div>\n\n\n\n<div class=\"wp-block-column has-secondary-background-color has-text-color has-background has-link-color wp-elements-ed16a2918a22628bd9f346eeb72d9770 is-layout-flow wp-block-column-is-layout-flow\" style=\"color:#000000\"><\/div>\n<\/div>\n","protected":false},"excerpt":{"rendered":"<p>KARLSKOGA JAKTSKYTTEKLUBB V\u00e4lkommen till Karlskoga Jaktskytteklubb, en lokalavdelning i J\u00e4garnas Riksf\u00f6rbund. Klubben bedriver skytteverksamhet vid de egna skjutbanorna som ocks\u00e5 \u00e4r godk\u00e4nda som provbanor f\u00f6r j\u00e4garexamen.\u00a0Klubben har f\u00f6r n\u00e4rvarande\u00a0tre verksamma [&hellip;]<\/p>\n","protected":false},"author":31,"featured_media":0,"parent":0,"menu_order":10,"comment_status":"closed","ping_status":"closed","template":"page-notitle.php","meta":{"footnotes":""},"class_list":["post-7","page","type-page","status-publish","hentry"],"_links":{"self":[{"href":"https:\/\/mockelnforeningarna.se\/kgajakt\/wp-json\/wp\/v2\/pages\/7","targetHints":{"allow":["GET"]}}],"collection":[{"href":"https:\/\/mockelnforeningarna.se\/kgajakt\/wp-json\/wp\/v2\/pages"}],"about":[{"href":"https:\/\/mockelnforeningarna.se\/kgajakt\/wp-json\/wp\/v2\/types\/page"}],"author":[{"embeddable":true,"href":"https:\/\/mockelnforeningarna.se\/kgajakt\/wp-json\/wp\/v2\/users\/31"}],"replies":[{"embeddable":true,"href":"https:\/\/mockelnforeningarna.se\/kgajakt\/wp-json\/wp\/v2\/comments?post=7"}],"version-history":[{"count":32,"href":"https:\/\/mockelnforeningarna.se\/kgajakt\/wp-json\/wp\/v2\/pages\/7\/revisions"}],"predecessor-version":[{"id":565,"href":"https:\/\/mockelnforeningarna.se\/kgajakt\/wp-json\/wp\/v2\/pages\/7\/revisions\/565"}],"wp:attachment":[{"href":"https:\/\/mockelnforeningarna.se\/kgajakt\/wp-json\/wp\/v2\/media?parent=7"}],"curies":[{"name":"wp","href":"https:\/\/api.w.org\/{rel}","templated":true}]}}