{"id":643,"date":"2020-03-15T11:55:31","date_gmt":"2020-03-15T10:55:31","guid":{"rendered":"https:\/\/mockelnforeningarna.se\/kgarockblues\/?page_id=643"},"modified":"2022-12-07T11:37:22","modified_gmt":"2022-12-07T10:37:22","slug":"bli-medlem","status":"publish","type":"page","link":"https:\/\/mockelnforeningarna.se\/kgarockblues\/bli-medlem\/","title":{"rendered":"Bli medlem"},"content":{"rendered":"\n<div class=\"wp-block-group has-white-background-color has-background has-global-padding is-layout-constrained wp-container-core-group-is-layout-1d53355a wp-block-group-is-layout-constrained\" style=\"margin-top:var(--wp--preset--spacing--large);padding-top:var(--wp--preset--spacing--medium);padding-right:var(--wp--preset--spacing--medium);padding-bottom:var(--wp--preset--spacing--medium);padding-left:var(--wp--preset--spacing--medium)\">\n<div class=\"wp-block-columns is-layout-flex wp-container-core-columns-is-layout-28f84493 wp-block-columns-is-layout-flex\">\n<div class=\"wp-block-column is-layout-flow wp-block-column-is-layout-flow\">\n<h5 class=\"wp-block-heading\">MEDLEMSKAP I KARLSKOGA ROCK &amp; BLUES<\/h5>\n\n\n\n<p>F\u00d6R ATT BLI MEDLEM och st\u00f6dja oss i v\u00e5ra m\u00e5l att liva upp musikscenen i Karlskoga och att inspirera ungdomar och artister att spela blues och rock live p\u00e5 v\u00e5ra spelningar som vi anordnar f\u00f6r allm\u00e4nheten och f\u00f6rst\u00e5s f\u00f6r v\u00e5ra medlemmar .&nbsp;V\u00e4nligen s\u00e4tt in 200 sek p\u00e5 :<br>bg 377-6127 Org nr: 802444-6315<\/p>\n\n\n\n<p>OBS : Gl\u00f6m ej att skriva NAMN , ADRESS , F\u00d6DELSEDATUM , TELEFON , &nbsp;MEJLADRESS.<\/p>\n\n\n\n<p>Medlemskort finns att h\u00e4mta vid f\u00f6rsta arrangemanget efter betalning eller enligt \u00f6verenskommelse.<\/p>\n\n\n\n<p>Som medlem f\u00e5r du f\u00f6rst\u00e5s f\u00f6rm\u00e5ner vid v\u00e5ra arrangemang . Tex Rock och Bluesfestivalen.<\/p>\n\n\n\n<p>Kontakt via e-mail : kgarockblues(at)gmail.com<\/p>\n<\/div>\n\n\n\n<div class=\"wp-block-column is-layout-flow wp-block-column-is-layout-flow\">\n<div class=\"wp-block-contact-form-7-contact-form-selector\">\n<div class=\"wpcf7 no-js\" id=\"wpcf7-f649-o1\" lang=\"sv-SE\" dir=\"ltr\" data-wpcf7-id=\"649\">\n<div class=\"screen-reader-response\"><p role=\"status\" aria-live=\"polite\" aria-atomic=\"true\"><\/p> <ul><\/ul><\/div>\n<form action=\"\/kgarockblues\/wp-json\/wp\/v2\/pages\/643#wpcf7-f649-o1\" method=\"post\" class=\"wpcf7-form init\" aria-label=\"Kontaktformul\u00e4r\" novalidate=\"novalidate\" data-status=\"init\">\n<fieldset class=\"hidden-fields-container\"><input type=\"hidden\" name=\"_wpcf7\" value=\"649\" \/><input type=\"hidden\" name=\"_wpcf7_version\" value=\"6.1.5\" \/><input type=\"hidden\" name=\"_wpcf7_locale\" value=\"sv_SE\" \/><input type=\"hidden\" name=\"_wpcf7_unit_tag\" value=\"wpcf7-f649-o1\" \/><input type=\"hidden\" name=\"_wpcf7_container_post\" value=\"0\" \/><input type=\"hidden\" name=\"_wpcf7_posted_data_hash\" value=\"\" \/>\n<\/fieldset>\n<p><span class=\"wpcf7-form-control-wrap\" data-name=\"text-857\"><input size=\"40\" maxlength=\"400\" class=\"wpcf7-form-control wpcf7-text wpcf7-validates-as-required\" aria-required=\"true\" aria-invalid=\"false\" placeholder=\"F\u00f6r och efternamn*\" value=\"\" type=\"text\" name=\"text-857\" \/><\/span>\n<\/p>\n<p><span class=\"wpcf7-form-control-wrap\" data-name=\"text-857546433\"><input size=\"40\" maxlength=\"400\" class=\"wpcf7-form-control wpcf7-text wpcf7-validates-as-required\" aria-required=\"true\" aria-invalid=\"false\" placeholder=\"Adress*\" value=\"\" type=\"text\" name=\"text-857546433\" \/><\/span>\n<\/p>\n<p><span class=\"wpcf7-form-control-wrap\" data-name=\"text-987652\"><input size=\"40\" maxlength=\"400\" class=\"wpcf7-form-control wpcf7-text wpcf7-validates-as-required\" aria-required=\"true\" aria-invalid=\"false\" placeholder=\"F\u00f6delse\u00e5r*\" value=\"\" type=\"text\" name=\"text-987652\" \/><\/span>\n<\/p>\n<p><span class=\"wpcf7-form-control-wrap\" data-name=\"tel-211\"><input size=\"40\" maxlength=\"400\" class=\"wpcf7-form-control wpcf7-tel wpcf7-validates-as-required wpcf7-text wpcf7-validates-as-tel\" aria-required=\"true\" aria-invalid=\"false\" placeholder=\"Telefon nr.*\" value=\"\" type=\"tel\" name=\"tel-211\" \/><\/span>\n<\/p>\n<p><span class=\"wpcf7-form-control-wrap\" data-name=\"email-324\"><input size=\"40\" maxlength=\"400\" class=\"wpcf7-form-control wpcf7-email wpcf7-validates-as-required wpcf7-text wpcf7-validates-as-email\" aria-required=\"true\" aria-invalid=\"false\" placeholder=\"E-post*\" value=\"\" type=\"email\" name=\"email-324\" \/><\/span>\n<\/p>\n<p><span class=\"wpcf7-form-control-wrap\" data-name=\"textarea-338\"><textarea cols=\"40\" rows=\"10\" maxlength=\"2000\" class=\"wpcf7-form-control wpcf7-textarea\" aria-invalid=\"false\" name=\"textarea-338\">\u00d6vrigt Meddelande<\/textarea><\/span>\n<\/p>\n<p><input class=\"wpcf7-form-control wpcf7-submit has-spinner\" type=\"submit\" value=\"Skicka\" \/>\n<\/p><div class=\"wpcf7-response-output\" aria-hidden=\"true\"><\/div>\n<\/form>\n<\/div>\n<\/div>\n<\/div>\n<\/div>\n<\/div>\n","protected":false},"excerpt":{"rendered":"<p>MEDLEMSKAP I KARLSKOGA ROCK &amp; BLUES F\u00d6R ATT BLI MEDLEM och st\u00f6dja oss i v\u00e5ra m\u00e5l att liva upp musikscenen i Karlskoga och att inspirera ungdomar och artister att spela [&hellip;]<\/p>\n","protected":false},"author":3,"featured_media":0,"parent":0,"menu_order":0,"comment_status":"closed","ping_status":"closed","template":"page-notitle.php","meta":{"footnotes":""},"class_list":["post-643","page","type-page","status-publish","hentry"],"_links":{"self":[{"href":"https:\/\/mockelnforeningarna.se\/kgarockblues\/wp-json\/wp\/v2\/pages\/643","targetHints":{"allow":["GET"]}}],"collection":[{"href":"https:\/\/mockelnforeningarna.se\/kgarockblues\/wp-json\/wp\/v2\/pages"}],"about":[{"href":"https:\/\/mockelnforeningarna.se\/kgarockblues\/wp-json\/wp\/v2\/types\/page"}],"author":[{"embeddable":true,"href":"https:\/\/mockelnforeningarna.se\/kgarockblues\/wp-json\/wp\/v2\/users\/3"}],"replies":[{"embeddable":true,"href":"https:\/\/mockelnforeningarna.se\/kgarockblues\/wp-json\/wp\/v2\/comments?post=643"}],"version-history":[{"count":2,"href":"https:\/\/mockelnforeningarna.se\/kgarockblues\/wp-json\/wp\/v2\/pages\/643\/revisions"}],"predecessor-version":[{"id":811,"href":"https:\/\/mockelnforeningarna.se\/kgarockblues\/wp-json\/wp\/v2\/pages\/643\/revisions\/811"}],"wp:attachment":[{"href":"https:\/\/mockelnforeningarna.se\/kgarockblues\/wp-json\/wp\/v2\/media?parent=643"}],"curies":[{"name":"wp","href":"https:\/\/api.w.org\/{rel}","templated":true}]}}