{"id":739,"date":"2022-12-04T10:53:24","date_gmt":"2022-12-04T09:53:24","guid":{"rendered":"https:\/\/mockelnforeningarna.se\/kgarockblues\/?page_id=739"},"modified":"2023-03-07T19:03:08","modified_gmt":"2023-03-07T18:03:08","slug":"hem-2","status":"publish","type":"page","link":"https:\/\/mockelnforeningarna.se\/kgarockblues\/hem-2\/","title":{"rendered":"Hem"},"content":{"rendered":"<div id=\"gutenslider-g9aaniegv\" class=\"wp-block-eedee-block-gutenslider content-fixed alignfull arrow-style-1 arrow-position-sides arrow-mb-none arrows-lg arrows-md arrows-sm dot-style-1 dots-lg dots-md dots-sm dot-position-bottom is-position-center-center mb-none\" style=\"--gutenslider-min-height: 70vh;--gutenslider-arrow-size: 30px;--gutenslider-dot-size: 25px;--gutenslider-arrow-color: #ffffff;--gutenslider-dot-color: #ffffff;--gutenslider-padding-y-mobile: 40px;--gutenslider-padding-x-mobile: 40px;--gutenslider-padding-y-tablet: 40px;--gutenslider-padding-x-tablet: 40px;--gutenslider-padding-y-desktop: 40px;--gutenslider-padding-x-desktop: 40px;--gutenslider-bg-image: url();--gutenslider-min-height-md: 50vh;--gutenslider-min-height-sm: 50vh;--gutenslider-padding-x: 40px;--gutenslider-padding-x-md: 40px;--gutenslider-padding-x-sm: 20px;--gutenslider-padding-y: 40px;--gutenslider-padding-y-md: 40px;--gutenslider-padding-y-sm: 20px;--gutenslider-arrow-size-md: 30px;--gutenslider-arrow-size-sm: 30px;--gutenslider-dot-size-md: 25px;--gutenslider-dot-size-sm: 25px;--gutenslider-arrow-bg-color: transparent;--gutenslider-arrow-hover-color: #eeeeee;--gutenslider-arrow-bg-hover-color: transparent;--gutenslider-arrow-x-offset: 10px;--gutenslider-arrow-x-offset-md: 10px;--gutenslider-arrow-x-offset-sm: 10px;--gutenslider-arrow-y-offset: 0px;--gutenslider-arrow-y-offset-md: 0px;--gutenslider-arrow-y-offset-sm: 0px;--gutenslider-arrow-x-spacing: 0px;--gutenslider-dot-y-offset: 10px;--gutenslider-dot-y-offset-md: 10px;--gutenslider-dot-y-offset-sm: 10px;--gutenslider-margin-x: 0px;--gutenslider-margin-x-md: 0px;--gutenslider-margin-x-sm: 0px;--gutenslider-margin-y: 0px;--gutenslider-margin-y-md: 0px;--gutenslider-margin-y-sm: 0px;--gutenslider-divider-top: 60px;--gutenslider-divider-bottom: 60px;--gutenslider-lightgallery-bg: #ffffff;--gutenslider-lightgallery-font: #000000;\" data-parallax-direction=\"down\" data-parallax-amount=\"1.3\" data-lg-transition=\"lg-slide\" data-hash=\"\"><div class=\"eedee-swiper-outer\"><div class=\"gutenslider-divider-top\" style=\"color:#fff; height:60px;\"><\/div><div class=\"swiper\" data-settings='{\"autoplay\":{\"delay\":3000,\"pauseOnMouseEnter\":true,\"disableOnInteraction\":false},\"speed\":700,\"direction\":\"horizontal\",\"autoHeight\":\"\",\"loop\":true,\"centeredSlides\":true,\"spaceBetween\":0,\"slidesPerView\":1,\"slidesPerGroup\":1,\"effect\":\"fade\",\"coverflowEffect\":{\"rotate\":30,\"slideShadows\":false,\"depth\":100,\"stretch\":50,\"modifier\":1},\"fadeEffect\":{\"crossFade\":true},\"zoom\":\"\",\"navigation\":{\"nextEl\":\"#gutenslider-g9aaniegv .eedee-gutenslider-next\",\"prevEl\":\"#gutenslider-g9aaniegv .eedee-gutenslider-prev\"},\"pagination\":{\"type\":\"bullets\",\"clickable\":true,\"dynamicBullets\":false,\"el\":\"#gutenslider-g9aaniegv .eedee-gutenslider-pagination\"},\"pauseOnHover\":\"1\",\"watchSlidesProgress\":true,\"watchSlidesVisibility\":true,\"settingsMd\":{\"autoHeight\":\"\",\"slidesPerView\":1,\"slidesPerGroup\":1,\"spaceBetween\":0},\"settingsLg\":{\"autoHeight\":\"\",\"slidesPerView\":1,\"slidesPerGroup\":1,\"spaceBetween\":0},\"hasLg\":false,\"hasLgCounter\":true,\"isFullScreen\":false,\"arrowsFollowMouse\":false,\"lgTitle\":\"none\",\"lgCaption\":\"none\",\"lgThumbnails\":true,\"keyboard\":{\"keyboard\":{\"enabled\":true,\"onlyInViewport\":true}},\"hashNavigation\":false}'><div class=\"swiper-wrapper\">\n<div class=\"swiper-slide wp-block-eedee-block-gutenslide is-position-center-center ed-bg-image\" style=\"--ed-vw:300;--ed-vh:225;\" data-hash=\"\"><div class=\"eedee-background-div bg-image\"><img loading=\"lazy\" decoding=\"async\" width=\"900\" height=\"675\" class=\"swiper-lazy wp-image-201\" src=\"https:\/\/mockelnforeningarna.se\/app\/uploads\/sites\/28\/2014\/03\/kgaRockAndBlues_140301_08.jpg\" alt=\"\" style=\"object-fit: cover; object-position: 50% 50%;\"  data-caption=\"Blue Mind &amp; The Soulful Horns\" data-title=\"kgaRockAndBlues_140301_08\" srcset=\"https:\/\/mockelnforeningarna.se\/app\/uploads\/sites\/28\/2014\/03\/kgaRockAndBlues_140301_08.jpg 900w, https:\/\/mockelnforeningarna.se\/app\/uploads\/sites\/28\/2014\/03\/kgaRockAndBlues_140301_08-300x225.jpg 300w, https:\/\/mockelnforeningarna.se\/app\/uploads\/sites\/28\/2014\/03\/kgaRockAndBlues_140301_08-768x576.jpg 768w, https:\/\/mockelnforeningarna.se\/app\/uploads\/sites\/28\/2014\/03\/kgaRockAndBlues_140301_08-800x600.jpg 800w, https:\/\/mockelnforeningarna.se\/app\/uploads\/sites\/28\/2014\/03\/kgaRockAndBlues_140301_08-500x375.jpg 500w, https:\/\/mockelnforeningarna.se\/app\/uploads\/sites\/28\/2014\/03\/kgaRockAndBlues_140301_08-600x450.jpg 600w\" sizes=\"auto, (max-width: 900px) 100vw, 900px\" \/><div class=\"eedee-background-div__overlay\" style=\"opacity:1;\"><\/div><\/div><div class=\"slide-content\">\n\n<p class=\"has-text-align-center gutenslider-content-initial has-larger-font-size\"><\/p>\n\n<\/div><\/div>\n\n<div class=\"swiper-slide wp-block-eedee-block-gutenslide is-position-center-center ed-bg-image\" style=\"--ed-vw:225;--ed-vh:300;\" data-hash=\"\"><div class=\"eedee-background-div bg-image\"><img loading=\"lazy\" decoding=\"async\" width=\"768\" height=\"1024\" class=\"swiper-lazy wp-image-205\" src=\"https:\/\/mockelnforeningarna.se\/app\/uploads\/sites\/28\/2014\/03\/kgaRockAndBlues_140301_12-768x1024.jpg\" alt=\"\" style=\"object-fit: cover; object-position: 50% 50%;\"  data-caption=\"Emil &amp; The Ecstatics\" data-title=\"kgaRockAndBlues_140301_12\" srcset=\"https:\/\/mockelnforeningarna.se\/app\/uploads\/sites\/28\/2014\/03\/kgaRockAndBlues_140301_12-768x1024.jpg 768w, https:\/\/mockelnforeningarna.se\/app\/uploads\/sites\/28\/2014\/03\/kgaRockAndBlues_140301_12-225x300.jpg 225w, https:\/\/mockelnforeningarna.se\/app\/uploads\/sites\/28\/2014\/03\/kgaRockAndBlues_140301_12-800x1067.jpg 800w, https:\/\/mockelnforeningarna.se\/app\/uploads\/sites\/28\/2014\/03\/kgaRockAndBlues_140301_12-500x667.jpg 500w, https:\/\/mockelnforeningarna.se\/app\/uploads\/sites\/28\/2014\/03\/kgaRockAndBlues_140301_12-600x800.jpg 600w, https:\/\/mockelnforeningarna.se\/app\/uploads\/sites\/28\/2014\/03\/kgaRockAndBlues_140301_12.jpg 900w\" sizes=\"auto, (max-width: 768px) 100vw, 768px\" \/><div class=\"eedee-background-div__overlay\" style=\"opacity:1;\"><\/div><\/div><div class=\"slide-content\">\n\n<p class=\"has-text-align-center gutenslider-content-initial has-larger-font-size\"><\/p>\n\n<\/div><\/div>\n\n<div class=\"swiper-slide wp-block-eedee-block-gutenslide is-position-center-center ed-bg-image\" style=\"--ed-vw:300;--ed-vh:200;\" data-hash=\"\"><div class=\"eedee-background-div bg-image\"><img loading=\"lazy\" decoding=\"async\" width=\"720\" height=\"480\" class=\"swiper-lazy wp-image-336\" src=\"https:\/\/mockelnforeningarna.se\/app\/uploads\/sites\/28\/2015\/10\/10476508_1580724362154064_1494345763724741056_n.jpg\" alt=\"\" style=\"object-fit: cover; object-position: 50% 50%;\"  data-title=\"V\u00e4lkommen till  Karlskoga Rock &amp; Blues F\u00f6rening\" srcset=\"https:\/\/mockelnforeningarna.se\/app\/uploads\/sites\/28\/2015\/10\/10476508_1580724362154064_1494345763724741056_n.jpg 720w, https:\/\/mockelnforeningarna.se\/app\/uploads\/sites\/28\/2015\/10\/10476508_1580724362154064_1494345763724741056_n-300x200.jpg 300w, https:\/\/mockelnforeningarna.se\/app\/uploads\/sites\/28\/2015\/10\/10476508_1580724362154064_1494345763724741056_n-500x333.jpg 500w, https:\/\/mockelnforeningarna.se\/app\/uploads\/sites\/28\/2015\/10\/10476508_1580724362154064_1494345763724741056_n-600x400.jpg 600w\" sizes=\"auto, (max-width: 720px) 100vw, 720px\" \/><div class=\"eedee-background-div__overlay\" style=\"opacity:1;\"><\/div><\/div><div class=\"slide-content\">\n\n<p class=\"has-text-align-center gutenslider-content-initial has-larger-font-size\"><\/p>\n\n<\/div><\/div>\n\n<div class=\"swiper-slide wp-block-eedee-block-gutenslide is-position-center-center ed-bg-image\" style=\"--ed-vw:300;--ed-vh:200;\" data-hash=\"\"><div class=\"eedee-background-div bg-image\"><img loading=\"lazy\" decoding=\"async\" width=\"1024\" height=\"682\" class=\"swiper-lazy wp-image-567\" src=\"https:\/\/mockelnforeningarna.se\/app\/uploads\/sites\/28\/2020\/03\/DSC5446-2-1024x682.jpg\" alt=\"\" style=\"object-fit: cover; object-position: 50% 50%;\"  data-title=\"V\u00e4lkommen till  Karlskoga Rock &amp; Blues F\u00f6rening\" srcset=\"https:\/\/mockelnforeningarna.se\/app\/uploads\/sites\/28\/2020\/03\/DSC5446-2-1024x682.jpg 1024w, https:\/\/mockelnforeningarna.se\/app\/uploads\/sites\/28\/2020\/03\/DSC5446-2-300x200.jpg 300w, https:\/\/mockelnforeningarna.se\/app\/uploads\/sites\/28\/2020\/03\/DSC5446-2-768x511.jpg 768w, https:\/\/mockelnforeningarna.se\/app\/uploads\/sites\/28\/2020\/03\/DSC5446-2-1536x1022.jpg 1536w, https:\/\/mockelnforeningarna.se\/app\/uploads\/sites\/28\/2020\/03\/DSC5446-2-2048x1363.jpg 2048w, https:\/\/mockelnforeningarna.se\/app\/uploads\/sites\/28\/2020\/03\/DSC5446-2-1600x1065.jpg 1600w, https:\/\/mockelnforeningarna.se\/app\/uploads\/sites\/28\/2020\/03\/DSC5446-2-1400x932.jpg 1400w, https:\/\/mockelnforeningarna.se\/app\/uploads\/sites\/28\/2020\/03\/DSC5446-2-800x533.jpg 800w, https:\/\/mockelnforeningarna.se\/app\/uploads\/sites\/28\/2020\/03\/DSC5446-2-500x333.jpg 500w, https:\/\/mockelnforeningarna.se\/app\/uploads\/sites\/28\/2020\/03\/DSC5446-2-1440x959.jpg 1440w, https:\/\/mockelnforeningarna.se\/app\/uploads\/sites\/28\/2020\/03\/DSC5446-2-600x399.jpg 600w\" sizes=\"auto, (max-width: 1024px) 100vw, 1024px\" \/><div class=\"eedee-background-div__overlay\" style=\"opacity:1;\"><\/div><\/div><div class=\"slide-content\">\n\n<p class=\"has-text-align-center gutenslider-content-initial has-larger-font-size\"><\/p>\n\n<\/div><\/div>\n<\/div><\/div><div class=\"wp-block-eedee-gutenslider__content co-1\">\n<div class=\"swiper-slide wp-block-eedee-block-gutenslide is-position-center-center ed-bg-image\" style=\"--ed-vw:300;--ed-vh:225;\" data-hash=\"\"><div class=\"eedee-background-div bg-image\"><img loading=\"lazy\" decoding=\"async\" width=\"900\" height=\"675\" class=\"swiper-lazy wp-image-201\" src=\"https:\/\/mockelnforeningarna.se\/app\/uploads\/sites\/28\/2014\/03\/kgaRockAndBlues_140301_08.jpg\" alt=\"\" style=\"object-fit: cover; object-position: 50% 50%;\"  data-caption=\"Blue Mind &amp; The Soulful Horns\" data-title=\"kgaRockAndBlues_140301_08\" srcset=\"https:\/\/mockelnforeningarna.se\/app\/uploads\/sites\/28\/2014\/03\/kgaRockAndBlues_140301_08.jpg 900w, https:\/\/mockelnforeningarna.se\/app\/uploads\/sites\/28\/2014\/03\/kgaRockAndBlues_140301_08-300x225.jpg 300w, https:\/\/mockelnforeningarna.se\/app\/uploads\/sites\/28\/2014\/03\/kgaRockAndBlues_140301_08-768x576.jpg 768w, https:\/\/mockelnforeningarna.se\/app\/uploads\/sites\/28\/2014\/03\/kgaRockAndBlues_140301_08-800x600.jpg 800w, https:\/\/mockelnforeningarna.se\/app\/uploads\/sites\/28\/2014\/03\/kgaRockAndBlues_140301_08-500x375.jpg 500w, https:\/\/mockelnforeningarna.se\/app\/uploads\/sites\/28\/2014\/03\/kgaRockAndBlues_140301_08-600x450.jpg 600w\" sizes=\"auto, (max-width: 900px) 100vw, 900px\" \/><div class=\"eedee-background-div__overlay\" style=\"opacity:1;\"><\/div><\/div><div class=\"slide-content\">\n\n<p class=\"has-text-align-center gutenslider-content-initial has-larger-font-size\"><\/p>\n\n<\/div><\/div>\n\n<div class=\"swiper-slide wp-block-eedee-block-gutenslide is-position-center-center ed-bg-image\" style=\"--ed-vw:225;--ed-vh:300;\" data-hash=\"\"><div class=\"eedee-background-div bg-image\"><img loading=\"lazy\" decoding=\"async\" width=\"768\" height=\"1024\" class=\"swiper-lazy wp-image-205\" src=\"https:\/\/mockelnforeningarna.se\/app\/uploads\/sites\/28\/2014\/03\/kgaRockAndBlues_140301_12-768x1024.jpg\" alt=\"\" style=\"object-fit: cover; object-position: 50% 50%;\"  data-caption=\"Emil &amp; The Ecstatics\" data-title=\"kgaRockAndBlues_140301_12\" srcset=\"https:\/\/mockelnforeningarna.se\/app\/uploads\/sites\/28\/2014\/03\/kgaRockAndBlues_140301_12-768x1024.jpg 768w, https:\/\/mockelnforeningarna.se\/app\/uploads\/sites\/28\/2014\/03\/kgaRockAndBlues_140301_12-225x300.jpg 225w, https:\/\/mockelnforeningarna.se\/app\/uploads\/sites\/28\/2014\/03\/kgaRockAndBlues_140301_12-800x1067.jpg 800w, https:\/\/mockelnforeningarna.se\/app\/uploads\/sites\/28\/2014\/03\/kgaRockAndBlues_140301_12-500x667.jpg 500w, https:\/\/mockelnforeningarna.se\/app\/uploads\/sites\/28\/2014\/03\/kgaRockAndBlues_140301_12-600x800.jpg 600w, https:\/\/mockelnforeningarna.se\/app\/uploads\/sites\/28\/2014\/03\/kgaRockAndBlues_140301_12.jpg 900w\" sizes=\"auto, (max-width: 768px) 100vw, 768px\" \/><div class=\"eedee-background-div__overlay\" style=\"opacity:1;\"><\/div><\/div><div class=\"slide-content\">\n\n<p class=\"has-text-align-center gutenslider-content-initial has-larger-font-size\"><\/p>\n\n<\/div><\/div>\n\n<div class=\"swiper-slide wp-block-eedee-block-gutenslide is-position-center-center ed-bg-image\" style=\"--ed-vw:300;--ed-vh:200;\" data-hash=\"\"><div class=\"eedee-background-div bg-image\"><img loading=\"lazy\" decoding=\"async\" width=\"720\" height=\"480\" class=\"swiper-lazy wp-image-336\" src=\"https:\/\/mockelnforeningarna.se\/app\/uploads\/sites\/28\/2015\/10\/10476508_1580724362154064_1494345763724741056_n.jpg\" alt=\"\" style=\"object-fit: cover; object-position: 50% 50%;\"  data-title=\"V\u00e4lkommen till  Karlskoga Rock &amp; Blues F\u00f6rening\" srcset=\"https:\/\/mockelnforeningarna.se\/app\/uploads\/sites\/28\/2015\/10\/10476508_1580724362154064_1494345763724741056_n.jpg 720w, https:\/\/mockelnforeningarna.se\/app\/uploads\/sites\/28\/2015\/10\/10476508_1580724362154064_1494345763724741056_n-300x200.jpg 300w, https:\/\/mockelnforeningarna.se\/app\/uploads\/sites\/28\/2015\/10\/10476508_1580724362154064_1494345763724741056_n-500x333.jpg 500w, https:\/\/mockelnforeningarna.se\/app\/uploads\/sites\/28\/2015\/10\/10476508_1580724362154064_1494345763724741056_n-600x400.jpg 600w\" sizes=\"auto, (max-width: 720px) 100vw, 720px\" \/><div class=\"eedee-background-div__overlay\" style=\"opacity:1;\"><\/div><\/div><div class=\"slide-content\">\n\n<p class=\"has-text-align-center gutenslider-content-initial has-larger-font-size\"><\/p>\n\n<\/div><\/div>\n\n<div class=\"swiper-slide wp-block-eedee-block-gutenslide is-position-center-center ed-bg-image\" style=\"--ed-vw:300;--ed-vh:200;\" data-hash=\"\"><div class=\"eedee-background-div bg-image\"><img loading=\"lazy\" decoding=\"async\" width=\"1024\" height=\"682\" class=\"swiper-lazy wp-image-567\" src=\"https:\/\/mockelnforeningarna.se\/app\/uploads\/sites\/28\/2020\/03\/DSC5446-2-1024x682.jpg\" alt=\"\" style=\"object-fit: cover; object-position: 50% 50%;\"  data-title=\"V\u00e4lkommen till  Karlskoga Rock &amp; Blues F\u00f6rening\" srcset=\"https:\/\/mockelnforeningarna.se\/app\/uploads\/sites\/28\/2020\/03\/DSC5446-2-1024x682.jpg 1024w, https:\/\/mockelnforeningarna.se\/app\/uploads\/sites\/28\/2020\/03\/DSC5446-2-300x200.jpg 300w, https:\/\/mockelnforeningarna.se\/app\/uploads\/sites\/28\/2020\/03\/DSC5446-2-768x511.jpg 768w, https:\/\/mockelnforeningarna.se\/app\/uploads\/sites\/28\/2020\/03\/DSC5446-2-1536x1022.jpg 1536w, https:\/\/mockelnforeningarna.se\/app\/uploads\/sites\/28\/2020\/03\/DSC5446-2-2048x1363.jpg 2048w, https:\/\/mockelnforeningarna.se\/app\/uploads\/sites\/28\/2020\/03\/DSC5446-2-1600x1065.jpg 1600w, https:\/\/mockelnforeningarna.se\/app\/uploads\/sites\/28\/2020\/03\/DSC5446-2-1400x932.jpg 1400w, https:\/\/mockelnforeningarna.se\/app\/uploads\/sites\/28\/2020\/03\/DSC5446-2-800x533.jpg 800w, https:\/\/mockelnforeningarna.se\/app\/uploads\/sites\/28\/2020\/03\/DSC5446-2-500x333.jpg 500w, https:\/\/mockelnforeningarna.se\/app\/uploads\/sites\/28\/2020\/03\/DSC5446-2-1440x959.jpg 1440w, https:\/\/mockelnforeningarna.se\/app\/uploads\/sites\/28\/2020\/03\/DSC5446-2-600x399.jpg 600w\" sizes=\"auto, (max-width: 1024px) 100vw, 1024px\" \/><div class=\"eedee-background-div__overlay\" style=\"opacity:1;\"><\/div><\/div><div class=\"slide-content\">\n\n<p class=\"has-text-align-center gutenslider-content-initial has-larger-font-size\"><\/p>\n\n<\/div><\/div>\n<\/div><button class=\"eedee-gutenslider-nav eedee-gutenslider-prev\"><svg xmlns=\"http:\/\/www.w3.org\/2000\/svg\" viewBox=\"0 0 24 24\" width=\"24\" height=\"24\"><circle class=\"bg\" cx=\"13\" cy=\"12\" r=\"11\" \/><path fill=\"none\" d=\"M0 0h24v24H0z\"\/><path class=\"arrow\" d=\"M10.828 12l4.95 4.95-1.414 1.414L8 12l6.364-6.364 1.414 1.414z\"\/><\/svg><\/button><button class=\"eedee-gutenslider-nav eedee-gutenslider-next\"><svg xmlns=\"http:\/\/www.w3.org\/2000\/svg\" viewBox=\"0 0 24 24\" width=\"24\" height=\"24\"><circle class=\"bg\" cx=\"11\" cy=\"12\" r=\"11\" \/><path fill=\"none\" d=\"M0 0h24v24H0z\"\/><path class=\"arrow\" d=\"M13.172 12l-4.95-4.95 1.414-1.414L16 12l-6.364 6.364-1.414-1.414z\"\/><\/svg><\/button><div class=\"eedee-gutenslider-pagination\"><\/div><\/div><div class=\"gutenslider-divider-bottom \" style=\"color:#fff; height:60px;\"><\/div><\/div>\n\n\n<div class=\"wp-block-group alignwide has-white-background-color has-background has-global-padding is-layout-constrained wp-container-core-group-is-layout-d6632eea wp-block-group-is-layout-constrained\" style=\"margin-top:var(--wp--preset--spacing--large);margin-bottom:var(--wp--preset--spacing--large);padding-top:var(--wp--preset--spacing--medium);padding-right:var(--wp--preset--spacing--medium);padding-bottom:var(--wp--preset--spacing--medium);padding-left:var(--wp--preset--spacing--medium)\">\n<h3 class=\"wp-block-heading\">V\u00c4LKOMMEN TILL KARLSKOGAS ROCK &amp; BLUESF\u00d6RENING!<\/h3>\n\n\n\n<p style=\"margin-top:var(--wp--preset--spacing--medium)\">Karlskoga Rock och Bluesf\u00f6rening \u00e4r en ideell f\u00f6rening.<br>M\u00e5ls\u00e4ttning att sprida, st\u00f6dja och \u00f6verhuvudtaget befr\u00e4mja rock och bluesmusiken och dess ut\u00f6vare.<br>Vi&nbsp;anordna konserter och annan medlemsfr\u00e4mjande verksamhet.<br>St\u00f6d oss i v\u00e5rt m\u00e5l att liva upp musikscenen och inspirera ungdomar och andra till en levande rock och bluesscen i Karlskoga!<\/p>\n\n\n\n<div class=\"wp-block-columns is-layout-flex wp-container-core-columns-is-layout-e905d13b wp-block-columns-is-layout-flex\" style=\"margin-top:var(--wp--preset--spacing--small)\">\n<div class=\"wp-block-column is-layout-flow wp-block-column-is-layout-flow\">\n<div class=\"wp-block-buttons is-content-justification-left is-layout-flex wp-container-core-buttons-is-layout-fc4fd283 wp-block-buttons-is-layout-flex\">\n<div class=\"wp-block-button has-custom-width wp-block-button__width-100\"><a class=\"wp-block-button__link wp-element-button\" style=\"border-radius:6px\">Evenemang<\/a><\/div>\n<\/div>\n<\/div>\n\n\n\n<div class=\"wp-block-column is-layout-flow wp-block-column-is-layout-flow\">\n<div class=\"wp-block-buttons is-layout-flex wp-block-buttons-is-layout-flex\">\n<div class=\"wp-block-button has-custom-width wp-block-button__width-100\"><a class=\"wp-block-button__link wp-element-button\" style=\"border-radius:6px\">Om oss<\/a><\/div>\n<\/div>\n<\/div>\n\n\n\n<div class=\"wp-block-column is-layout-flow wp-block-column-is-layout-flow\">\n<div class=\"wp-block-buttons is-layout-flex wp-block-buttons-is-layout-flex\">\n<div class=\"wp-block-button has-custom-width wp-block-button__width-100\"><a class=\"wp-block-button__link wp-element-button\" style=\"border-radius:6px\">Kontakta oss<\/a><\/div>\n<\/div>\n<\/div>\n<\/div>\n<\/div>\n\n\n\n<div class=\"wp-block-group has-white-background-color has-background has-global-padding is-layout-constrained wp-container-core-group-is-layout-254f1302 wp-block-group-is-layout-constrained\" style=\"padding-top:0;padding-right:0;padding-bottom:0;padding-left:0\">\n<h3 class=\"wp-block-heading\">BLI MEDLEM<\/h3>\n\n\n\n<p style=\"margin-top:var(--wp--preset--spacing--medium)\">F\u00d6R ATT BLI MEDLEM och st\u00f6dja oss i v\u00e5ra m\u00e5l att liva upp musikscenen i Karlskoga och att inspirera ungdomar och artister att spela blues och rock live p\u00e5 v\u00e5ra spelningar som vi anordnar f\u00f6r allm\u00e4nheten och f\u00f6rst\u00e5s f\u00f6r v\u00e5ra medlemmar .&nbsp;V\u00e4nligen s\u00e4tt in 200 sek p\u00e5 :<br>bg 377-6127 Org nr: 802444-6315<\/p>\n\n\n\n<p>OBS : Gl\u00f6m ej att skriva NAMN , ADRESS , F\u00d6DELSEDATUM , TELEFON , &nbsp;MEJLADRESS.<br>Medlemskort finns att h\u00e4mta vid f\u00f6rsta arrangemanget efter betalning eller enligt \u00f6verenskommelse.<br>Som medlem f\u00e5r du f\u00f6rst\u00e5s f\u00f6rm\u00e5ner vid v\u00e5ra arrangemang . Tex Rock och Bluesfestivalen.<\/p>\n\n\n\n<p>Kontakt via e-mail : kgarockblues(at)gmail.com<\/p>\n<\/div>\n","protected":false},"excerpt":{"rendered":"<p>V\u00c4LKOMMEN TILL KARLSKOGAS ROCK &amp; BLUESF\u00d6RENING! Karlskoga Rock och Bluesf\u00f6rening \u00e4r en ideell f\u00f6rening.M\u00e5ls\u00e4ttning att sprida, st\u00f6dja och \u00f6verhuvudtaget befr\u00e4mja rock och bluesmusiken och dess ut\u00f6vare.Vi&nbsp;anordna konserter och annan medlemsfr\u00e4mjande [&hellip;]<\/p>\n","protected":false},"author":3,"featured_media":0,"parent":0,"menu_order":0,"comment_status":"closed","ping_status":"closed","template":"page-notitle.php","meta":{"footnotes":""},"class_list":["post-739","page","type-page","status-publish","hentry"],"_links":{"self":[{"href":"https:\/\/mockelnforeningarna.se\/kgarockblues\/wp-json\/wp\/v2\/pages\/739","targetHints":{"allow":["GET"]}}],"collection":[{"href":"https:\/\/mockelnforeningarna.se\/kgarockblues\/wp-json\/wp\/v2\/pages"}],"about":[{"href":"https:\/\/mockelnforeningarna.se\/kgarockblues\/wp-json\/wp\/v2\/types\/page"}],"author":[{"embeddable":true,"href":"https:\/\/mockelnforeningarna.se\/kgarockblues\/wp-json\/wp\/v2\/users\/3"}],"replies":[{"embeddable":true,"href":"https:\/\/mockelnforeningarna.se\/kgarockblues\/wp-json\/wp\/v2\/comments?post=739"}],"version-history":[{"count":22,"href":"https:\/\/mockelnforeningarna.se\/kgarockblues\/wp-json\/wp\/v2\/pages\/739\/revisions"}],"predecessor-version":[{"id":859,"href":"https:\/\/mockelnforeningarna.se\/kgarockblues\/wp-json\/wp\/v2\/pages\/739\/revisions\/859"}],"wp:attachment":[{"href":"https:\/\/mockelnforeningarna.se\/kgarockblues\/wp-json\/wp\/v2\/media?parent=739"}],"curies":[{"name":"wp","href":"https:\/\/api.w.org\/{rel}","templated":true}]}}