{"id":184,"date":"2019-10-16T13:07:43","date_gmt":"2019-10-16T11:07:43","guid":{"rendered":"https:\/\/mockelnforeningarna.se\/kiwanis\/?page_id=4"},"modified":"2022-12-08T11:34:55","modified_gmt":"2022-12-08T10:34:55","slug":"hem","status":"publish","type":"page","link":"https:\/\/mockelnforeningarna.se\/kiwanis\/","title":{"rendered":"Hem"},"content":{"rendered":"\n<div class=\"wp-block-cover alignfull is-light\"><span aria-hidden=\"true\" class=\"wp-block-cover__background has-background-dim-30 has-background-dim\"><\/span><img loading=\"lazy\" decoding=\"async\" width=\"1650\" height=\"1100\" class=\"wp-block-cover__image-background wp-image-54\" alt=\"\" src=\"https:\/\/mockelnforeningarna.se\/app\/uploads\/sites\/33\/2019\/10\/photo-1465189684280-6a8fa9b19a7a.jpeg\" data-object-fit=\"cover\" srcset=\"https:\/\/mockelnforeningarna.se\/app\/uploads\/sites\/33\/2019\/10\/photo-1465189684280-6a8fa9b19a7a.jpeg 1650w, https:\/\/mockelnforeningarna.se\/app\/uploads\/sites\/33\/2019\/10\/photo-1465189684280-6a8fa9b19a7a-300x200.jpeg 300w, https:\/\/mockelnforeningarna.se\/app\/uploads\/sites\/33\/2019\/10\/photo-1465189684280-6a8fa9b19a7a-1024x683.jpeg 1024w, https:\/\/mockelnforeningarna.se\/app\/uploads\/sites\/33\/2019\/10\/photo-1465189684280-6a8fa9b19a7a-768x512.jpeg 768w, https:\/\/mockelnforeningarna.se\/app\/uploads\/sites\/33\/2019\/10\/photo-1465189684280-6a8fa9b19a7a-1536x1024.jpeg 1536w, https:\/\/mockelnforeningarna.se\/app\/uploads\/sites\/33\/2019\/10\/photo-1465189684280-6a8fa9b19a7a-1400x933.jpeg 1400w, https:\/\/mockelnforeningarna.se\/app\/uploads\/sites\/33\/2019\/10\/photo-1465189684280-6a8fa9b19a7a-800x533.jpeg 800w, https:\/\/mockelnforeningarna.se\/app\/uploads\/sites\/33\/2019\/10\/photo-1465189684280-6a8fa9b19a7a-500x333.jpeg 500w, https:\/\/mockelnforeningarna.se\/app\/uploads\/sites\/33\/2019\/10\/photo-1465189684280-6a8fa9b19a7a-1440x960.jpeg 1440w, https:\/\/mockelnforeningarna.se\/app\/uploads\/sites\/33\/2019\/10\/photo-1465189684280-6a8fa9b19a7a-600x400.jpeg 600w, https:\/\/mockelnforeningarna.se\/app\/uploads\/sites\/33\/2019\/10\/photo-1465189684280-6a8fa9b19a7a-1600x1067.jpeg 1600w\" sizes=\"auto, (max-width: 1650px) 100vw, 1650px\" \/><div class=\"wp-block-cover__inner-container is-layout-flow wp-block-cover-is-layout-flow\">\n<p class=\"has-text-align-center has-white-color has-text-color has-large-font-size\">V\u00c4LKOMMEN TILL KIWANIS CLUB KARLSKOGA<\/p>\n<\/div><\/div>\n\n\n\n<h2 class=\"wp-block-heading\">Kiwanis grundprinciper:<\/h2>\n\n\n\n<p>1. Att ge m\u00e4nskliga och andliga livskvaliteter plats framf\u00f6r materiella.<br>2. Att uppmuntra till ett vardagsliv enligt den gyllene regeln: G\u00f6r f\u00f6r andra vad du vill andra skall g\u00f6ra f\u00f6r dig .<br>3. Att fr\u00e4mja en h\u00f6g social, aff\u00e4rs- och yrkesm\u00e4ssig etik.<br>4. Att f\u00f6reg\u00e5 med gott exempel genom att medverka till en samh\u00e4llsanda pr\u00e4glad av omtanke, framstegsvilja och hj\u00e4lpsamhet gentemot andra.<br>5. Att genom Kiwanis skapa en varaktig v\u00e4nskap och utan egen vinning bidra till att bygga ett b\u00e4ttra samh\u00e4lle f\u00f6r alla.<br>6. Att genom samarbete skapa och bevara en sund offentlig opinion som fr\u00e4mjar r\u00e4ttss\u00e4kerhet och internationell och nationell f\u00f6rst\u00e5else f\u00f6r individens frihet.<\/p>\n\n\n\n<h2 class=\"wp-block-heading\">Lika aktuella i dag som f\u00f6r mer \u00e4n 100 \u00e5r sedan.<\/h2>\n","protected":false},"excerpt":{"rendered":"<p>Kiwanis grundprinciper: 1. Att ge m\u00e4nskliga och andliga livskvaliteter plats framf\u00f6r materiella.2. Att uppmuntra till ett vardagsliv enligt den gyllene regeln: G\u00f6r f\u00f6r andra vad du vill andra skall g\u00f6ra [&hellip;]<\/p>\n","protected":false},"author":43,"featured_media":0,"parent":0,"menu_order":0,"comment_status":"closed","ping_status":"closed","template":"page-notitle.php","meta":{"footnotes":""},"class_list":["post-184","page","type-page","status-publish","hentry"],"_links":{"self":[{"href":"https:\/\/mockelnforeningarna.se\/kiwanis\/wp-json\/wp\/v2\/pages\/184","targetHints":{"allow":["GET"]}}],"collection":[{"href":"https:\/\/mockelnforeningarna.se\/kiwanis\/wp-json\/wp\/v2\/pages"}],"about":[{"href":"https:\/\/mockelnforeningarna.se\/kiwanis\/wp-json\/wp\/v2\/types\/page"}],"author":[{"embeddable":true,"href":"https:\/\/mockelnforeningarna.se\/kiwanis\/wp-json\/wp\/v2\/users\/43"}],"replies":[{"embeddable":true,"href":"https:\/\/mockelnforeningarna.se\/kiwanis\/wp-json\/wp\/v2\/comments?post=184"}],"version-history":[{"count":3,"href":"https:\/\/mockelnforeningarna.se\/kiwanis\/wp-json\/wp\/v2\/pages\/184\/revisions"}],"predecessor-version":[{"id":460,"href":"https:\/\/mockelnforeningarna.se\/kiwanis\/wp-json\/wp\/v2\/pages\/184\/revisions\/460"}],"wp:attachment":[{"href":"https:\/\/mockelnforeningarna.se\/kiwanis\/wp-json\/wp\/v2\/media?parent=184"}],"curies":[{"name":"wp","href":"https:\/\/api.w.org\/{rel}","templated":true}]}}