{"id":1124,"date":"2016-12-21T16:25:28","date_gmt":"2016-12-21T15:25:28","guid":{"rendered":"https:\/\/mockelnforeningarna.se\/kmw\/?page_id=1124"},"modified":"2016-12-21T16:25:28","modified_gmt":"2016-12-21T15:25:28","slug":"mhrf-nytt-december-2016","status":"publish","type":"page","link":"https:\/\/mockelnforeningarna.se\/kmw\/mhrf-nytt\/mhrf-nytt-december-2016\/","title":{"rendered":"MHRF-nytt december 2016"},"content":{"rendered":"<h1 class=\"western\" align=\"LEFT\">Klubbinfo 17 &#8211; 16<\/h1>\n<p align=\"LEFT\">Detta klubbinfo skickas till samtliga angivna funktion\u00e4rer p\u00e5 klubbsidorna p\u00e5 <a href=\"http:\/\/mhrf.se\/\" target=\"_blank\" rel=\"noopener\">mhrf.se<\/a> och inneh\u00e5ller f\u00f6ljande information:<\/p>\n<ul>\n<li>\n<p align=\"LEFT\">Remissvar besiktningspaketet<\/p>\n<\/li>\n<li>\n<p align=\"LEFT\">Lag mot falska polisfordon<\/p>\n<\/li>\n<li>\n<p align=\"LEFT\">Motorcyklar som inte tagits i bruk kan bli om\u00f6jliga att bruka<\/p>\n<\/li>\n<li>\n<p align=\"LEFT\">Transportstyrelsen s\u00e4ger nej till att ta bort v\u00e4gtrafikregisteravgiften f\u00f6r historiska fordon<\/p>\n<\/li>\n<li>\n<p align=\"LEFT\">Transportstyrelsen ska utse kompetent organisation f\u00f6r fastst\u00e4llande av kulturhistoriska v\u00e4rden<\/p>\n<\/li>\n<li>\n<p align=\"LEFT\">Remiss om kommunala milj\u00f6zoner avseende bilar<\/p>\n<\/li>\n<li>\n<p align=\"LEFT\">Kulturarvspropositionen<\/p>\n<\/li>\n<li>\n<p align=\"LEFT\">FIVAs \u00e5rsm\u00f6te<\/p>\n<\/li>\n<li>\n<p align=\"LEFT\">Riksdagens fordonshistoriska n\u00e4tverk<\/p>\n<\/li>\n<\/ul>\n<p align=\"LEFT\"><strong>Remissvar avseende &#8221;besiktningspaketet&#8221;<\/strong><br \/>\nEtt nytt EU-direktiv om gemensamma regler f\u00f6r kontrollbesiktning av fordon antogs v\u00e5ren 2014 av EU-parlamentet, det s\u00e5 kallade \u201cbesiktningspaketet\u201d. Direktivet inf\u00f6rs senast 2018 genom lagstiftning i EU:s medlemsstater. Syftet \u00e4r att f\u00f6rb\u00e4ttra trafiks\u00e4kerheten och skapa enhetliga regler i medlemsstaterna f\u00f6r kontrollbesiktningar.\u00a0Besiktningspaketet \u00e4r ett s\u00e5 kallat\u00a0<em>minimidirektiv<\/em>\u00a0d\u00e4r varje medlemsstat har m\u00f6jlighet att besluta om str\u00e4ngare regler \u00e4n direktivet f\u00f6resl\u00e5r. I Sverige skall n\u00f6dv\u00e4ndiga regel\u00e4ndringar beslutas senast i maj 2017. MHRF har den 9 december l\u00e4mnat remissvar avseende kontrollbesiktning, flygande besiktning och utbildningskrav.\u00a0<a href=\"http:\/\/www.mhrf.se\/MHRF_remissvar_besiktningspaketet_2016\" target=\"_blank\" rel=\"noopener\">L\u00e4s mer h\u00e4r<\/a><\/p>\n<p align=\"LEFT\"><strong>Lag mot falska polisfordon<\/strong><br \/>\nFr\u00e5n 1 januari 2017 inf\u00f6rs\u00a0<em>lag (2016:1122) om skydd f\u00f6r vissa polisi\u00e4ra k\u00e4nnetecken p\u00e5 motorfordon<\/em>. Lagen omfattar \u00e4ven fordon som idag \u00e4r 30 \u00e5r och \u00e4ldre. MHRF har fr\u00e5gat polismyndigheten hur de avser till\u00e4mpa lagen. Beskedet \u00e4r att man\u00a0arbetar med fr\u00e5gan om hur tillst\u00e5nd enligt 3 \u00a7 i aktuell lag ska utf\u00e4rdas och kommer inom en snar framtid att publicera information p\u00e5\u00a0<a href=\"http:\/\/www.polisen.se\/\" target=\"_blank\" rel=\"noopener\">www.polisen.se<\/a>. Polismyndigheten har i dagsl\u00e4get inte mer information att ge utan h\u00e4nvisar er till den kommande informationen p\u00e5 Polisens webbplats. <a href=\"http:\/\/www.mhrf.se\/remisser2015\" target=\"_blank\" rel=\"noopener\">L\u00e4s mer h\u00e4r<\/a><\/p>\n<p align=\"LEFT\"><strong>Motorcyklar som inte tagits i bruk kan bli om\u00f6jliga att bruka<\/strong><br \/>\nDen 19 december gick Transportstyrelsen ut med information som ber\u00f6r motorcyklar som inte tagits i bruk. Om dessa inte uppfyller avgaskraven enligt Euro 4, f\u00e5r de inte brukas efter den 1 januari 2017. <a href=\"http:\/\/www.mhrf.se\/motorcyklar_euro4_2017\" target=\"_blank\" rel=\"noopener\">L\u00e4s mer h\u00e4r<\/a><\/p>\n<p align=\"LEFT\"><strong>Transportstyrelsen s\u00e4ger nej till att ta bort v\u00e4gtrafikregisteravgiften f\u00f6r historiska fordon<\/strong><br \/>\nMHRF har f\u00f6reslagit att Transportstyrelsen att historiska fordon som \u00e4r 30 \u00e5r eller \u00e4ldre inte ska betala den \u00e5rliga v\u00e4gtrafikregisteravgiften. Transportstyrelsen har dock gjort bed\u00f6mningen att, n\u00e4r det g\u00e4ller kulturhistoriska verksamheter inom v\u00e4gtrafikomr\u00e5det, dessa inte ska undantas fr\u00e5n avgifter. Detta till skillnad fr\u00e5n kulturhistoriskt verksamhet inom j\u00e4rnv\u00e4gsomr\u00e5det.<\/p>\n<p align=\"LEFT\">\n<div id=\":4\" dir=\"LTR\">\n<div id=\":2\" dir=\"LTR\">\n<table border=\"0\" width=\"643\" cellspacing=\"0\" cellpadding=\"0\">\n<colgroup>\n<col width=\"643\" \/><\/colgroup>\n<tbody>\n<tr>\n<td width=\"643\">\n<div id=\":c1\" dir=\"LTR\">\n<div id=\":dz\" dir=\"LTR\">\n<div id=\":c0\" dir=\"LTR\">\n<div id=\"m_-6485418969322946370outer\" dir=\"LTR\">\n<div id=\"m_-6485418969322946370inner\" dir=\"LTR\">\n<div id=\"m_-6485418969322946370content\" dir=\"LTR\">\n<p align=\"LEFT\"><strong>MHRFs framst\u00e4llan till Transportstyrelsen om l\u00e4mplig expertinstans<\/strong><br \/>\nTransportstyrelsen har meddelat att MHRFs framst\u00e4llan om etablering av kontakt med l\u00e4mplig expertinstans inom v\u00e4gtrafikomr\u00e5det kommer att diskuteras internt p\u00e5 Transportstyrelsen. Bakgrunden \u00e4r MHRFs kritik\u00a0 i remissvar 2013 mot att n\u00e5gon analys av kulturhistorisk verksamhet p\u00e5 v\u00e4gtrafikomr\u00e5det inte gjorts. <a href=\"http:\/\/www.mhrf.se\/remisser2013\" target=\"_blank\" rel=\"noopener\">L\u00e4s mer h\u00e4r<\/a><\/p>\n<p align=\"LEFT\"><strong>Remiss om kommunala milj\u00f6zoner avseende bilar<\/strong><br \/>\nTransportstyrelsen f\u00f6resl\u00e5r fortsatt att historiska fordon som inte \u00e4r skattepliktiga enligt v\u00e4gtrafikskattelagen undantas fr\u00e5n reglerna om milj\u00f6zoner. Dagens best\u00e4mmelser om milj\u00f6zoner ska ut\u00f6kas till att \u00e4ven g\u00e4lla personbilar, l\u00e4tta bussar och l\u00e4tta lastbilar, f\u00f6resl\u00e5r Transportstyrelsen. Tv\u00e5 nya typer av milj\u00f6zoner f\u00f6r att f\u00f6rb\u00e4ttra luftkvaliteten i t\u00e4torter finns med i f\u00f6rslaget, som du kan\u00a0<a href=\"http:\/\/www.transportstyrelsen.se\/sv\/Press\/Pressmeddelanden\/nya-miljozoner-kan-ge-renare-luft-i-staderna\/\" target=\"_blank\" rel=\"noopener\">l\u00e4sa mer om h\u00e4r.<\/a>\u00a0Men reglerna g\u00e4ller inte alla. Bland annat f\u00f6resl\u00e5s att historiska fordon som ej \u00e4r skattepliktiga enligt v\u00e4gtrafikskattelagen undantas. Motorhistoriska Riksf\u00f6rbundet ser positivt p\u00e5 det faktum att Transportstyrelsen anser att historiska fordon ska kunna framf\u00f6ras i sin r\u00e4tta kulturarvsmilj\u00f6.<\/p>\n<p align=\"LEFT\"><strong>Kulturarvspropositionen<\/strong><br \/>\nDen sedan l\u00e4nge v\u00e4ntade lagr\u00e5dsremissen avseende kulturarvspropositionen, avseende en ny kulturarvspolitik, kom den 8 december. Stora satsningar p\u00e5 det civila samh\u00e4llets akt\u00f6rer anges, men inget specifikt avseende det r\u00f6rliga kulturarvet. Regeringen f\u00f6resl\u00e5r en ny museilag och \u00e4ndringar i Kulturmilj\u00f6lagen. <a href=\"http:\/\/www.regeringen.se\/rattsdokument\/lagradsremiss\/2016\/12\/kulturarvspolitik\/\" target=\"_blank\" rel=\"noopener\">L\u00e4s mer h\u00e4r<\/a><\/p>\n<p align=\"LEFT\"><strong>FIVAs \u00e5rsm\u00f6te<\/strong><br \/>\nFIVA firade sitt 50-\u00e5rsjubileum i samband med \u00e5rsm\u00f6tet i Paris den 16-20 november. MHRFs ordf\u00f6rande Peter Edqvist valdes som Senior vice president och f\u00f6rbundssekreterare Timo Vuortio valdes in i kommitt\u00e9n f\u00f6r nyttofordon. <a href=\"http:\/\/www.mhrf.se\/FIVA_2016\" target=\"_blank\" rel=\"noopener\">L\u00e4s mer h\u00e4r<\/a><\/p>\n<p align=\"LEFT\"><strong>Riksdagens fordonshistoriska n\u00e4tverk<\/strong><br \/>\nMHRF tr\u00e4ffar \u00e5rligen riksdagspolitiker genom\u00a0<em>Riksdagens fordonshistoriska n\u00e4tverk<\/em>. Tr\u00e4ffarna \u00e4r nu inne p\u00e5 sitt fj\u00e4rde \u00e5r och det senaste m\u00f6tet skedde den 23 november 2016. <a href=\"http:\/\/www.mhrf.se\/riksdagens_fordonshistoriska_natverk_november_2016\" target=\"_blank\" rel=\"noopener\">L\u00e4s mer h\u00e4r<\/a><\/p>\n<\/div>\n<\/div>\n<\/div>\n<\/div>\n<\/div>\n<\/div>\n<\/td>\n<\/tr>\n<\/tbody>\n<\/table>\n<\/div>\n<\/div>\n<p align=\"LEFT\">\n","protected":false},"excerpt":{"rendered":"<p>Klubbinfo 17 &#8211; 16 Detta klubbinfo skickas till samtliga angivna funktion\u00e4rer p\u00e5 klubbsidorna p\u00e5 mhrf.se och inneh\u00e5ller f\u00f6ljande information: Remissvar besiktningspaketet Lag mot falska polisfordon Motorcyklar som inte tagits i [&hellip;]<\/p>\n","protected":false},"author":44,"featured_media":0,"parent":439,"menu_order":0,"comment_status":"open","ping_status":"open","template":"","meta":{"footnotes":""},"class_list":["post-1124","page","type-page","status-publish","hentry"],"_links":{"self":[{"href":"https:\/\/mockelnforeningarna.se\/kmw\/wp-json\/wp\/v2\/pages\/1124","targetHints":{"allow":["GET"]}}],"collection":[{"href":"https:\/\/mockelnforeningarna.se\/kmw\/wp-json\/wp\/v2\/pages"}],"about":[{"href":"https:\/\/mockelnforeningarna.se\/kmw\/wp-json\/wp\/v2\/types\/page"}],"author":[{"embeddable":true,"href":"https:\/\/mockelnforeningarna.se\/kmw\/wp-json\/wp\/v2\/users\/44"}],"replies":[{"embeddable":true,"href":"https:\/\/mockelnforeningarna.se\/kmw\/wp-json\/wp\/v2\/comments?post=1124"}],"version-history":[{"count":0,"href":"https:\/\/mockelnforeningarna.se\/kmw\/wp-json\/wp\/v2\/pages\/1124\/revisions"}],"up":[{"embeddable":true,"href":"https:\/\/mockelnforeningarna.se\/kmw\/wp-json\/wp\/v2\/pages\/439"}],"wp:attachment":[{"href":"https:\/\/mockelnforeningarna.se\/kmw\/wp-json\/wp\/v2\/media?parent=1124"}],"curies":[{"name":"wp","href":"https:\/\/api.w.org\/{rel}","templated":true}]}}