{"id":1168,"date":"2017-03-08T13:14:54","date_gmt":"2017-03-08T12:14:54","guid":{"rendered":"https:\/\/mockelnforeningarna.se\/kmw\/?page_id=1168"},"modified":"2017-03-08T13:14:54","modified_gmt":"2017-03-08T12:14:54","slug":"verksamhetsberattelse-2014-2","status":"publish","type":"page","link":"https:\/\/mockelnforeningarna.se\/kmw\/klubben\/verksamhetsberattelse\/verksamhetsberattelse-2014-2\/","title":{"rendered":"Verksamhetsber\u00e4ttelse 2015"},"content":{"rendered":"<p>Verksamhetsber\u00e4ttelse KMW 2015<\/p>\n<p>&nbsp;<\/p>\n<p><strong>Styrelsen har under \u00e5ret haft f\u00f6ljande sammans\u00e4ttning:<\/strong><\/p>\n<p>\u2212 Ordf\u00f6rande: Per Liliegren \u2013 kass\u00f6r: Annika Liliegren<\/p>\n<p>\u2212 sekreterare: Eva-Britt Persson \u2013 klubbm\u00e4stare: Jan-Eric Johansson<\/p>\n<p>\u2212 ledamot: Ragnar Lundberg \u2013 ledamot: Berndt Hornelid<\/p>\n<p>\u2212 ledamot: Johan Granqvist \u2013 ledamot, Medlemsregister: Per-Olov Kock<\/p>\n<p>\u2212 ledamot: Lennart Nilsson \u2013 tidningsansvarig: Stefan Olzon<\/p>\n<p>Antal medlemmar vid \u00e5rets slut 31\/12 -15 var 706 st. Medlemsregistret har under \u00e5ret 2015 administrerats av<\/p>\n<p>Per-Olov Kock med stor f\u00f6rtj\u00e4nst.<\/p>\n<p>Styrelsen har haft 10 st. protokollf\u00f6rda m\u00f6ten samt ett antal arbetsm\u00f6ten med bl.a. f\u00f6rberedelser inf\u00f6r<\/p>\n<p>Mopedrallyt, Damrallyt och Hembygdssv\u00e4ngen samt utskick av tidningar och \u00f6vrig informationsmaterial.<\/p>\n<p>F\u00f6r andra g\u00e5ngen uppm\u00e4rksammades Motorhistoriska dagen i klubben. Den 6\/6 samlades vi vid<\/p>\n<p>Folkh\u00f6gskolan f\u00f6r gemensam f\u00e4rd till Svart\u00e5 f\u00f6r gemensam picknick.<\/p>\n<p>Velodromrally \u00e4ndrade namn till Hembygdssv\u00e4ngen med start och m\u00e5l vid Karlskoga hembygdsg\u00e5rd den<\/p>\n<p>30\/5-15. Banan gick motsols runt Granbergsdal, Kyrksten Linneb\u00e4ck och Degerfors. Lunch serverades<\/p>\n<p>vid Hembygdsg\u00e5rden. Endast 45 ekipage var anm\u00e4lda av dessa uteblev tyv\u00e4rr 15 ekipage.<\/p>\n<p>Per Liliegren, och Jan-Erik Johansson har varit styrelsens ansvariga, att tillsammans med arbetsgruppen<\/p>\n<p>best\u00e5ende av Alberto Morello och Kenneth Larsson planera och ansvara f\u00f6r genomf\u00f6randet.<\/p>\n<p>Klubben genomf\u00f6rde \u00e4ven i \u00e5r ett Damrally den 8\/8-15, ansvariga f\u00f6r planeringen var damerna i styrelsen.<\/p>\n<p>Start och m\u00e5l vid Hembygdsg\u00e5rden, d\u00e4r man avslutade med lunch och prisutdelning, 33 ekipage deltog.<\/p>\n<p>Damerna i styrelsen, Eva-Britt Persson och Annika Liliegren med hj\u00e4lp av Anita G\u00f6ransson och Eva-Britt<\/p>\n<p>Nilsson h\u00f6ll i f\u00f6rberedelserna.<\/p>\n<p>Mopedrally med start och m\u00e5l vid Bofors station den 15\/8-15, Flyttat till augusti f\u00f6r att f\u00e5 trevligare v\u00e4der.<\/p>\n<p>Ansvarig f\u00f6r detta var P-O Kock tillsammans med Lennart Nilsson, och Rune \u00d6sterholm.<\/p>\n<p>En tredagars utflykt till Orsa ordnades med hj\u00e4lp av Percy och Marita Mossfeldt.<\/p>\n<p>Klubben har f\u00f6rs\u00e4kringsavtal f\u00f6r veteranfordon med IF. F\u00f6rs\u00e4kringen \u00e4r knuten till ett medlemskap i klubben.<\/p>\n<p>Handl\u00e4ggare och besiktningsman f\u00f6r f\u00f6rs\u00e4kringarna har Berne Dahl varit. Vi har \u00e4ven en besiktningsman till<\/p>\n<p>MHRF f\u00f6rs\u00e4kringar, Martin J\u00f6rgensen.<\/p>\n<p>I samband med Karlskoga Centrumf\u00f6reningens L\u00e5ngl\u00f6rdag (Motordagen), den 25 april p\u00e5 torget, deltog klubbens<\/p>\n<p>medlemmar med ett antal fordon.<\/p>\n<p>Under v\u00e5ren och h\u00f6sten har klubblokalen varit \u00f6ppen varannan torsdag, j\u00e4mna veckor.<\/p>\n<p>Medlemsuppslutningen har under \u00e5ret varit stor och vissa kv\u00e4llar har det n\u00e4stan varit \u201clapp p\u00e5 luckan\u201d.<\/p>\n<p><strong>Klubben har genomf\u00f6rt studiebes\u00f6k till f\u00f6ljande f\u00f6retag:<\/strong><\/p>\n<p>Bilskadecentrum 22\/1 Barilla 17\/9<\/p>\n<p>Moelven 5\/3 Bro B\u00e4rgningsbyggen 1\/10<\/p>\n<p>Biogasanl\u00e4ggningen 19\/3 Hemma hos Bror Segerstr\u00f6m 15\/10<\/p>\n<p>Lasertech 16\/4 Atlas Copco \u00d6rebro 29\/10<\/p>\n<p>V\u00e5rresan den 8 maj gick till Falk\u00f6ping och Trollh\u00e4ttan.<\/p>\n<p>H\u00f6stresan den 17 oktober gick till Motala.<\/p>\n<p>Under sommaren har bil och mc-f\u00f6rare samlats f\u00f6r gemensamma utflykter varje onsdagskv\u00e4ll samt ett antal<\/p>\n<p>s\u00f6ndagar till olika resm\u00e5l i och utanf\u00f6r l\u00e4net enligt en uppgjord k\u00f6rplan.<\/p>\n<p>Klubben har gett ut tv\u00e5 nummer av \u201cKlubbladet\u201d, som \u00e4r ett bra komplement till klubbens hemsida.<\/p>\n<p>Arbets\u00e5ret 2015 avslutades med Julfest i Karlskoga Folkh\u00f6gskola d\u00e4r n\u00e5gra av v\u00e5ra medlemmar stod f\u00f6r underh\u00e5llningen.<\/p>\n<p>Hemsidan p\u00e5 n\u00e4tet uppdateras kontinuerligt tillsammans med M\u00f6ckelnf\u00f6reningar som driver den och som<\/p>\n<p>administreras av Stefan Olzon. Adressen \u00e4r kmwinfo.se. D\u00e4r finns reportage och en aktuell kalender bl. a.<\/p>\n<p><strong>Styrelsen vill tacka de f\u00f6retag som gjort det m\u00f6jligt att genomf\u00f6ra studiebes\u00f6ken och alla som sponsrat<\/strong><\/p>\n<p><strong>v\u00e5rt rally samt alla medlemmar som st\u00e4llt upp och deltagit i arbetet i samband med klubbens verksamhet.<\/strong><\/p>\n<p><strong>Karlskoga januari 2016<\/strong><\/p>\n<p><strong>Styrelsen<\/strong><\/p>\n","protected":false},"excerpt":{"rendered":"<p>Verksamhetsber\u00e4ttelse KMW 2015 &nbsp; Styrelsen har under \u00e5ret haft f\u00f6ljande sammans\u00e4ttning: \u2212 Ordf\u00f6rande: Per Liliegren \u2013 kass\u00f6r: Annika Liliegren \u2212 sekreterare: Eva-Britt Persson \u2013 klubbm\u00e4stare: Jan-Eric Johansson \u2212 ledamot: Ragnar [&hellip;]<\/p>\n","protected":false},"author":44,"featured_media":0,"parent":33,"menu_order":90,"comment_status":"open","ping_status":"closed","template":"","meta":{"footnotes":""},"class_list":["post-1168","page","type-page","status-publish","hentry"],"_links":{"self":[{"href":"https:\/\/mockelnforeningarna.se\/kmw\/wp-json\/wp\/v2\/pages\/1168","targetHints":{"allow":["GET"]}}],"collection":[{"href":"https:\/\/mockelnforeningarna.se\/kmw\/wp-json\/wp\/v2\/pages"}],"about":[{"href":"https:\/\/mockelnforeningarna.se\/kmw\/wp-json\/wp\/v2\/types\/page"}],"author":[{"embeddable":true,"href":"https:\/\/mockelnforeningarna.se\/kmw\/wp-json\/wp\/v2\/users\/44"}],"replies":[{"embeddable":true,"href":"https:\/\/mockelnforeningarna.se\/kmw\/wp-json\/wp\/v2\/comments?post=1168"}],"version-history":[{"count":0,"href":"https:\/\/mockelnforeningarna.se\/kmw\/wp-json\/wp\/v2\/pages\/1168\/revisions"}],"up":[{"embeddable":true,"href":"https:\/\/mockelnforeningarna.se\/kmw\/wp-json\/wp\/v2\/pages\/33"}],"wp:attachment":[{"href":"https:\/\/mockelnforeningarna.se\/kmw\/wp-json\/wp\/v2\/media?parent=1168"}],"curies":[{"name":"wp","href":"https:\/\/api.w.org\/{rel}","templated":true}]}}