{"id":1932,"date":"2019-04-01T15:22:05","date_gmt":"2019-04-01T13:22:05","guid":{"rendered":"https:\/\/mockelnforeningarna.se\/kmw\/?page_id=1932"},"modified":"2019-04-01T15:22:05","modified_gmt":"2019-04-01T13:22:05","slug":"varresa-2014","status":"publish","type":"page","link":"https:\/\/mockelnforeningarna.se\/kmw\/galleri\/varresa-2014\/","title":{"rendered":"V\u00e5rresa 2014 till Stena recycling i Halstahammar"},"content":{"rendered":"\n<p>Resan gick \u00e4ven till K\u00f6pings bilmus\u00e9um men d\u00e4r fick vi inte lov att publicera bilder p\u00e5 hemsidan, dock i Klubbladet nr 2 2014&#8230;<\/p>\n","protected":false},"excerpt":{"rendered":"<p>Resan gick \u00e4ven till K\u00f6pings bilmus\u00e9um men d\u00e4r fick vi inte lov att publicera bilder p\u00e5 hemsidan, dock i Klubbladet nr 2 2014&#8230;<\/p>\n","protected":false},"author":44,"featured_media":0,"parent":10,"menu_order":110,"comment_status":"closed","ping_status":"closed","template":"","meta":{"footnotes":""},"class_list":["post-1932","page","type-page","status-publish","hentry"],"_links":{"self":[{"href":"https:\/\/mockelnforeningarna.se\/kmw\/wp-json\/wp\/v2\/pages\/1932","targetHints":{"allow":["GET"]}}],"collection":[{"href":"https:\/\/mockelnforeningarna.se\/kmw\/wp-json\/wp\/v2\/pages"}],"about":[{"href":"https:\/\/mockelnforeningarna.se\/kmw\/wp-json\/wp\/v2\/types\/page"}],"author":[{"embeddable":true,"href":"https:\/\/mockelnforeningarna.se\/kmw\/wp-json\/wp\/v2\/users\/44"}],"replies":[{"embeddable":true,"href":"https:\/\/mockelnforeningarna.se\/kmw\/wp-json\/wp\/v2\/comments?post=1932"}],"version-history":[{"count":0,"href":"https:\/\/mockelnforeningarna.se\/kmw\/wp-json\/wp\/v2\/pages\/1932\/revisions"}],"up":[{"embeddable":true,"href":"https:\/\/mockelnforeningarna.se\/kmw\/wp-json\/wp\/v2\/pages\/10"}],"wp:attachment":[{"href":"https:\/\/mockelnforeningarna.se\/kmw\/wp-json\/wp\/v2\/media?parent=1932"}],"curies":[{"name":"wp","href":"https:\/\/api.w.org\/{rel}","templated":true}]}}