{"id":24,"date":"2014-04-15T10:05:55","date_gmt":"2014-04-15T08:05:55","guid":{"rendered":"https:\/\/mockelnforeningarna.se\/kmw\/?page_id=24"},"modified":"2025-12-01T15:56:49","modified_gmt":"2025-12-01T14:56:49","slug":"stadgar","status":"publish","type":"page","link":"https:\/\/mockelnforeningarna.se\/kmw\/klubben\/stadgar\/","title":{"rendered":"Stadgar"},"content":{"rendered":"\n<h1 class=\"wp-block-heading\"><strong>STADGAR <\/strong><\/h1>\n\n\n\n<h1 class=\"wp-block-heading\"><strong>fr\u00e5n och med \u00e5rsm\u00f6tet 2025<\/strong><\/h1>\n\n\n\n<p>f\u00f6r den ideella f\u00f6reningen Karlskoga Motorweteraner med hemort i Karlskoga Kommun. Klubben \u00e4r ansluten till MHRF.<\/p>\n\n\n\n<p>Klubben bildades den 7 maj 1982.<\/p>\n\n\n\n<p>Stadgarna \u00e4r omarbetade och fastst\u00e4llda p\u00e5 \u00e5rsm\u00f6tet 2025.<\/p>\n\n\n\n<p>\u00a71 <strong>Klubbens namn<\/strong><\/p>\n\n\n\n<p>Klubbens namn \u00e4r Karlskoga Motorweteraner.<\/p>\n\n\n\n<p>\u00a72 <strong>Klubbens \u00e4ndam\u00e5l<\/strong><\/p>\n\n\n\n<p>Klubben skall tillvarata och fr\u00e4mja intresset f\u00f6r veteranfordon. Eventuellt kapital\u00f6verskott skall anv\u00e4ndas f\u00f6r klubbens och medlemmarnas b\u00e4sta. Klubben skall fr\u00e4mja intresset f\u00f6r veteranfordon genom olika aktiviteter s\u00e5som rallyn, utflykter,studiebes\u00f6k, medlemsm\u00f6ten etc.<\/p>\n\n\n\n<p>\u00a73<strong> Medlemskap<\/strong><\/p>\n\n\n\n<p>Medlemskap kan s\u00f6kas av alla som delar klubbens intressen. Fordonsinnehav inget krav. Varje medlem f\u00f6rbinder sig att betala en \u00e5rsavgift som fastst\u00e4lles av \u00e5rsm\u00f6tet.<\/p>\n\n\n\n<p>\u00a74 <strong>Uttr\u00e4de och uteslutning<\/strong><\/p>\n\n\n\n<p>Medlemskap upph\u00f6r om anm\u00e4lan gjorts muntligen eller skriftligen till klubben eller om \u00e5rsavgiften ej har erlagts senast 31\/5. Uteslutning kan ske om medlem grovt har brutit mot klubbens stadgar eller utnyttjat klubbens namn i kommersiellt syfte f\u00f6r egen vinning. Beslut om ovanst\u00e5ende fattas av styrelsen. Inbetald \u00e5rsavgift \u00e5terbetalas ej. Beslut om uteslutning skall skriftligen meddelas ber\u00f6rd person.<\/p>\n\n\n\n<p>\u00a75 <strong>\u00c5rsm\u00f6te<\/strong><\/p>\n\n\n\n<p>\u00c5rsm\u00f6te skall h\u00e5llas senast sista februari. Kallelse till \u00e5rsm\u00f6tet skall ske skriftligen till medlemmarna senast 14 dagar f\u00f6re.<\/p>\n\n\n\n<p>\u00a76 <strong>\u00c4renden p\u00e5 \u00e5rsm\u00f6tet<\/strong><\/p>\n\n\n\n<p>1 \u00a0\u00a0\u00a0\u00a0\u00a0\u00a0\u00a0\u00a0\u00a0\u00a0\u00a0\u00a0\u00a0\u00a0\u00a0\u00a0\u00a0\u00a0 M\u00f6tets \u00f6ppnande<br>2 \u00a0\u00a0\u00a0\u00a0\u00a0\u00a0\u00a0\u00a0\u00a0\u00a0\u00a0\u00a0\u00a0\u00a0\u00a0\u00a0\u00a0\u00a0 M\u00f6tets beh\u00f6riga utlysande<br>3 \u00a0\u00a0\u00a0\u00a0\u00a0\u00a0\u00a0\u00a0\u00a0\u00a0\u00a0\u00a0\u00a0\u00a0\u00a0\u00a0\u00a0\u00a0 Godk\u00e4nnande av dagordningen<br>4 \u00a0\u00a0\u00a0\u00a0\u00a0\u00a0\u00a0\u00a0\u00a0\u00a0\u00a0\u00a0\u00a0\u00a0\u00a0\u00a0\u00a0\u00a0 Val av m\u00f6tesordf\u00f6rande<br>5 \u00a0\u00a0\u00a0\u00a0\u00a0\u00a0\u00a0\u00a0\u00a0\u00a0\u00a0\u00a0\u00a0\u00a0\u00a0\u00a0\u00a0\u00a0 Val av m\u00f6tessekreterare<br>6 \u00a0\u00a0\u00a0\u00a0\u00a0\u00a0\u00a0\u00a0\u00a0\u00a0\u00a0\u00a0\u00a0\u00a0\u00a0\u00a0\u00a0\u00a0 Val av tv\u00e5 protokolljusterare tillika r\u00f6str\u00e4knare<br>7 \u00a0\u00a0\u00a0\u00a0\u00a0\u00a0\u00a0\u00a0\u00a0\u00a0\u00a0\u00a0\u00a0\u00a0\u00a0\u00a0\u00a0\u00a0 Verksamhetsber\u00e4ttelsen f\u00f6r f\u00f6reg\u00e5ende \u00e5r<br>8 \u00a0\u00a0\u00a0\u00a0\u00a0\u00a0\u00a0\u00a0\u00a0\u00a0\u00a0\u00a0\u00a0\u00a0\u00a0\u00a0\u00a0\u00a0 Kassa och f\u00f6rvaltningsrapporter f\u00f6r f\u00f6reg\u00e5ende \u00e5r<br>9 \u00a0\u00a0\u00a0\u00a0\u00a0\u00a0\u00a0\u00a0\u00a0\u00a0\u00a0\u00a0\u00a0\u00a0\u00a0\u00a0\u00a0\u00a0 Revisionsber\u00e4ttelsen<br>10\u00a0\u00a0\u00a0\u00a0\u00a0\u00a0\u00a0\u00a0\u00a0\u00a0\u00a0\u00a0\u00a0\u00a0\u00a0\u00a0\u00a0 Beslut om ansvarsfrihet f\u00f6r den avg\u00e5ende styrelsen<br>11\u00a0\u00a0\u00a0\u00a0\u00a0\u00a0\u00a0\u00a0\u00a0\u00a0\u00a0\u00a0\u00a0\u00a0\u00a0\u00a0\u00a0 F\u00f6rslag till verksamhet f\u00f6r kommande \u00e5r<br>12\u00a0\u00a0\u00a0\u00a0\u00a0\u00a0\u00a0\u00a0\u00a0\u00a0\u00a0\u00a0\u00a0\u00a0\u00a0\u00a0\u00a0 Fastst\u00e4llande av medlemsavgift f\u00f6r kommande \u00e5r<br>13\u00a0\u00a0\u00a0\u00a0\u00a0\u00a0\u00a0\u00a0\u00a0\u00a0\u00a0\u00a0\u00a0\u00a0\u00a0\u00a0\u00a0 Fastst\u00e4llande av budget f\u00f6r kommande \u00e5r<br>14\u00a0\u00a0\u00a0\u00a0\u00a0\u00a0\u00a0\u00a0\u00a0\u00a0\u00a0\u00a0\u00a0\u00a0\u00a0\u00a0\u00a0 Stadge\u00e4ndringar<br>15\u00a0\u00a0\u00a0\u00a0\u00a0\u00a0\u00a0\u00a0\u00a0\u00a0\u00a0\u00a0\u00a0\u00a0\u00a0\u00a0\u00a0 Val av styrelse<br>16\u00a0\u00a0\u00a0\u00a0\u00a0\u00a0\u00a0\u00a0\u00a0\u00a0\u00a0\u00a0\u00a0\u00a0\u00a0\u00a0\u00a0 Val av 2 revisorer<br>17\u00a0\u00a0\u00a0\u00a0\u00a0\u00a0\u00a0\u00a0\u00a0\u00a0\u00a0\u00a0\u00a0\u00a0\u00a0\u00a0\u00a0 Val av valberedning, 2 personer<br>18\u00a0\u00a0\u00a0\u00a0\u00a0\u00a0\u00a0\u00a0\u00a0\u00a0\u00a0\u00a0\u00a0\u00a0\u00a0\u00a0\u00a0 \u00d6vriga fr\u00e5gor, information<br>19\u00a0\u00a0\u00a0\u00a0\u00a0\u00a0\u00a0\u00a0\u00a0\u00a0\u00a0\u00a0\u00a0\u00a0\u00a0\u00a0\u00a0 M\u00f6tets avslutning<\/p>\n\n\n\n<p>\u00a77 <strong>Styrelsen<\/strong><\/p>\n\n\n\n<p>Styrelsen skall best\u00e5 av 7 personer. \u00c5rsm\u00f6tet v\u00e4ljer ordf\u00f6rande och kass\u00f6r samt \u00f6vriga ledam\u00f6ter. Vid ett konstituerande styrelsem\u00f6te i anslutning till \u00e5rsm\u00f6tet utser styrelsen vice ordf\u00f6rande, sekreterare, klubbm\u00e4stare samt 2 ledam\u00f6ter.<\/p>\n\n\n\n<p>\u00a78 <strong>Beslutande och verkst\u00e4llande organ<\/strong><\/p>\n\n\n\n<p>H\u00f6gsta beslutande organ \u00e4r \u00e5rsm\u00f6tet eller allm\u00e4nt m\u00f6te. Den omedelbara ledningen av klubbens verksamhet handhas av styrelsen som verkst\u00e4ller beslut fr\u00e5n \u00e5rsm\u00f6te eller allm\u00e4nt m\u00f6te. L\u00f6pande verksamhet handhas av styrelsen.<\/p>\n\n\n\n<p>\u00a79 <strong>Stadge\u00e4ndringar<\/strong><\/p>\n\n\n\n<p>F\u00f6rslag till stadge\u00e4ndringar skall inkomma till styrelsen senast en m\u00e5nad f\u00f6re \u00e5rsm\u00f6tet. Vid omr\u00f6stning kr\u00e4vs att 2\/3 av de n\u00e4rvarande godk\u00e4nner \u00e4ndringsf\u00f6rslaget. Spr\u00e5klig justering r\u00e4knas ej som stadge\u00e4ndring.<\/p>\n\n\n\n<p>\u00a710 <strong>Firmateckning<\/strong><\/p>\n\n\n\n<p>Klubbens firma tecknas av ordf\u00f6rande och kass\u00f6r, var f\u00f6r sig.<\/p>\n\n\n\n<p>\u00a711 <strong>Klubbens uppl\u00f6sning<\/strong><\/p>\n\n\n\n<p>Endast klubbens styrelse kan till \u00e5rsm\u00f6tet eller allm\u00e4nt m\u00f6te f\u00f6resl\u00e5 att klubben uppl\u00f6ses. Beslut om uppl\u00f6sning skall fastst\u00e4llas vid tre p\u00e5 varandra f\u00f6ljande \u00e5rsm\u00f6ten eller allm\u00e4nna m\u00f6ten och med minst 3\/4 av de n\u00e4rvarandes r\u00f6ster. Vid dessa m\u00f6ten skall \u00e4ven beslut fattas hur ev tillg\u00e5ngar skall hanteras.<\/p>\n","protected":false},"excerpt":{"rendered":"<p>STADGAR fr\u00e5n och med \u00e5rsm\u00f6tet 2025 f\u00f6r den ideella f\u00f6reningen Karlskoga Motorweteraner med hemort i Karlskoga Kommun. Klubben \u00e4r ansluten till MHRF. Klubben bildades den 7 maj 1982. Stadgarna \u00e4r [&hellip;]<\/p>\n","protected":false},"author":44,"featured_media":0,"parent":18,"menu_order":0,"comment_status":"open","ping_status":"open","template":"page-notitle.php","meta":{"footnotes":""},"class_list":["post-24","page","type-page","status-publish","hentry"],"_links":{"self":[{"href":"https:\/\/mockelnforeningarna.se\/kmw\/wp-json\/wp\/v2\/pages\/24","targetHints":{"allow":["GET"]}}],"collection":[{"href":"https:\/\/mockelnforeningarna.se\/kmw\/wp-json\/wp\/v2\/pages"}],"about":[{"href":"https:\/\/mockelnforeningarna.se\/kmw\/wp-json\/wp\/v2\/types\/page"}],"author":[{"embeddable":true,"href":"https:\/\/mockelnforeningarna.se\/kmw\/wp-json\/wp\/v2\/users\/44"}],"replies":[{"embeddable":true,"href":"https:\/\/mockelnforeningarna.se\/kmw\/wp-json\/wp\/v2\/comments?post=24"}],"version-history":[{"count":3,"href":"https:\/\/mockelnforeningarna.se\/kmw\/wp-json\/wp\/v2\/pages\/24\/revisions"}],"predecessor-version":[{"id":4270,"href":"https:\/\/mockelnforeningarna.se\/kmw\/wp-json\/wp\/v2\/pages\/24\/revisions\/4270"}],"up":[{"embeddable":true,"href":"https:\/\/mockelnforeningarna.se\/kmw\/wp-json\/wp\/v2\/pages\/18"}],"wp:attachment":[{"href":"https:\/\/mockelnforeningarna.se\/kmw\/wp-json\/wp\/v2\/media?parent=24"}],"curies":[{"name":"wp","href":"https:\/\/api.w.org\/{rel}","templated":true}]}}