{"id":2666,"date":"2021-12-07T15:55:14","date_gmt":"2021-12-07T14:55:14","guid":{"rendered":"https:\/\/mockelnforeningarna.se\/kmw\/?page_id=2666"},"modified":"2022-12-14T13:33:30","modified_gmt":"2022-12-14T12:33:30","slug":"ingen-ursprungskontroll","status":"publish","type":"page","link":"https:\/\/mockelnforeningarna.se\/kmw\/mhrf-nytt\/ingen-ursprungskontroll\/","title":{"rendered":"Ingen ursprungskontroll"},"content":{"rendered":"\n<h4 class=\"wp-block-heading\">Fortsatt stopp f\u00f6r ursprungsintyg och r\u00e5dgivning till h\u00f6sten 2022<\/h4>\n\n\n\n<p>MHRF har sedan i somras haft uppeh\u00e5ll avseende utf\u00e4rdande av ursprungsintyg (avser ursprungskontroll, registreringsbesiktning och teknisk identifiering). Vi vill nu informera om att stoppet f\u00f6rl\u00e4ngs till&nbsp;<strong>1\/10 2022<\/strong>. Under denna period kan vi inte hj\u00e4lpa till med r\u00e5dgivning eller avsluta p\u00e5g\u00e5ende \u00e4renden.<\/p>\n\n\n\n<p>Orsaken till det f\u00f6rl\u00e4ngda stoppet \u00e4r att vi v\u00e4ntar p\u00e5 att Transportstyrelsen ska publicera nya f\u00f6reskrifter om ursprungskontroll och teknisk identifiering under v\u00e5ren, vilka sedan tr\u00e4der i kraft f\u00f6rst under h\u00f6sten. Under perioden d\u00e4remellan ska MHRF och de som ber\u00f6rs se \u00f6ver rutiner, systemst\u00f6d och utbildning f\u00f6r att m\u00f6ta nya krav.<\/p>\n\n\n\n<p>En positiv utveckling har p\u00e5b\u00f6rjats med Transportstyrelsens ursprungskontrollsenhet i \u00d6rebro r\u00f6rande det absoluta kravet p\u00e5 registreringshandling i original. Men det kommer dr\u00f6ja innan praxis \u00e4ndrats och ett avg\u00f6rande moment \u00e4r de kommande f\u00f6reskrifterna och MHRFs fortsatta dialog.<\/p>\n\n\n\n<p>MHRF har nu ocks\u00e5 pekats ut som sakkunnig i Naturv\u00e5rdsverkets v\u00e4gledning avseende import och export. Vad det i sak inneb\u00e4r kommer att fastst\u00e4llas i den fortsatta dialogen med Naturv\u00e5rdsverket och Tullverket .<\/p>\n\n\n\n<p>Samlat inneb\u00e4r detta att MHRF beh\u00f6ver se \u00f6ver det samlade arbetet med olika intyg, innan vi kan ta emot nya ans\u00f6kningar och ge r\u00e5dgivning.<\/p>\n\n\n\n<p>Under tiden h\u00e4nvisar vi till den information vi publicerat p\u00e5&nbsp;<a href=\"https:\/\/mhrf.se\/fordon\" target=\"_blank\" rel=\"noopener\" data-saferedirecturl=\"https:\/\/www.google.com\/url?q=https:\/\/mhrf.se\/fordon&amp;source=gmail&amp;ust=1638975008769000&amp;usg=AOvVaw1lXMShDxb5sMARy7R7iO8_\">mhrf.se\/fordon<\/a>.<\/p>\n\n\n\n<p><u>Det g\u00e5r ocks\u00e5 bra att ringa till ber\u00f6rda myndigheter med fr\u00e5gor<\/u><br>Ursprungskontroll: Transportstyrelsen i \u00d6rebro<br>Avfallsfr\u00e5gor: Naturv\u00e5rdsverket<br>Importfr\u00e5gor: Handelskammaren och Tullverket<\/p>\n\n\n\n<p>G\u00e4llande amat\u00f6rbyggda fordon kan man ocks\u00e5 kontakta Testa och SFRO.<\/p>\n","protected":false},"excerpt":{"rendered":"<p>Fortsatt stopp f\u00f6r ursprungsintyg och r\u00e5dgivning till h\u00f6sten 2022 MHRF har sedan i somras haft uppeh\u00e5ll avseende utf\u00e4rdande av ursprungsintyg (avser ursprungskontroll, registreringsbesiktning och teknisk identifiering). Vi vill nu informera [&hellip;]<\/p>\n","protected":false},"author":44,"featured_media":0,"parent":439,"menu_order":0,"comment_status":"closed","ping_status":"closed","template":"","meta":{"footnotes":""},"class_list":["post-2666","page","type-page","status-publish","hentry"],"_links":{"self":[{"href":"https:\/\/mockelnforeningarna.se\/kmw\/wp-json\/wp\/v2\/pages\/2666","targetHints":{"allow":["GET"]}}],"collection":[{"href":"https:\/\/mockelnforeningarna.se\/kmw\/wp-json\/wp\/v2\/pages"}],"about":[{"href":"https:\/\/mockelnforeningarna.se\/kmw\/wp-json\/wp\/v2\/types\/page"}],"author":[{"embeddable":true,"href":"https:\/\/mockelnforeningarna.se\/kmw\/wp-json\/wp\/v2\/users\/44"}],"replies":[{"embeddable":true,"href":"https:\/\/mockelnforeningarna.se\/kmw\/wp-json\/wp\/v2\/comments?post=2666"}],"version-history":[{"count":1,"href":"https:\/\/mockelnforeningarna.se\/kmw\/wp-json\/wp\/v2\/pages\/2666\/revisions"}],"predecessor-version":[{"id":3130,"href":"https:\/\/mockelnforeningarna.se\/kmw\/wp-json\/wp\/v2\/pages\/2666\/revisions\/3130"}],"up":[{"embeddable":true,"href":"https:\/\/mockelnforeningarna.se\/kmw\/wp-json\/wp\/v2\/pages\/439"}],"wp:attachment":[{"href":"https:\/\/mockelnforeningarna.se\/kmw\/wp-json\/wp\/v2\/media?parent=2666"}],"curies":[{"name":"wp","href":"https:\/\/api.w.org\/{rel}","templated":true}]}}