{"id":3509,"date":"2023-03-30T15:32:53","date_gmt":"2023-03-30T13:32:53","guid":{"rendered":"https:\/\/mockelnforeningarna.se\/kmw\/?page_id=3509"},"modified":"2023-03-30T15:32:53","modified_gmt":"2023-03-30T13:32:53","slug":"hallsbergsresan","status":"publish","type":"page","link":"https:\/\/mockelnforeningarna.se\/kmw\/hallsbergsresan\/","title":{"rendered":"Hallsbergsresan"},"content":{"rendered":"\n<figure class=\"wp-block-gallery has-nested-images columns-default is-cropped wp-block-gallery-1 is-layout-flex wp-block-gallery-is-layout-flex\">\n<figure class=\"wp-block-image size-large\"><a href=\"https:\/\/mockelnforeningarna.se\/app\/uploads\/sites\/34\/2019\/04\/DSC_0052-scaled.jpg\"><img loading=\"lazy\" decoding=\"async\" width=\"1024\" height=\"681\" data-id=\"2013\" src=\"https:\/\/mockelnforeningarna.se\/app\/uploads\/sites\/34\/2019\/04\/DSC_0052-1024x681.jpg\" alt=\"\" class=\"wp-image-2013\" srcset=\"https:\/\/mockelnforeningarna.se\/app\/uploads\/sites\/34\/2019\/04\/DSC_0052-1024x681.jpg 1024w, https:\/\/mockelnforeningarna.se\/app\/uploads\/sites\/34\/2019\/04\/DSC_0052-300x199.jpg 300w, https:\/\/mockelnforeningarna.se\/app\/uploads\/sites\/34\/2019\/04\/DSC_0052-768x511.jpg 768w, https:\/\/mockelnforeningarna.se\/app\/uploads\/sites\/34\/2019\/04\/DSC_0052-1536x1021.jpg 1536w, https:\/\/mockelnforeningarna.se\/app\/uploads\/sites\/34\/2019\/04\/DSC_0052-2048x1362.jpg 2048w, https:\/\/mockelnforeningarna.se\/app\/uploads\/sites\/34\/2019\/04\/DSC_0052-1400x931.jpg 1400w, https:\/\/mockelnforeningarna.se\/app\/uploads\/sites\/34\/2019\/04\/DSC_0052-800x532.jpg 800w, https:\/\/mockelnforeningarna.se\/app\/uploads\/sites\/34\/2019\/04\/DSC_0052-500x332.jpg 500w, https:\/\/mockelnforeningarna.se\/app\/uploads\/sites\/34\/2019\/04\/DSC_0052-1440x957.jpg 1440w, https:\/\/mockelnforeningarna.se\/app\/uploads\/sites\/34\/2019\/04\/DSC_0052-600x399.jpg 600w, https:\/\/mockelnforeningarna.se\/app\/uploads\/sites\/34\/2019\/04\/DSC_0052-1600x1064.jpg 1600w\" sizes=\"auto, (max-width: 1024px) 100vw, 1024px\" \/><\/a><figcaption class=\"wp-element-caption\">Intresserade KMW:are<\/figcaption><\/figure>\n\n\n\n<figure class=\"wp-block-image size-large\"><a href=\"https:\/\/mockelnforeningarna.se\/app\/uploads\/sites\/34\/2019\/04\/DSC_0054-scaled.jpg\"><img loading=\"lazy\" decoding=\"async\" width=\"1024\" height=\"681\" data-id=\"2014\" src=\"https:\/\/mockelnforeningarna.se\/app\/uploads\/sites\/34\/2019\/04\/DSC_0054-1024x681.jpg\" alt=\"\" class=\"wp-image-2014\" srcset=\"https:\/\/mockelnforeningarna.se\/app\/uploads\/sites\/34\/2019\/04\/DSC_0054-1024x681.jpg 1024w, https:\/\/mockelnforeningarna.se\/app\/uploads\/sites\/34\/2019\/04\/DSC_0054-300x199.jpg 300w, https:\/\/mockelnforeningarna.se\/app\/uploads\/sites\/34\/2019\/04\/DSC_0054-768x511.jpg 768w, https:\/\/mockelnforeningarna.se\/app\/uploads\/sites\/34\/2019\/04\/DSC_0054-1536x1021.jpg 1536w, https:\/\/mockelnforeningarna.se\/app\/uploads\/sites\/34\/2019\/04\/DSC_0054-2048x1362.jpg 2048w, https:\/\/mockelnforeningarna.se\/app\/uploads\/sites\/34\/2019\/04\/DSC_0054-1400x931.jpg 1400w, https:\/\/mockelnforeningarna.se\/app\/uploads\/sites\/34\/2019\/04\/DSC_0054-800x532.jpg 800w, https:\/\/mockelnforeningarna.se\/app\/uploads\/sites\/34\/2019\/04\/DSC_0054-500x332.jpg 500w, https:\/\/mockelnforeningarna.se\/app\/uploads\/sites\/34\/2019\/04\/DSC_0054-1440x957.jpg 1440w, https:\/\/mockelnforeningarna.se\/app\/uploads\/sites\/34\/2019\/04\/DSC_0054-600x399.jpg 600w, https:\/\/mockelnforeningarna.se\/app\/uploads\/sites\/34\/2019\/04\/DSC_0054-1600x1064.jpg 1600w\" sizes=\"auto, (max-width: 1024px) 100vw, 1024px\" \/><\/a><figcaption class=\"wp-element-caption\">Berg\u00f6\u00f6ska huset <\/figcaption><\/figure>\n\n\n\n<figure class=\"wp-block-image size-large\"><a href=\"https:\/\/mockelnforeningarna.se\/app\/uploads\/sites\/34\/2019\/04\/DSC_0055-scaled.jpg\"><img loading=\"lazy\" decoding=\"async\" width=\"1024\" height=\"681\" data-id=\"2015\" src=\"https:\/\/mockelnforeningarna.se\/app\/uploads\/sites\/34\/2019\/04\/DSC_0055-1024x681.jpg\" alt=\"\" class=\"wp-image-2015\" srcset=\"https:\/\/mockelnforeningarna.se\/app\/uploads\/sites\/34\/2019\/04\/DSC_0055-1024x681.jpg 1024w, https:\/\/mockelnforeningarna.se\/app\/uploads\/sites\/34\/2019\/04\/DSC_0055-300x199.jpg 300w, https:\/\/mockelnforeningarna.se\/app\/uploads\/sites\/34\/2019\/04\/DSC_0055-768x511.jpg 768w, https:\/\/mockelnforeningarna.se\/app\/uploads\/sites\/34\/2019\/04\/DSC_0055-1536x1021.jpg 1536w, https:\/\/mockelnforeningarna.se\/app\/uploads\/sites\/34\/2019\/04\/DSC_0055-2048x1362.jpg 2048w, https:\/\/mockelnforeningarna.se\/app\/uploads\/sites\/34\/2019\/04\/DSC_0055-1400x931.jpg 1400w, https:\/\/mockelnforeningarna.se\/app\/uploads\/sites\/34\/2019\/04\/DSC_0055-800x532.jpg 800w, https:\/\/mockelnforeningarna.se\/app\/uploads\/sites\/34\/2019\/04\/DSC_0055-500x332.jpg 500w, https:\/\/mockelnforeningarna.se\/app\/uploads\/sites\/34\/2019\/04\/DSC_0055-1440x957.jpg 1440w, https:\/\/mockelnforeningarna.se\/app\/uploads\/sites\/34\/2019\/04\/DSC_0055-600x399.jpg 600w, https:\/\/mockelnforeningarna.se\/app\/uploads\/sites\/34\/2019\/04\/DSC_0055-1600x1064.jpg 1600w\" sizes=\"auto, (max-width: 1024px) 100vw, 1024px\" \/><\/a><figcaption class=\"wp-element-caption\">Imponerande finlir n\u00e4r husen \u00e5terskapats.<\/figcaption><\/figure>\n\n\n\n<figure class=\"wp-block-image size-large\"><a href=\"https:\/\/mockelnforeningarna.se\/app\/uploads\/sites\/34\/2019\/04\/DSC_0060-scaled.jpg\"><img loading=\"lazy\" decoding=\"async\" width=\"1024\" height=\"681\" data-id=\"2017\" src=\"https:\/\/mockelnforeningarna.se\/app\/uploads\/sites\/34\/2019\/04\/DSC_0060-1024x681.jpg\" alt=\"\" class=\"wp-image-2017\" srcset=\"https:\/\/mockelnforeningarna.se\/app\/uploads\/sites\/34\/2019\/04\/DSC_0060-1024x681.jpg 1024w, https:\/\/mockelnforeningarna.se\/app\/uploads\/sites\/34\/2019\/04\/DSC_0060-300x199.jpg 300w, https:\/\/mockelnforeningarna.se\/app\/uploads\/sites\/34\/2019\/04\/DSC_0060-768x511.jpg 768w, https:\/\/mockelnforeningarna.se\/app\/uploads\/sites\/34\/2019\/04\/DSC_0060-1536x1021.jpg 1536w, https:\/\/mockelnforeningarna.se\/app\/uploads\/sites\/34\/2019\/04\/DSC_0060-2048x1362.jpg 2048w, https:\/\/mockelnforeningarna.se\/app\/uploads\/sites\/34\/2019\/04\/DSC_0060-1400x931.jpg 1400w, https:\/\/mockelnforeningarna.se\/app\/uploads\/sites\/34\/2019\/04\/DSC_0060-800x532.jpg 800w, https:\/\/mockelnforeningarna.se\/app\/uploads\/sites\/34\/2019\/04\/DSC_0060-500x332.jpg 500w, https:\/\/mockelnforeningarna.se\/app\/uploads\/sites\/34\/2019\/04\/DSC_0060-1440x957.jpg 1440w, https:\/\/mockelnforeningarna.se\/app\/uploads\/sites\/34\/2019\/04\/DSC_0060-600x399.jpg 600w, https:\/\/mockelnforeningarna.se\/app\/uploads\/sites\/34\/2019\/04\/DSC_0060-1600x1064.jpg 1600w\" sizes=\"auto, (max-width: 1024px) 100vw, 1024px\" \/><\/a><figcaption class=\"wp-element-caption\">Bron \u00f6ver j\u00e4rnv\u00e4gen vid infarten.<\/figcaption><\/figure>\n\n\n\n<figure class=\"wp-block-image size-large\"><a href=\"https:\/\/mockelnforeningarna.se\/app\/uploads\/sites\/34\/2019\/04\/DSC_0056-scaled.jpg\"><img loading=\"lazy\" decoding=\"async\" width=\"1024\" height=\"681\" data-id=\"2016\" src=\"https:\/\/mockelnforeningarna.se\/app\/uploads\/sites\/34\/2019\/04\/DSC_0056-1024x681.jpg\" alt=\"\" class=\"wp-image-2016\" srcset=\"https:\/\/mockelnforeningarna.se\/app\/uploads\/sites\/34\/2019\/04\/DSC_0056-1024x681.jpg 1024w, https:\/\/mockelnforeningarna.se\/app\/uploads\/sites\/34\/2019\/04\/DSC_0056-300x199.jpg 300w, https:\/\/mockelnforeningarna.se\/app\/uploads\/sites\/34\/2019\/04\/DSC_0056-768x511.jpg 768w, https:\/\/mockelnforeningarna.se\/app\/uploads\/sites\/34\/2019\/04\/DSC_0056-1536x1021.jpg 1536w, https:\/\/mockelnforeningarna.se\/app\/uploads\/sites\/34\/2019\/04\/DSC_0056-2048x1362.jpg 2048w, https:\/\/mockelnforeningarna.se\/app\/uploads\/sites\/34\/2019\/04\/DSC_0056-1400x931.jpg 1400w, https:\/\/mockelnforeningarna.se\/app\/uploads\/sites\/34\/2019\/04\/DSC_0056-800x532.jpg 800w, https:\/\/mockelnforeningarna.se\/app\/uploads\/sites\/34\/2019\/04\/DSC_0056-500x332.jpg 500w, https:\/\/mockelnforeningarna.se\/app\/uploads\/sites\/34\/2019\/04\/DSC_0056-1440x957.jpg 1440w, https:\/\/mockelnforeningarna.se\/app\/uploads\/sites\/34\/2019\/04\/DSC_0056-600x399.jpg 600w, https:\/\/mockelnforeningarna.se\/app\/uploads\/sites\/34\/2019\/04\/DSC_0056-1600x1064.jpg 1600w\" sizes=\"auto, (max-width: 1024px) 100vw, 1024px\" \/><\/a><figcaption class=\"wp-element-caption\">Stationshuset<\/figcaption><\/figure>\n\n\n\n<figure class=\"wp-block-image size-large\"><a href=\"https:\/\/mockelnforeningarna.se\/app\/uploads\/sites\/34\/2019\/04\/DSC_0065-scaled.jpg\"><img loading=\"lazy\" decoding=\"async\" width=\"1024\" height=\"681\" data-id=\"2018\" src=\"https:\/\/mockelnforeningarna.se\/app\/uploads\/sites\/34\/2019\/04\/DSC_0065-1024x681.jpg\" alt=\"\" class=\"wp-image-2018\" srcset=\"https:\/\/mockelnforeningarna.se\/app\/uploads\/sites\/34\/2019\/04\/DSC_0065-1024x681.jpg 1024w, https:\/\/mockelnforeningarna.se\/app\/uploads\/sites\/34\/2019\/04\/DSC_0065-300x199.jpg 300w, https:\/\/mockelnforeningarna.se\/app\/uploads\/sites\/34\/2019\/04\/DSC_0065-768x511.jpg 768w, https:\/\/mockelnforeningarna.se\/app\/uploads\/sites\/34\/2019\/04\/DSC_0065-1536x1021.jpg 1536w, https:\/\/mockelnforeningarna.se\/app\/uploads\/sites\/34\/2019\/04\/DSC_0065-2048x1362.jpg 2048w, https:\/\/mockelnforeningarna.se\/app\/uploads\/sites\/34\/2019\/04\/DSC_0065-1400x931.jpg 1400w, https:\/\/mockelnforeningarna.se\/app\/uploads\/sites\/34\/2019\/04\/DSC_0065-800x532.jpg 800w, https:\/\/mockelnforeningarna.se\/app\/uploads\/sites\/34\/2019\/04\/DSC_0065-500x332.jpg 500w, https:\/\/mockelnforeningarna.se\/app\/uploads\/sites\/34\/2019\/04\/DSC_0065-1440x957.jpg 1440w, https:\/\/mockelnforeningarna.se\/app\/uploads\/sites\/34\/2019\/04\/DSC_0065-600x399.jpg 600w, https:\/\/mockelnforeningarna.se\/app\/uploads\/sites\/34\/2019\/04\/DSC_0065-1600x1064.jpg 1600w\" sizes=\"auto, (max-width: 1024px) 100vw, 1024px\" \/><\/a><figcaption class=\"wp-element-caption\">Blommor p\u00e5 gravarna  <\/figcaption><\/figure>\n\n\n\n<figure class=\"wp-block-image size-large\"><a href=\"https:\/\/mockelnforeningarna.se\/app\/uploads\/sites\/34\/2019\/04\/DSC_0078-scaled.jpg\"><img loading=\"lazy\" decoding=\"async\" width=\"1024\" height=\"681\" data-id=\"2022\" src=\"https:\/\/mockelnforeningarna.se\/app\/uploads\/sites\/34\/2019\/04\/DSC_0078-1024x681.jpg\" alt=\"\" class=\"wp-image-2022\" srcset=\"https:\/\/mockelnforeningarna.se\/app\/uploads\/sites\/34\/2019\/04\/DSC_0078-1024x681.jpg 1024w, https:\/\/mockelnforeningarna.se\/app\/uploads\/sites\/34\/2019\/04\/DSC_0078-300x199.jpg 300w, https:\/\/mockelnforeningarna.se\/app\/uploads\/sites\/34\/2019\/04\/DSC_0078-768x511.jpg 768w, https:\/\/mockelnforeningarna.se\/app\/uploads\/sites\/34\/2019\/04\/DSC_0078-1536x1021.jpg 1536w, https:\/\/mockelnforeningarna.se\/app\/uploads\/sites\/34\/2019\/04\/DSC_0078-2048x1362.jpg 2048w, https:\/\/mockelnforeningarna.se\/app\/uploads\/sites\/34\/2019\/04\/DSC_0078-1400x931.jpg 1400w, https:\/\/mockelnforeningarna.se\/app\/uploads\/sites\/34\/2019\/04\/DSC_0078-800x532.jpg 800w, https:\/\/mockelnforeningarna.se\/app\/uploads\/sites\/34\/2019\/04\/DSC_0078-500x332.jpg 500w, https:\/\/mockelnforeningarna.se\/app\/uploads\/sites\/34\/2019\/04\/DSC_0078-1440x957.jpg 1440w, https:\/\/mockelnforeningarna.se\/app\/uploads\/sites\/34\/2019\/04\/DSC_0078-600x399.jpg 600w, https:\/\/mockelnforeningarna.se\/app\/uploads\/sites\/34\/2019\/04\/DSC_0078-1600x1064.jpg 1600w\" sizes=\"auto, (max-width: 1024px) 100vw, 1024px\" \/><\/a><\/figure>\n\n\n\n<figure class=\"wp-block-image size-large\"><a href=\"https:\/\/mockelnforeningarna.se\/app\/uploads\/sites\/34\/2019\/04\/DSC_0073-scaled.jpg\"><img loading=\"lazy\" decoding=\"async\" width=\"1024\" height=\"681\" data-id=\"2020\" src=\"https:\/\/mockelnforeningarna.se\/app\/uploads\/sites\/34\/2019\/04\/DSC_0073-1024x681.jpg\" alt=\"\" class=\"wp-image-2020\" srcset=\"https:\/\/mockelnforeningarna.se\/app\/uploads\/sites\/34\/2019\/04\/DSC_0073-1024x681.jpg 1024w, https:\/\/mockelnforeningarna.se\/app\/uploads\/sites\/34\/2019\/04\/DSC_0073-300x199.jpg 300w, https:\/\/mockelnforeningarna.se\/app\/uploads\/sites\/34\/2019\/04\/DSC_0073-768x511.jpg 768w, https:\/\/mockelnforeningarna.se\/app\/uploads\/sites\/34\/2019\/04\/DSC_0073-1536x1021.jpg 1536w, https:\/\/mockelnforeningarna.se\/app\/uploads\/sites\/34\/2019\/04\/DSC_0073-2048x1362.jpg 2048w, https:\/\/mockelnforeningarna.se\/app\/uploads\/sites\/34\/2019\/04\/DSC_0073-1400x931.jpg 1400w, https:\/\/mockelnforeningarna.se\/app\/uploads\/sites\/34\/2019\/04\/DSC_0073-800x532.jpg 800w, https:\/\/mockelnforeningarna.se\/app\/uploads\/sites\/34\/2019\/04\/DSC_0073-500x332.jpg 500w, https:\/\/mockelnforeningarna.se\/app\/uploads\/sites\/34\/2019\/04\/DSC_0073-1440x957.jpg 1440w, https:\/\/mockelnforeningarna.se\/app\/uploads\/sites\/34\/2019\/04\/DSC_0073-600x399.jpg 600w, https:\/\/mockelnforeningarna.se\/app\/uploads\/sites\/34\/2019\/04\/DSC_0073-1600x1064.jpg 1600w\" sizes=\"auto, (max-width: 1024px) 100vw, 1024px\" \/><\/a><figcaption class=\"wp-element-caption\">Festsalen<\/figcaption><\/figure>\n\n\n\n<figure class=\"wp-block-image size-large\"><a href=\"https:\/\/mockelnforeningarna.se\/app\/uploads\/sites\/34\/2019\/04\/DSC_0068-scaled.jpg\"><img loading=\"lazy\" decoding=\"async\" width=\"1024\" height=\"681\" data-id=\"2019\" src=\"https:\/\/mockelnforeningarna.se\/app\/uploads\/sites\/34\/2019\/04\/DSC_0068-1024x681.jpg\" alt=\"\" class=\"wp-image-2019\" srcset=\"https:\/\/mockelnforeningarna.se\/app\/uploads\/sites\/34\/2019\/04\/DSC_0068-1024x681.jpg 1024w, https:\/\/mockelnforeningarna.se\/app\/uploads\/sites\/34\/2019\/04\/DSC_0068-300x199.jpg 300w, https:\/\/mockelnforeningarna.se\/app\/uploads\/sites\/34\/2019\/04\/DSC_0068-768x511.jpg 768w, https:\/\/mockelnforeningarna.se\/app\/uploads\/sites\/34\/2019\/04\/DSC_0068-1536x1021.jpg 1536w, https:\/\/mockelnforeningarna.se\/app\/uploads\/sites\/34\/2019\/04\/DSC_0068-2048x1362.jpg 2048w, https:\/\/mockelnforeningarna.se\/app\/uploads\/sites\/34\/2019\/04\/DSC_0068-1400x931.jpg 1400w, https:\/\/mockelnforeningarna.se\/app\/uploads\/sites\/34\/2019\/04\/DSC_0068-800x532.jpg 800w, https:\/\/mockelnforeningarna.se\/app\/uploads\/sites\/34\/2019\/04\/DSC_0068-500x332.jpg 500w, https:\/\/mockelnforeningarna.se\/app\/uploads\/sites\/34\/2019\/04\/DSC_0068-1440x957.jpg 1440w, https:\/\/mockelnforeningarna.se\/app\/uploads\/sites\/34\/2019\/04\/DSC_0068-600x399.jpg 600w, https:\/\/mockelnforeningarna.se\/app\/uploads\/sites\/34\/2019\/04\/DSC_0068-1600x1064.jpg 1600w\" sizes=\"auto, (max-width: 1024px) 100vw, 1024px\" \/><\/a><figcaption class=\"wp-element-caption\">Carl Larsson smyckade festsalen<\/figcaption><\/figure>\n\n\n\n<figure class=\"wp-block-image size-large\"><a href=\"https:\/\/mockelnforeningarna.se\/app\/uploads\/sites\/34\/2019\/04\/DSC_0076-scaled.jpg\"><img loading=\"lazy\" decoding=\"async\" width=\"1024\" height=\"681\" data-id=\"2021\" src=\"https:\/\/mockelnforeningarna.se\/app\/uploads\/sites\/34\/2019\/04\/DSC_0076-1024x681.jpg\" alt=\"\" class=\"wp-image-2021\" srcset=\"https:\/\/mockelnforeningarna.se\/app\/uploads\/sites\/34\/2019\/04\/DSC_0076-1024x681.jpg 1024w, https:\/\/mockelnforeningarna.se\/app\/uploads\/sites\/34\/2019\/04\/DSC_0076-300x199.jpg 300w, https:\/\/mockelnforeningarna.se\/app\/uploads\/sites\/34\/2019\/04\/DSC_0076-768x511.jpg 768w, https:\/\/mockelnforeningarna.se\/app\/uploads\/sites\/34\/2019\/04\/DSC_0076-1536x1021.jpg 1536w, https:\/\/mockelnforeningarna.se\/app\/uploads\/sites\/34\/2019\/04\/DSC_0076-2048x1362.jpg 2048w, https:\/\/mockelnforeningarna.se\/app\/uploads\/sites\/34\/2019\/04\/DSC_0076-1400x931.jpg 1400w, https:\/\/mockelnforeningarna.se\/app\/uploads\/sites\/34\/2019\/04\/DSC_0076-800x532.jpg 800w, https:\/\/mockelnforeningarna.se\/app\/uploads\/sites\/34\/2019\/04\/DSC_0076-500x332.jpg 500w, https:\/\/mockelnforeningarna.se\/app\/uploads\/sites\/34\/2019\/04\/DSC_0076-1440x957.jpg 1440w, https:\/\/mockelnforeningarna.se\/app\/uploads\/sites\/34\/2019\/04\/DSC_0076-600x399.jpg 600w, https:\/\/mockelnforeningarna.se\/app\/uploads\/sites\/34\/2019\/04\/DSC_0076-1600x1064.jpg 1600w\" sizes=\"auto, (max-width: 1024px) 100vw, 1024px\" \/><\/a><figcaption class=\"wp-element-caption\">\u00c4nnu en v\u00e4gg i festsalen<\/figcaption><\/figure>\n\n\n\n<figure class=\"wp-block-image size-large\"><a href=\"https:\/\/mockelnforeningarna.se\/app\/uploads\/sites\/34\/2019\/04\/DSC_0086-e1555603997967-scaled.jpg\"><img loading=\"lazy\" decoding=\"async\" width=\"681\" height=\"1024\" data-id=\"2025\" src=\"https:\/\/mockelnforeningarna.se\/app\/uploads\/sites\/34\/2019\/04\/DSC_0086-e1555603997967-681x1024.jpg\" alt=\"\" class=\"wp-image-2025\" srcset=\"https:\/\/mockelnforeningarna.se\/app\/uploads\/sites\/34\/2019\/04\/DSC_0086-e1555603997967-681x1024.jpg 681w, https:\/\/mockelnforeningarna.se\/app\/uploads\/sites\/34\/2019\/04\/DSC_0086-e1555603997967-199x300.jpg 199w, https:\/\/mockelnforeningarna.se\/app\/uploads\/sites\/34\/2019\/04\/DSC_0086-e1555603997967-768x1155.jpg 768w, https:\/\/mockelnforeningarna.se\/app\/uploads\/sites\/34\/2019\/04\/DSC_0086-e1555603997967-1021x1536.jpg 1021w, https:\/\/mockelnforeningarna.se\/app\/uploads\/sites\/34\/2019\/04\/DSC_0086-e1555603997967-1362x2048.jpg 1362w, https:\/\/mockelnforeningarna.se\/app\/uploads\/sites\/34\/2019\/04\/DSC_0086-e1555603997967-1400x2106.jpg 1400w, https:\/\/mockelnforeningarna.se\/app\/uploads\/sites\/34\/2019\/04\/DSC_0086-e1555603997967-800x1203.jpg 800w, https:\/\/mockelnforeningarna.se\/app\/uploads\/sites\/34\/2019\/04\/DSC_0086-e1555603997967-500x752.jpg 500w, https:\/\/mockelnforeningarna.se\/app\/uploads\/sites\/34\/2019\/04\/DSC_0086-e1555603997967-1440x2166.jpg 1440w, https:\/\/mockelnforeningarna.se\/app\/uploads\/sites\/34\/2019\/04\/DSC_0086-e1555603997967-600x902.jpg 600w, https:\/\/mockelnforeningarna.se\/app\/uploads\/sites\/34\/2019\/04\/DSC_0086-e1555603997967-1600x2406.jpg 1600w, https:\/\/mockelnforeningarna.se\/app\/uploads\/sites\/34\/2019\/04\/DSC_0086-e1555603997967-scaled.jpg 1702w\" sizes=\"auto, (max-width: 681px) 100vw, 681px\" \/><\/a><figcaption class=\"wp-element-caption\">Karin Larsson v\u00e4ver.<\/figcaption><\/figure>\n\n\n\n<figure class=\"wp-block-image size-large\"><a href=\"https:\/\/mockelnforeningarna.se\/app\/uploads\/sites\/34\/2019\/04\/DSC_0083-scaled.jpg\"><img loading=\"lazy\" decoding=\"async\" width=\"1024\" height=\"681\" data-id=\"2023\" src=\"https:\/\/mockelnforeningarna.se\/app\/uploads\/sites\/34\/2019\/04\/DSC_0083-1024x681.jpg\" alt=\"\" class=\"wp-image-2023\" srcset=\"https:\/\/mockelnforeningarna.se\/app\/uploads\/sites\/34\/2019\/04\/DSC_0083-1024x681.jpg 1024w, https:\/\/mockelnforeningarna.se\/app\/uploads\/sites\/34\/2019\/04\/DSC_0083-300x199.jpg 300w, https:\/\/mockelnforeningarna.se\/app\/uploads\/sites\/34\/2019\/04\/DSC_0083-768x511.jpg 768w, https:\/\/mockelnforeningarna.se\/app\/uploads\/sites\/34\/2019\/04\/DSC_0083-1536x1021.jpg 1536w, https:\/\/mockelnforeningarna.se\/app\/uploads\/sites\/34\/2019\/04\/DSC_0083-2048x1362.jpg 2048w, https:\/\/mockelnforeningarna.se\/app\/uploads\/sites\/34\/2019\/04\/DSC_0083-1400x931.jpg 1400w, https:\/\/mockelnforeningarna.se\/app\/uploads\/sites\/34\/2019\/04\/DSC_0083-800x532.jpg 800w, https:\/\/mockelnforeningarna.se\/app\/uploads\/sites\/34\/2019\/04\/DSC_0083-500x332.jpg 500w, https:\/\/mockelnforeningarna.se\/app\/uploads\/sites\/34\/2019\/04\/DSC_0083-1440x957.jpg 1440w, https:\/\/mockelnforeningarna.se\/app\/uploads\/sites\/34\/2019\/04\/DSC_0083-600x399.jpg 600w, https:\/\/mockelnforeningarna.se\/app\/uploads\/sites\/34\/2019\/04\/DSC_0083-1600x1064.jpg 1600w\" sizes=\"auto, (max-width: 1024px) 100vw, 1024px\" \/><\/a><figcaption class=\"wp-element-caption\">Oljem\u00e5lning av Karin Larsson<\/figcaption><\/figure>\n\n\n\n<figure class=\"wp-block-image size-large\"><a href=\"https:\/\/mockelnforeningarna.se\/app\/uploads\/sites\/34\/2019\/04\/DSC_0087-scaled.jpg\"><img loading=\"lazy\" decoding=\"async\" width=\"1024\" height=\"681\" data-id=\"2024\" src=\"https:\/\/mockelnforeningarna.se\/app\/uploads\/sites\/34\/2019\/04\/DSC_0087-1024x681.jpg\" alt=\"\" class=\"wp-image-2024\" srcset=\"https:\/\/mockelnforeningarna.se\/app\/uploads\/sites\/34\/2019\/04\/DSC_0087-1024x681.jpg 1024w, https:\/\/mockelnforeningarna.se\/app\/uploads\/sites\/34\/2019\/04\/DSC_0087-300x199.jpg 300w, https:\/\/mockelnforeningarna.se\/app\/uploads\/sites\/34\/2019\/04\/DSC_0087-768x511.jpg 768w, https:\/\/mockelnforeningarna.se\/app\/uploads\/sites\/34\/2019\/04\/DSC_0087-1536x1021.jpg 1536w, https:\/\/mockelnforeningarna.se\/app\/uploads\/sites\/34\/2019\/04\/DSC_0087-2048x1362.jpg 2048w, https:\/\/mockelnforeningarna.se\/app\/uploads\/sites\/34\/2019\/04\/DSC_0087-1400x931.jpg 1400w, https:\/\/mockelnforeningarna.se\/app\/uploads\/sites\/34\/2019\/04\/DSC_0087-800x532.jpg 800w, https:\/\/mockelnforeningarna.se\/app\/uploads\/sites\/34\/2019\/04\/DSC_0087-500x332.jpg 500w, https:\/\/mockelnforeningarna.se\/app\/uploads\/sites\/34\/2019\/04\/DSC_0087-1440x957.jpg 1440w, https:\/\/mockelnforeningarna.se\/app\/uploads\/sites\/34\/2019\/04\/DSC_0087-600x399.jpg 600w, https:\/\/mockelnforeningarna.se\/app\/uploads\/sites\/34\/2019\/04\/DSC_0087-1600x1064.jpg 1600w\" sizes=\"auto, (max-width: 1024px) 100vw, 1024px\" \/><\/a><figcaption class=\"wp-element-caption\">Gungstol av Karin Larsson.<\/figcaption><\/figure>\n<\/figure>\n","protected":false},"excerpt":{"rendered":"","protected":false},"author":112,"featured_media":0,"parent":0,"menu_order":0,"comment_status":"closed","ping_status":"closed","template":"","meta":{"footnotes":""},"class_list":["post-3509","page","type-page","status-publish","hentry"],"_links":{"self":[{"href":"https:\/\/mockelnforeningarna.se\/kmw\/wp-json\/wp\/v2\/pages\/3509","targetHints":{"allow":["GET"]}}],"collection":[{"href":"https:\/\/mockelnforeningarna.se\/kmw\/wp-json\/wp\/v2\/pages"}],"about":[{"href":"https:\/\/mockelnforeningarna.se\/kmw\/wp-json\/wp\/v2\/types\/page"}],"author":[{"embeddable":true,"href":"https:\/\/mockelnforeningarna.se\/kmw\/wp-json\/wp\/v2\/users\/112"}],"replies":[{"embeddable":true,"href":"https:\/\/mockelnforeningarna.se\/kmw\/wp-json\/wp\/v2\/comments?post=3509"}],"version-history":[{"count":1,"href":"https:\/\/mockelnforeningarna.se\/kmw\/wp-json\/wp\/v2\/pages\/3509\/revisions"}],"predecessor-version":[{"id":3510,"href":"https:\/\/mockelnforeningarna.se\/kmw\/wp-json\/wp\/v2\/pages\/3509\/revisions\/3510"}],"wp:attachment":[{"href":"https:\/\/mockelnforeningarna.se\/kmw\/wp-json\/wp\/v2\/media?parent=3509"}],"curies":[{"name":"wp","href":"https:\/\/api.w.org\/{rel}","templated":true}]}}