{"id":3656,"date":"2023-06-07T14:10:13","date_gmt":"2023-06-07T12:10:13","guid":{"rendered":"https:\/\/mockelnforeningarna.se\/kmw\/?page_id=3656"},"modified":"2023-06-07T14:16:21","modified_gmt":"2023-06-07T12:16:21","slug":"motorhistoriska-2023","status":"publish","type":"page","link":"https:\/\/mockelnforeningarna.se\/kmw\/motorhistoriska-2023\/","title":{"rendered":"Motorhistoriska 2023"},"content":{"rendered":"\n<figure class=\"wp-block-gallery has-nested-images columns-default is-cropped wp-block-gallery-1 is-layout-flex wp-block-gallery-is-layout-flex\">\n<figure class=\"wp-block-image size-large\"><a href=\"https:\/\/mockelnforeningarna.se\/app\/uploads\/sites\/34\/2023\/06\/DSC_0002-scaled.jpg\"><img loading=\"lazy\" decoding=\"async\" width=\"1024\" height=\"681\" data-id=\"3641\" src=\"https:\/\/mockelnforeningarna.se\/app\/uploads\/sites\/34\/2023\/06\/DSC_0002-1024x681.jpg\" alt=\"\" class=\"wp-image-3641\" srcset=\"https:\/\/mockelnforeningarna.se\/app\/uploads\/sites\/34\/2023\/06\/DSC_0002-1024x681.jpg 1024w, https:\/\/mockelnforeningarna.se\/app\/uploads\/sites\/34\/2023\/06\/DSC_0002-300x199.jpg 300w, https:\/\/mockelnforeningarna.se\/app\/uploads\/sites\/34\/2023\/06\/DSC_0002-768x511.jpg 768w, https:\/\/mockelnforeningarna.se\/app\/uploads\/sites\/34\/2023\/06\/DSC_0002-1536x1021.jpg 1536w, https:\/\/mockelnforeningarna.se\/app\/uploads\/sites\/34\/2023\/06\/DSC_0002-2048x1362.jpg 2048w, https:\/\/mockelnforeningarna.se\/app\/uploads\/sites\/34\/2023\/06\/DSC_0002-1400x931.jpg 1400w, https:\/\/mockelnforeningarna.se\/app\/uploads\/sites\/34\/2023\/06\/DSC_0002-800x532.jpg 800w, https:\/\/mockelnforeningarna.se\/app\/uploads\/sites\/34\/2023\/06\/DSC_0002-500x332.jpg 500w, https:\/\/mockelnforeningarna.se\/app\/uploads\/sites\/34\/2023\/06\/DSC_0002-1440x957.jpg 1440w, https:\/\/mockelnforeningarna.se\/app\/uploads\/sites\/34\/2023\/06\/DSC_0002-600x399.jpg 600w, https:\/\/mockelnforeningarna.se\/app\/uploads\/sites\/34\/2023\/06\/DSC_0002-1600x1064.jpg 1600w\" sizes=\"auto, (max-width: 1024px) 100vw, 1024px\" \/><\/a><figcaption class=\"wp-element-caption\">M\u00e5nga bilar vid Korpkullen<\/figcaption><\/figure>\n\n\n\n<figure class=\"wp-block-image size-large\"><a href=\"https:\/\/mockelnforeningarna.se\/app\/uploads\/sites\/34\/2023\/06\/DSC_0022-scaled.jpg\"><img loading=\"lazy\" decoding=\"async\" width=\"1024\" height=\"681\" data-id=\"3640\" src=\"https:\/\/mockelnforeningarna.se\/app\/uploads\/sites\/34\/2023\/06\/DSC_0022-1024x681.jpg\" alt=\"\" class=\"wp-image-3640\" srcset=\"https:\/\/mockelnforeningarna.se\/app\/uploads\/sites\/34\/2023\/06\/DSC_0022-1024x681.jpg 1024w, https:\/\/mockelnforeningarna.se\/app\/uploads\/sites\/34\/2023\/06\/DSC_0022-300x199.jpg 300w, https:\/\/mockelnforeningarna.se\/app\/uploads\/sites\/34\/2023\/06\/DSC_0022-768x511.jpg 768w, https:\/\/mockelnforeningarna.se\/app\/uploads\/sites\/34\/2023\/06\/DSC_0022-1536x1021.jpg 1536w, https:\/\/mockelnforeningarna.se\/app\/uploads\/sites\/34\/2023\/06\/DSC_0022-2048x1362.jpg 2048w, https:\/\/mockelnforeningarna.se\/app\/uploads\/sites\/34\/2023\/06\/DSC_0022-1400x931.jpg 1400w, https:\/\/mockelnforeningarna.se\/app\/uploads\/sites\/34\/2023\/06\/DSC_0022-800x532.jpg 800w, https:\/\/mockelnforeningarna.se\/app\/uploads\/sites\/34\/2023\/06\/DSC_0022-500x332.jpg 500w, https:\/\/mockelnforeningarna.se\/app\/uploads\/sites\/34\/2023\/06\/DSC_0022-1440x957.jpg 1440w, https:\/\/mockelnforeningarna.se\/app\/uploads\/sites\/34\/2023\/06\/DSC_0022-600x399.jpg 600w, https:\/\/mockelnforeningarna.se\/app\/uploads\/sites\/34\/2023\/06\/DSC_0022-1600x1064.jpg 1600w\" sizes=\"auto, (max-width: 1024px) 100vw, 1024px\" \/><\/a><figcaption class=\"wp-element-caption\">P\u00e5 v\u00e4g mot Svalbo<\/figcaption><\/figure>\n\n\n\n<figure class=\"wp-block-image size-large\"><a href=\"https:\/\/mockelnforeningarna.se\/app\/uploads\/sites\/34\/2023\/06\/DSC_0041-scaled.jpg\"><img loading=\"lazy\" decoding=\"async\" width=\"1024\" height=\"681\" data-id=\"3646\" src=\"https:\/\/mockelnforeningarna.se\/app\/uploads\/sites\/34\/2023\/06\/DSC_0041-1024x681.jpg\" alt=\"\" class=\"wp-image-3646\" srcset=\"https:\/\/mockelnforeningarna.se\/app\/uploads\/sites\/34\/2023\/06\/DSC_0041-1024x681.jpg 1024w, https:\/\/mockelnforeningarna.se\/app\/uploads\/sites\/34\/2023\/06\/DSC_0041-300x199.jpg 300w, https:\/\/mockelnforeningarna.se\/app\/uploads\/sites\/34\/2023\/06\/DSC_0041-768x511.jpg 768w, https:\/\/mockelnforeningarna.se\/app\/uploads\/sites\/34\/2023\/06\/DSC_0041-1536x1021.jpg 1536w, https:\/\/mockelnforeningarna.se\/app\/uploads\/sites\/34\/2023\/06\/DSC_0041-2048x1362.jpg 2048w, https:\/\/mockelnforeningarna.se\/app\/uploads\/sites\/34\/2023\/06\/DSC_0041-1400x931.jpg 1400w, https:\/\/mockelnforeningarna.se\/app\/uploads\/sites\/34\/2023\/06\/DSC_0041-800x532.jpg 800w, https:\/\/mockelnforeningarna.se\/app\/uploads\/sites\/34\/2023\/06\/DSC_0041-500x332.jpg 500w, https:\/\/mockelnforeningarna.se\/app\/uploads\/sites\/34\/2023\/06\/DSC_0041-1440x957.jpg 1440w, https:\/\/mockelnforeningarna.se\/app\/uploads\/sites\/34\/2023\/06\/DSC_0041-600x399.jpg 600w, https:\/\/mockelnforeningarna.se\/app\/uploads\/sites\/34\/2023\/06\/DSC_0041-1600x1064.jpg 1600w\" sizes=\"auto, (max-width: 1024px) 100vw, 1024px\" \/><\/a><figcaption class=\"wp-element-caption\">Framme&#8230;<\/figcaption><\/figure>\n\n\n\n<figure class=\"wp-block-image size-large\"><a href=\"https:\/\/mockelnforeningarna.se\/app\/uploads\/sites\/34\/2023\/06\/DSC_0022-1-scaled.jpg\"><img loading=\"lazy\" decoding=\"async\" width=\"1024\" height=\"681\" data-id=\"3643\" src=\"https:\/\/mockelnforeningarna.se\/app\/uploads\/sites\/34\/2023\/06\/DSC_0022-1-1024x681.jpg\" alt=\"\" class=\"wp-image-3643\" srcset=\"https:\/\/mockelnforeningarna.se\/app\/uploads\/sites\/34\/2023\/06\/DSC_0022-1-1024x681.jpg 1024w, https:\/\/mockelnforeningarna.se\/app\/uploads\/sites\/34\/2023\/06\/DSC_0022-1-300x199.jpg 300w, https:\/\/mockelnforeningarna.se\/app\/uploads\/sites\/34\/2023\/06\/DSC_0022-1-768x511.jpg 768w, https:\/\/mockelnforeningarna.se\/app\/uploads\/sites\/34\/2023\/06\/DSC_0022-1-1536x1021.jpg 1536w, https:\/\/mockelnforeningarna.se\/app\/uploads\/sites\/34\/2023\/06\/DSC_0022-1-2048x1362.jpg 2048w, https:\/\/mockelnforeningarna.se\/app\/uploads\/sites\/34\/2023\/06\/DSC_0022-1-1400x931.jpg 1400w, https:\/\/mockelnforeningarna.se\/app\/uploads\/sites\/34\/2023\/06\/DSC_0022-1-800x532.jpg 800w, https:\/\/mockelnforeningarna.se\/app\/uploads\/sites\/34\/2023\/06\/DSC_0022-1-500x332.jpg 500w, https:\/\/mockelnforeningarna.se\/app\/uploads\/sites\/34\/2023\/06\/DSC_0022-1-1440x957.jpg 1440w, https:\/\/mockelnforeningarna.se\/app\/uploads\/sites\/34\/2023\/06\/DSC_0022-1-600x399.jpg 600w, https:\/\/mockelnforeningarna.se\/app\/uploads\/sites\/34\/2023\/06\/DSC_0022-1-1600x1064.jpg 1600w\" sizes=\"auto, (max-width: 1024px) 100vw, 1024px\" \/><\/a><figcaption class=\"wp-element-caption\">Parkerade vid Svalbo<\/figcaption><\/figure>\n\n\n\n<figure class=\"wp-block-image size-large\"><a href=\"https:\/\/mockelnforeningarna.se\/app\/uploads\/sites\/34\/2023\/06\/DSC_0036-scaled.jpg\"><img loading=\"lazy\" decoding=\"async\" width=\"1024\" height=\"681\" data-id=\"3645\" src=\"https:\/\/mockelnforeningarna.se\/app\/uploads\/sites\/34\/2023\/06\/DSC_0036-1024x681.jpg\" alt=\"\" class=\"wp-image-3645\" srcset=\"https:\/\/mockelnforeningarna.se\/app\/uploads\/sites\/34\/2023\/06\/DSC_0036-1024x681.jpg 1024w, https:\/\/mockelnforeningarna.se\/app\/uploads\/sites\/34\/2023\/06\/DSC_0036-300x199.jpg 300w, https:\/\/mockelnforeningarna.se\/app\/uploads\/sites\/34\/2023\/06\/DSC_0036-768x511.jpg 768w, https:\/\/mockelnforeningarna.se\/app\/uploads\/sites\/34\/2023\/06\/DSC_0036-1536x1021.jpg 1536w, https:\/\/mockelnforeningarna.se\/app\/uploads\/sites\/34\/2023\/06\/DSC_0036-2048x1362.jpg 2048w, https:\/\/mockelnforeningarna.se\/app\/uploads\/sites\/34\/2023\/06\/DSC_0036-1400x931.jpg 1400w, https:\/\/mockelnforeningarna.se\/app\/uploads\/sites\/34\/2023\/06\/DSC_0036-800x532.jpg 800w, https:\/\/mockelnforeningarna.se\/app\/uploads\/sites\/34\/2023\/06\/DSC_0036-500x332.jpg 500w, https:\/\/mockelnforeningarna.se\/app\/uploads\/sites\/34\/2023\/06\/DSC_0036-1440x957.jpg 1440w, https:\/\/mockelnforeningarna.se\/app\/uploads\/sites\/34\/2023\/06\/DSC_0036-600x399.jpg 600w, https:\/\/mockelnforeningarna.se\/app\/uploads\/sites\/34\/2023\/06\/DSC_0036-1600x1064.jpg 1600w\" sizes=\"auto, (max-width: 1024px) 100vw, 1024px\" \/><\/a><figcaption class=\"wp-element-caption\">Picknick i det gr\u00f6na<\/figcaption><\/figure>\n\n\n\n<figure class=\"wp-block-image size-large\"><a href=\"https:\/\/mockelnforeningarna.se\/app\/uploads\/sites\/34\/2023\/06\/DSC_0028-scaled.jpg\"><img loading=\"lazy\" decoding=\"async\" width=\"1024\" height=\"681\" data-id=\"3644\" src=\"https:\/\/mockelnforeningarna.se\/app\/uploads\/sites\/34\/2023\/06\/DSC_0028-1024x681.jpg\" alt=\"\" class=\"wp-image-3644\" srcset=\"https:\/\/mockelnforeningarna.se\/app\/uploads\/sites\/34\/2023\/06\/DSC_0028-1024x681.jpg 1024w, https:\/\/mockelnforeningarna.se\/app\/uploads\/sites\/34\/2023\/06\/DSC_0028-300x199.jpg 300w, https:\/\/mockelnforeningarna.se\/app\/uploads\/sites\/34\/2023\/06\/DSC_0028-768x511.jpg 768w, https:\/\/mockelnforeningarna.se\/app\/uploads\/sites\/34\/2023\/06\/DSC_0028-1536x1021.jpg 1536w, https:\/\/mockelnforeningarna.se\/app\/uploads\/sites\/34\/2023\/06\/DSC_0028-2048x1362.jpg 2048w, https:\/\/mockelnforeningarna.se\/app\/uploads\/sites\/34\/2023\/06\/DSC_0028-1400x931.jpg 1400w, https:\/\/mockelnforeningarna.se\/app\/uploads\/sites\/34\/2023\/06\/DSC_0028-800x532.jpg 800w, https:\/\/mockelnforeningarna.se\/app\/uploads\/sites\/34\/2023\/06\/DSC_0028-500x332.jpg 500w, https:\/\/mockelnforeningarna.se\/app\/uploads\/sites\/34\/2023\/06\/DSC_0028-1440x957.jpg 1440w, https:\/\/mockelnforeningarna.se\/app\/uploads\/sites\/34\/2023\/06\/DSC_0028-600x399.jpg 600w, https:\/\/mockelnforeningarna.se\/app\/uploads\/sites\/34\/2023\/06\/DSC_0028-1600x1064.jpg 1600w\" sizes=\"auto, (max-width: 1024px) 100vw, 1024px\" \/><\/a><figcaption class=\"wp-element-caption\">Fika i glade v\u00e4nners lag.<\/figcaption><\/figure>\n\n\n\n<figure class=\"wp-block-image size-large\"><a href=\"https:\/\/mockelnforeningarna.se\/app\/uploads\/sites\/34\/2023\/06\/DSC_0016-scaled.jpg\"><img loading=\"lazy\" decoding=\"async\" width=\"1024\" height=\"681\" data-id=\"3642\" src=\"https:\/\/mockelnforeningarna.se\/app\/uploads\/sites\/34\/2023\/06\/DSC_0016-1024x681.jpg\" alt=\"\" class=\"wp-image-3642\" srcset=\"https:\/\/mockelnforeningarna.se\/app\/uploads\/sites\/34\/2023\/06\/DSC_0016-1024x681.jpg 1024w, https:\/\/mockelnforeningarna.se\/app\/uploads\/sites\/34\/2023\/06\/DSC_0016-300x199.jpg 300w, https:\/\/mockelnforeningarna.se\/app\/uploads\/sites\/34\/2023\/06\/DSC_0016-768x511.jpg 768w, https:\/\/mockelnforeningarna.se\/app\/uploads\/sites\/34\/2023\/06\/DSC_0016-1536x1021.jpg 1536w, https:\/\/mockelnforeningarna.se\/app\/uploads\/sites\/34\/2023\/06\/DSC_0016-2048x1362.jpg 2048w, https:\/\/mockelnforeningarna.se\/app\/uploads\/sites\/34\/2023\/06\/DSC_0016-1400x931.jpg 1400w, https:\/\/mockelnforeningarna.se\/app\/uploads\/sites\/34\/2023\/06\/DSC_0016-800x532.jpg 800w, https:\/\/mockelnforeningarna.se\/app\/uploads\/sites\/34\/2023\/06\/DSC_0016-500x332.jpg 500w, https:\/\/mockelnforeningarna.se\/app\/uploads\/sites\/34\/2023\/06\/DSC_0016-1440x957.jpg 1440w, https:\/\/mockelnforeningarna.se\/app\/uploads\/sites\/34\/2023\/06\/DSC_0016-600x399.jpg 600w, https:\/\/mockelnforeningarna.se\/app\/uploads\/sites\/34\/2023\/06\/DSC_0016-1600x1064.jpg 1600w\" sizes=\"auto, (max-width: 1024px) 100vw, 1024px\" \/><\/a><figcaption class=\"wp-element-caption\">Uppst\u00e4llda p\u00e5 g\u00e4rdet.<\/figcaption><\/figure>\n<\/figure>\n","protected":false},"excerpt":{"rendered":"","protected":false},"author":112,"featured_media":0,"parent":0,"menu_order":0,"comment_status":"closed","ping_status":"closed","template":"","meta":{"footnotes":""},"class_list":["post-3656","page","type-page","status-publish","hentry"],"_links":{"self":[{"href":"https:\/\/mockelnforeningarna.se\/kmw\/wp-json\/wp\/v2\/pages\/3656","targetHints":{"allow":["GET"]}}],"collection":[{"href":"https:\/\/mockelnforeningarna.se\/kmw\/wp-json\/wp\/v2\/pages"}],"about":[{"href":"https:\/\/mockelnforeningarna.se\/kmw\/wp-json\/wp\/v2\/types\/page"}],"author":[{"embeddable":true,"href":"https:\/\/mockelnforeningarna.se\/kmw\/wp-json\/wp\/v2\/users\/112"}],"replies":[{"embeddable":true,"href":"https:\/\/mockelnforeningarna.se\/kmw\/wp-json\/wp\/v2\/comments?post=3656"}],"version-history":[{"count":2,"href":"https:\/\/mockelnforeningarna.se\/kmw\/wp-json\/wp\/v2\/pages\/3656\/revisions"}],"predecessor-version":[{"id":3659,"href":"https:\/\/mockelnforeningarna.se\/kmw\/wp-json\/wp\/v2\/pages\/3656\/revisions\/3659"}],"wp:attachment":[{"href":"https:\/\/mockelnforeningarna.se\/kmw\/wp-json\/wp\/v2\/media?parent=3656"}],"curies":[{"name":"wp","href":"https:\/\/api.w.org\/{rel}","templated":true}]}}