{"id":3713,"date":"2023-08-07T12:09:17","date_gmt":"2023-08-07T10:09:17","guid":{"rendered":"https:\/\/mockelnforeningarna.se\/kmw\/?page_id=3713"},"modified":"2023-08-07T12:13:12","modified_gmt":"2023-08-07T10:13:12","slug":"mopedrallyt-23","status":"publish","type":"page","link":"https:\/\/mockelnforeningarna.se\/kmw\/mopedrallyt-23\/","title":{"rendered":"Mopedrallyt -23"},"content":{"rendered":"\n<figure class=\"wp-block-gallery has-nested-images columns-default is-cropped wp-block-gallery-1 is-layout-flex wp-block-gallery-is-layout-flex\">\n<figure class=\"wp-block-image size-large\"><a href=\"https:\/\/mockelnforeningarna.se\/app\/uploads\/sites\/34\/2023\/08\/DSC_0002-scaled.jpg\"><img loading=\"lazy\" decoding=\"async\" width=\"1024\" height=\"681\" data-id=\"3697\" src=\"https:\/\/mockelnforeningarna.se\/app\/uploads\/sites\/34\/2023\/08\/DSC_0002-1024x681.jpg\" alt=\"\" class=\"wp-image-3697\" srcset=\"https:\/\/mockelnforeningarna.se\/app\/uploads\/sites\/34\/2023\/08\/DSC_0002-1024x681.jpg 1024w, https:\/\/mockelnforeningarna.se\/app\/uploads\/sites\/34\/2023\/08\/DSC_0002-300x199.jpg 300w, https:\/\/mockelnforeningarna.se\/app\/uploads\/sites\/34\/2023\/08\/DSC_0002-768x511.jpg 768w, https:\/\/mockelnforeningarna.se\/app\/uploads\/sites\/34\/2023\/08\/DSC_0002-1536x1021.jpg 1536w, https:\/\/mockelnforeningarna.se\/app\/uploads\/sites\/34\/2023\/08\/DSC_0002-2048x1362.jpg 2048w, https:\/\/mockelnforeningarna.se\/app\/uploads\/sites\/34\/2023\/08\/DSC_0002-1400x931.jpg 1400w, https:\/\/mockelnforeningarna.se\/app\/uploads\/sites\/34\/2023\/08\/DSC_0002-800x532.jpg 800w, https:\/\/mockelnforeningarna.se\/app\/uploads\/sites\/34\/2023\/08\/DSC_0002-500x332.jpg 500w, https:\/\/mockelnforeningarna.se\/app\/uploads\/sites\/34\/2023\/08\/DSC_0002-1440x957.jpg 1440w, https:\/\/mockelnforeningarna.se\/app\/uploads\/sites\/34\/2023\/08\/DSC_0002-600x399.jpg 600w, https:\/\/mockelnforeningarna.se\/app\/uploads\/sites\/34\/2023\/08\/DSC_0002-1600x1064.jpg 1600w\" sizes=\"auto, (max-width: 1024px) 100vw, 1024px\" \/><\/a><figcaption class=\"wp-element-caption\">Samling vid starten.<\/figcaption><\/figure>\n\n\n\n<figure class=\"wp-block-image size-large\"><a href=\"https:\/\/mockelnforeningarna.se\/app\/uploads\/sites\/34\/2023\/08\/DSC_0025-scaled.jpg\"><img loading=\"lazy\" decoding=\"async\" width=\"1024\" height=\"681\" data-id=\"3701\" src=\"https:\/\/mockelnforeningarna.se\/app\/uploads\/sites\/34\/2023\/08\/DSC_0025-1024x681.jpg\" alt=\"\" class=\"wp-image-3701\" srcset=\"https:\/\/mockelnforeningarna.se\/app\/uploads\/sites\/34\/2023\/08\/DSC_0025-1024x681.jpg 1024w, https:\/\/mockelnforeningarna.se\/app\/uploads\/sites\/34\/2023\/08\/DSC_0025-300x199.jpg 300w, https:\/\/mockelnforeningarna.se\/app\/uploads\/sites\/34\/2023\/08\/DSC_0025-768x511.jpg 768w, https:\/\/mockelnforeningarna.se\/app\/uploads\/sites\/34\/2023\/08\/DSC_0025-1536x1021.jpg 1536w, https:\/\/mockelnforeningarna.se\/app\/uploads\/sites\/34\/2023\/08\/DSC_0025-2048x1362.jpg 2048w, https:\/\/mockelnforeningarna.se\/app\/uploads\/sites\/34\/2023\/08\/DSC_0025-1400x931.jpg 1400w, https:\/\/mockelnforeningarna.se\/app\/uploads\/sites\/34\/2023\/08\/DSC_0025-800x532.jpg 800w, https:\/\/mockelnforeningarna.se\/app\/uploads\/sites\/34\/2023\/08\/DSC_0025-500x332.jpg 500w, https:\/\/mockelnforeningarna.se\/app\/uploads\/sites\/34\/2023\/08\/DSC_0025-1440x957.jpg 1440w, https:\/\/mockelnforeningarna.se\/app\/uploads\/sites\/34\/2023\/08\/DSC_0025-600x399.jpg 600w, https:\/\/mockelnforeningarna.se\/app\/uploads\/sites\/34\/2023\/08\/DSC_0025-1600x1064.jpg 1600w\" sizes=\"auto, (max-width: 1024px) 100vw, 1024px\" \/><\/a><figcaption class=\"wp-element-caption\">Iv\u00e4g i bl\u00e5r\u00f6k<\/figcaption><\/figure>\n\n\n\n<figure class=\"wp-block-image size-large\"><a href=\"https:\/\/mockelnforeningarna.se\/app\/uploads\/sites\/34\/2023\/08\/DSC_0043-scaled.jpg\"><img loading=\"lazy\" decoding=\"async\" width=\"1024\" height=\"681\" data-id=\"3703\" src=\"https:\/\/mockelnforeningarna.se\/app\/uploads\/sites\/34\/2023\/08\/DSC_0043-1024x681.jpg\" alt=\"\" class=\"wp-image-3703\" srcset=\"https:\/\/mockelnforeningarna.se\/app\/uploads\/sites\/34\/2023\/08\/DSC_0043-1024x681.jpg 1024w, https:\/\/mockelnforeningarna.se\/app\/uploads\/sites\/34\/2023\/08\/DSC_0043-300x199.jpg 300w, https:\/\/mockelnforeningarna.se\/app\/uploads\/sites\/34\/2023\/08\/DSC_0043-768x511.jpg 768w, https:\/\/mockelnforeningarna.se\/app\/uploads\/sites\/34\/2023\/08\/DSC_0043-1536x1021.jpg 1536w, https:\/\/mockelnforeningarna.se\/app\/uploads\/sites\/34\/2023\/08\/DSC_0043-2048x1362.jpg 2048w, https:\/\/mockelnforeningarna.se\/app\/uploads\/sites\/34\/2023\/08\/DSC_0043-1400x931.jpg 1400w, https:\/\/mockelnforeningarna.se\/app\/uploads\/sites\/34\/2023\/08\/DSC_0043-800x532.jpg 800w, https:\/\/mockelnforeningarna.se\/app\/uploads\/sites\/34\/2023\/08\/DSC_0043-500x332.jpg 500w, https:\/\/mockelnforeningarna.se\/app\/uploads\/sites\/34\/2023\/08\/DSC_0043-1440x957.jpg 1440w, https:\/\/mockelnforeningarna.se\/app\/uploads\/sites\/34\/2023\/08\/DSC_0043-600x399.jpg 600w, https:\/\/mockelnforeningarna.se\/app\/uploads\/sites\/34\/2023\/08\/DSC_0043-1600x1064.jpg 1600w\" sizes=\"auto, (max-width: 1024px) 100vw, 1024px\" \/><\/a><figcaption class=\"wp-element-caption\">Och hur har vi det med tutan?<\/figcaption><\/figure>\n\n\n\n<figure class=\"wp-block-image size-large\"><a href=\"https:\/\/mockelnforeningarna.se\/app\/uploads\/sites\/34\/2023\/08\/DSC_0042-scaled.jpg\"><img loading=\"lazy\" decoding=\"async\" width=\"1024\" height=\"681\" data-id=\"3702\" src=\"https:\/\/mockelnforeningarna.se\/app\/uploads\/sites\/34\/2023\/08\/DSC_0042-1024x681.jpg\" alt=\"\" class=\"wp-image-3702\" srcset=\"https:\/\/mockelnforeningarna.se\/app\/uploads\/sites\/34\/2023\/08\/DSC_0042-1024x681.jpg 1024w, https:\/\/mockelnforeningarna.se\/app\/uploads\/sites\/34\/2023\/08\/DSC_0042-300x199.jpg 300w, https:\/\/mockelnforeningarna.se\/app\/uploads\/sites\/34\/2023\/08\/DSC_0042-768x511.jpg 768w, https:\/\/mockelnforeningarna.se\/app\/uploads\/sites\/34\/2023\/08\/DSC_0042-1536x1021.jpg 1536w, https:\/\/mockelnforeningarna.se\/app\/uploads\/sites\/34\/2023\/08\/DSC_0042-2048x1362.jpg 2048w, https:\/\/mockelnforeningarna.se\/app\/uploads\/sites\/34\/2023\/08\/DSC_0042-1400x931.jpg 1400w, https:\/\/mockelnforeningarna.se\/app\/uploads\/sites\/34\/2023\/08\/DSC_0042-800x532.jpg 800w, https:\/\/mockelnforeningarna.se\/app\/uploads\/sites\/34\/2023\/08\/DSC_0042-500x332.jpg 500w, https:\/\/mockelnforeningarna.se\/app\/uploads\/sites\/34\/2023\/08\/DSC_0042-1440x957.jpg 1440w, https:\/\/mockelnforeningarna.se\/app\/uploads\/sites\/34\/2023\/08\/DSC_0042-600x399.jpg 600w, https:\/\/mockelnforeningarna.se\/app\/uploads\/sites\/34\/2023\/08\/DSC_0042-1600x1064.jpg 1600w\" sizes=\"auto, (max-width: 1024px) 100vw, 1024px\" \/><\/a><figcaption class=\"wp-element-caption\">P\u00e5 v\u00e4g i l\u00e5nga rader<\/figcaption><\/figure>\n\n\n\n<figure class=\"wp-block-image size-large\"><a href=\"https:\/\/mockelnforeningarna.se\/app\/uploads\/sites\/34\/2023\/08\/DSC_0097-scaled.jpg\"><img loading=\"lazy\" decoding=\"async\" width=\"1024\" height=\"681\" data-id=\"3706\" src=\"https:\/\/mockelnforeningarna.se\/app\/uploads\/sites\/34\/2023\/08\/DSC_0097-1024x681.jpg\" alt=\"\" class=\"wp-image-3706\" srcset=\"https:\/\/mockelnforeningarna.se\/app\/uploads\/sites\/34\/2023\/08\/DSC_0097-1024x681.jpg 1024w, https:\/\/mockelnforeningarna.se\/app\/uploads\/sites\/34\/2023\/08\/DSC_0097-300x199.jpg 300w, https:\/\/mockelnforeningarna.se\/app\/uploads\/sites\/34\/2023\/08\/DSC_0097-768x511.jpg 768w, https:\/\/mockelnforeningarna.se\/app\/uploads\/sites\/34\/2023\/08\/DSC_0097-1536x1021.jpg 1536w, https:\/\/mockelnforeningarna.se\/app\/uploads\/sites\/34\/2023\/08\/DSC_0097-2048x1362.jpg 2048w, https:\/\/mockelnforeningarna.se\/app\/uploads\/sites\/34\/2023\/08\/DSC_0097-1400x931.jpg 1400w, https:\/\/mockelnforeningarna.se\/app\/uploads\/sites\/34\/2023\/08\/DSC_0097-800x532.jpg 800w, https:\/\/mockelnforeningarna.se\/app\/uploads\/sites\/34\/2023\/08\/DSC_0097-500x332.jpg 500w, https:\/\/mockelnforeningarna.se\/app\/uploads\/sites\/34\/2023\/08\/DSC_0097-1440x957.jpg 1440w, https:\/\/mockelnforeningarna.se\/app\/uploads\/sites\/34\/2023\/08\/DSC_0097-600x399.jpg 600w, https:\/\/mockelnforeningarna.se\/app\/uploads\/sites\/34\/2023\/08\/DSC_0097-1600x1064.jpg 1600w\" sizes=\"auto, (max-width: 1024px) 100vw, 1024px\" \/><\/a><figcaption class=\"wp-element-caption\">Hmmm, hur m\u00e5nga kugg&#8230;<\/figcaption><\/figure>\n\n\n\n<figure class=\"wp-block-image size-large\"><a href=\"https:\/\/mockelnforeningarna.se\/app\/uploads\/sites\/34\/2023\/08\/DSC_0102-scaled.jpg\"><img loading=\"lazy\" decoding=\"async\" width=\"1024\" height=\"681\" data-id=\"3707\" src=\"https:\/\/mockelnforeningarna.se\/app\/uploads\/sites\/34\/2023\/08\/DSC_0102-1024x681.jpg\" alt=\"\" class=\"wp-image-3707\" srcset=\"https:\/\/mockelnforeningarna.se\/app\/uploads\/sites\/34\/2023\/08\/DSC_0102-1024x681.jpg 1024w, https:\/\/mockelnforeningarna.se\/app\/uploads\/sites\/34\/2023\/08\/DSC_0102-300x199.jpg 300w, https:\/\/mockelnforeningarna.se\/app\/uploads\/sites\/34\/2023\/08\/DSC_0102-768x511.jpg 768w, https:\/\/mockelnforeningarna.se\/app\/uploads\/sites\/34\/2023\/08\/DSC_0102-1536x1021.jpg 1536w, https:\/\/mockelnforeningarna.se\/app\/uploads\/sites\/34\/2023\/08\/DSC_0102-2048x1362.jpg 2048w, https:\/\/mockelnforeningarna.se\/app\/uploads\/sites\/34\/2023\/08\/DSC_0102-1400x931.jpg 1400w, https:\/\/mockelnforeningarna.se\/app\/uploads\/sites\/34\/2023\/08\/DSC_0102-800x532.jpg 800w, https:\/\/mockelnforeningarna.se\/app\/uploads\/sites\/34\/2023\/08\/DSC_0102-500x332.jpg 500w, https:\/\/mockelnforeningarna.se\/app\/uploads\/sites\/34\/2023\/08\/DSC_0102-1440x957.jpg 1440w, https:\/\/mockelnforeningarna.se\/app\/uploads\/sites\/34\/2023\/08\/DSC_0102-600x399.jpg 600w, https:\/\/mockelnforeningarna.se\/app\/uploads\/sites\/34\/2023\/08\/DSC_0102-1600x1064.jpg 1600w\" sizes=\"auto, (max-width: 1024px) 100vw, 1024px\" \/><\/a><figcaption class=\"wp-element-caption\">Det ska b\u00f6jas i  tid. Theodor H\u00f6gberg bakom pappa Krister Lindgren<\/figcaption><\/figure>\n\n\n\n<figure class=\"wp-block-image size-large\"><a href=\"https:\/\/mockelnforeningarna.se\/app\/uploads\/sites\/34\/2023\/08\/DSC_0110-scaled.jpg\"><img loading=\"lazy\" decoding=\"async\" width=\"1024\" height=\"681\" data-id=\"3708\" src=\"https:\/\/mockelnforeningarna.se\/app\/uploads\/sites\/34\/2023\/08\/DSC_0110-1024x681.jpg\" alt=\"\" class=\"wp-image-3708\" srcset=\"https:\/\/mockelnforeningarna.se\/app\/uploads\/sites\/34\/2023\/08\/DSC_0110-1024x681.jpg 1024w, https:\/\/mockelnforeningarna.se\/app\/uploads\/sites\/34\/2023\/08\/DSC_0110-300x199.jpg 300w, https:\/\/mockelnforeningarna.se\/app\/uploads\/sites\/34\/2023\/08\/DSC_0110-768x511.jpg 768w, https:\/\/mockelnforeningarna.se\/app\/uploads\/sites\/34\/2023\/08\/DSC_0110-1536x1021.jpg 1536w, https:\/\/mockelnforeningarna.se\/app\/uploads\/sites\/34\/2023\/08\/DSC_0110-2048x1362.jpg 2048w, https:\/\/mockelnforeningarna.se\/app\/uploads\/sites\/34\/2023\/08\/DSC_0110-1400x931.jpg 1400w, https:\/\/mockelnforeningarna.se\/app\/uploads\/sites\/34\/2023\/08\/DSC_0110-800x532.jpg 800w, https:\/\/mockelnforeningarna.se\/app\/uploads\/sites\/34\/2023\/08\/DSC_0110-500x332.jpg 500w, https:\/\/mockelnforeningarna.se\/app\/uploads\/sites\/34\/2023\/08\/DSC_0110-1440x957.jpg 1440w, https:\/\/mockelnforeningarna.se\/app\/uploads\/sites\/34\/2023\/08\/DSC_0110-600x399.jpg 600w, https:\/\/mockelnforeningarna.se\/app\/uploads\/sites\/34\/2023\/08\/DSC_0110-1600x1064.jpg 1600w\" sizes=\"auto, (max-width: 1024px) 100vw, 1024px\" \/><\/a><figcaption class=\"wp-element-caption\">Bosse Gustavssons snygga hembygge.<\/figcaption><\/figure>\n\n\n\n<figure class=\"wp-block-image size-large\"><a href=\"https:\/\/mockelnforeningarna.se\/app\/uploads\/sites\/34\/2023\/08\/DSC_0070-scaled.jpg\"><img loading=\"lazy\" decoding=\"async\" width=\"1024\" height=\"681\" data-id=\"3704\" src=\"https:\/\/mockelnforeningarna.se\/app\/uploads\/sites\/34\/2023\/08\/DSC_0070-1024x681.jpg\" alt=\"\" class=\"wp-image-3704\" srcset=\"https:\/\/mockelnforeningarna.se\/app\/uploads\/sites\/34\/2023\/08\/DSC_0070-1024x681.jpg 1024w, https:\/\/mockelnforeningarna.se\/app\/uploads\/sites\/34\/2023\/08\/DSC_0070-300x199.jpg 300w, https:\/\/mockelnforeningarna.se\/app\/uploads\/sites\/34\/2023\/08\/DSC_0070-768x511.jpg 768w, https:\/\/mockelnforeningarna.se\/app\/uploads\/sites\/34\/2023\/08\/DSC_0070-1536x1021.jpg 1536w, https:\/\/mockelnforeningarna.se\/app\/uploads\/sites\/34\/2023\/08\/DSC_0070-2048x1362.jpg 2048w, https:\/\/mockelnforeningarna.se\/app\/uploads\/sites\/34\/2023\/08\/DSC_0070-1400x931.jpg 1400w, https:\/\/mockelnforeningarna.se\/app\/uploads\/sites\/34\/2023\/08\/DSC_0070-800x532.jpg 800w, https:\/\/mockelnforeningarna.se\/app\/uploads\/sites\/34\/2023\/08\/DSC_0070-500x332.jpg 500w, https:\/\/mockelnforeningarna.se\/app\/uploads\/sites\/34\/2023\/08\/DSC_0070-1440x957.jpg 1440w, https:\/\/mockelnforeningarna.se\/app\/uploads\/sites\/34\/2023\/08\/DSC_0070-600x399.jpg 600w, https:\/\/mockelnforeningarna.se\/app\/uploads\/sites\/34\/2023\/08\/DSC_0070-1600x1064.jpg 1600w\" sizes=\"auto, (max-width: 1024px) 100vw, 1024px\" \/><\/a><figcaption class=\"wp-element-caption\">P\u00e5 v\u00e4g mot m\u00e5let&#8230;<\/figcaption><\/figure>\n\n\n\n<figure class=\"wp-block-image size-large\"><a href=\"https:\/\/mockelnforeningarna.se\/app\/uploads\/sites\/34\/2023\/08\/DSC_0141-scaled.jpg\"><img loading=\"lazy\" decoding=\"async\" width=\"1024\" height=\"681\" data-id=\"3709\" src=\"https:\/\/mockelnforeningarna.se\/app\/uploads\/sites\/34\/2023\/08\/DSC_0141-1024x681.jpg\" alt=\"\" class=\"wp-image-3709\" srcset=\"https:\/\/mockelnforeningarna.se\/app\/uploads\/sites\/34\/2023\/08\/DSC_0141-1024x681.jpg 1024w, https:\/\/mockelnforeningarna.se\/app\/uploads\/sites\/34\/2023\/08\/DSC_0141-300x199.jpg 300w, https:\/\/mockelnforeningarna.se\/app\/uploads\/sites\/34\/2023\/08\/DSC_0141-768x511.jpg 768w, https:\/\/mockelnforeningarna.se\/app\/uploads\/sites\/34\/2023\/08\/DSC_0141-1536x1021.jpg 1536w, https:\/\/mockelnforeningarna.se\/app\/uploads\/sites\/34\/2023\/08\/DSC_0141-2048x1362.jpg 2048w, https:\/\/mockelnforeningarna.se\/app\/uploads\/sites\/34\/2023\/08\/DSC_0141-1400x931.jpg 1400w, https:\/\/mockelnforeningarna.se\/app\/uploads\/sites\/34\/2023\/08\/DSC_0141-800x532.jpg 800w, https:\/\/mockelnforeningarna.se\/app\/uploads\/sites\/34\/2023\/08\/DSC_0141-500x332.jpg 500w, https:\/\/mockelnforeningarna.se\/app\/uploads\/sites\/34\/2023\/08\/DSC_0141-1440x957.jpg 1440w, https:\/\/mockelnforeningarna.se\/app\/uploads\/sites\/34\/2023\/08\/DSC_0141-600x399.jpg 600w, https:\/\/mockelnforeningarna.se\/app\/uploads\/sites\/34\/2023\/08\/DSC_0141-1600x1064.jpg 1600w\" sizes=\"auto, (max-width: 1024px) 100vw, 1024px\" \/><\/a><figcaption class=\"wp-element-caption\">Fredrik Johansson vann.<\/figcaption><\/figure>\n<\/figure>\n","protected":false},"excerpt":{"rendered":"","protected":false},"author":112,"featured_media":0,"parent":0,"menu_order":0,"comment_status":"closed","ping_status":"closed","template":"","meta":{"footnotes":""},"class_list":["post-3713","page","type-page","status-publish","hentry"],"_links":{"self":[{"href":"https:\/\/mockelnforeningarna.se\/kmw\/wp-json\/wp\/v2\/pages\/3713","targetHints":{"allow":["GET"]}}],"collection":[{"href":"https:\/\/mockelnforeningarna.se\/kmw\/wp-json\/wp\/v2\/pages"}],"about":[{"href":"https:\/\/mockelnforeningarna.se\/kmw\/wp-json\/wp\/v2\/types\/page"}],"author":[{"embeddable":true,"href":"https:\/\/mockelnforeningarna.se\/kmw\/wp-json\/wp\/v2\/users\/112"}],"replies":[{"embeddable":true,"href":"https:\/\/mockelnforeningarna.se\/kmw\/wp-json\/wp\/v2\/comments?post=3713"}],"version-history":[{"count":1,"href":"https:\/\/mockelnforeningarna.se\/kmw\/wp-json\/wp\/v2\/pages\/3713\/revisions"}],"predecessor-version":[{"id":3714,"href":"https:\/\/mockelnforeningarna.se\/kmw\/wp-json\/wp\/v2\/pages\/3713\/revisions\/3714"}],"wp:attachment":[{"href":"https:\/\/mockelnforeningarna.se\/kmw\/wp-json\/wp\/v2\/media?parent=3713"}],"curies":[{"name":"wp","href":"https:\/\/api.w.org\/{rel}","templated":true}]}}