{"id":439,"date":"2014-12-03T13:39:35","date_gmt":"2014-12-03T12:39:35","guid":{"rendered":"https:\/\/mockelnforeningarna.se\/kmw\/?page_id=439"},"modified":"2014-12-03T13:39:35","modified_gmt":"2014-12-03T12:39:35","slug":"mhrf-nytt","status":"publish","type":"page","link":"https:\/\/mockelnforeningarna.se\/kmw\/mhrf-nytt\/","title":{"rendered":"MHRF-nytt"},"content":{"rendered":"<p>Under den h\u00e4r fliken kan du l\u00e4sa senaste nytt fr\u00e5n Motorhistoriska Riksf\u00f6rbundet.<\/p>\n","protected":false},"excerpt":{"rendered":"<p>Under den h\u00e4r fliken kan du l\u00e4sa senaste nytt fr\u00e5n Motorhistoriska Riksf\u00f6rbundet.<\/p>\n","protected":false},"author":44,"featured_media":0,"parent":0,"menu_order":0,"comment_status":"open","ping_status":"open","template":"","meta":{"footnotes":""},"class_list":["post-439","page","type-page","status-publish","hentry"],"_links":{"self":[{"href":"https:\/\/mockelnforeningarna.se\/kmw\/wp-json\/wp\/v2\/pages\/439","targetHints":{"allow":["GET"]}}],"collection":[{"href":"https:\/\/mockelnforeningarna.se\/kmw\/wp-json\/wp\/v2\/pages"}],"about":[{"href":"https:\/\/mockelnforeningarna.se\/kmw\/wp-json\/wp\/v2\/types\/page"}],"author":[{"embeddable":true,"href":"https:\/\/mockelnforeningarna.se\/kmw\/wp-json\/wp\/v2\/users\/44"}],"replies":[{"embeddable":true,"href":"https:\/\/mockelnforeningarna.se\/kmw\/wp-json\/wp\/v2\/comments?post=439"}],"version-history":[{"count":0,"href":"https:\/\/mockelnforeningarna.se\/kmw\/wp-json\/wp\/v2\/pages\/439\/revisions"}],"wp:attachment":[{"href":"https:\/\/mockelnforeningarna.se\/kmw\/wp-json\/wp\/v2\/media?parent=439"}],"curies":[{"name":"wp","href":"https:\/\/api.w.org\/{rel}","templated":true}]}}