{"id":133,"date":"2013-04-18T09:56:49","date_gmt":"2013-04-18T07:56:49","guid":{"rendered":"https:\/\/mockelnforeningarna.se\/kontaktservice\/?page_id=133"},"modified":"2022-12-12T13:17:40","modified_gmt":"2022-12-12T12:17:40","slug":"lankar","status":"publish","type":"page","link":"https:\/\/mockelnforeningarna.se\/kontaktservice\/lankar\/","title":{"rendered":"L\u00e4nkar"},"content":{"rendered":"\n<p style=\"margin-top:var(--wp--preset--spacing--large)\"><strong>H\u00e4r finns det f\u00f6rslag p\u00e5 sidor som kan vara till nytta. Klicka p\u00e5 en textrad som b\u00f6rjar p\u00e5 &#8221;https&#8221;. Det \u00e4r en l\u00e4nk. N\u00e4r du klickar p\u00e5 den, \u00f6ppnas ett nytt f\u00f6nster i webbl\u00e4saren, men detta f\u00f6nstret blir \u00e4nd\u00e5 kvar s\u00e5 du kan komma tillbaka till det.<br><\/strong><\/p>\n\n\n\n<p><strong>Internethj\u00e4lp<br><\/strong><\/p>\n\n\n\n<p>Post&#8211; och telestyrelsen har information om hur man anv\u00e4nder digitala verktyg och tj\u00e4nster. Exempel p\u00e5 hj\u00e4lp \u00e4r hur man kan handla digitalt samt legitimera sig digitalt.<br><a title=\"PTS Digitalhjalpen\" href=\"https:\/\/pts.se\/digitalhjalpen\" target=\"_blank\" rel=\"noopener\"><strong>https:\/\/pts.se\/digitalhjalpen<\/strong><\/a><\/p>\n\n\n\n<p>Internetstiftelsen f\u00f6rmedlar internetkunskap f\u00f6r alla.<br><a title=\"Internetstiftelsen\" href=\"https:\/\/internetkunskap.se\/\" target=\"_blank\" rel=\"noopener\"><strong>https:\/\/internetkunskap.se<\/strong>\/<\/a><\/p>\n\n\n\n<p>Internetstiftelsen har bland annat en bra introduktion till internet, anpassad f\u00f6r oss \u00e4ldre.<br><a title=\"Introduktion till internet f\u00f6r \u00e4ldre\" href=\"https:\/\/internetstiftelsen.se\/guide\/introduktion-till-internet-for-aldre\/\" target=\"_blank\" rel=\"noopener\"><strong>https:\/\/internetstiftelsen.se\/guide\/introduktion-till-internet-for-aldre<\/strong>\/<\/a><\/p>\n\n\n\n<p>SeniorNet Sweden \u00e4r en nationell ideell f\u00f6rening d\u00e4r seniorer l\u00e4r seniorer anv\u00e4nda digital teknik.<br><a title=\"SeniorNet\" href=\"https:\/\/seniornet.se\/\" target=\"_blank\" rel=\"noopener\"><strong>https:\/\/seniornet.se<\/strong><\/a><\/p>\n\n\n\n<p>Folkh\u00e4lsomyndigheten har bra information g\u00e4llande bland annat digitala verktyg. S\u00f6k p\u00e5 \u201dv\u00e4lf\u00e4rdsteknik\u201d p\u00e5 deras hemsida!<br><a title=\"Folkh\u00e4lsomyndigheten\" href=\"https:\/\/www.folkhalsomyndigheten.se\/\" target=\"_blank\" rel=\"noopener\"><strong>https:\/\/www.folkhalsomyndigheten.se<\/strong><\/a><\/p>\n\n\n\n<p>Seniorsurfarna \u00e4r en rolig TV-serie med k\u00e4ndisar som f\u00e5r l\u00e4ra sig om internet. Du kan se den p\u00e5 din dator\/surfplatta\/mobil:<br><a title=\"Seniorsurfarna\" href=\"https:\/\/www.svtplay.se\/seniorsurfarna\" target=\"_blank\" rel=\"noopener\"><strong>https:\/\/www.svtplay.se\/seniorsurfarna<\/strong><\/a><\/p>\n\n\n\n<p><strong>Allm\u00e4nt nyttiga sidor<br><\/strong><\/p>\n\n\n\n<p>Karlskoga kommuns sidor om \u00e4ldre, v\u00e5rd och omsorg.<br><a title=\"Karlskoga kommun omsorg\" href=\"https:\/\/karlskoga.se\/Stod--omsorg\/Aldre-vard-och-omsorg.html\" target=\"_blank\" rel=\"noopener\"><strong>https:\/\/karlskoga.se\/Stod&#8211;omsorg\/Aldre-vard-och-omsorg<\/strong><\/a><\/p>\n\n\n\n<p>Giftinformationscentralen ringer du till n\u00e4r du \u00e4r orolig f\u00f6r att du f\u00e5tt i dig n\u00e5got som kan vara farligt. \u00c4r det akut, ringer du ALLTID 112 f\u00f6rst!<br><a title=\"Giftinformationscentralen \" href=\"https:\/\/giftinformation.se\/\" target=\"_blank\" rel=\"noopener\"><strong>https:\/\/giftinformation.se<\/strong><\/a><\/p>\n\n\n\n<p>1177 V\u00e5rdguiden &#8211; n\u00e4r du s\u00f6ker hj\u00e4lp om v\u00e5rd och sjukdomar.<br><a title=\"1177\" href=\"https:\/\/www.1177.se\/\" target=\"_blank\" rel=\"noopener\"><strong>https:\/\/www.1177.se<\/strong><\/a><\/p>\n\n\n\n<p>Socialstyrelsen har bland annat tips f\u00f6r hur en ska undvika fallolyckor i vardagen. S\u00f6k p\u00e5 \u201d\u00e4ldres h\u00e4lsa\u201d p\u00e5 deras hemsida!<br><a title=\"Socialstyrelsen\" href=\"https:\/\/www.socialstyrelsen.se\/\" target=\"_blank\" rel=\"noopener\"><strong>https:\/\/www.socialstyrelsen.se<\/strong><\/a><\/p>\n\n\n\n<p>Region \u00d6rebro l\u00e4n har information om till exempel hj\u00e4lpmedel. S\u00f6k p\u00e5 \u201dhj\u00e4lpmedel\u201d p\u00e5 deras hemsida!<br><a title=\"Region \u00d6rebro l\u00e4n\" href=\"https:\/\/www.regionorebrolan.se\/\" target=\"_blank\" rel=\"noopener\"><strong>https:\/\/www.regionorebrolan.se<\/strong><\/a><\/p>\n\n\n\n<p>NKA &#8211; Nationellt kompetenscentrum anh\u00f6riga \u00e4r en sida f\u00f6r dig som \u00e4r anh\u00f6rig. H\u00e4r hittar du bra st\u00f6d och information till n\u00e4rst\u00e5ende.<br><a title=\"Nationellt kompetenscentrum anh\u00f6riga\" href=\"https:\/\/www.anhoriga.se\/\" target=\"_blank\" rel=\"noopener\"><strong>https:\/\/www.anhoriga.se<\/strong><\/a><\/p>\n\n\n\n<p>M\u00f6ckeln-Lisa \u00e4r en s\u00f6kmotor som hj\u00e4lper dig att hitta r\u00e4tt hj\u00e4lp i Karlskoga\/Degerfors. Det kan till exempel vara r\u00e5dgivning eller samtalsst\u00f6d.<br><a title=\"M\u00f6ckeln-Lisa\" href=\"https:\/\/www.mockeln-lisa.se\/\" target=\"_blank\" rel=\"noopener\"><strong>https:\/\/www.mockeln-lisa.se<\/strong><\/a><\/p>\n\n\n\n<p>Karlskogas hemsida med bland annat Seniorwebben, en samling av digitala aktiviteter.<br><a title=\"Karlskoga\" href=\"https:\/\/www.karlskoga.se\/\" target=\"_blank\" rel=\"noopener\"><strong>https:\/\/www.karlskoga.se<\/strong><\/a><\/p>\n","protected":false},"excerpt":{"rendered":"<p>H\u00e4r finns det f\u00f6rslag p\u00e5 sidor som kan vara till nytta. Klicka p\u00e5 en textrad som b\u00f6rjar p\u00e5 &#8221;https&#8221;. Det \u00e4r en l\u00e4nk. N\u00e4r du klickar p\u00e5 den, \u00f6ppnas ett [&hellip;]<\/p>\n","protected":false},"author":45,"featured_media":0,"parent":0,"menu_order":0,"comment_status":"closed","ping_status":"closed","template":"page-notitle.php","meta":{"footnotes":""},"class_list":["post-133","page","type-page","status-publish","hentry"],"_links":{"self":[{"href":"https:\/\/mockelnforeningarna.se\/kontaktservice\/wp-json\/wp\/v2\/pages\/133","targetHints":{"allow":["GET"]}}],"collection":[{"href":"https:\/\/mockelnforeningarna.se\/kontaktservice\/wp-json\/wp\/v2\/pages"}],"about":[{"href":"https:\/\/mockelnforeningarna.se\/kontaktservice\/wp-json\/wp\/v2\/types\/page"}],"author":[{"embeddable":true,"href":"https:\/\/mockelnforeningarna.se\/kontaktservice\/wp-json\/wp\/v2\/users\/45"}],"replies":[{"embeddable":true,"href":"https:\/\/mockelnforeningarna.se\/kontaktservice\/wp-json\/wp\/v2\/comments?post=133"}],"version-history":[{"count":2,"href":"https:\/\/mockelnforeningarna.se\/kontaktservice\/wp-json\/wp\/v2\/pages\/133\/revisions"}],"predecessor-version":[{"id":1192,"href":"https:\/\/mockelnforeningarna.se\/kontaktservice\/wp-json\/wp\/v2\/pages\/133\/revisions\/1192"}],"wp:attachment":[{"href":"https:\/\/mockelnforeningarna.se\/kontaktservice\/wp-json\/wp\/v2\/media?parent=133"}],"curies":[{"name":"wp","href":"https:\/\/api.w.org\/{rel}","templated":true}]}}