{"id":18,"date":"2013-04-15T21:51:06","date_gmt":"2013-04-15T19:51:06","guid":{"rendered":"https:\/\/mockelnforeningarna.se\/kontaktservice\/?page_id=18"},"modified":"2022-12-12T13:20:00","modified_gmt":"2022-12-12T12:20:00","slug":"kontakta-oss","status":"publish","type":"page","link":"https:\/\/mockelnforeningarna.se\/kontaktservice\/kontakta-oss\/","title":{"rendered":"Kontakta oss"},"content":{"rendered":"\n<div class=\"wp-block-media-text alignwide is-stacked-on-mobile\" style=\"margin-top:var(--wp--preset--spacing--large)\"><figure class=\"wp-block-media-text__media\"><img loading=\"lazy\" decoding=\"async\" width=\"1024\" height=\"708\" src=\"https:\/\/mockelnforeningarna.se\/app\/uploads\/sites\/35\/2013\/03\/Prastkrage-1024x708.jpg\" alt=\"\" class=\"wp-image-8 size-full\" srcset=\"https:\/\/mockelnforeningarna.se\/app\/uploads\/sites\/35\/2013\/03\/Prastkrage-1024x708.jpg 1024w, https:\/\/mockelnforeningarna.se\/app\/uploads\/sites\/35\/2013\/03\/Prastkrage-300x207.jpg 300w, https:\/\/mockelnforeningarna.se\/app\/uploads\/sites\/35\/2013\/03\/Prastkrage-768x531.jpg 768w, https:\/\/mockelnforeningarna.se\/app\/uploads\/sites\/35\/2013\/03\/Prastkrage-1536x1061.jpg 1536w, https:\/\/mockelnforeningarna.se\/app\/uploads\/sites\/35\/2013\/03\/Prastkrage-2048x1415.jpg 2048w, https:\/\/mockelnforeningarna.se\/app\/uploads\/sites\/35\/2013\/03\/Prastkrage-1400x967.jpg 1400w, https:\/\/mockelnforeningarna.se\/app\/uploads\/sites\/35\/2013\/03\/Prastkrage-800x553.jpg 800w, https:\/\/mockelnforeningarna.se\/app\/uploads\/sites\/35\/2013\/03\/Prastkrage-500x345.jpg 500w, https:\/\/mockelnforeningarna.se\/app\/uploads\/sites\/35\/2013\/03\/Prastkrage-1440x995.jpg 1440w, https:\/\/mockelnforeningarna.se\/app\/uploads\/sites\/35\/2013\/03\/Prastkrage-600x415.jpg 600w, https:\/\/mockelnforeningarna.se\/app\/uploads\/sites\/35\/2013\/03\/Prastkrage-1600x1106.jpg 1600w\" sizes=\"auto, (max-width: 1024px) 100vw, 1024px\" \/><\/figure><div class=\"wp-block-media-text__content\">\n<h5 class=\"wp-block-heading\">V\u00e4lkommen att kontakta oss!<\/h5>\n\n\n\n<p><strong>Telefon:<\/strong><br>0586-617 44<\/p>\n\n\n\n<p><strong>E-post:<\/strong><br><a href=\"mailto:kontakten@karlskogabredband.se\">kontaktservice@telia.com<\/a><\/p>\n\n\n\n<p><strong>Adress:<\/strong><br>Hantverksgatan 5<br>691 34 Karlskoga<\/p>\n\n\n\n<p><strong>\u00d6ppettider:<br><\/strong><strong>M\u00e5ndag \u2013 Fredag:<\/strong>&nbsp;kl.&nbsp;08.00-12.00<\/p>\n<\/div><\/div>\n","protected":false},"excerpt":{"rendered":"<p>V\u00e4lkommen att kontakta oss! Telefon:0586-617 44 E-post:kontaktservice@telia.com Adress:Hantverksgatan 5691 34 Karlskoga \u00d6ppettider:M\u00e5ndag \u2013 Fredag:&nbsp;kl.&nbsp;08.00-12.00<\/p>\n","protected":false},"author":45,"featured_media":0,"parent":0,"menu_order":3,"comment_status":"closed","ping_status":"closed","template":"page-notitle.php","meta":{"footnotes":""},"class_list":["post-18","page","type-page","status-publish","hentry"],"_links":{"self":[{"href":"https:\/\/mockelnforeningarna.se\/kontaktservice\/wp-json\/wp\/v2\/pages\/18","targetHints":{"allow":["GET"]}}],"collection":[{"href":"https:\/\/mockelnforeningarna.se\/kontaktservice\/wp-json\/wp\/v2\/pages"}],"about":[{"href":"https:\/\/mockelnforeningarna.se\/kontaktservice\/wp-json\/wp\/v2\/types\/page"}],"author":[{"embeddable":true,"href":"https:\/\/mockelnforeningarna.se\/kontaktservice\/wp-json\/wp\/v2\/users\/45"}],"replies":[{"embeddable":true,"href":"https:\/\/mockelnforeningarna.se\/kontaktservice\/wp-json\/wp\/v2\/comments?post=18"}],"version-history":[{"count":3,"href":"https:\/\/mockelnforeningarna.se\/kontaktservice\/wp-json\/wp\/v2\/pages\/18\/revisions"}],"predecessor-version":[{"id":1196,"href":"https:\/\/mockelnforeningarna.se\/kontaktservice\/wp-json\/wp\/v2\/pages\/18\/revisions\/1196"}],"wp:attachment":[{"href":"https:\/\/mockelnforeningarna.se\/kontaktservice\/wp-json\/wp\/v2\/media?parent=18"}],"curies":[{"name":"wp","href":"https:\/\/api.w.org\/{rel}","templated":true}]}}