{"id":19,"date":"2013-03-06T13:35:37","date_gmt":"2013-03-06T12:35:37","guid":{"rendered":"https:\/\/mockelnforeningarna.se\/kontaktservice\/?page_id=19"},"modified":"2026-03-23T15:09:52","modified_gmt":"2026-03-23T14:09:52","slug":"om-kontaktservice","status":"publish","type":"page","link":"https:\/\/mockelnforeningarna.se\/kontaktservice\/om-kontaktservice\/","title":{"rendered":"Om Kontaktservice"},"content":{"rendered":"\n<div class=\"wp-block-media-text alignwide is-stacked-on-mobile\" style=\"margin-top:var(--wp--preset--spacing--large)\"><figure class=\"wp-block-media-text__media\"><img loading=\"lazy\" decoding=\"async\" width=\"1024\" height=\"682\" src=\"https:\/\/mockelnforeningarna.se\/app\/uploads\/sites\/35\/2020\/04\/at-home-5000288_1280-1024x682.jpg\" alt=\"\" class=\"wp-image-574 size-full\" srcset=\"https:\/\/mockelnforeningarna.se\/app\/uploads\/sites\/35\/2020\/04\/at-home-5000288_1280-1024x682.jpg 1024w, https:\/\/mockelnforeningarna.se\/app\/uploads\/sites\/35\/2020\/04\/at-home-5000288_1280-300x200.jpg 300w, https:\/\/mockelnforeningarna.se\/app\/uploads\/sites\/35\/2020\/04\/at-home-5000288_1280-768x512.jpg 768w, https:\/\/mockelnforeningarna.se\/app\/uploads\/sites\/35\/2020\/04\/at-home-5000288_1280-800x533.jpg 800w, https:\/\/mockelnforeningarna.se\/app\/uploads\/sites\/35\/2020\/04\/at-home-5000288_1280-500x333.jpg 500w, https:\/\/mockelnforeningarna.se\/app\/uploads\/sites\/35\/2020\/04\/at-home-5000288_1280-600x400.jpg 600w, https:\/\/mockelnforeningarna.se\/app\/uploads\/sites\/35\/2020\/04\/at-home-5000288_1280.jpg 1280w\" sizes=\"auto, (max-width: 1024px) 100vw, 1024px\" \/><\/figure><div class=\"wp-block-media-text__content\">\n<p class=\"has-text-align-left\"><strong>Kontaktservice<\/strong> \u00e4r en ideell f\u00f6rening som bedriver bes\u00f6ksverksamhet, kontaktsamtal och f\u00f6ljeslagare hos \u00e4ldre.<\/p>\n\n\n\n<p class=\"has-text-align-left\">Syftet med f\u00f6reningens verksamhet \u00e4r att bryta ensamhet och skapa engagemang och gl\u00e4dje som delas \u00f6msesidigt. F\u00f6reningen \u00e4r ett kompletment till anh\u00f6riga, hemtj\u00e4nst och v\u00e5rdpersonal.<\/p>\n<\/div><\/div>\n\n\n\n<p class=\"has-text-align-left\"><b>Kontaktservice kan bland annat bist\u00e5 med:<\/b><\/p>\n\n\n\n<ul class=\"wp-block-list\">\n<li>\n<div style=\"text-align: left\">Ge en stunds n\u00e4rhet och pratstund<\/div>\n<\/li>\n\n\n\n<li>\n<div style=\"text-align: left\">F\u00f6lja med p\u00e5 en promenad<\/div>\n<\/li>\n\n\n\n<li>\n<div style=\"text-align: left\">L\u00e4sa en bok eller tidning<\/div>\n<\/li>\n\n\n\n<li>\n<div style=\"text-align: left\">Hj\u00e4lpa till med mindre ink\u00f6p<\/div>\n<\/li>\n\n\n\n<li>\n<div style=\"text-align: left\">Spela n\u00e5got spel tillsammans mm<\/div>\n<\/li>\n<\/ul>\n\n\n\n<p><b>Beh\u00f6ver du f\u00f6ljeslagare ?<\/b><\/p>\n\n\n\n<p>\u00c4r du \u00f6ver 18 \u00e5r och bor i Karlskoga och har n\u00e5gon form av&nbsp;funktionsneds\u00e4ttning? D\u00e5&nbsp;kan vi hj\u00e4lpa till med f\u00f6ljeslagare. Det kan g\u00e4lla till olika verksamheter utanf\u00f6r hemmet som:<\/p>\n\n\n\n<ul class=\"wp-block-list\">\n<li>Teaterbes\u00f6k<\/li>\n\n\n\n<li>Tandl\u00e4kar &#8211; eller l\u00e4karbes\u00f6k<\/li>\n\n\n\n<li>Kyrkobes\u00f6k<\/li>\n\n\n\n<li>Bes\u00f6ka idrottsevenemang mm<\/li>\n<\/ul>\n\n\n\n<p>Kontaktservice \u00e4r en id\u00e9ell f\u00f6rening&nbsp;med styrelse, stadgar och \u00e5rsm\u00f6te. Bes\u00f6kstagaren betalar ingenting och tystnadsl\u00f6fte \u00e4r en sj\u00e4lvklarhet f\u00f6r alla som jobbar hos oss.&nbsp;F\u00f6ljeslagare b\u00f6r best\u00e4llas tv\u00e5 dagar f\u00f6re planerad aktivitet.<\/p>\n\n\n\n<p>Mer information finns p\u00e5 Karlskoga kommuns hemsida, klicka &#8211;&gt; <a href=\"http:\/\/www.karlskoga.se\/Stod--omsorg\/Aldre-vard-och-omsorg\/Kontaktservice.html\">H\u00c4R<\/a> &lt;&#8211;.<\/p>\n\n\n\n<figure class=\"wp-block-image aligncenter size-full is-resized\"><img decoding=\"async\" src=\"https:\/\/mockelnforeningarna.se\/app\/uploads\/sites\/35\/2019\/11\/cropped-enkel-logga-1.png\" alt=\"\" class=\"wp-image-776\" style=\"width:229px;height:188px\" \/><\/figure>\n","protected":false},"excerpt":{"rendered":"<p>Kontaktservice \u00e4r en ideell f\u00f6rening som bedriver bes\u00f6ksverksamhet, kontaktsamtal och f\u00f6ljeslagare hos \u00e4ldre. Syftet med f\u00f6reningens verksamhet \u00e4r att bryta ensamhet och skapa engagemang och gl\u00e4dje som delas \u00f6msesidigt. F\u00f6reningen [&hellip;]<\/p>\n","protected":false},"author":45,"featured_media":0,"parent":0,"menu_order":1,"comment_status":"closed","ping_status":"closed","template":"page-notitle.php","meta":{"footnotes":""},"class_list":["post-19","page","type-page","status-publish","hentry"],"_links":{"self":[{"href":"https:\/\/mockelnforeningarna.se\/kontaktservice\/wp-json\/wp\/v2\/pages\/19","targetHints":{"allow":["GET"]}}],"collection":[{"href":"https:\/\/mockelnforeningarna.se\/kontaktservice\/wp-json\/wp\/v2\/pages"}],"about":[{"href":"https:\/\/mockelnforeningarna.se\/kontaktservice\/wp-json\/wp\/v2\/types\/page"}],"author":[{"embeddable":true,"href":"https:\/\/mockelnforeningarna.se\/kontaktservice\/wp-json\/wp\/v2\/users\/45"}],"replies":[{"embeddable":true,"href":"https:\/\/mockelnforeningarna.se\/kontaktservice\/wp-json\/wp\/v2\/comments?post=19"}],"version-history":[{"count":7,"href":"https:\/\/mockelnforeningarna.se\/kontaktservice\/wp-json\/wp\/v2\/pages\/19\/revisions"}],"predecessor-version":[{"id":2645,"href":"https:\/\/mockelnforeningarna.se\/kontaktservice\/wp-json\/wp\/v2\/pages\/19\/revisions\/2645"}],"wp:attachment":[{"href":"https:\/\/mockelnforeningarna.se\/kontaktservice\/wp-json\/wp\/v2\/media?parent=19"}],"curies":[{"name":"wp","href":"https:\/\/api.w.org\/{rel}","templated":true}]}}