{"id":371,"date":"2018-09-11T08:49:10","date_gmt":"2018-09-11T06:49:10","guid":{"rendered":"https:\/\/mockelnforeningarna.se\/kontaktservice\/?page_id=371"},"modified":"2025-06-17T17:36:35","modified_gmt":"2025-06-17T15:36:35","slug":"bilder","status":"publish","type":"page","link":"https:\/\/mockelnforeningarna.se\/kontaktservice\/bilder\/","title":{"rendered":"Bilder"},"content":{"rendered":"\n<figure class=\"wp-block-gallery has-nested-images columns-default is-cropped wp-block-gallery-1 is-layout-flex wp-block-gallery-is-layout-flex\" style=\"margin-top:var(--wp--preset--spacing--large)\">\n<figure class=\"wp-block-image size-large\"><img loading=\"lazy\" decoding=\"async\" width=\"768\" height=\"1024\" data-id=\"418\" src=\"https:\/\/mockelnforeningarna.se\/app\/uploads\/sites\/35\/2019\/02\/20171212_144320-768x1024.jpg\" alt=\"\" class=\"wp-image-418\" srcset=\"https:\/\/mockelnforeningarna.se\/app\/uploads\/sites\/35\/2019\/02\/20171212_144320-768x1024.jpg 768w, https:\/\/mockelnforeningarna.se\/app\/uploads\/sites\/35\/2019\/02\/20171212_144320-225x300.jpg 225w, https:\/\/mockelnforeningarna.se\/app\/uploads\/sites\/35\/2019\/02\/20171212_144320-1152x1536.jpg 1152w, https:\/\/mockelnforeningarna.se\/app\/uploads\/sites\/35\/2019\/02\/20171212_144320-1536x2048.jpg 1536w, https:\/\/mockelnforeningarna.se\/app\/uploads\/sites\/35\/2019\/02\/20171212_144320-1400x1867.jpg 1400w, https:\/\/mockelnforeningarna.se\/app\/uploads\/sites\/35\/2019\/02\/20171212_144320-800x1067.jpg 800w, https:\/\/mockelnforeningarna.se\/app\/uploads\/sites\/35\/2019\/02\/20171212_144320-500x667.jpg 500w, https:\/\/mockelnforeningarna.se\/app\/uploads\/sites\/35\/2019\/02\/20171212_144320-1440x1920.jpg 1440w, https:\/\/mockelnforeningarna.se\/app\/uploads\/sites\/35\/2019\/02\/20171212_144320-600x800.jpg 600w, https:\/\/mockelnforeningarna.se\/app\/uploads\/sites\/35\/2019\/02\/20171212_144320-1600x2133.jpg 1600w, https:\/\/mockelnforeningarna.se\/app\/uploads\/sites\/35\/2019\/02\/20171212_144320-scaled.jpg 1920w\" sizes=\"auto, (max-width: 768px) 100vw, 768px\" \/><figcaption class=\"wp-element-caption\">Vi delar gl\u00e4dje med BINGO p\u00e5 tr\u00e4ffpunkt centrum Solbringen<\/figcaption><\/figure>\n\n\n\n<figure class=\"wp-block-image size-large\"><img loading=\"lazy\" decoding=\"async\" width=\"576\" height=\"1024\" data-id=\"462\" src=\"https:\/\/mockelnforeningarna.se\/app\/uploads\/sites\/35\/2019\/08\/kult-o-forenings-kalas-25-maj-2019-576x1024.jpg\" alt=\"\" class=\"wp-image-462\" srcset=\"https:\/\/mockelnforeningarna.se\/app\/uploads\/sites\/35\/2019\/08\/kult-o-forenings-kalas-25-maj-2019-576x1024.jpg 576w, https:\/\/mockelnforeningarna.se\/app\/uploads\/sites\/35\/2019\/08\/kult-o-forenings-kalas-25-maj-2019-169x300.jpg 169w, https:\/\/mockelnforeningarna.se\/app\/uploads\/sites\/35\/2019\/08\/kult-o-forenings-kalas-25-maj-2019-768x1365.jpg 768w, https:\/\/mockelnforeningarna.se\/app\/uploads\/sites\/35\/2019\/08\/kult-o-forenings-kalas-25-maj-2019-864x1536.jpg 864w, https:\/\/mockelnforeningarna.se\/app\/uploads\/sites\/35\/2019\/08\/kult-o-forenings-kalas-25-maj-2019-1152x2048.jpg 1152w, https:\/\/mockelnforeningarna.se\/app\/uploads\/sites\/35\/2019\/08\/kult-o-forenings-kalas-25-maj-2019-1400x2489.jpg 1400w, https:\/\/mockelnforeningarna.se\/app\/uploads\/sites\/35\/2019\/08\/kult-o-forenings-kalas-25-maj-2019-800x1422.jpg 800w, https:\/\/mockelnforeningarna.se\/app\/uploads\/sites\/35\/2019\/08\/kult-o-forenings-kalas-25-maj-2019-500x889.jpg 500w, https:\/\/mockelnforeningarna.se\/app\/uploads\/sites\/35\/2019\/08\/kult-o-forenings-kalas-25-maj-2019-scaled.jpg 1440w, https:\/\/mockelnforeningarna.se\/app\/uploads\/sites\/35\/2019\/08\/kult-o-forenings-kalas-25-maj-2019-600x1067.jpg 600w, https:\/\/mockelnforeningarna.se\/app\/uploads\/sites\/35\/2019\/08\/kult-o-forenings-kalas-25-maj-2019-1600x2844.jpg 1600w\" sizes=\"auto, (max-width: 576px) 100vw, 576px\" \/><\/figure>\n\n\n\n<figure class=\"wp-block-image size-large\"><img loading=\"lazy\" decoding=\"async\" width=\"768\" height=\"1024\" data-id=\"1495\" src=\"https:\/\/mockelnforeningarna.se\/app\/uploads\/sites\/35\/2023\/01\/zumba-Nickkis-768x1024.jpg\" alt=\"\" class=\"wp-image-1495\" srcset=\"https:\/\/mockelnforeningarna.se\/app\/uploads\/sites\/35\/2023\/01\/zumba-Nickkis-768x1024.jpg 768w, https:\/\/mockelnforeningarna.se\/app\/uploads\/sites\/35\/2023\/01\/zumba-Nickkis-225x300.jpg 225w, https:\/\/mockelnforeningarna.se\/app\/uploads\/sites\/35\/2023\/01\/zumba-Nickkis-1152x1536.jpg 1152w, https:\/\/mockelnforeningarna.se\/app\/uploads\/sites\/35\/2023\/01\/zumba-Nickkis-1400x1867.jpg 1400w, https:\/\/mockelnforeningarna.se\/app\/uploads\/sites\/35\/2023\/01\/zumba-Nickkis-800x1067.jpg 800w, https:\/\/mockelnforeningarna.se\/app\/uploads\/sites\/35\/2023\/01\/zumba-Nickkis-500x667.jpg 500w, https:\/\/mockelnforeningarna.se\/app\/uploads\/sites\/35\/2023\/01\/zumba-Nickkis-1440x1920.jpg 1440w, https:\/\/mockelnforeningarna.se\/app\/uploads\/sites\/35\/2023\/01\/zumba-Nickkis-600x800.jpg 600w, https:\/\/mockelnforeningarna.se\/app\/uploads\/sites\/35\/2023\/01\/zumba-Nickkis.jpg 1500w\" sizes=\"auto, (max-width: 768px) 100vw, 768px\" \/><\/figure>\n\n\n\n<figure class=\"wp-block-image size-large\"><img loading=\"lazy\" decoding=\"async\" width=\"720\" height=\"960\" data-id=\"457\" src=\"https:\/\/mockelnforeningarna.se\/app\/uploads\/sites\/35\/2019\/08\/8.jpg\" alt=\"\" class=\"wp-image-457\" srcset=\"https:\/\/mockelnforeningarna.se\/app\/uploads\/sites\/35\/2019\/08\/8.jpg 720w, https:\/\/mockelnforeningarna.se\/app\/uploads\/sites\/35\/2019\/08\/8-225x300.jpg 225w, https:\/\/mockelnforeningarna.se\/app\/uploads\/sites\/35\/2019\/08\/8-500x667.jpg 500w, https:\/\/mockelnforeningarna.se\/app\/uploads\/sites\/35\/2019\/08\/8-600x800.jpg 600w\" sizes=\"auto, (max-width: 720px) 100vw, 720px\" \/><\/figure>\n\n\n\n<figure class=\"wp-block-image size-large\"><img loading=\"lazy\" decoding=\"async\" width=\"320\" height=\"240\" data-id=\"455\" src=\"https:\/\/mockelnforeningarna.se\/app\/uploads\/sites\/35\/2019\/08\/5-1.jpg\" alt=\"\" class=\"wp-image-455\" srcset=\"https:\/\/mockelnforeningarna.se\/app\/uploads\/sites\/35\/2019\/08\/5-1.jpg 320w, https:\/\/mockelnforeningarna.se\/app\/uploads\/sites\/35\/2019\/08\/5-1-300x225.jpg 300w\" sizes=\"auto, (max-width: 320px) 100vw, 320px\" \/><\/figure>\n\n\n\n<figure class=\"wp-block-image size-full\"><img loading=\"lazy\" decoding=\"async\" width=\"320\" height=\"240\" data-id=\"433\" src=\"https:\/\/mockelnforeningarna.se\/app\/uploads\/sites\/35\/2019\/08\/22.jpg\" alt=\"\" class=\"wp-image-433\" srcset=\"https:\/\/mockelnforeningarna.se\/app\/uploads\/sites\/35\/2019\/08\/22.jpg 320w, https:\/\/mockelnforeningarna.se\/app\/uploads\/sites\/35\/2019\/08\/22-300x225.jpg 300w\" sizes=\"auto, (max-width: 320px) 100vw, 320px\" \/><\/figure>\n\n\n\n<figure class=\"wp-block-image size-large\"><img decoding=\"async\" data-id=\"451\" src=\"https:\/\/mockelnforeningarna.se\/app\/uploads\/sites\/35\/2019\/08\/1-1.jpg\" alt=\"\" class=\"wp-image-451\" \/><\/figure>\n\n\n\n<figure class=\"wp-block-image size-large\"><img loading=\"lazy\" decoding=\"async\" width=\"768\" height=\"1024\" data-id=\"448\" src=\"https:\/\/mockelnforeningarna.se\/app\/uploads\/sites\/35\/2019\/08\/Torp.jpg\" alt=\"\" class=\"wp-image-448\" srcset=\"https:\/\/mockelnforeningarna.se\/app\/uploads\/sites\/35\/2019\/08\/Torp.jpg 768w, https:\/\/mockelnforeningarna.se\/app\/uploads\/sites\/35\/2019\/08\/Torp-225x300.jpg 225w, https:\/\/mockelnforeningarna.se\/app\/uploads\/sites\/35\/2019\/08\/Torp-500x667.jpg 500w, https:\/\/mockelnforeningarna.se\/app\/uploads\/sites\/35\/2019\/08\/Torp-600x800.jpg 600w\" sizes=\"auto, (max-width: 768px) 100vw, 768px\" \/><\/figure>\n\n\n\n<figure class=\"wp-block-image size-large\"><img loading=\"lazy\" decoding=\"async\" width=\"768\" height=\"1024\" data-id=\"447\" src=\"https:\/\/mockelnforeningarna.se\/app\/uploads\/sites\/35\/2019\/08\/Skranta2.jpg\" alt=\"\" class=\"wp-image-447\" srcset=\"https:\/\/mockelnforeningarna.se\/app\/uploads\/sites\/35\/2019\/08\/Skranta2.jpg 768w, https:\/\/mockelnforeningarna.se\/app\/uploads\/sites\/35\/2019\/08\/Skranta2-225x300.jpg 225w, https:\/\/mockelnforeningarna.se\/app\/uploads\/sites\/35\/2019\/08\/Skranta2-500x667.jpg 500w, https:\/\/mockelnforeningarna.se\/app\/uploads\/sites\/35\/2019\/08\/Skranta2-600x800.jpg 600w\" sizes=\"auto, (max-width: 768px) 100vw, 768px\" \/><\/figure>\n\n\n\n<figure class=\"wp-block-image size-large\"><img loading=\"lazy\" decoding=\"async\" width=\"768\" height=\"1024\" data-id=\"446\" src=\"https:\/\/mockelnforeningarna.se\/app\/uploads\/sites\/35\/2019\/08\/Skranta1.jpg\" alt=\"\" class=\"wp-image-446\" srcset=\"https:\/\/mockelnforeningarna.se\/app\/uploads\/sites\/35\/2019\/08\/Skranta1.jpg 768w, https:\/\/mockelnforeningarna.se\/app\/uploads\/sites\/35\/2019\/08\/Skranta1-225x300.jpg 225w, https:\/\/mockelnforeningarna.se\/app\/uploads\/sites\/35\/2019\/08\/Skranta1-500x667.jpg 500w, https:\/\/mockelnforeningarna.se\/app\/uploads\/sites\/35\/2019\/08\/Skranta1-600x800.jpg 600w\" sizes=\"auto, (max-width: 768px) 100vw, 768px\" \/><\/figure>\n\n\n\n<figure class=\"wp-block-image size-large\"><img loading=\"lazy\" decoding=\"async\" width=\"768\" height=\"1024\" data-id=\"445\" src=\"https:\/\/mockelnforeningarna.se\/app\/uploads\/sites\/35\/2019\/08\/Skranta.jpg\" alt=\"\" class=\"wp-image-445\" srcset=\"https:\/\/mockelnforeningarna.se\/app\/uploads\/sites\/35\/2019\/08\/Skranta.jpg 768w, https:\/\/mockelnforeningarna.se\/app\/uploads\/sites\/35\/2019\/08\/Skranta-225x300.jpg 225w, https:\/\/mockelnforeningarna.se\/app\/uploads\/sites\/35\/2019\/08\/Skranta-500x667.jpg 500w, https:\/\/mockelnforeningarna.se\/app\/uploads\/sites\/35\/2019\/08\/Skranta-600x800.jpg 600w\" sizes=\"auto, (max-width: 768px) 100vw, 768px\" \/><\/figure>\n\n\n\n<figure class=\"wp-block-image size-large\"><img loading=\"lazy\" decoding=\"async\" width=\"768\" height=\"1024\" data-id=\"444\" src=\"https:\/\/mockelnforeningarna.se\/app\/uploads\/sites\/35\/2019\/08\/Lotangen1.jpg\" alt=\"\" class=\"wp-image-444\" srcset=\"https:\/\/mockelnforeningarna.se\/app\/uploads\/sites\/35\/2019\/08\/Lotangen1.jpg 768w, https:\/\/mockelnforeningarna.se\/app\/uploads\/sites\/35\/2019\/08\/Lotangen1-225x300.jpg 225w, https:\/\/mockelnforeningarna.se\/app\/uploads\/sites\/35\/2019\/08\/Lotangen1-500x667.jpg 500w, https:\/\/mockelnforeningarna.se\/app\/uploads\/sites\/35\/2019\/08\/Lotangen1-600x800.jpg 600w\" sizes=\"auto, (max-width: 768px) 100vw, 768px\" \/><\/figure>\n\n\n\n<figure class=\"wp-block-image size-large\"><img loading=\"lazy\" decoding=\"async\" width=\"768\" height=\"1024\" data-id=\"442\" src=\"https:\/\/mockelnforeningarna.se\/app\/uploads\/sites\/35\/2019\/08\/Lota.jpg\" alt=\"\" class=\"wp-image-442\" srcset=\"https:\/\/mockelnforeningarna.se\/app\/uploads\/sites\/35\/2019\/08\/Lota.jpg 768w, https:\/\/mockelnforeningarna.se\/app\/uploads\/sites\/35\/2019\/08\/Lota-225x300.jpg 225w, https:\/\/mockelnforeningarna.se\/app\/uploads\/sites\/35\/2019\/08\/Lota-500x667.jpg 500w, https:\/\/mockelnforeningarna.se\/app\/uploads\/sites\/35\/2019\/08\/Lota-600x800.jpg 600w\" sizes=\"auto, (max-width: 768px) 100vw, 768px\" \/><\/figure>\n\n\n\n<figure class=\"wp-block-image size-large\"><img loading=\"lazy\" decoding=\"async\" width=\"768\" height=\"1024\" data-id=\"439\" src=\"https:\/\/mockelnforeningarna.se\/app\/uploads\/sites\/35\/2019\/08\/Bjorkliden.jpg\" alt=\"\" class=\"wp-image-439\" srcset=\"https:\/\/mockelnforeningarna.se\/app\/uploads\/sites\/35\/2019\/08\/Bjorkliden.jpg 768w, https:\/\/mockelnforeningarna.se\/app\/uploads\/sites\/35\/2019\/08\/Bjorkliden-225x300.jpg 225w, https:\/\/mockelnforeningarna.se\/app\/uploads\/sites\/35\/2019\/08\/Bjorkliden-500x667.jpg 500w, https:\/\/mockelnforeningarna.se\/app\/uploads\/sites\/35\/2019\/08\/Bjorkliden-600x800.jpg 600w\" sizes=\"auto, (max-width: 768px) 100vw, 768px\" \/><\/figure>\n\n\n\n<figure class=\"wp-block-image size-large\"><img loading=\"lazy\" decoding=\"async\" width=\"768\" height=\"1024\" data-id=\"438\" src=\"https:\/\/mockelnforeningarna.se\/app\/uploads\/sites\/35\/2019\/08\/Bjorklide.jpg\" alt=\"\" class=\"wp-image-438\" srcset=\"https:\/\/mockelnforeningarna.se\/app\/uploads\/sites\/35\/2019\/08\/Bjorklide.jpg 768w, https:\/\/mockelnforeningarna.se\/app\/uploads\/sites\/35\/2019\/08\/Bjorklide-225x300.jpg 225w, https:\/\/mockelnforeningarna.se\/app\/uploads\/sites\/35\/2019\/08\/Bjorklide-500x667.jpg 500w, https:\/\/mockelnforeningarna.se\/app\/uploads\/sites\/35\/2019\/08\/Bjorklide-600x800.jpg 600w\" sizes=\"auto, (max-width: 768px) 100vw, 768px\" \/><\/figure>\n\n\n\n<figure class=\"wp-block-image size-large\"><img loading=\"lazy\" decoding=\"async\" width=\"768\" height=\"1024\" data-id=\"437\" src=\"https:\/\/mockelnforeningarna.se\/app\/uploads\/sites\/35\/2019\/08\/Bjorklid.jpg\" alt=\"\" class=\"wp-image-437\" srcset=\"https:\/\/mockelnforeningarna.se\/app\/uploads\/sites\/35\/2019\/08\/Bjorklid.jpg 768w, https:\/\/mockelnforeningarna.se\/app\/uploads\/sites\/35\/2019\/08\/Bjorklid-225x300.jpg 225w, https:\/\/mockelnforeningarna.se\/app\/uploads\/sites\/35\/2019\/08\/Bjorklid-500x667.jpg 500w, https:\/\/mockelnforeningarna.se\/app\/uploads\/sites\/35\/2019\/08\/Bjorklid-600x800.jpg 600w\" sizes=\"auto, (max-width: 768px) 100vw, 768px\" \/><\/figure>\n\n\n\n<figure class=\"wp-block-image size-large\"><img loading=\"lazy\" decoding=\"async\" width=\"768\" height=\"1024\" data-id=\"436\" src=\"https:\/\/mockelnforeningarna.se\/app\/uploads\/sites\/35\/2019\/08\/Bjorkli-768x1024.jpg\" alt=\"\" class=\"wp-image-436\" srcset=\"https:\/\/mockelnforeningarna.se\/app\/uploads\/sites\/35\/2019\/08\/Bjorkli-768x1024.jpg 768w, https:\/\/mockelnforeningarna.se\/app\/uploads\/sites\/35\/2019\/08\/Bjorkli-225x300.jpg 225w, https:\/\/mockelnforeningarna.se\/app\/uploads\/sites\/35\/2019\/08\/Bjorkli-1152x1536.jpg 1152w, https:\/\/mockelnforeningarna.se\/app\/uploads\/sites\/35\/2019\/08\/Bjorkli-800x1067.jpg 800w, https:\/\/mockelnforeningarna.se\/app\/uploads\/sites\/35\/2019\/08\/Bjorkli-500x667.jpg 500w, https:\/\/mockelnforeningarna.se\/app\/uploads\/sites\/35\/2019\/08\/Bjorkli-600x800.jpg 600w, https:\/\/mockelnforeningarna.se\/app\/uploads\/sites\/35\/2019\/08\/Bjorkli.jpg 1200w\" sizes=\"auto, (max-width: 768px) 100vw, 768px\" \/><\/figure>\n\n\n\n<figure class=\"wp-block-image size-large\"><img loading=\"lazy\" decoding=\"async\" width=\"240\" height=\"320\" data-id=\"431\" src=\"https:\/\/mockelnforeningarna.se\/app\/uploads\/sites\/35\/2019\/08\/19.jpg\" alt=\"\" class=\"wp-image-431\" srcset=\"https:\/\/mockelnforeningarna.se\/app\/uploads\/sites\/35\/2019\/08\/19.jpg 240w, https:\/\/mockelnforeningarna.se\/app\/uploads\/sites\/35\/2019\/08\/19-225x300.jpg 225w\" sizes=\"auto, (max-width: 240px) 100vw, 240px\" \/><\/figure>\n\n\n\n<figure class=\"wp-block-image size-large\"><img loading=\"lazy\" decoding=\"async\" width=\"240\" height=\"320\" data-id=\"432\" src=\"https:\/\/mockelnforeningarna.se\/app\/uploads\/sites\/35\/2019\/08\/20.jpg\" alt=\"\" class=\"wp-image-432\" srcset=\"https:\/\/mockelnforeningarna.se\/app\/uploads\/sites\/35\/2019\/08\/20.jpg 240w, https:\/\/mockelnforeningarna.se\/app\/uploads\/sites\/35\/2019\/08\/20-225x300.jpg 225w\" sizes=\"auto, (max-width: 240px) 100vw, 240px\" \/><\/figure>\n\n\n\n<figure class=\"wp-block-image size-large\"><img loading=\"lazy\" decoding=\"async\" width=\"320\" height=\"240\" data-id=\"430\" src=\"https:\/\/mockelnforeningarna.se\/app\/uploads\/sites\/35\/2019\/08\/18.jpg\" alt=\"\" class=\"wp-image-430\" srcset=\"https:\/\/mockelnforeningarna.se\/app\/uploads\/sites\/35\/2019\/08\/18.jpg 320w, https:\/\/mockelnforeningarna.se\/app\/uploads\/sites\/35\/2019\/08\/18-300x225.jpg 300w\" sizes=\"auto, (max-width: 320px) 100vw, 320px\" \/><\/figure>\n\n\n\n<figure class=\"wp-block-image size-large\"><img loading=\"lazy\" decoding=\"async\" width=\"240\" height=\"320\" data-id=\"429\" src=\"https:\/\/mockelnforeningarna.se\/app\/uploads\/sites\/35\/2019\/08\/15.jpg\" alt=\"\" class=\"wp-image-429\" srcset=\"https:\/\/mockelnforeningarna.se\/app\/uploads\/sites\/35\/2019\/08\/15.jpg 240w, https:\/\/mockelnforeningarna.se\/app\/uploads\/sites\/35\/2019\/08\/15-225x300.jpg 225w\" sizes=\"auto, (max-width: 240px) 100vw, 240px\" \/><\/figure>\n\n\n\n<figure class=\"wp-block-image size-large\"><img loading=\"lazy\" decoding=\"async\" width=\"320\" height=\"240\" data-id=\"428\" src=\"https:\/\/mockelnforeningarna.se\/app\/uploads\/sites\/35\/2019\/08\/14.jpg\" alt=\"\" class=\"wp-image-428\" srcset=\"https:\/\/mockelnforeningarna.se\/app\/uploads\/sites\/35\/2019\/08\/14.jpg 320w, https:\/\/mockelnforeningarna.se\/app\/uploads\/sites\/35\/2019\/08\/14-300x225.jpg 300w\" sizes=\"auto, (max-width: 320px) 100vw, 320px\" \/><\/figure>\n\n\n\n<figure class=\"wp-block-image size-large\"><img loading=\"lazy\" decoding=\"async\" width=\"240\" height=\"320\" data-id=\"427\" src=\"https:\/\/mockelnforeningarna.se\/app\/uploads\/sites\/35\/2019\/08\/13.jpg\" alt=\"\" class=\"wp-image-427\" srcset=\"https:\/\/mockelnforeningarna.se\/app\/uploads\/sites\/35\/2019\/08\/13.jpg 240w, https:\/\/mockelnforeningarna.se\/app\/uploads\/sites\/35\/2019\/08\/13-225x300.jpg 225w\" sizes=\"auto, (max-width: 240px) 100vw, 240px\" \/><\/figure>\n\n\n\n<figure class=\"wp-block-image size-large\"><img loading=\"lazy\" decoding=\"async\" width=\"240\" height=\"320\" data-id=\"425\" src=\"https:\/\/mockelnforeningarna.se\/app\/uploads\/sites\/35\/2019\/08\/5.jpg\" alt=\"\" class=\"wp-image-425\" srcset=\"https:\/\/mockelnforeningarna.se\/app\/uploads\/sites\/35\/2019\/08\/5.jpg 240w, https:\/\/mockelnforeningarna.se\/app\/uploads\/sites\/35\/2019\/08\/5-225x300.jpg 225w\" sizes=\"auto, (max-width: 240px) 100vw, 240px\" \/><\/figure>\n\n\n\n<figure class=\"wp-block-image size-large\"><img loading=\"lazy\" decoding=\"async\" width=\"240\" height=\"320\" data-id=\"424\" src=\"https:\/\/mockelnforeningarna.se\/app\/uploads\/sites\/35\/2019\/08\/4.jpg\" alt=\"\" class=\"wp-image-424\" srcset=\"https:\/\/mockelnforeningarna.se\/app\/uploads\/sites\/35\/2019\/08\/4.jpg 240w, https:\/\/mockelnforeningarna.se\/app\/uploads\/sites\/35\/2019\/08\/4-225x300.jpg 225w\" sizes=\"auto, (max-width: 240px) 100vw, 240px\" \/><\/figure>\n\n\n\n<figure class=\"wp-block-image size-large\"><img loading=\"lazy\" decoding=\"async\" width=\"240\" height=\"320\" data-id=\"423\" src=\"https:\/\/mockelnforeningarna.se\/app\/uploads\/sites\/35\/2019\/08\/3.jpg\" alt=\"\" class=\"wp-image-423\" srcset=\"https:\/\/mockelnforeningarna.se\/app\/uploads\/sites\/35\/2019\/08\/3.jpg 240w, https:\/\/mockelnforeningarna.se\/app\/uploads\/sites\/35\/2019\/08\/3-225x300.jpg 225w\" sizes=\"auto, (max-width: 240px) 100vw, 240px\" \/><\/figure>\n\n\n\n<figure class=\"wp-block-image size-large\"><img loading=\"lazy\" decoding=\"async\" width=\"320\" height=\"240\" data-id=\"422\" src=\"https:\/\/mockelnforeningarna.se\/app\/uploads\/sites\/35\/2019\/08\/2.jpg\" alt=\"\" class=\"wp-image-422\" srcset=\"https:\/\/mockelnforeningarna.se\/app\/uploads\/sites\/35\/2019\/08\/2.jpg 320w, https:\/\/mockelnforeningarna.se\/app\/uploads\/sites\/35\/2019\/08\/2-300x225.jpg 300w\" sizes=\"auto, (max-width: 320px) 100vw, 320px\" \/><figcaption class=\"wp-element-caption\">Ordf\u00f6rande och vice ordf\u00f6rande<\/figcaption><\/figure>\n\n\n\n<figure class=\"wp-block-image size-large\"><img loading=\"lazy\" decoding=\"async\" width=\"240\" height=\"320\" data-id=\"421\" src=\"https:\/\/mockelnforeningarna.se\/app\/uploads\/sites\/35\/2019\/08\/1.jpg\" alt=\"\" class=\"wp-image-421\" srcset=\"https:\/\/mockelnforeningarna.se\/app\/uploads\/sites\/35\/2019\/08\/1.jpg 240w, https:\/\/mockelnforeningarna.se\/app\/uploads\/sites\/35\/2019\/08\/1-225x300.jpg 225w\" sizes=\"auto, (max-width: 240px) 100vw, 240px\" \/><\/figure>\n<\/figure>\n","protected":false},"excerpt":{"rendered":"","protected":false},"author":48,"featured_media":0,"parent":0,"menu_order":0,"comment_status":"closed","ping_status":"closed","template":"page-notitle.php","meta":{"footnotes":""},"class_list":["post-371","page","type-page","status-publish","hentry"],"_links":{"self":[{"href":"https:\/\/mockelnforeningarna.se\/kontaktservice\/wp-json\/wp\/v2\/pages\/371","targetHints":{"allow":["GET"]}}],"collection":[{"href":"https:\/\/mockelnforeningarna.se\/kontaktservice\/wp-json\/wp\/v2\/pages"}],"about":[{"href":"https:\/\/mockelnforeningarna.se\/kontaktservice\/wp-json\/wp\/v2\/types\/page"}],"author":[{"embeddable":true,"href":"https:\/\/mockelnforeningarna.se\/kontaktservice\/wp-json\/wp\/v2\/users\/48"}],"replies":[{"embeddable":true,"href":"https:\/\/mockelnforeningarna.se\/kontaktservice\/wp-json\/wp\/v2\/comments?post=371"}],"version-history":[{"count":4,"href":"https:\/\/mockelnforeningarna.se\/kontaktservice\/wp-json\/wp\/v2\/pages\/371\/revisions"}],"predecessor-version":[{"id":2324,"href":"https:\/\/mockelnforeningarna.se\/kontaktservice\/wp-json\/wp\/v2\/pages\/371\/revisions\/2324"}],"wp:attachment":[{"href":"https:\/\/mockelnforeningarna.se\/kontaktservice\/wp-json\/wp\/v2\/media?parent=371"}],"curies":[{"name":"wp","href":"https:\/\/api.w.org\/{rel}","templated":true}]}}