{"id":476,"date":"2019-11-25T13:44:44","date_gmt":"2019-11-25T12:44:44","guid":{"rendered":"https:\/\/mockelnforeningarna.se\/kontaktservice\/?page_id=476"},"modified":"2026-03-23T15:12:47","modified_gmt":"2026-03-23T14:12:47","slug":"hem","status":"publish","type":"page","link":"https:\/\/mockelnforeningarna.se\/kontaktservice\/","title":{"rendered":"Hem"},"content":{"rendered":"<div id=\"gutenslider-yqusb123a\" class=\"wp-block-eedee-block-gutenslider content-fixed alignfull arrow-style-1 arrow-position-sides arrow-mb-none arrows-lg arrows-md arrows-sm dot-style-1 dots-lg dots-md dots-sm dot-position-bottom is-position-center-center mb-none\" style=\"--gutenslider-min-height: 52vh;--gutenslider-arrow-size: 30px;--gutenslider-dot-size: 25px;--gutenslider-arrow-color: #ffffff;--gutenslider-dot-color: #ffffff;--gutenslider-padding-y-mobile: 40px;--gutenslider-padding-x-mobile: 40px;--gutenslider-padding-y-tablet: 40px;--gutenslider-padding-x-tablet: 40px;--gutenslider-padding-y-desktop: 40px;--gutenslider-padding-x-desktop: 40px;--gutenslider-bg-image: url();--gutenslider-min-height-md: 50vh;--gutenslider-min-height-sm: 50vh;--gutenslider-padding-x: 40px;--gutenslider-padding-x-md: 40px;--gutenslider-padding-x-sm: 20px;--gutenslider-padding-y: 40px;--gutenslider-padding-y-md: 40px;--gutenslider-padding-y-sm: 20px;--gutenslider-arrow-size-md: 30px;--gutenslider-arrow-size-sm: 30px;--gutenslider-dot-size-md: 25px;--gutenslider-dot-size-sm: 25px;--gutenslider-arrow-bg-color: transparent;--gutenslider-arrow-hover-color: #eeeeee;--gutenslider-arrow-bg-hover-color: transparent;--gutenslider-arrow-x-offset: 10px;--gutenslider-arrow-x-offset-md: 10px;--gutenslider-arrow-x-offset-sm: 10px;--gutenslider-arrow-y-offset: 0px;--gutenslider-arrow-y-offset-md: 0px;--gutenslider-arrow-y-offset-sm: 0px;--gutenslider-arrow-x-spacing: 0px;--gutenslider-dot-y-offset: 10px;--gutenslider-dot-y-offset-md: 10px;--gutenslider-dot-y-offset-sm: 10px;--gutenslider-margin-x: 0px;--gutenslider-margin-x-md: 0px;--gutenslider-margin-x-sm: 0px;--gutenslider-margin-y: 0px;--gutenslider-margin-y-md: 0px;--gutenslider-margin-y-sm: 0px;--gutenslider-divider-top: 60px;--gutenslider-divider-bottom: 60px;--gutenslider-lightgallery-bg: #ffffff;--gutenslider-lightgallery-font: #000000;\" data-parallax-direction=\"down\" data-parallax-amount=\"1.3\" data-lg-transition=\"lg-slide\" data-hash=\"\"><div class=\"eedee-swiper-outer\"><div class=\"gutenslider-divider-top\" style=\"color:#fff; height:60px;\"><\/div><div class=\"swiper\" data-settings='{\"autoplay\":{\"delay\":3000,\"pauseOnMouseEnter\":true,\"disableOnInteraction\":false},\"speed\":700,\"direction\":\"horizontal\",\"autoHeight\":\"\",\"loop\":true,\"centeredSlides\":true,\"spaceBetween\":0,\"slidesPerView\":1,\"slidesPerGroup\":1,\"effect\":\"fade\",\"coverflowEffect\":{\"rotate\":30,\"slideShadows\":false,\"depth\":100,\"stretch\":50,\"modifier\":1},\"fadeEffect\":{\"crossFade\":true},\"zoom\":\"\",\"navigation\":{\"nextEl\":\"#gutenslider-yqusb123a .eedee-gutenslider-next\",\"prevEl\":\"#gutenslider-yqusb123a .eedee-gutenslider-prev\"},\"pagination\":{\"type\":\"bullets\",\"clickable\":true,\"dynamicBullets\":false,\"el\":\"#gutenslider-yqusb123a .eedee-gutenslider-pagination\"},\"pauseOnHover\":\"1\",\"watchSlidesProgress\":true,\"watchSlidesVisibility\":true,\"settingsMd\":{\"autoHeight\":\"\",\"slidesPerView\":1,\"slidesPerGroup\":1,\"spaceBetween\":0},\"settingsLg\":{\"autoHeight\":\"\",\"slidesPerView\":1,\"slidesPerGroup\":1,\"spaceBetween\":0},\"hasLg\":false,\"hasLgCounter\":true,\"isFullScreen\":false,\"arrowsFollowMouse\":false,\"lgTitle\":\"none\",\"lgCaption\":\"none\",\"lgThumbnails\":true,\"keyboard\":{\"keyboard\":{\"enabled\":true,\"onlyInViewport\":true}},\"hashNavigation\":false}'><div class=\"swiper-wrapper\">\n<div class=\"swiper-slide wp-block-eedee-block-gutenslide is-position-center-center ed-bg-image\" style=\"--ed-vw:300;--ed-vh:200;\" data-hash=\"\"><div class=\"eedee-background-div bg-image\"><img loading=\"lazy\" decoding=\"async\" width=\"1024\" height=\"683\" class=\"swiper-lazy wp-image-501\" src=\"https:\/\/mockelnforeningarna.se\/app\/uploads\/sites\/35\/2019\/11\/photo-1540883875958-ffddda178fa6-1024x683.jpeg\" alt=\"\" style=\"object-fit: cover; object-position: 50% 50%;\"  data-title=\"V\u00e4lkommen tillKarlskoga Kontaktservice\" srcset=\"https:\/\/mockelnforeningarna.se\/app\/uploads\/sites\/35\/2019\/11\/photo-1540883875958-ffddda178fa6-1024x683.jpeg 1024w, https:\/\/mockelnforeningarna.se\/app\/uploads\/sites\/35\/2019\/11\/photo-1540883875958-ffddda178fa6-300x200.jpeg 300w, https:\/\/mockelnforeningarna.se\/app\/uploads\/sites\/35\/2019\/11\/photo-1540883875958-ffddda178fa6-768x512.jpeg 768w, https:\/\/mockelnforeningarna.se\/app\/uploads\/sites\/35\/2019\/11\/photo-1540883875958-ffddda178fa6-1536x1024.jpeg 1536w, https:\/\/mockelnforeningarna.se\/app\/uploads\/sites\/35\/2019\/11\/photo-1540883875958-ffddda178fa6-2048x1365.jpeg 2048w, https:\/\/mockelnforeningarna.se\/app\/uploads\/sites\/35\/2019\/11\/photo-1540883875958-ffddda178fa6-1400x933.jpeg 1400w, https:\/\/mockelnforeningarna.se\/app\/uploads\/sites\/35\/2019\/11\/photo-1540883875958-ffddda178fa6-800x533.jpeg 800w, https:\/\/mockelnforeningarna.se\/app\/uploads\/sites\/35\/2019\/11\/photo-1540883875958-ffddda178fa6-500x333.jpeg 500w, https:\/\/mockelnforeningarna.se\/app\/uploads\/sites\/35\/2019\/11\/photo-1540883875958-ffddda178fa6-1440x960.jpeg 1440w, https:\/\/mockelnforeningarna.se\/app\/uploads\/sites\/35\/2019\/11\/photo-1540883875958-ffddda178fa6-600x400.jpeg 600w, https:\/\/mockelnforeningarna.se\/app\/uploads\/sites\/35\/2019\/11\/photo-1540883875958-ffddda178fa6-1600x1067.jpeg 1600w\" sizes=\"auto, (max-width: 1024px) 100vw, 1024px\" \/><div class=\"eedee-background-div__overlay\" style=\"opacity:1;\"><\/div><\/div><div class=\"slide-content\">\n\n<p class=\"has-text-align-center gutenslider-content-initial has-larger-font-size\"><\/p>\n\n<\/div><\/div>\n\n<div class=\"swiper-slide wp-block-eedee-block-gutenslide is-position-center-center ed-bg-image\" style=\"--ed-vw:240;--ed-vh:300;\" data-hash=\"\"><div class=\"eedee-background-div bg-image\"><img loading=\"lazy\" decoding=\"async\" width=\"819\" height=\"1024\" class=\"swiper-lazy wp-image-502\" src=\"https:\/\/mockelnforeningarna.se\/app\/uploads\/sites\/35\/2019\/11\/photo-1540884605972-41954c1204ce-819x1024.jpeg\" alt=\"\" style=\"object-fit: cover; object-position: 50% 50%;\"  data-title=\"V\u00e4lkommen tillKarlskoga Kontaktservice\" srcset=\"https:\/\/mockelnforeningarna.se\/app\/uploads\/sites\/35\/2019\/11\/photo-1540884605972-41954c1204ce-819x1024.jpeg 819w, https:\/\/mockelnforeningarna.se\/app\/uploads\/sites\/35\/2019\/11\/photo-1540884605972-41954c1204ce-240x300.jpeg 240w, https:\/\/mockelnforeningarna.se\/app\/uploads\/sites\/35\/2019\/11\/photo-1540884605972-41954c1204ce-768x960.jpeg 768w, https:\/\/mockelnforeningarna.se\/app\/uploads\/sites\/35\/2019\/11\/photo-1540884605972-41954c1204ce-1229x1536.jpeg 1229w, https:\/\/mockelnforeningarna.se\/app\/uploads\/sites\/35\/2019\/11\/photo-1540884605972-41954c1204ce-1638x2048.jpeg 1638w, https:\/\/mockelnforeningarna.se\/app\/uploads\/sites\/35\/2019\/11\/photo-1540884605972-41954c1204ce-1400x1750.jpeg 1400w, https:\/\/mockelnforeningarna.se\/app\/uploads\/sites\/35\/2019\/11\/photo-1540884605972-41954c1204ce-800x1000.jpeg 800w, https:\/\/mockelnforeningarna.se\/app\/uploads\/sites\/35\/2019\/11\/photo-1540884605972-41954c1204ce-500x625.jpeg 500w, https:\/\/mockelnforeningarna.se\/app\/uploads\/sites\/35\/2019\/11\/photo-1540884605972-41954c1204ce-1440x1800.jpeg 1440w, https:\/\/mockelnforeningarna.se\/app\/uploads\/sites\/35\/2019\/11\/photo-1540884605972-41954c1204ce-600x750.jpeg 600w, https:\/\/mockelnforeningarna.se\/app\/uploads\/sites\/35\/2019\/11\/photo-1540884605972-41954c1204ce-1600x2000.jpeg 1600w, https:\/\/mockelnforeningarna.se\/app\/uploads\/sites\/35\/2019\/11\/photo-1540884605972-41954c1204ce-scaled.jpeg 2048w\" sizes=\"auto, (max-width: 819px) 100vw, 819px\" \/><div class=\"eedee-background-div__overlay\" style=\"opacity:1;\"><\/div><\/div><div class=\"slide-content\">\n\n<p class=\"has-text-align-center gutenslider-content-initial has-larger-font-size\"><\/p>\n\n<\/div><\/div>\n\n<div class=\"swiper-slide wp-block-eedee-block-gutenslide is-position-center-center ed-bg-image\" style=\"--ed-vw:300;--ed-vh:169;\" data-hash=\"\"><div class=\"eedee-background-div bg-image\"><img loading=\"lazy\" decoding=\"async\" width=\"1024\" height=\"576\" class=\"swiper-lazy wp-image-500\" src=\"https:\/\/mockelnforeningarna.se\/app\/uploads\/sites\/35\/2019\/11\/photo-1540682814466-3d84fee22c49-1024x576.jpeg\" alt=\"\" style=\"object-fit: cover; object-position: 50% 50%;\"  data-title=\"V\u00e4lkommen tillKarlskoga Kontaktservice\" srcset=\"https:\/\/mockelnforeningarna.se\/app\/uploads\/sites\/35\/2019\/11\/photo-1540682814466-3d84fee22c49-1024x576.jpeg 1024w, https:\/\/mockelnforeningarna.se\/app\/uploads\/sites\/35\/2019\/11\/photo-1540682814466-3d84fee22c49-300x169.jpeg 300w, https:\/\/mockelnforeningarna.se\/app\/uploads\/sites\/35\/2019\/11\/photo-1540682814466-3d84fee22c49-768x432.jpeg 768w, https:\/\/mockelnforeningarna.se\/app\/uploads\/sites\/35\/2019\/11\/photo-1540682814466-3d84fee22c49-1536x864.jpeg 1536w, https:\/\/mockelnforeningarna.se\/app\/uploads\/sites\/35\/2019\/11\/photo-1540682814466-3d84fee22c49-2048x1152.jpeg 2048w, https:\/\/mockelnforeningarna.se\/app\/uploads\/sites\/35\/2019\/11\/photo-1540682814466-3d84fee22c49-1400x787.jpeg 1400w, https:\/\/mockelnforeningarna.se\/app\/uploads\/sites\/35\/2019\/11\/photo-1540682814466-3d84fee22c49-800x450.jpeg 800w, https:\/\/mockelnforeningarna.se\/app\/uploads\/sites\/35\/2019\/11\/photo-1540682814466-3d84fee22c49-500x281.jpeg 500w, https:\/\/mockelnforeningarna.se\/app\/uploads\/sites\/35\/2019\/11\/photo-1540682814466-3d84fee22c49-1440x810.jpeg 1440w, https:\/\/mockelnforeningarna.se\/app\/uploads\/sites\/35\/2019\/11\/photo-1540682814466-3d84fee22c49-600x337.jpeg 600w, https:\/\/mockelnforeningarna.se\/app\/uploads\/sites\/35\/2019\/11\/photo-1540682814466-3d84fee22c49-1600x900.jpeg 1600w\" sizes=\"auto, (max-width: 1024px) 100vw, 1024px\" \/><div class=\"eedee-background-div__overlay\" style=\"opacity:1;\"><\/div><\/div><div class=\"slide-content\">\n\n<p class=\"has-text-align-center gutenslider-content-initial has-larger-font-size\"><\/p>\n\n<\/div><\/div>\n\n\n<h2 class=\"wp-block-heading has-text-align-center has-white-color has-text-color\">V\u00e4lkommen till<br>Karlskoga Kontaktservice<\/h2>\n\n<\/div><\/div><div class=\"wp-block-eedee-gutenslider__content co-1\">\n<div class=\"swiper-slide wp-block-eedee-block-gutenslide is-position-center-center ed-bg-image\" style=\"--ed-vw:300;--ed-vh:200;\" data-hash=\"\"><div class=\"eedee-background-div bg-image\"><img loading=\"lazy\" decoding=\"async\" width=\"1024\" height=\"683\" class=\"swiper-lazy wp-image-501\" src=\"https:\/\/mockelnforeningarna.se\/app\/uploads\/sites\/35\/2019\/11\/photo-1540883875958-ffddda178fa6-1024x683.jpeg\" alt=\"\" style=\"object-fit: cover; object-position: 50% 50%;\"  data-title=\"V\u00e4lkommen tillKarlskoga Kontaktservice\" srcset=\"https:\/\/mockelnforeningarna.se\/app\/uploads\/sites\/35\/2019\/11\/photo-1540883875958-ffddda178fa6-1024x683.jpeg 1024w, https:\/\/mockelnforeningarna.se\/app\/uploads\/sites\/35\/2019\/11\/photo-1540883875958-ffddda178fa6-300x200.jpeg 300w, https:\/\/mockelnforeningarna.se\/app\/uploads\/sites\/35\/2019\/11\/photo-1540883875958-ffddda178fa6-768x512.jpeg 768w, https:\/\/mockelnforeningarna.se\/app\/uploads\/sites\/35\/2019\/11\/photo-1540883875958-ffddda178fa6-1536x1024.jpeg 1536w, https:\/\/mockelnforeningarna.se\/app\/uploads\/sites\/35\/2019\/11\/photo-1540883875958-ffddda178fa6-2048x1365.jpeg 2048w, https:\/\/mockelnforeningarna.se\/app\/uploads\/sites\/35\/2019\/11\/photo-1540883875958-ffddda178fa6-1400x933.jpeg 1400w, https:\/\/mockelnforeningarna.se\/app\/uploads\/sites\/35\/2019\/11\/photo-1540883875958-ffddda178fa6-800x533.jpeg 800w, https:\/\/mockelnforeningarna.se\/app\/uploads\/sites\/35\/2019\/11\/photo-1540883875958-ffddda178fa6-500x333.jpeg 500w, https:\/\/mockelnforeningarna.se\/app\/uploads\/sites\/35\/2019\/11\/photo-1540883875958-ffddda178fa6-1440x960.jpeg 1440w, https:\/\/mockelnforeningarna.se\/app\/uploads\/sites\/35\/2019\/11\/photo-1540883875958-ffddda178fa6-600x400.jpeg 600w, https:\/\/mockelnforeningarna.se\/app\/uploads\/sites\/35\/2019\/11\/photo-1540883875958-ffddda178fa6-1600x1067.jpeg 1600w\" sizes=\"auto, (max-width: 1024px) 100vw, 1024px\" \/><div class=\"eedee-background-div__overlay\" style=\"opacity:1;\"><\/div><\/div><div class=\"slide-content\">\n\n<p class=\"has-text-align-center gutenslider-content-initial has-larger-font-size\"><\/p>\n\n<\/div><\/div>\n\n<div class=\"swiper-slide wp-block-eedee-block-gutenslide is-position-center-center ed-bg-image\" style=\"--ed-vw:240;--ed-vh:300;\" data-hash=\"\"><div class=\"eedee-background-div bg-image\"><img loading=\"lazy\" decoding=\"async\" width=\"819\" height=\"1024\" class=\"swiper-lazy wp-image-502\" src=\"https:\/\/mockelnforeningarna.se\/app\/uploads\/sites\/35\/2019\/11\/photo-1540884605972-41954c1204ce-819x1024.jpeg\" alt=\"\" style=\"object-fit: cover; object-position: 50% 50%;\"  data-title=\"V\u00e4lkommen tillKarlskoga Kontaktservice\" srcset=\"https:\/\/mockelnforeningarna.se\/app\/uploads\/sites\/35\/2019\/11\/photo-1540884605972-41954c1204ce-819x1024.jpeg 819w, https:\/\/mockelnforeningarna.se\/app\/uploads\/sites\/35\/2019\/11\/photo-1540884605972-41954c1204ce-240x300.jpeg 240w, https:\/\/mockelnforeningarna.se\/app\/uploads\/sites\/35\/2019\/11\/photo-1540884605972-41954c1204ce-768x960.jpeg 768w, https:\/\/mockelnforeningarna.se\/app\/uploads\/sites\/35\/2019\/11\/photo-1540884605972-41954c1204ce-1229x1536.jpeg 1229w, https:\/\/mockelnforeningarna.se\/app\/uploads\/sites\/35\/2019\/11\/photo-1540884605972-41954c1204ce-1638x2048.jpeg 1638w, https:\/\/mockelnforeningarna.se\/app\/uploads\/sites\/35\/2019\/11\/photo-1540884605972-41954c1204ce-1400x1750.jpeg 1400w, https:\/\/mockelnforeningarna.se\/app\/uploads\/sites\/35\/2019\/11\/photo-1540884605972-41954c1204ce-800x1000.jpeg 800w, https:\/\/mockelnforeningarna.se\/app\/uploads\/sites\/35\/2019\/11\/photo-1540884605972-41954c1204ce-500x625.jpeg 500w, https:\/\/mockelnforeningarna.se\/app\/uploads\/sites\/35\/2019\/11\/photo-1540884605972-41954c1204ce-1440x1800.jpeg 1440w, https:\/\/mockelnforeningarna.se\/app\/uploads\/sites\/35\/2019\/11\/photo-1540884605972-41954c1204ce-600x750.jpeg 600w, https:\/\/mockelnforeningarna.se\/app\/uploads\/sites\/35\/2019\/11\/photo-1540884605972-41954c1204ce-1600x2000.jpeg 1600w, https:\/\/mockelnforeningarna.se\/app\/uploads\/sites\/35\/2019\/11\/photo-1540884605972-41954c1204ce-scaled.jpeg 2048w\" sizes=\"auto, (max-width: 819px) 100vw, 819px\" \/><div class=\"eedee-background-div__overlay\" style=\"opacity:1;\"><\/div><\/div><div class=\"slide-content\">\n\n<p class=\"has-text-align-center gutenslider-content-initial has-larger-font-size\"><\/p>\n\n<\/div><\/div>\n\n<div class=\"swiper-slide wp-block-eedee-block-gutenslide is-position-center-center ed-bg-image\" style=\"--ed-vw:300;--ed-vh:169;\" data-hash=\"\"><div class=\"eedee-background-div bg-image\"><img loading=\"lazy\" decoding=\"async\" width=\"1024\" height=\"576\" class=\"swiper-lazy wp-image-500\" src=\"https:\/\/mockelnforeningarna.se\/app\/uploads\/sites\/35\/2019\/11\/photo-1540682814466-3d84fee22c49-1024x576.jpeg\" alt=\"\" style=\"object-fit: cover; object-position: 50% 50%;\"  data-title=\"V\u00e4lkommen tillKarlskoga Kontaktservice\" srcset=\"https:\/\/mockelnforeningarna.se\/app\/uploads\/sites\/35\/2019\/11\/photo-1540682814466-3d84fee22c49-1024x576.jpeg 1024w, https:\/\/mockelnforeningarna.se\/app\/uploads\/sites\/35\/2019\/11\/photo-1540682814466-3d84fee22c49-300x169.jpeg 300w, https:\/\/mockelnforeningarna.se\/app\/uploads\/sites\/35\/2019\/11\/photo-1540682814466-3d84fee22c49-768x432.jpeg 768w, https:\/\/mockelnforeningarna.se\/app\/uploads\/sites\/35\/2019\/11\/photo-1540682814466-3d84fee22c49-1536x864.jpeg 1536w, https:\/\/mockelnforeningarna.se\/app\/uploads\/sites\/35\/2019\/11\/photo-1540682814466-3d84fee22c49-2048x1152.jpeg 2048w, https:\/\/mockelnforeningarna.se\/app\/uploads\/sites\/35\/2019\/11\/photo-1540682814466-3d84fee22c49-1400x787.jpeg 1400w, https:\/\/mockelnforeningarna.se\/app\/uploads\/sites\/35\/2019\/11\/photo-1540682814466-3d84fee22c49-800x450.jpeg 800w, https:\/\/mockelnforeningarna.se\/app\/uploads\/sites\/35\/2019\/11\/photo-1540682814466-3d84fee22c49-500x281.jpeg 500w, https:\/\/mockelnforeningarna.se\/app\/uploads\/sites\/35\/2019\/11\/photo-1540682814466-3d84fee22c49-1440x810.jpeg 1440w, https:\/\/mockelnforeningarna.se\/app\/uploads\/sites\/35\/2019\/11\/photo-1540682814466-3d84fee22c49-600x337.jpeg 600w, https:\/\/mockelnforeningarna.se\/app\/uploads\/sites\/35\/2019\/11\/photo-1540682814466-3d84fee22c49-1600x900.jpeg 1600w\" sizes=\"auto, (max-width: 1024px) 100vw, 1024px\" \/><div class=\"eedee-background-div__overlay\" style=\"opacity:1;\"><\/div><\/div><div class=\"slide-content\">\n\n<p class=\"has-text-align-center gutenslider-content-initial has-larger-font-size\"><\/p>\n\n<\/div><\/div>\n\n\n<h2 class=\"wp-block-heading has-text-align-center has-white-color has-text-color\">V\u00e4lkommen till<br>Karlskoga Kontaktservice<\/h2>\n\n<\/div><button class=\"eedee-gutenslider-nav eedee-gutenslider-prev\"><svg xmlns=\"http:\/\/www.w3.org\/2000\/svg\" viewBox=\"0 0 24 24\" width=\"24\" height=\"24\"><circle class=\"bg\" cx=\"13\" cy=\"12\" r=\"11\" \/><path fill=\"none\" d=\"M0 0h24v24H0z\"\/><path class=\"arrow\" d=\"M10.828 12l4.95 4.95-1.414 1.414L8 12l6.364-6.364 1.414 1.414z\"\/><\/svg><\/button><button class=\"eedee-gutenslider-nav eedee-gutenslider-next\"><svg xmlns=\"http:\/\/www.w3.org\/2000\/svg\" viewBox=\"0 0 24 24\" width=\"24\" height=\"24\"><circle class=\"bg\" cx=\"11\" cy=\"12\" r=\"11\" \/><path fill=\"none\" d=\"M0 0h24v24H0z\"\/><path class=\"arrow\" d=\"M13.172 12l-4.95-4.95 1.414-1.414L16 12l-6.364 6.364-1.414-1.414z\"\/><\/svg><\/button><div class=\"eedee-gutenslider-pagination\"><\/div><\/div><div class=\"gutenslider-divider-bottom \" style=\"color:#fff; height:60px;\"><\/div><\/div>\n\n\n<div class=\"wp-block-group has-global-padding is-layout-constrained wp-block-group-is-layout-constrained\" style=\"padding-top:var(--wp--preset--spacing--large)\">\n<p><strong>Kontaktservice \u00e4r en ideell f\u00f6rening som bedriver bes\u00f6ksverksamhet, kontaktsamtal och ledsagning hos \u00e4ldre bosatta i Karlskoga kommun.<\/strong><\/p>\n\n\n\n<p>Syftet med f\u00f6reningens verksamhet \u00e4r att bryta ensamhet och skapa engagemang och gl\u00e4dje som delas \u00f6msesidigt. F\u00f6reningens verksamhet \u00e4r ett komplement till anh\u00f6riga, hemtj\u00e4nst och v\u00e5rdpersonal.<\/p>\n\n\n\n<p>Kontaktservice kan bland annat&nbsp;bist\u00e5 med att:<\/p>\n\n\n\n<ul class=\"wp-block-list\">\n<li>Ge en stunds n\u00e4rhet och pratstund<\/li>\n\n\n\n<li>F\u00f6lja med p\u00e5 en&nbsp;promenad<\/li>\n\n\n\n<li>L\u00e4sa en bok eller tidning<\/li>\n\n\n\n<li>Hj\u00e4lpa till med mindre ink\u00f6p<\/li>\n\n\n\n<li>Spela n\u00e5got spel tillsammans m.m.<\/li>\n<\/ul>\n\n\n\n<p>\u00c4r du \u00f6ver 18 \u00e5r och bor i Karlskoga med n\u00e5gon form av funktionsneds\u00e4ttning, kan Kontaktservice hj\u00e4lpa till med ledsagning. Det kan g\u00e4lla ledsagning till olika verksamheter utanf\u00f6r hemmet som:<\/p>\n\n\n\n<ul class=\"wp-block-list\">\n<li>Teaterbes\u00f6k<\/li>\n\n\n\n<li>Tandl\u00e4kar- eller l\u00e4karbes\u00f6k<\/li>\n\n\n\n<li>Kyrkobes\u00f6k<\/li>\n\n\n\n<li>Idrottsevenemang m.m.<\/li>\n<\/ul>\n\n\n\n<p>\u200bHj\u00e4lptagaren betalar ingenting f\u00f6r hj\u00e4lpen fr\u00e5n Kontaktservice och tystnadsl\u00f6fte \u00e4r en sj\u00e4lvklarhet f\u00f6r alla v\u00e5ra medarbetare.<\/p>\n\n\n\n<p>Vi arrangerar \u00e4ven gruppaktiviteter i samarbete med andra organisationer bland annat den popul\u00e4ra Kulturrundan som \u00e4r ett tillf\u00e4lle f\u00f6r gemenskap och musikunderh\u00e5llning f\u00f6r \u00e4ldre.<\/p>\n\n\n\n<p>Du kan l\u00e4sa&nbsp;<a href=\"https:\/\/mockelnforeningarna.se\/kontaktservice\/om-kontaktservice\/\"><strong>mer om<\/strong><\/a>&nbsp;oss eller&nbsp;<a href=\"https:\/\/mockelnforeningarna.se\/kontaktservice\/kontakta-oss\/\"><strong>kontakta oss<\/strong><\/a>&nbsp;vid fr\u00e5gor.<\/p>\n<\/div>\n","protected":false},"excerpt":{"rendered":"<p>Kontaktservice \u00e4r en ideell f\u00f6rening som bedriver bes\u00f6ksverksamhet, kontaktsamtal och ledsagning hos \u00e4ldre bosatta i Karlskoga kommun. Syftet med f\u00f6reningens verksamhet \u00e4r att bryta ensamhet och skapa engagemang och gl\u00e4dje [&hellip;]<\/p>\n","protected":false},"author":49,"featured_media":0,"parent":0,"menu_order":0,"comment_status":"closed","ping_status":"closed","template":"page-notitle.php","meta":{"footnotes":""},"class_list":["post-476","page","type-page","status-publish","hentry"],"_links":{"self":[{"href":"https:\/\/mockelnforeningarna.se\/kontaktservice\/wp-json\/wp\/v2\/pages\/476","targetHints":{"allow":["GET"]}}],"collection":[{"href":"https:\/\/mockelnforeningarna.se\/kontaktservice\/wp-json\/wp\/v2\/pages"}],"about":[{"href":"https:\/\/mockelnforeningarna.se\/kontaktservice\/wp-json\/wp\/v2\/types\/page"}],"author":[{"embeddable":true,"href":"https:\/\/mockelnforeningarna.se\/kontaktservice\/wp-json\/wp\/v2\/users\/49"}],"replies":[{"embeddable":true,"href":"https:\/\/mockelnforeningarna.se\/kontaktservice\/wp-json\/wp\/v2\/comments?post=476"}],"version-history":[{"count":8,"href":"https:\/\/mockelnforeningarna.se\/kontaktservice\/wp-json\/wp\/v2\/pages\/476\/revisions"}],"predecessor-version":[{"id":2647,"href":"https:\/\/mockelnforeningarna.se\/kontaktservice\/wp-json\/wp\/v2\/pages\/476\/revisions\/2647"}],"wp:attachment":[{"href":"https:\/\/mockelnforeningarna.se\/kontaktservice\/wp-json\/wp\/v2\/media?parent=476"}],"curies":[{"name":"wp","href":"https:\/\/api.w.org\/{rel}","templated":true}]}}