{"id":53,"date":"2013-03-06T16:48:56","date_gmt":"2013-03-06T15:48:56","guid":{"rendered":"https:\/\/mockelnforeningarna.se\/kontaktservice\/?page_id=53"},"modified":"2026-02-12T15:44:34","modified_gmt":"2026-02-12T14:44:34","slug":"vill-du-bli-volontar","status":"publish","type":"page","link":"https:\/\/mockelnforeningarna.se\/kontaktservice\/vill-du-bli-volontar\/","title":{"rendered":"Jag vill bli volont\u00e4r!"},"content":{"rendered":"\n<div class=\"wp-block-columns is-layout-flex wp-container-core-columns-is-layout-28f84493 wp-block-columns-is-layout-flex\">\n<div class=\"wp-block-column is-layout-flow wp-block-column-is-layout-flow\">\n<p><strong>Vill du g\u00f6ra n\u00e5gons dag lite ljusare?<\/strong><\/p>\n\n\n\n<p><\/p>\n\n\n\n<p>Vi s\u00f6ker dig som vill dela med dig av din tid f\u00f6r en pratstund hemma hos hj\u00e4lptagaren eller f\u00f6r att f\u00f6lja med p\u00e5 en kort promenad. <\/p>\n\n\n\n<p>F\u00f6r m\u00e5nga betyder en stunds s\u00e4llskap och frisk luft mer \u00e4n du kan ana.<\/p>\n\n\n\n<p>F\u00f6reningen Kontaktservice arbetar f\u00f6r att skapa social gemenskap och meningsfulla m\u00f6ten. Tillsammans kan vi bryta isolering och sprida gl\u00e4dje i vardagen.<\/p>\n\n\n\n<p>Du f\u00e5r introduktion och st\u00f6d av v\u00e5r verksamhetsansvariga \u2013 och blir en del av en viktig gemenskap.<\/p>\n\n\n\n<ul class=\"wp-block-list\">\n<li>Det \u00e4r kul och positivt<\/li>\n\n\n\n<li>Det ger mycket tillbaka<\/li>\n\n\n\n<li>Man g\u00f6r meningsfulla uppgifter som betyder mycket f\u00f6r hj\u00e4lptagaren<\/li>\n\n\n\n<li>Man f\u00e5r fantastisk gemenskap<\/li>\n<\/ul>\n\n\n\n<p><strong>Fyllt i dina uppgifter h\u00e4r f\u00f6r att kontakta oss f\u00f6r mer information!<\/strong><\/p>\n<\/div>\n\n\n\n<div class=\"wp-block-column is-layout-flow wp-block-column-is-layout-flow\">\n<div class=\"wp-block-contact-form-7-contact-form-selector\">\n<div class=\"wpcf7 no-js\" id=\"wpcf7-f535-o1\" lang=\"sv-SE\" dir=\"ltr\" data-wpcf7-id=\"535\">\n<div class=\"screen-reader-response\"><p role=\"status\" aria-live=\"polite\" aria-atomic=\"true\"><\/p> <ul><\/ul><\/div>\n<form action=\"\/kontaktservice\/wp-json\/wp\/v2\/pages\/53#wpcf7-f535-o1\" method=\"post\" class=\"wpcf7-form init\" aria-label=\"Kontaktformul\u00e4r\" novalidate=\"novalidate\" data-status=\"init\">\n<fieldset class=\"hidden-fields-container\"><input type=\"hidden\" name=\"_wpcf7\" value=\"535\" \/><input type=\"hidden\" name=\"_wpcf7_version\" value=\"6.1.5\" \/><input type=\"hidden\" name=\"_wpcf7_locale\" value=\"sv_SE\" \/><input type=\"hidden\" name=\"_wpcf7_unit_tag\" value=\"wpcf7-f535-o1\" \/><input type=\"hidden\" name=\"_wpcf7_container_post\" value=\"0\" \/><input type=\"hidden\" name=\"_wpcf7_posted_data_hash\" value=\"\" \/>\n<\/fieldset>\n<p><span class=\"wpcf7-form-control-wrap\" data-name=\"text-476\"><input size=\"40\" maxlength=\"400\" class=\"wpcf7-form-control wpcf7-text wpcf7-validates-as-required\" aria-required=\"true\" aria-invalid=\"false\" placeholder=\"Ditt Namn\" value=\"\" type=\"text\" name=\"text-476\" \/><\/span>\n<\/p>\n<p><span class=\"wpcf7-form-control-wrap\" data-name=\"email-21\"><input size=\"40\" maxlength=\"400\" class=\"wpcf7-form-control wpcf7-email wpcf7-validates-as-required wpcf7-text wpcf7-validates-as-email\" aria-required=\"true\" aria-invalid=\"false\" placeholder=\"Din E-post\" value=\"\" type=\"email\" name=\"email-21\" \/><\/span>\n<\/p>\n<p><span class=\"wpcf7-form-control-wrap\" data-name=\"tel-984\"><input size=\"40\" maxlength=\"400\" class=\"wpcf7-form-control wpcf7-tel wpcf7-validates-as-required wpcf7-text wpcf7-validates-as-tel\" aria-required=\"true\" aria-invalid=\"false\" placeholder=\"Ditt Telefon nr.\" value=\"\" type=\"tel\" name=\"tel-984\" \/><\/span>\n<\/p>\n<p><span class=\"wpcf7-form-control-wrap\" data-name=\"textarea-490\"><textarea cols=\"40\" rows=\"10\" maxlength=\"2000\" class=\"wpcf7-form-control wpcf7-textarea wpcf7-validates-as-required\" aria-required=\"true\" aria-invalid=\"false\" placeholder=\"\u00d6vrig info\" name=\"textarea-490\"><\/textarea><\/span>\n<\/p>\n<p><input class=\"wpcf7-form-control wpcf7-submit has-spinner\" type=\"submit\" value=\"Skicka\" \/>\n<\/p><div class=\"wpcf7-response-output\" aria-hidden=\"true\"><\/div>\n<\/form>\n<\/div>\n<\/div>\n<\/div>\n<\/div>\n\n\n\n<p><\/p>\n","protected":false},"excerpt":{"rendered":"<p>Vill du g\u00f6ra n\u00e5gons dag lite ljusare? Vi s\u00f6ker dig som vill dela med dig av din tid f\u00f6r en pratstund hemma hos hj\u00e4lptagaren eller f\u00f6r att f\u00f6lja med p\u00e5 [&hellip;]<\/p>\n","protected":false},"author":45,"featured_media":0,"parent":0,"menu_order":2,"comment_status":"closed","ping_status":"closed","template":"","meta":{"footnotes":""},"class_list":["post-53","page","type-page","status-publish","hentry"],"_links":{"self":[{"href":"https:\/\/mockelnforeningarna.se\/kontaktservice\/wp-json\/wp\/v2\/pages\/53","targetHints":{"allow":["GET"]}}],"collection":[{"href":"https:\/\/mockelnforeningarna.se\/kontaktservice\/wp-json\/wp\/v2\/pages"}],"about":[{"href":"https:\/\/mockelnforeningarna.se\/kontaktservice\/wp-json\/wp\/v2\/types\/page"}],"author":[{"embeddable":true,"href":"https:\/\/mockelnforeningarna.se\/kontaktservice\/wp-json\/wp\/v2\/users\/45"}],"replies":[{"embeddable":true,"href":"https:\/\/mockelnforeningarna.se\/kontaktservice\/wp-json\/wp\/v2\/comments?post=53"}],"version-history":[{"count":4,"href":"https:\/\/mockelnforeningarna.se\/kontaktservice\/wp-json\/wp\/v2\/pages\/53\/revisions"}],"predecessor-version":[{"id":2630,"href":"https:\/\/mockelnforeningarna.se\/kontaktservice\/wp-json\/wp\/v2\/pages\/53\/revisions\/2630"}],"wp:attachment":[{"href":"https:\/\/mockelnforeningarna.se\/kontaktservice\/wp-json\/wp\/v2\/media?parent=53"}],"curies":[{"name":"wp","href":"https:\/\/api.w.org\/{rel}","templated":true}]}}