{"id":560,"date":"2019-11-26T20:20:36","date_gmt":"2019-11-26T19:20:36","guid":{"rendered":"https:\/\/mockelnforeningarna.se\/kontaktservice\/?page_id=560"},"modified":"2022-12-12T13:16:49","modified_gmt":"2022-12-12T12:16:49","slug":"vill-du-bli-medlem","status":"publish","type":"page","link":"https:\/\/mockelnforeningarna.se\/kontaktservice\/vill-du-bli-medlem\/","title":{"rendered":"Vill du bli medlem?"},"content":{"rendered":"\n<p>Vill du bli medlem och st\u00f6dja Kontaktservice?<\/p>\n\n\n\n<p>\u00c5rsavgift: 100 kr\/medlem. 500 kr\/f\u00f6retag<br>Avgifter och eventuella g\u00e5vor s\u00e4tts in p\u00e5:<br><b>Bankgiro 5687-1437<\/b><\/p>\n","protected":false},"excerpt":{"rendered":"<p>Vill du bli medlem och st\u00f6dja Kontaktservice? \u00c5rsavgift: 100 kr\/medlem. 500 kr\/f\u00f6retagAvgifter och eventuella g\u00e5vor s\u00e4tts in p\u00e5:Bankgiro 5687-1437<\/p>\n","protected":false},"author":48,"featured_media":0,"parent":0,"menu_order":0,"comment_status":"closed","ping_status":"closed","template":"","meta":{"footnotes":""},"class_list":["post-560","page","type-page","status-publish","hentry"],"_links":{"self":[{"href":"https:\/\/mockelnforeningarna.se\/kontaktservice\/wp-json\/wp\/v2\/pages\/560","targetHints":{"allow":["GET"]}}],"collection":[{"href":"https:\/\/mockelnforeningarna.se\/kontaktservice\/wp-json\/wp\/v2\/pages"}],"about":[{"href":"https:\/\/mockelnforeningarna.se\/kontaktservice\/wp-json\/wp\/v2\/types\/page"}],"author":[{"embeddable":true,"href":"https:\/\/mockelnforeningarna.se\/kontaktservice\/wp-json\/wp\/v2\/users\/48"}],"replies":[{"embeddable":true,"href":"https:\/\/mockelnforeningarna.se\/kontaktservice\/wp-json\/wp\/v2\/comments?post=560"}],"version-history":[{"count":1,"href":"https:\/\/mockelnforeningarna.se\/kontaktservice\/wp-json\/wp\/v2\/pages\/560\/revisions"}],"predecessor-version":[{"id":1190,"href":"https:\/\/mockelnforeningarna.se\/kontaktservice\/wp-json\/wp\/v2\/pages\/560\/revisions\/1190"}],"wp:attachment":[{"href":"https:\/\/mockelnforeningarna.se\/kontaktservice\/wp-json\/wp\/v2\/media?parent=560"}],"curies":[{"name":"wp","href":"https:\/\/api.w.org\/{rel}","templated":true}]}}