{"id":596,"date":"2020-05-20T11:33:15","date_gmt":"2020-05-20T09:33:15","guid":{"rendered":"https:\/\/mockelnforeningarna.se\/kontaktservice\/?page_id=596"},"modified":"2022-12-12T12:32:17","modified_gmt":"2022-12-12T11:32:17","slug":"om-gdpr","status":"publish","type":"page","link":"https:\/\/mockelnforeningarna.se\/kontaktservice\/om-kontaktservice\/om-gdpr\/","title":{"rendered":"OM GDPR"},"content":{"rendered":"\n<p>Vi hanterar dina personuppgifter i enlighet med dataskyddsf\u00f6rordningen GDPR.<br>Beroende p\u00e5 syfte administrerar vi uppgifterna utifr\u00e5n r\u00e5dande informationss\u00e4kerhets\u00e5tg\u00e4rder.<\/p>\n\n\n\n<p>Du har enligt dataskyddsf\u00f6rordningen r\u00e4tt att f\u00e5 ett utdrag av dina personuppgifter<br>samt information om hur vi behandlar dem, under f\u00f6ruts\u00e4ttning att din identitet kan bevisas.<\/p>\n","protected":false},"excerpt":{"rendered":"<p>Vi hanterar dina personuppgifter i enlighet med dataskyddsf\u00f6rordningen GDPR.Beroende p\u00e5 syfte administrerar vi uppgifterna utifr\u00e5n r\u00e5dande informationss\u00e4kerhets\u00e5tg\u00e4rder. Du har enligt dataskyddsf\u00f6rordningen r\u00e4tt att f\u00e5 ett utdrag av dina personuppgiftersamt information [&hellip;]<\/p>\n","protected":false},"author":48,"featured_media":0,"parent":19,"menu_order":0,"comment_status":"closed","ping_status":"closed","template":"","meta":{"footnotes":""},"class_list":["post-596","page","type-page","status-publish","hentry"],"_links":{"self":[{"href":"https:\/\/mockelnforeningarna.se\/kontaktservice\/wp-json\/wp\/v2\/pages\/596","targetHints":{"allow":["GET"]}}],"collection":[{"href":"https:\/\/mockelnforeningarna.se\/kontaktservice\/wp-json\/wp\/v2\/pages"}],"about":[{"href":"https:\/\/mockelnforeningarna.se\/kontaktservice\/wp-json\/wp\/v2\/types\/page"}],"author":[{"embeddable":true,"href":"https:\/\/mockelnforeningarna.se\/kontaktservice\/wp-json\/wp\/v2\/users\/48"}],"replies":[{"embeddable":true,"href":"https:\/\/mockelnforeningarna.se\/kontaktservice\/wp-json\/wp\/v2\/comments?post=596"}],"version-history":[{"count":1,"href":"https:\/\/mockelnforeningarna.se\/kontaktservice\/wp-json\/wp\/v2\/pages\/596\/revisions"}],"predecessor-version":[{"id":817,"href":"https:\/\/mockelnforeningarna.se\/kontaktservice\/wp-json\/wp\/v2\/pages\/596\/revisions\/817"}],"up":[{"embeddable":true,"href":"https:\/\/mockelnforeningarna.se\/kontaktservice\/wp-json\/wp\/v2\/pages\/19"}],"wp:attachment":[{"href":"https:\/\/mockelnforeningarna.se\/kontaktservice\/wp-json\/wp\/v2\/media?parent=596"}],"curies":[{"name":"wp","href":"https:\/\/api.w.org\/{rel}","templated":true}]}}