{"id":101,"date":"2023-09-15T21:47:11","date_gmt":"2023-09-15T19:47:11","guid":{"rendered":"https:\/\/mockelnforeningarna.se\/kulturgruppen\/?page_id=101"},"modified":"2023-09-15T21:47:11","modified_gmt":"2023-09-15T19:47:11","slug":"allsang-med-kordelux","status":"publish","type":"page","link":"https:\/\/mockelnforeningarna.se\/kulturgruppen\/allsang-med-kordelux\/","title":{"rendered":"Alls\u00e5ng med K\u00f6rdelux"},"content":{"rendered":"\n<h4 class=\"wp-block-heading\"><strong>En kv\u00e4ll i Juni (Lasse Berghagen)<\/strong><\/h4>\n\n\n\n<p>Ja det va\u00b4 en kv\u00e4ll I juni, d\u00e5 n\u00e4r sommarn e\u00b4 som b\u00e4st<br>Hon dansade f\u00f6r morfar som hon gillar allra mest<br>Hennes morfar satt \u00e5 nynna p\u00e5 en sommarmelodi<br>Pl\u00f6tsligt spratt de\u00b4 till I gubben, han blev ung och han blev fri<\/p>\n\n\n\n<p>Han tog av sig sin kavaj<br>Sparka av sig b\u00e5da skorna.<br>\u00c5 s\u00e5 spotta\u00b4 han ut snuset<br>Och sa min sk\u00f6na f\u00e5r jag lov<br>Hon var vacker, han var stolt, rak I ryggen som en fura<br>Det var sommar det var gl\u00e4dje och de skrattade och sj\u00f6ng<\/p>\n\n\n\n<p>Na na na na na na na na na na na nana na na na na na na na<br>Na na na na na na na na na na na<br>La la na na na na na na na na na na na na na<br>La la na la la la na na na na na na na na na<\/p>\n\n\n\n<p>S\u00e5 mindes han \u00e5 sa;<br>Ja du skulle sett din mormor, hon va\u00b4 lika grann som du<br>D\u00e4r hon dansade I gr\u00e4set likadant som du g\u00f6r nu<br>Hennes h\u00e5r var blekt av solen hennes mun var smultronr\u00f6d<br>Hon va\u00b4 ljuvlig som en lilja hennes k\u00e4rlek va\u00b4 som gl\u00f6d<\/p>\n\n\n\n<p>S\u00e5 jag tog av mig min kavaj<br>Sparka av mig b\u00e5da skorna.<br>\u00c5 s\u00e5 spotta\u00b4 jag ut snuset<br>Och sa min sk\u00f6na f\u00e5r jag lov<br>Hon var vacker, jag var stolt, rak I ryggen som en fura<br>Det var sommar det var gl\u00e4dje och de skrattade och sj\u00f6ng<\/p>\n\n\n\n<h3 class=\"wp-block-heading\">Andas in andas ut (Thomas Stenstr\u00f6m)<\/h3>\n\n\n\n<p>ag har sjungit f\u00f6r sista g\u00e5ngen jag<br>Jag har sprungit men aldrig dit jag ska nu<br>Dit jag ska nu<\/p>\n\n\n\n<p>Och jag v\u00e4ntar vid solnedg\u00e5ngens hav<br>F\u00f6r att se om det blir en annan dag nu<br>En b\u00e4ttre dag nu<\/p>\n\n\n\n<p>Fan vad du och jag har s\u00e5rat varandra<br>Tiden l\u00e4ker om vi f\u00e5r den att stanna andas<\/p>\n\n\n\n<p>Andas in andas ut<br>Andas in andas ut<br>Det blir b\u00e4ttre till slut<br>S\u00e5 andas in andas ut<br>Andas in andas ut<br>Andas in andas ut<br>Det blir b\u00e4ttre till slut<br>S\u00e5 bara andas<\/p>\n\n\n\n<p>Jag f\u00f6ddes med hj\u00e4rtat utanp\u00e5<br>Har g\u00e5tt s\u00f6nder en g\u00e5ng eller tv\u00e5 men<br>Jag h\u00f6r det sl\u00e5 \u00e4n<br>Vill du se n\u00e5t s\u00e5 f\u00e5r du blunda h\u00e5rt<br>Man ska sitta ned d\u00e4r jag kom ifr\u00e5n men<br>Och se jag st\u00e5r \u00e4n<\/p>\n\n\n\n<p>Fan vad du och jag har s\u00e5rat varandra<br>Tiden l\u00e4ker om vi f\u00e5r den att stanna andas<\/p>\n\n\n\n<p>Andas in andas ut<br>Andas in andas ut<br>Det blir b\u00e4ttre till slut<br>S\u00e5 andas in andas ut<br>Andas in andas ut<br>Andas in andas ut<br>Det blir b\u00e4ttre till slut<br>S\u00e5 bara andas<\/p>\n\n\n\n<p>Det blir b\u00e4ttre snart<br>Med bara mitt andetag<br>Det blir b\u00e4ttre snart<br>S\u00e5 bara andas<\/p>\n\n\n\n<p>Andas in andas ut<br>Andas in andas ut<br>Det blir b\u00e4ttre till slut<br>S\u00e5 andas in andas ut<\/p>\n\n\n\n<p>Andas in andas ut<br>Andas in andas ut<br>Det blir b\u00e4ttre till slut<br>S\u00e5 bara andas<br>Andas in andas ut yeah<br>Andas in andas ut<br>Det blir b\u00e4ttre till slut<br>S\u00e5 bara andas<\/p>\n\n\n\n<h3 class=\"wp-block-heading\">Klappa h\u00e4nderna (Trad)<\/h3>\n\n\n\n<p>Klappa h\u00e4nderna n\u00e4r du \u00e4r riktigt glad. (klapp klapp)<br>Klappa h\u00e4nderna n\u00e4r du \u00e4r riktigt glad. (klapp klapp)<br>Du kan ocks\u00e5 gl\u00e4dja andra<br>som p\u00e5 denna jorden vandra,<br>klappa h\u00e4nderna n\u00e4r du \u00e4r riktigt glad. (klapp klapp)<\/p>\n\n\n\n<p>Kn\u00e4pp med fingrarna n\u00e4r du \u00e4r riktigt glad. (kn\u00e4pp kn\u00e4pp)<br>Kn\u00e4pp med fingrarna n\u00e4r du \u00e4r riktigt glad. (kn\u00e4pp kn\u00e4pp)<br>Du kan ocks\u00e5 gl\u00e4dja andra<br>som p\u00e5 denna jorden vandra,<br>kn\u00e4pp med fingrarna n\u00e4r du \u00e4r riktigt glad. (kn\u00e4pp kn\u00e4pp)<\/p>\n\n\n\n<p>Sl\u00e5 p\u00e5 dina kn\u00e4n n\u00e4r du \u00e4r riktigt glad. (kn\u00e4 kn\u00e4)<br>Sl\u00e5 p\u00e5 dina kn\u00e4n n\u00e4r du \u00e4r riktigt glad. (kn\u00e4 kn\u00e4)<br>Du kan ocks\u00e5 gl\u00e4dja andra<br>som p\u00e5 denna jorden vandra,<br>sl\u00e5 p\u00e5 dina kn\u00e4n n\u00e4r du \u00e4r riktigt glad. (kn\u00e4 kn\u00e4)<\/p>\n\n\n\n<p>Stampa f\u00f6tterna n\u00e4r du \u00e4r riktigt glad. (stamp stamp)<br>Stampa f\u00f6tterna n\u00e4r du \u00e4r riktigt glad. (stamp stamp)<br>Du kan ocks\u00e5 gl\u00e4dja andra<br>som p\u00e5 denna jorden vandra,<br>stampa f\u00f6tterna n\u00e4r du \u00e4r riktigt glad. (stamp stamp)<\/p>\n\n\n\n<p>S\u00e4g \u201dHej! Hej!\u201d till v\u00e4nnen din som sitter d\u00e4r. (hej! hej!)<br>S\u00e4g \u201dHej! Hej!\u201d till v\u00e4nnen din som sitter d\u00e4r. (hej! hej!)<br>Du kan ocks\u00e5 gl\u00e4dja andra<br>som p\u00e5 denna jorden vandra,<br>s\u00e4g \u201dHej! Hej!\u201d till v\u00e4nnen din som sitter d\u00e4r. (hej! hej!)<\/p>\n\n\n\n<p>G\u00f6r nu alltihop om du \u00e4r riktigt glad.<br>(klapp klapp, kn\u00e4pp kn\u00e4pp, kn\u00e4 kn\u00e4, stamp stamp, hej! hej!)<br>G\u00f6r nu alltihop om du \u00e4r riktigt glad.<br>(klapp klapp, kn\u00e4pp kn\u00e4pp, kn\u00e4 kn\u00e4, stamp stamp, hej! hej!)<\/p>\n\n\n\n<p>Du kan ocks\u00e5 gl\u00e4dja andra<br>som p\u00e5 denna jorden vandra,<br>g\u00f6r nu alltihop om du \u00e4r riktigt glad.<br>(klapp klapp, kn\u00e4pp kn\u00e4pp, kn\u00e4 kn\u00e4, stamp stamp, hej! hej!)<\/p>\n\n\n\n<h3 class=\"wp-block-heading\">S\u00e5nt \u00e4r livet (Anita Lindblom)<\/h3>\n\n\n\n<p>S\u00e5nt \u00e4r livet, s\u00e5nt \u00e4r livet<br>S\u00e5 mycket falskhet bor det h\u00e4r<br>Den man f\u00f6rlorar vinner en annan<br>S\u00e5 h\u00e5ll i v\u00e4nnen som du har k\u00e4r<\/p>\n\n\n\n<p>Han kom om v\u00e5ren som en v\u00e5rvind<br>Min k\u00e4rlek fick han och allt han tog<br>Men s\u00e5 kom h\u00f6sten, och den k\u00e4rlek<br>Han svor var evig bara dog<\/p>\n\n\n\n<p>S\u00e5nt \u00e4r livet, s\u00e5nt \u00e4r livet<br>S\u00e5 mycket falskhet bor det h\u00e4r<br>Den man f\u00f6rlorar vinner en annan<br>S\u00e5 h\u00e5ll i v\u00e4nnen som du har k\u00e4r<\/p>\n\n\n\n<p>Han fick en annan, jag har sett dem<br>Han verkar lycklig och hon \u00e4r ung<br>Det jag har l\u00e4rt mig, det \u00e4r just detta<br>N\u00e4r hj\u00e4rtat svider, sjung, \u00e5h, sjung<\/p>\n\n\n\n<p>S\u00e5nt \u00e4r livet, s\u00e5nt \u00e4r livet<br>S\u00e5 mycket falskhet bor det h\u00e4r<br>Den man f\u00f6rlorar vinner en annan<br>S\u00e5 h\u00e5ll i v\u00e4nnen som du har k\u00e4r<\/p>\n\n\n\n<p>V\u00e5rt liv \u00e4r fattigt nu utan k\u00e4rlek<br>Jag fick en annan som har mig k\u00e4r<br>Hans gamla k\u00e4rlek har f\u00e5tt korgen<br>Hon undrar s\u00e4kert vem jag \u00e4r<\/p>\n\n\n\n<p>S\u00e5nt \u00e4r livet, s\u00e5nt \u00e4r livet<br>S\u00e5 mycket falskhet bor det h\u00e4r<br>Den man f\u00f6rlorar vinner en annan<br>S\u00e5-<\/p>\n\n\n\n<p>-Nt \u00e4r livet, s\u00e5nt \u00e4r livet<br>S\u00e5 mycket falskhet bor det h\u00e4r<br>Den man f\u00f6rlorar vinner en annan<br>S\u00e5 h\u00e5ll i v\u00e4nnen som du har k\u00e4r<\/p>\n\n\n\n<p>S\u00e5 h\u00e5ll i v\u00e4nnen som du har k\u00e4r<br>S\u00e5 h\u00e5ll i v\u00e4nnen som du har k\u00e4r<\/p>\n","protected":false},"excerpt":{"rendered":"<p>En kv\u00e4ll i Juni (Lasse Berghagen) Ja det va\u00b4 en kv\u00e4ll I juni, d\u00e5 n\u00e4r sommarn e\u00b4 som b\u00e4stHon dansade f\u00f6r morfar som hon gillar allra mestHennes morfar satt \u00e5 [&hellip;]<\/p>\n","protected":false},"author":116,"featured_media":0,"parent":0,"menu_order":0,"comment_status":"closed","ping_status":"closed","template":"","meta":{"footnotes":""},"class_list":["post-101","page","type-page","status-publish","hentry"],"_links":{"self":[{"href":"https:\/\/mockelnforeningarna.se\/kulturgruppen\/wp-json\/wp\/v2\/pages\/101","targetHints":{"allow":["GET"]}}],"collection":[{"href":"https:\/\/mockelnforeningarna.se\/kulturgruppen\/wp-json\/wp\/v2\/pages"}],"about":[{"href":"https:\/\/mockelnforeningarna.se\/kulturgruppen\/wp-json\/wp\/v2\/types\/page"}],"author":[{"embeddable":true,"href":"https:\/\/mockelnforeningarna.se\/kulturgruppen\/wp-json\/wp\/v2\/users\/116"}],"replies":[{"embeddable":true,"href":"https:\/\/mockelnforeningarna.se\/kulturgruppen\/wp-json\/wp\/v2\/comments?post=101"}],"version-history":[{"count":1,"href":"https:\/\/mockelnforeningarna.se\/kulturgruppen\/wp-json\/wp\/v2\/pages\/101\/revisions"}],"predecessor-version":[{"id":102,"href":"https:\/\/mockelnforeningarna.se\/kulturgruppen\/wp-json\/wp\/v2\/pages\/101\/revisions\/102"}],"wp:attachment":[{"href":"https:\/\/mockelnforeningarna.se\/kulturgruppen\/wp-json\/wp\/v2\/media?parent=101"}],"curies":[{"name":"wp","href":"https:\/\/api.w.org\/{rel}","templated":true}]}}