{"id":1086,"date":"2021-05-17T08:13:06","date_gmt":"2021-05-17T06:13:06","guid":{"rendered":"https:\/\/mockelnforeningarna.se\/kulturochforeningskalaset\/?page_id=1086"},"modified":"2023-08-07T12:44:51","modified_gmt":"2023-08-07T10:44:51","slug":"medverkande","status":"publish","type":"page","link":"https:\/\/mockelnforeningarna.se\/kulturochforeningskalaset\/medverkande\/","title":{"rendered":"Information och medverkande"},"content":{"rendered":"\n<figure class=\"wp-block-image size-full\"><img loading=\"lazy\" decoding=\"async\" width=\"898\" height=\"480\" src=\"https:\/\/mockelnforeningarna.se\/app\/uploads\/sites\/77\/2023\/02\/Logga-2023.png\" alt=\"\" class=\"wp-image-1273\" srcset=\"https:\/\/mockelnforeningarna.se\/app\/uploads\/sites\/77\/2023\/02\/Logga-2023.png 898w, https:\/\/mockelnforeningarna.se\/app\/uploads\/sites\/77\/2023\/02\/Logga-2023-300x160.png 300w, https:\/\/mockelnforeningarna.se\/app\/uploads\/sites\/77\/2023\/02\/Logga-2023-768x411.png 768w, https:\/\/mockelnforeningarna.se\/app\/uploads\/sites\/77\/2023\/02\/Logga-2023-800x428.png 800w, https:\/\/mockelnforeningarna.se\/app\/uploads\/sites\/77\/2023\/02\/Logga-2023-500x267.png 500w, https:\/\/mockelnforeningarna.se\/app\/uploads\/sites\/77\/2023\/02\/Logga-2023-600x321.png 600w\" sizes=\"auto, (max-width: 898px) 100vw, 898px\" \/><\/figure>\n\n\n\n<h4 class=\"wp-block-heading\">V\u00e4lkommen p\u00e5 Kultur- och f\u00f6reningskalas 2023!<\/h4>\n\n\n\n<p><\/p>\n\n\n\n<h4 class=\"wp-block-heading\">H\u00e5lltider under dagen<\/h4>\n\n\n\n<h5 class=\"wp-block-heading\">Schema Bofors stationsomr\u00e5de:<\/h5>\n\n\n\n<figure class=\"wp-block-table\"><table style=\"border-style:none;border-width:0px\"><tbody><tr><td>11:00<\/td><td>Invigning och alla akt\u00f6rer \u00e4r p\u00e5 plats!<\/td><\/tr><tr><td>11:05-11:35<\/td><td>Gladiatonerna p\u00e5 scenen<\/td><\/tr><tr><td>11:45-11:50<\/td><td>G\u00f6rsk\u00f6j (kort sketch)&nbsp;p\u00e5 scenen<\/td><\/tr><tr><td>12:00-12:30<\/td><td>Gladiatonerna p\u00e5 scenen&nbsp;<\/td><\/tr><tr><td>12:00 <\/td><td>Hur man f\u00f6rbereder och s\u00e4tter upp varp i en v\u00e4vstol med Siv Jonsson p\u00e5 Korpkullens v\u00e4vstuga<\/td><\/tr><tr><td>12:35-12:40 <\/td><td>G\u00f6rsk\u00f6j (kort sketch) p\u00e5 scenen<\/td><\/tr><tr><td>12:45-13:00<\/td><td>Karlskoga Kammark\u00f6r p\u00e5 scenen<\/td><\/tr><tr><td>13:00-13:10<\/td><td>G\u00f6rsk\u00f6j (l\u00e4ngre sketch) p\u00e5 scenen<\/td><\/tr><tr><td>13:15-13:30  <\/td><td>Prisutdelning F\u00f6reningslivets Eldsj\u00e4l Bharat Forge p\u00e5 scenen<\/td><\/tr><tr><td>13:30-14:30<\/td><td>Gympa med Bofors gymnastikf\u00f6rening i parken<\/td><\/tr><tr><td>14:30-15:00<\/td><td>Liliana fr\u00e5n Kontaktservice<\/td><\/tr><tr><td>15:00<\/td><td>Avslutning <\/td><\/tr><\/tbody><\/table><\/figure>\n\n\n\n<h5 class=\"wp-block-heading\">Schema Nobelhallen<\/h5>\n\n\n\n<p>11.00 Invigning&nbsp;\u2013 Magnus Ahlberg Kultur- och fritidschef och Amanda Lindgren ordf\u00f6rande i kultur- och fritidsf\u00f6rvaltningen<br>11.10&nbsp;&nbsp;Kalaset startar med massor av aktiviteter&nbsp;inne i Nobelhallen och m\u00e5nga f\u00f6reningar som visar upp sina     verksamheter.<br>11:15   Avg\u00e5ng BB-t\u00e5get fr\u00e5n Nobel till Bofors station med kort stopp vid &#8221;Tuggen&#8221;, Bofors gamla skjutbana<br>11.30&nbsp; Agilitysportklubben visar upp agility&nbsp;med sin hundar utanf\u00f6r Nobelhallen.<br>11:40  Prova p\u00e5 Zumba med Veronica p\u00e5 Studiefr\u00e4mjandet<br>12:20 Uppvisning av Agilitysportklubben utanf\u00f6r Nobelhallen<br>12.30&nbsp;Uppvaktning av William Tran,&nbsp;bosatt i Karlskoga som tagit massor med segrar i karate under \u00e5ren.<br>12.30&nbsp;Agilitysportklubben visar upp agility&nbsp;med sin hundar utanf\u00f6r Nobelhallen.<br>13.00 Start av F\u00f6reningsloppet&nbsp;f\u00f6r barn i alla \u00e5ldrar. Start och m\u00e5l p\u00e5 baksidan av Nobelhallen. Alla som medverkar f\u00e5r en medalj.<br>13:20 Avg\u00e5ng BB-t\u00e5get fr\u00e5n Nobel till Bofors station med kort stopp vid &#8221;Tuggen&#8221;, Bofors gamla skjutbana.<br>13:30 Uppvisning av Agilitysportklubben utanf\u00f6r Nobelhallen<br>14:00 Prova p\u00e5 gympa med Veronica p\u00e5 Studiefr\u00e4mjandet<br>15:00&nbsp;Avslutning&nbsp;med tal av Magnus Ahlberg<\/p>\n\n\n\n<p><\/p>\n\n\n\n<h4 class=\"wp-block-heading\">BODABORGs t\u00e5get g\u00e5r mellan Nobelhallen och Bofors stationsomr\u00e5de med kort stopp vid Alfred Nobels skjutbana &#8221;Tuggen&#8221; f\u00f6ljande tider:<\/h4>\n\n\n\n<p>Avg\u00e5ng fr\u00e5n Nobelhallen 11.00,  Ankomst Bofors stationsomr\u00e5de &nbsp;&nbsp;&nbsp;11.20<br>Avg\u00e5ng fr\u00e5n Bfs Station&nbsp;&nbsp;&nbsp; 11.20, Ankomst Nobelhallen 11.50<br>Avg\u00e5ng fr\u00e5n Nobelhallen 12:00, Ankomst Bofors stationsomr\u00e5de 12:20<br>Avg\u00e5ng fr\u00e5n Bfs Station    12:30, Ankomst Nobelallen 12:50<br>Avg\u00e5ng fr\u00e5n Nobelhallen  13.00, Ankomst Bofors stationsomr\u00e5de &nbsp;&nbsp;&nbsp;13.20<br>Avg\u00e5ng fr\u00e5n Bfs Station&nbsp;&nbsp;&nbsp; 13.30, Ankomst Nobelhallen 13.50<\/p>\n\n\n\n<p><\/p>\n\n\n\n<h4 class=\"wp-block-heading\">Tillg\u00e4nglighet under dagen:<\/h4>\n\n\n\n<p>Alla ska kunna bes\u00f6ka Kultur- och f\u00f6reningskalaset \u00e4ven om behov finns av rullstol, rullator om n\u00e5gon har sv\u00e5righet att g\u00e5 i trappor. P\u00e5 Nobelhallen g\u00e4ller att ing\u00e5ng f\u00f6r r\u00f6relsehindrade \u00e4r fr\u00e5n baksidan av Nobelhallen vid vaktm\u00e4starnas garage. Vi kommer att s\u00e4tta upp en trottoarpratare om det, s\u00e5 det syns tydligt.<br>P\u00e5 Bofors stationsomr\u00e5de finns m\u00f6jlighet att k\u00f6ra intill omr\u00e5det med bil och d\u00e4refter \u00e4r det packat grus som underlag p\u00e5 de flesta ytor. Inomhus f\u00f6rekommer p\u00e5 vissa platser trappor som dessv\u00e4rre inte \u00e4r anpassade f\u00f6r r\u00f6relsehindrade personer.<\/p>\n\n\n\n<p><\/p>\n\n\n\n<h3 class=\"wp-block-heading\">Medverkande Bofors stationsomr\u00e5de:<\/h3>\n\n\n\n<p><strong>Arbetarmuseum Gr\u00e5bo<\/strong><br>H\u00e5ller \u00f6ppet mus\u00e9et <\/p>\n\n\n\n<p><strong>Bofors gymnastikf\u00f6rening<\/strong><br>Vi har som tradition att samma dag som eurovision finalen \u00e4r arrangera ett gympapass med enbart schlagerl\u00e5tar fr\u00e5n Sverige och europa. Det \u00e4r i \u00e5r 11 \u00e5ret vi k\u00f6r schlagergympa och i \u00e5r \u00e4r det 10 g\u00e5ngen vi g\u00f6r det gemensamt, 2021 fick bli digitalt. V\u00e4lkomna till gr\u00e4sytan i parken vid Bofors stationsomr\u00e5de kl.13:30!<\/p>\n\n\n\n<p><strong>Bofors Luftv\u00e4rnsf\u00f6rening<\/strong><br>Ett stenkast fr\u00e5n Bofors stationsomr\u00e5de ligger Alfred Nobels skjutbana d\u00e4r guidningar p\u00e5g\u00e5r under kalaset. V\u00e4lkomna  att ta del av Karlskogas historia under fantastisk guidning av killarna p\u00e5 Tuggenomr\u00e5det.<\/p>\n\n\n\n<p><strong>Folkuniversitet \u00d6rebro L\u00e4n<\/strong><br>Konstutst\u00e4llning med Margareta Fredriksson som bor i Kumla men \u00e4r f\u00f6dd och uppvuxen i Karlskoga. Margareta \u00e4r konstn\u00e4r och konsthantverkare inom tyg och textil, tovning mm. Margareta har \u00f6ver 50 \u00e5rs erfarenhet av att studera konst, st\u00e4lla ut konst, driva olika projekt i konst och hantverk. Hon st\u00e4ller ut p\u00e5 Bofors stationsomr\u00e5de i Gamla stationshuset, 1 trappa upp. Utst\u00e4llningen har vernissage l\u00f6rdag den 15 april och finissage \/finalen l\u00f6rdag den 13 maj under Kulturkalaset.<br>Folkuniversitetet kommer \u00e4ven att ha bokbord och presentera kurser f\u00f6r h\u00f6sten 2023 s\u00e5som H\u00e5llbart Mode, Kroki, M\u00e5leri, Goda samtal, Histories\u00f6karna i Karlskoga, Bruka Jorden mm<\/p>\n\n\n\n<p><strong>Gr\u00e5bo Tr\u00e4dg\u00e5rd<\/strong><br>V\u00e4lkommen att vandra runt p\u00e5 den kulturhistoriska tr\u00e4dg\u00e5rden som skapats runt Arbetarmuseum. Tr\u00e4ffa samordnaren f\u00f6r stadsn\u00e4ra odling Anja Weidt som ber\u00e4ttar om tr\u00e4dg\u00e5rden och hur du g\u00f6r om du vill vara med och odla.<\/p>\n\n\n\n<p><strong>G\u00f6rsk\u00f6j<\/strong><br>V\u00e4lkommen till stora t\u00e4ltet och se n\u00e5gra av v\u00e5ra sketcher! &nbsp;Sketchen som vi hittils planerat heter: Va bidde de d\u00e5?Schema f\u00f6r tider kommer.<\/p>\n\n\n\n<p><strong>Karlskoga-Degerfors Biodlarf\u00f6rening<\/strong><br>Vi kommer informera om biodling och delar ut informationsmaterial fr\u00e5n biodlarnas riksf\u00f6rbund. P\u00e5 plats har vi en visningsbikupa d\u00e4r bes\u00f6karna kan studera livet inne i ett bisamh\u00e4lle. Vi vill visa den m\u00e5ngfald av produkter som biodlingen ger.<\/p>\n\n\n\n<p><strong>Karlskoga kammark\u00f6r<\/strong><br>Smakprov fr\u00e5n Karlskoga Kammark\u00f6rs repertoar.<\/p>\n\n\n\n<p><strong>Karlskoga Motorweteraner<\/strong><br>Uppvisning av veteranbilar och information om verksamheten.<\/p>\n\n\n\n<p><strong>Karlskoga Naturskyddsf\u00f6rening<\/strong><br>Information om sin verksamhet.<\/p>\n\n\n\n<p><strong>Karlskoga tr\u00e4dg\u00e5rdsf\u00f6rening<br><\/strong>Plantmarknad i d\u00e4r medlemmar s\u00e4ljer av sina fina uppdrivna plantor av alla dess slag!&nbsp;F\u00f6rs\u00e4ljning av plantor, tr\u00e4dg\u00e5rdsprodukter och hantverk.<\/p>\n\n\n\n<p><strong>Kontaktservice<\/strong><br>Vi ber\u00e4ttar om v\u00e5r verksamhet med ledsagning f\u00f6r \u00e4ldre!<\/p>\n\n\n\n<p><strong>Korpkullens v\u00e4vstuga<\/strong><br>Kom och bes\u00f6k v\u00e4vstugan, ett gammalt hantverk i traditionell utrustning.<\/p>\n\n\n\n<p><strong>M\u00f6ckelnf\u00f6reningarna<\/strong><br>Vi ber\u00e4ttar om allt vi kan hj\u00e4lpa er f\u00f6rening med, exempelvis att f\u00e5 en gratis hemsida, l\u00e5na lokaler osv. <br><strong><br>Nora-Karlskoga J\u00e4rnv\u00e4gsklubb NKJK<\/strong><br>Guidning av v\u00e4ntsalen p\u00e5 Bofors station och \u00e4ven historia om j\u00e4rnv\u00e4gen. I v\u00e4ntsalen finns \u00e4ven en modellj\u00e4rnv\u00e4g. Vi vill ber\u00e4tta om historian runt och i dom b\u00e4gge stationshusen och om j\u00e4rnv\u00e4gshistorian om NKJ:s j\u00e4rnv\u00e4gsstr\u00e4ckning Nora-Str\u00f6mtorp som startade \u00e5r 1873-1874. Kom och prova barnlekar som man lekte f\u00f6rr!<\/p>\n\n\n\n<p><strong>Konst runt M\u00f6ckeln<\/strong><br>Bildverkstad f\u00f6r alla \u00e5ldrar, Prova p\u00e5<\/p>\n\n\n\n<p><strong>Konstn\u00e4r Annelie Jansson<\/strong><br>V\u00e4lkommen till min atelj\u00e9 p\u00e5 Bofors Gamla station, 1 tr upp.<\/p>\n\n\n\n<p><strong>Konstn\u00e4r Marie Hellsing<\/strong><br>V\u00e4lkommen till Atelj\u00e9 Gamla station<\/p>\n\n\n\n<p><strong>Konstn\u00e4r Nina Henriet<\/strong><br>\u00d6ppen atelj\u00e9!<\/p>\n\n\n\n<p><strong>Konstn\u00e4r Ulrika Andersson<\/strong><br>\u00d6ppen atelj\u00e9 i Gamla stationshuset.<\/p>\n\n\n\n<p><strong>Konstn\u00e4r Sinikka Holma<\/strong><br>\u00d6ppen Atelj\u00e9. Visar min konst. Olja,akvarell och teckning.<\/p>\n\n\n\n<p><strong>Parkinson \u00d6rebro L\u00e4n<\/strong><br>Vi kommer att befinna oss tillsammans med Vuxenskolan. Har med en flyer och informationsmaterial.  Vi vill sprida information om sjukdomen Parkinson, om v\u00e5r f\u00f6rening och aktiviteter samt samtala med intresserade.<\/p>\n\n\n\n<p><strong>R\u00e4dda barnen Karlskoga-Degerfors<\/strong><br>Information om verksamheten<\/p>\n\n\n\n<p><strong>Seniordansarna<\/strong><br>Vi bjuder p\u00e5 dans under dagen!<\/p>\n\n\n\n<p><strong>Studief\u00f6rbundet Vuxenskolan<\/strong><br>V\u00e5rt \u00f6vergripande verksamhetsm\u00e5l \u00e4r att ge m\u00e5nga m\u00e4nniskor i hela landet m\u00f6jlighet att utvecklas genom att n\u00e5 dem med folkbildningsaktiviteter. Hos oss kan du starta studiecirklar, ta del av utbildningar samt utveckla er f\u00f6rening.<br>Kom och prata med oss om du vill veta mer!<\/p>\n\n\n\n<p><br><\/p>\n\n\n\n<h3 class=\"wp-block-heading\">Medverkande Nobelhallen:<\/h3>\n\n\n\n<p><strong>BIK <\/strong><br>Skottramp \/ Speedshooting,&nbsp; Marknadsbord och Presentation Tre Kronors Hockeyskola<\/p>\n\n\n\n<p><strong>Bj\u00f6rkborns GoIF<\/strong><br>Vi kommer vara i Nobelhallen men i v\u00e5r egen tr\u00e4ningshall med ing\u00e5ng via Bowlingen. Prova p\u00e5 v\u00e4rldens roligaste och en av v\u00e4rldens st\u00f6rsta sporter: Bordtennis! Vi finns i v\u00e5r egen tr\u00e4ningshall med ing\u00e5ng lite v\u00e4ster om ishockeyhallens entr\u00e9. Rack och boll finns att l\u00e5na och nyb\u00f6rjare i alla \u00e5ldrar \u00e4r v\u00e4lkomna!<\/p>\n\n\n\n<p><strong>BK Fj\u00e4dern<\/strong><br>Kom och prova p\u00e5 b\u00e5gskytte, en trevlig sport f\u00f6r gammal och ung! All utrustning finns p\u00e5 plats.<\/p>\n\n\n\n<p><strong>Brottsofferjouren \u00d6rebro L\u00e4n<\/strong><br>Brottsofferjouren ger ett empatiskt medm\u00e4nskligt st\u00f6d, praktisk hj\u00e4lp och v\u00e4gledning genom r\u00e4ttsprocessen n\u00e4r man blivit utsatt eller vittne till brott eller \u00e4r anh\u00f6rig. Vi kommer att ha med oss information om v\u00e5r verksamhet och \u00e4ven anordna en liten t\u00e4vling.<\/p>\n\n\n\n<p><strong>Br\u00f6stcancerf\u00f6reningen Hilda<\/strong><br>Ingen ska beh\u00f6va vara ensam med sin br\u00f6stcancer! Br\u00f6stcancerf\u00f6reningen Hilda \u00d6rebro L\u00e4n finns f\u00f6r dig som drabbats. Bes\u00f6k v\u00e5r monter f\u00f6r att f\u00e5 mer information och l\u00e4ra dig hur du unders\u00f6ker dina br\u00f6st.<\/p>\n\n\n\n<p><strong>Fritidsbanken Karlskoga<\/strong><br>P\u00e5 Kultur- och f\u00f6reningskalaset uppmuntrar vi till r\u00f6relsegl\u00e4dje. H\u00e4r kan barn, unga och vuxna testa olika aktiviteter och utrustning som finns att l\u00e5na p\u00e5 Fritidsbanken.<\/p>\n\n\n\n<p><strong>Karlskogaandan<\/strong><br>Ansiktsm\u00e5lning m.m.<\/p>\n\n\n\n<p><strong>Karlskoga Agilitysports Kennelklubb (KASK)<\/strong><br>KASK visar upp den fartfyllda hundsporten agility. Agility g\u00e5r ut p\u00e5 att p\u00e5 snabbast tid felfritt guida din hund genom en hinderbana best\u00e5ende av tunnlar, hopphinder, slalom, d\u00e4ck och balanshinder. KASK erbjuder prova-p\u00e5 d\u00e4r utbildade instrukt\u00f6rer visar hur du kan b\u00f6rja tr\u00e4na med din egen hund.<\/p>\n\n\n\n<p><strong>Karlskoga Bats<\/strong><br>V\u00e4lkommen och testa baseball\/softboll! Du kommer att f\u00e5 testa att kasta och sl\u00e5&nbsp;och l\u00e4r dig mer om v\u00e5r baseball\/softbollverksamhet.&nbsp;Vi har lag fr\u00e5n 10 \u00e5rs \u00e5lder och upp\u00e5t.&nbsp;Baseball\/softboll \u00e4r en h\u00e4rlig lagsport som passar m\u00e5nga s\u00e5 kom och testa!&nbsp;<\/p>\n\n\n\n<p><strong>Karlskoga Folkh\u00f6gskola<\/strong><br>Folkh\u00f6gskolan har station med utbildningsinformation i Nobelhallen och har \u00e4ven f\u00f6rs\u00e4ljning av vegansk mat utanf\u00f6r Nobelhallen.<\/p>\n\n\n\n<p><strong>Karlskoga Handbollklubb<\/strong><br>Prova p\u00e5 att kasta lite handboll!<\/p>\n\n\n\n<p><strong>Karlskoga H\u00e4stsportklubb<\/strong><br>Prova p\u00e5 k\u00e4pph\u00e4sthoppning lite andra aktiviteter som h\u00e4stskokastning mm<\/p>\n\n\n\n<p><strong>Karlskoga Simf\u00f6reing<\/strong><br>Vi kommer att visa tr\u00e4ningsfilmer p\u00e5 de olika niv\u00e5erna i v\u00e5r f\u00f6rening. Under kultur- och f\u00f6reningskalaset kommer barn och vuxna f\u00e5 m\u00f6jlighet att anm\u00e4la sig till v\u00e5r prova p\u00e5 dag i badhuset.<\/p>\n\n\n\n<p><strong>Karlskoga Bofors Simhoppsf\u00f6rening<\/strong><br>Vi kommer att visa filmer p\u00e5 hur det kan se ut n\u00e4r man tr\u00e4nar Simhopp. De som vill prova p\u00e5 simhopp (vi v\u00e4nder oss till unga som gamla) f\u00e5r en gratis &#8221;kupong&#8221; f\u00f6r prova p\u00e5 tr\u00e4ning i badhuset.<\/p>\n\n\n\n<p><strong>Karlskoga Sportdykarklubb<\/strong><br>Vi kommer att ge information om fridykning och dykning f\u00f6r ungdomar och vuxna.<br>Under dagen kan man teckna sig f\u00f6r ett gratis prova p\u00e5 dyk (min 16 \u00e5rs \u00e5lder) vid ett senare tillf\u00e4lle i Strandbadet.<\/p>\n\n\n\n<p><strong>M\u00f6tesplats Kupolen<\/strong><br>P\u00e5 M\u00f6tesplats Kupolen skapas dr\u00f6mmar, driv och digitala f\u00e4rdigheter. H\u00e4r kan du l\u00e4ra dig att designa digitalt f\u00f6r att sedan testa att 3D-printa, lasersk\u00e4ra eller g\u00f6ra tryck p\u00e5 till exempel en tr\u00f6ja eller en mugg. Under Kultur- och f\u00f6reningskalaset visar vi upp delar av v\u00e5r verksamhet, kom och testa p\u00e5 till exempel enkel programmering eller digital designande!<\/p>\n\n\n\n<p><strong>Neuro Karlskoga-Degerfors<\/strong><br>Vi vill marknadsf\u00f6ra oss och f\u00f6rs\u00f6ka f\u00e5 nya medlemmar. Vi har med information och broschyrer.<\/p>\n\n\n\n<p><strong>OK Djerf<\/strong><br>Kom och spring f\u00f6reningsloppet!<\/p>\n\n\n\n<p><strong>PRO Samorganisation<\/strong><br>Vi vill n\u00e5 pension\u00e4rer som kanske vill bli medlemmar och bjuder p\u00e5 godis<\/p>\n\n\n\n<p><strong>RIK Karlskoga<\/strong><br>Information om verksamheten.<\/p>\n\n\n\n<p><strong>R\u00f6da Korset Karlskoga<\/strong><br>Info om RK och v\u00e5r secondhandbutik. Vill rekrytera&nbsp; nya medlemmar. Vad vi g\u00f6r f\u00f6r att samla in pengar till beh\u00f6vande m.m. Vi syr, stickar och virkar kl\u00e4der f\u00f6r f\u00f6rs\u00e4ljning.<\/p>\n\n\n\n<p><strong>Sk\u00f6ldk\u00f6rtelf\u00f6rbundet<\/strong><br>Representanter fr\u00e5n f\u00f6reningen kommer finnas p\u00e5 plats f\u00f6r att svara p\u00e5 fr\u00e5gor och ber\u00e4tta om f\u00f6reningens verksamhet och arbete.<\/p>\n\n\n\n<p><strong>Villa\u00e4garna runt M\u00f6ckeln<\/strong><br>Vi tillhandah\u00e5ller information om Villa\u00e4garna och h\u00e5ller ett gratislotteri f\u00f6r bes\u00f6kare.<\/p>\n","protected":false},"excerpt":{"rendered":"<p>V\u00e4lkommen p\u00e5 Kultur- och f\u00f6reningskalas 2023! H\u00e5lltider under dagen Schema Bofors stationsomr\u00e5de: 11:00 Invigning och alla akt\u00f6rer \u00e4r p\u00e5 plats! 11:05-11:35 Gladiatonerna p\u00e5 scenen 11:45-11:50 G\u00f6rsk\u00f6j (kort sketch)&nbsp;p\u00e5 scenen 12:00-12:30 [&hellip;]<\/p>\n","protected":false},"author":3,"featured_media":0,"parent":0,"menu_order":0,"comment_status":"closed","ping_status":"closed","template":"","meta":{"footnotes":""},"class_list":["post-1086","page","type-page","status-publish","hentry"],"_links":{"self":[{"href":"https:\/\/mockelnforeningarna.se\/kulturochforeningskalaset\/wp-json\/wp\/v2\/pages\/1086","targetHints":{"allow":["GET"]}}],"collection":[{"href":"https:\/\/mockelnforeningarna.se\/kulturochforeningskalaset\/wp-json\/wp\/v2\/pages"}],"about":[{"href":"https:\/\/mockelnforeningarna.se\/kulturochforeningskalaset\/wp-json\/wp\/v2\/types\/page"}],"author":[{"embeddable":true,"href":"https:\/\/mockelnforeningarna.se\/kulturochforeningskalaset\/wp-json\/wp\/v2\/users\/3"}],"replies":[{"embeddable":true,"href":"https:\/\/mockelnforeningarna.se\/kulturochforeningskalaset\/wp-json\/wp\/v2\/comments?post=1086"}],"version-history":[{"count":80,"href":"https:\/\/mockelnforeningarna.se\/kulturochforeningskalaset\/wp-json\/wp\/v2\/pages\/1086\/revisions"}],"predecessor-version":[{"id":1428,"href":"https:\/\/mockelnforeningarna.se\/kulturochforeningskalaset\/wp-json\/wp\/v2\/pages\/1086\/revisions\/1428"}],"wp:attachment":[{"href":"https:\/\/mockelnforeningarna.se\/kulturochforeningskalaset\/wp-json\/wp\/v2\/media?parent=1086"}],"curies":[{"name":"wp","href":"https:\/\/api.w.org\/{rel}","templated":true}]}}