{"id":1096,"date":"2021-05-19T11:06:46","date_gmt":"2021-05-19T09:06:46","guid":{"rendered":"https:\/\/mockelnforeningarna.se\/kulturochforeningskalaset\/?page_id=1096"},"modified":"2023-01-09T21:46:59","modified_gmt":"2023-01-09T20:46:59","slug":"bidrag","status":"publish","type":"page","link":"https:\/\/mockelnforeningarna.se\/kulturochforeningskalaset\/bidrag\/","title":{"rendered":"Arkiv"},"content":{"rendered":"\n<p>Nedan ligger en spellista med alla f\u00f6reningsbidrag och inslag fr\u00e5n Lives\u00e4ndningen vid det Digitala Kultur- och f\u00f6reningskalaset 2021. Klicka p\u00e5 play f\u00f6r att se alla bidrag fr\u00e5n b\u00f6rjan eller klicka p\u00e5 spellista ikonen f\u00f6r att se spellistan och v\u00e4lj bidraget du vill se.<\/p>\n\n\n\n<figure class=\"wp-block-embed is-type-video is-provider-youtube wp-block-embed-youtube wp-embed-aspect-16-9 wp-has-aspect-ratio\"><div class=\"wp-block-embed__wrapper\">\n<iframe loading=\"lazy\" title=\"PerArne Swanolf Ordf\u00f6rande M\u00f6ckelnf\u00f6reningarna\" width=\"500\" height=\"281\" src=\"https:\/\/www.youtube.com\/embed\/skCGfRWV4kk?feature=oembed\" frameborder=\"0\" allow=\"accelerometer; autoplay; clipboard-write; encrypted-media; gyroscope; picture-in-picture; web-share\" referrerpolicy=\"strict-origin-when-cross-origin\" allowfullscreen><\/iframe>\n<\/div><\/figure>\n","protected":false},"excerpt":{"rendered":"<p>Nedan ligger en spellista med alla f\u00f6reningsbidrag och inslag fr\u00e5n Lives\u00e4ndningen vid det Digitala Kultur- och f\u00f6reningskalaset 2021. Klicka p\u00e5 play f\u00f6r att se alla bidrag fr\u00e5n b\u00f6rjan eller klicka [&hellip;]<\/p>\n","protected":false},"author":3,"featured_media":0,"parent":0,"menu_order":0,"comment_status":"closed","ping_status":"closed","template":"","meta":{"footnotes":""},"class_list":["post-1096","page","type-page","status-publish","hentry"],"_links":{"self":[{"href":"https:\/\/mockelnforeningarna.se\/kulturochforeningskalaset\/wp-json\/wp\/v2\/pages\/1096","targetHints":{"allow":["GET"]}}],"collection":[{"href":"https:\/\/mockelnforeningarna.se\/kulturochforeningskalaset\/wp-json\/wp\/v2\/pages"}],"about":[{"href":"https:\/\/mockelnforeningarna.se\/kulturochforeningskalaset\/wp-json\/wp\/v2\/types\/page"}],"author":[{"embeddable":true,"href":"https:\/\/mockelnforeningarna.se\/kulturochforeningskalaset\/wp-json\/wp\/v2\/users\/3"}],"replies":[{"embeddable":true,"href":"https:\/\/mockelnforeningarna.se\/kulturochforeningskalaset\/wp-json\/wp\/v2\/comments?post=1096"}],"version-history":[{"count":1,"href":"https:\/\/mockelnforeningarna.se\/kulturochforeningskalaset\/wp-json\/wp\/v2\/pages\/1096\/revisions"}],"predecessor-version":[{"id":1254,"href":"https:\/\/mockelnforeningarna.se\/kulturochforeningskalaset\/wp-json\/wp\/v2\/pages\/1096\/revisions\/1254"}],"wp:attachment":[{"href":"https:\/\/mockelnforeningarna.se\/kulturochforeningskalaset\/wp-json\/wp\/v2\/media?parent=1096"}],"curies":[{"name":"wp","href":"https:\/\/api.w.org\/{rel}","templated":true}]}}