{"id":14,"date":"2020-10-22T10:16:25","date_gmt":"2020-10-22T08:16:25","guid":{"rendered":"https:\/\/mockelnforeningarna.se\/migrationsgruppen\/?page_id=14"},"modified":"2026-03-04T20:11:17","modified_gmt":"2026-03-04T19:11:17","slug":"om-migrations","status":"publish","type":"page","link":"https:\/\/mockelnforeningarna.se\/migrationsgruppen\/om-migrations\/","title":{"rendered":"Migrationsgruppen Karlskoga"},"content":{"rendered":"\n<div class=\"wp-block-group is-vertical is-layout-flex wp-container-core-group-is-layout-fe9cc265 wp-block-group-is-layout-flex\">\n<p><strong><br><\/strong>Migrationsgruppen Karlskoga har funnits sedan \u00e5r 2014. Vi b\u00f6rjade v\u00e5r verksamhet i S\u00f6derkyrkan,<br>numera finns vi i R\u00e4v\u00e5skyrkan.<\/p>\n\n\n\n<p>Migrationsgruppen Karlskoga \u00e4r medlem i M\u00f6ckelnf\u00f6reningarna.<\/p>\n\n\n\n<p>I september 2021 registrerades gruppen som f\u00f6rening hos Skatteverket med namnet<br><strong>Migrationsgruppen Karlskoga,<\/strong> <strong>organisationsnummer 802536-7429<\/strong>.<\/p>\n\n\n\n<p>Fr om 2026 \u00e4r Migrationsgruppen Karlskoga medlemmar i FARR, Flyktinggruppernas riksr\u00e5d,<br>en paraplyorganisation f\u00f6r enskilda och grupper som arbetar med att st\u00e4rka asylr\u00e4tten.<br><br><\/p>\n<\/div>\n\n\n\n<p>F\u00f6r mer information kontakta styrelsen<\/p>\n\n\n\n<ul class=\"wp-block-list\">\n<li>Eva Lindb\u00e4ck, <a href=\"mailto:lindback.eva@gmail.com\">lindback.eva@gmail.com<\/a>, mobil 073-056 06 00<\/li>\n\n\n\n<li>Per-Erik Johansson, <a href=\"mailto:per.erik.johansson@telia.com\">per.erik.johansson@telia.com<\/a>, mobil 073-026 85 98<\/li>\n\n\n\n<li>Boo Thuvander, <a href=\"mailto:boo.thuvander@telia.com\">boo.thuvander@telia.com<\/a>, mobil 070-334 17 46<\/li>\n\n\n\n<li>Sawsan Alchaar, <a href=\"mailto:sawsan.alchaar@gmail.com\">sawsan.alchaar@gmail.com<\/a>, mobil 072-294 17 19<\/li>\n<\/ul>\n\n\n\n<p>Med v\u00e4nliga h\u00e4lsningar<\/p>\n\n\n\n<p><\/p>\n","protected":false},"excerpt":{"rendered":"<p>Migrationsgruppen Karlskoga har funnits sedan \u00e5r 2014. Vi b\u00f6rjade v\u00e5r verksamhet i S\u00f6derkyrkan,numera finns vi i R\u00e4v\u00e5skyrkan. Migrationsgruppen Karlskoga \u00e4r medlem i M\u00f6ckelnf\u00f6reningarna. I september 2021 registrerades gruppen som f\u00f6rening [&hellip;]<\/p>\n","protected":false},"author":3,"featured_media":0,"parent":0,"menu_order":0,"comment_status":"closed","ping_status":"closed","template":"","meta":{"footnotes":""},"class_list":["post-14","page","type-page","status-publish","hentry"],"_links":{"self":[{"href":"https:\/\/mockelnforeningarna.se\/migrationsgruppen\/wp-json\/wp\/v2\/pages\/14","targetHints":{"allow":["GET"]}}],"collection":[{"href":"https:\/\/mockelnforeningarna.se\/migrationsgruppen\/wp-json\/wp\/v2\/pages"}],"about":[{"href":"https:\/\/mockelnforeningarna.se\/migrationsgruppen\/wp-json\/wp\/v2\/types\/page"}],"author":[{"embeddable":true,"href":"https:\/\/mockelnforeningarna.se\/migrationsgruppen\/wp-json\/wp\/v2\/users\/3"}],"replies":[{"embeddable":true,"href":"https:\/\/mockelnforeningarna.se\/migrationsgruppen\/wp-json\/wp\/v2\/comments?post=14"}],"version-history":[{"count":21,"href":"https:\/\/mockelnforeningarna.se\/migrationsgruppen\/wp-json\/wp\/v2\/pages\/14\/revisions"}],"predecessor-version":[{"id":340,"href":"https:\/\/mockelnforeningarna.se\/migrationsgruppen\/wp-json\/wp\/v2\/pages\/14\/revisions\/340"}],"wp:attachment":[{"href":"https:\/\/mockelnforeningarna.se\/migrationsgruppen\/wp-json\/wp\/v2\/media?parent=14"}],"curies":[{"name":"wp","href":"https:\/\/api.w.org\/{rel}","templated":true}]}}