{"id":16,"date":"2020-10-23T11:04:39","date_gmt":"2020-10-23T09:04:39","guid":{"rendered":"https:\/\/mockelnforeningarna.se\/migrationsgruppen\/?page_id=16"},"modified":"2026-03-26T15:13:32","modified_gmt":"2026-03-26T14:13:32","slug":"aktiviterer","status":"publish","type":"page","link":"https:\/\/mockelnforeningarna.se\/migrationsgruppen\/aktiviterer\/","title":{"rendered":"R\u00e5dgivning"},"content":{"rendered":"\n<p><\/p>\n\n\n\n<div class=\"wp-block-group is-vertical is-layout-flex wp-container-core-group-is-layout-fe9cc265 wp-block-group-is-layout-flex\">\n<div class=\"wp-block-group is-vertical is-layout-flex wp-container-core-group-is-layout-fe9cc265 wp-block-group-is-layout-flex\">\n<div class=\"wp-block-group has-global-padding is-layout-constrained wp-block-group-is-layout-constrained\">\n<p><strong>Var? <\/strong><\/p>\n\n\n\n<p>R\u00e4v\u00e5skyrkan, Bastugatan 39, 691 32 Karlskoga.<\/p>\n<\/div>\n\n\n\n<p><strong>N\u00e4r?<\/strong><\/p>\n\n\n\n<p>onsdagar mellan kl. 10.00 och 16.00.<\/p>\n\n\n\n<p><strong>Hur?<\/strong><\/p>\n\n\n\n<p>Vi tar emot bes\u00f6k eller telefonsamtal efter tidsbokning. Vi s\u00e4tter av maximalt en halvtimme per bes\u00f6k\/samtal.<\/p>\n\n\n\n<p><strong>Bra att veta!<\/strong><\/p>\n\n\n\n<p>Tillg\u00e5ng till tolkar som kan hj\u00e4lpa oss \u00f6vers\u00e4tta till\/fr\u00e5n olika spr\u00e5k:&nbsp;engelska, arabiska, farsi, dari, somaliska, tigrinska och ukrainska.<br><\/p>\n<\/div>\n<\/div>\n\n\n\n<p><\/p>\n\n\n\n<p><strong>Vilka?<\/strong><\/p>\n\n\n\n<p>Eva Lindb\u00e4ck<br>lindback.eva@gmail.com<br>mobil 073-056 06 00<\/p>\n\n\n\n<p>Boo Thuvander<br>boo.thuvander@telia.com<br>mobil 070-334 17 46<\/p>\n\n\n\n<p>Per-Erik Johansson<br>per.erik.johansson@telia.com<br>mobil 073-026 85 98<\/p>\n\n\n\n<p>Sawsan Alchaar<br>sawsan.alchaar@gmail.com<br>mobil 072-294 17 19<\/p>\n","protected":false},"excerpt":{"rendered":"<p>Var? R\u00e4v\u00e5skyrkan, Bastugatan 39, 691 32 Karlskoga. N\u00e4r? onsdagar mellan kl. 10.00 och 16.00. Hur? Vi tar emot bes\u00f6k eller telefonsamtal efter tidsbokning. Vi s\u00e4tter av maximalt en halvtimme per [&hellip;]<\/p>\n","protected":false},"author":3,"featured_media":0,"parent":0,"menu_order":0,"comment_status":"closed","ping_status":"closed","template":"","meta":{"footnotes":""},"class_list":["post-16","page","type-page","status-publish","hentry"],"_links":{"self":[{"href":"https:\/\/mockelnforeningarna.se\/migrationsgruppen\/wp-json\/wp\/v2\/pages\/16","targetHints":{"allow":["GET"]}}],"collection":[{"href":"https:\/\/mockelnforeningarna.se\/migrationsgruppen\/wp-json\/wp\/v2\/pages"}],"about":[{"href":"https:\/\/mockelnforeningarna.se\/migrationsgruppen\/wp-json\/wp\/v2\/types\/page"}],"author":[{"embeddable":true,"href":"https:\/\/mockelnforeningarna.se\/migrationsgruppen\/wp-json\/wp\/v2\/users\/3"}],"replies":[{"embeddable":true,"href":"https:\/\/mockelnforeningarna.se\/migrationsgruppen\/wp-json\/wp\/v2\/comments?post=16"}],"version-history":[{"count":16,"href":"https:\/\/mockelnforeningarna.se\/migrationsgruppen\/wp-json\/wp\/v2\/pages\/16\/revisions"}],"predecessor-version":[{"id":347,"href":"https:\/\/mockelnforeningarna.se\/migrationsgruppen\/wp-json\/wp\/v2\/pages\/16\/revisions\/347"}],"wp:attachment":[{"href":"https:\/\/mockelnforeningarna.se\/migrationsgruppen\/wp-json\/wp\/v2\/media?parent=16"}],"curies":[{"name":"wp","href":"https:\/\/api.w.org\/{rel}","templated":true}]}}