{"id":299,"date":"2025-11-19T13:49:31","date_gmt":"2025-11-19T12:49:31","guid":{"rendered":"https:\/\/mockelnforeningarna.se\/migrationsgruppen\/?page_id=299"},"modified":"2026-03-04T19:50:38","modified_gmt":"2026-03-04T18:50:38","slug":"bli-medlem","status":"publish","type":"page","link":"https:\/\/mockelnforeningarna.se\/migrationsgruppen\/bli-medlem\/","title":{"rendered":"Bli medlem"},"content":{"rendered":"\n<p><strong>F\u00f6r n\u00e4rvarande \u00e4r vi cirka 60 medlemmar i v\u00e5r f\u00f6rening. Vi beh\u00f6ver dock bli fler, som kan st\u00f6tta oss<br>p\u00e5 olika s\u00e4tt.<\/strong><\/p>\n\n\n\n<p><strong>Finns du som \u00e4r specialist p\u00e5 svensk utl\u00e4nningslagstiftning s\u00e5 \u00e4r vi tacksamma f\u00f6r din hj\u00e4lp!<\/strong><\/p>\n\n\n\n<ul class=\"wp-block-list\">\n<li>Medlem kan enligt stadgarna vara <strong>fysisk person, <\/strong>dock ej juridisk person. <\/li>\n\n\n\n<li>Medlemsavgiften \u00e4r 100:- per \u00e5r.<\/li>\n\n\n\n<li>Betalning g\u00f6rs till: \n<ul class=\"wp-block-list\">\n<li>Bankgironummer 5878-2442, Handelsbanken Karlskoga.<\/li>\n\n\n\n<li>Du kan ocks\u00e5 swisha avgiften till mobilnummer 070-334 17 46 (Boo Thuvander).<\/li>\n<\/ul>\n<\/li>\n\n\n\n<li>Var v\u00e4nlig ange namn, adress, telefonnummer och e-postadress vid betalning.<\/li>\n<\/ul>\n\n\n\n<p><\/p>\n","protected":false},"excerpt":{"rendered":"<p>F\u00f6r n\u00e4rvarande \u00e4r vi cirka 60 medlemmar i v\u00e5r f\u00f6rening. Vi beh\u00f6ver dock bli fler, som kan st\u00f6tta ossp\u00e5 olika s\u00e4tt. Finns du som \u00e4r specialist p\u00e5 svensk utl\u00e4nningslagstiftning s\u00e5 [&hellip;]<\/p>\n","protected":false},"author":172,"featured_media":0,"parent":0,"menu_order":0,"comment_status":"closed","ping_status":"closed","template":"","meta":{"footnotes":""},"class_list":["post-299","page","type-page","status-publish","hentry"],"_links":{"self":[{"href":"https:\/\/mockelnforeningarna.se\/migrationsgruppen\/wp-json\/wp\/v2\/pages\/299","targetHints":{"allow":["GET"]}}],"collection":[{"href":"https:\/\/mockelnforeningarna.se\/migrationsgruppen\/wp-json\/wp\/v2\/pages"}],"about":[{"href":"https:\/\/mockelnforeningarna.se\/migrationsgruppen\/wp-json\/wp\/v2\/types\/page"}],"author":[{"embeddable":true,"href":"https:\/\/mockelnforeningarna.se\/migrationsgruppen\/wp-json\/wp\/v2\/users\/172"}],"replies":[{"embeddable":true,"href":"https:\/\/mockelnforeningarna.se\/migrationsgruppen\/wp-json\/wp\/v2\/comments?post=299"}],"version-history":[{"count":5,"href":"https:\/\/mockelnforeningarna.se\/migrationsgruppen\/wp-json\/wp\/v2\/pages\/299\/revisions"}],"predecessor-version":[{"id":333,"href":"https:\/\/mockelnforeningarna.se\/migrationsgruppen\/wp-json\/wp\/v2\/pages\/299\/revisions\/333"}],"wp:attachment":[{"href":"https:\/\/mockelnforeningarna.se\/migrationsgruppen\/wp-json\/wp\/v2\/media?parent=299"}],"curies":[{"name":"wp","href":"https:\/\/api.w.org\/{rel}","templated":true}]}}