{"id":5,"date":"2020-10-20T11:07:10","date_gmt":"2020-10-20T09:07:10","guid":{"rendered":"https:\/\/mockelnforeningarna.se\/migrationsgruppen\/?page_id=4"},"modified":"2026-03-04T20:15:55","modified_gmt":"2026-03-04T19:15:55","slug":"hem","status":"publish","type":"page","link":"https:\/\/mockelnforeningarna.se\/migrationsgruppen\/","title":{"rendered":"Hem"},"content":{"rendered":"\n<div class=\"wp-block-cover alignfull is-light\"><img loading=\"lazy\" decoding=\"async\" width=\"1650\" height=\"1101\" class=\"wp-block-cover__image-background wp-image-27\" alt=\"\" src=\"https:\/\/mockelnforeningarna.se\/app\/uploads\/sites\/37\/2020\/10\/photo-1454165804606-c3d57bc86b40.jpeg\" data-object-fit=\"cover\" srcset=\"https:\/\/mockelnforeningarna.se\/app\/uploads\/sites\/37\/2020\/10\/photo-1454165804606-c3d57bc86b40.jpeg 1650w, https:\/\/mockelnforeningarna.se\/app\/uploads\/sites\/37\/2020\/10\/photo-1454165804606-c3d57bc86b40-300x200.jpeg 300w, https:\/\/mockelnforeningarna.se\/app\/uploads\/sites\/37\/2020\/10\/photo-1454165804606-c3d57bc86b40-1024x683.jpeg 1024w, https:\/\/mockelnforeningarna.se\/app\/uploads\/sites\/37\/2020\/10\/photo-1454165804606-c3d57bc86b40-768x512.jpeg 768w, https:\/\/mockelnforeningarna.se\/app\/uploads\/sites\/37\/2020\/10\/photo-1454165804606-c3d57bc86b40-1536x1025.jpeg 1536w, https:\/\/mockelnforeningarna.se\/app\/uploads\/sites\/37\/2020\/10\/photo-1454165804606-c3d57bc86b40-1400x934.jpeg 1400w, https:\/\/mockelnforeningarna.se\/app\/uploads\/sites\/37\/2020\/10\/photo-1454165804606-c3d57bc86b40-800x534.jpeg 800w, https:\/\/mockelnforeningarna.se\/app\/uploads\/sites\/37\/2020\/10\/photo-1454165804606-c3d57bc86b40-500x334.jpeg 500w, https:\/\/mockelnforeningarna.se\/app\/uploads\/sites\/37\/2020\/10\/photo-1454165804606-c3d57bc86b40-1440x961.jpeg 1440w, https:\/\/mockelnforeningarna.se\/app\/uploads\/sites\/37\/2020\/10\/photo-1454165804606-c3d57bc86b40-600x400.jpeg 600w, https:\/\/mockelnforeningarna.se\/app\/uploads\/sites\/37\/2020\/10\/photo-1454165804606-c3d57bc86b40-1600x1068.jpeg 1600w\" sizes=\"auto, (max-width: 1650px) 100vw, 1650px\" \/><span aria-hidden=\"true\" class=\"wp-block-cover__background has-background-dim\"><\/span><div class=\"wp-block-cover__inner-container is-layout-flow wp-block-cover-is-layout-flow\">\n<p class=\"has-text-align-center has-white-color has-text-color has-large-font-size\">V\u00c4LKOMMEN TILL MIGRATIONSGRUPPEN KARLSKOGA!<br><em>Vi ger st\u00f6d i migrationsfr\u00e5gor<\/em><\/p>\n<\/div><\/div>\n\n\n\n<div class=\"wp-block-group has-global-padding is-layout-constrained wp-block-group-is-layout-constrained\" style=\"margin-top:var(--wp--preset--spacing--medium)\">\n<p><br>Migrationsgruppen i Karlskoga st\u00f6ttar kostnadsfritt flyktingar, asyls\u00f6kande m.fl. med kontakter med<br>Migrationsverket och andra myndigheter och organisationer.<\/p>\n\n\n\n<p><a href=\"https:\/\/mockelnforeningarna.se\/migrationsgruppen\/meetings\/\">Engelska<\/a><br><a href=\"https:\/\/mockelnforeningarna.se\/migrationsgruppen\/traffar-arabiska\/\" target=\"_blank\" rel=\"noreferrer noopener\">Arabiska<\/a><br><a href=\"https:\/\/mockelnforeningarna.se\/migrationsgruppen\/traffar-somaliska\/\">Somaliska<\/a><br><a href=\"https:\/\/mockelnforeningarna.se\/migrationsgruppen\/traffar-tigrinja\">Tigrinja<\/a><br><a href=\"https:\/\/mockelnforeningarna.se\/migrationsgruppen\/traffar-farsi\/\">Dari<\/a><br><a href=\"https:\/\/mockelnforeningarna.se\/migrationsgruppen\/traffar-farsi\/\">Farsi<\/a><br><a href=\"https:\/\/mockelnforeningarna.se\/migrationsgruppen\/traffar-ukrainska\/\">Ukrainska<\/a><\/p>\n<\/div>\n","protected":false},"excerpt":{"rendered":"<p>Migrationsgruppen i Karlskoga st\u00f6ttar kostnadsfritt flyktingar, asyls\u00f6kande m.fl. med kontakter medMigrationsverket och andra myndigheter och organisationer. EngelskaArabiskaSomaliskaTigrinjaDariFarsiUkrainska<\/p>\n","protected":false},"author":3,"featured_media":0,"parent":0,"menu_order":0,"comment_status":"closed","ping_status":"closed","template":"page-notitle.php","meta":{"footnotes":""},"class_list":["post-5","page","type-page","status-publish","hentry"],"_links":{"self":[{"href":"https:\/\/mockelnforeningarna.se\/migrationsgruppen\/wp-json\/wp\/v2\/pages\/5","targetHints":{"allow":["GET"]}}],"collection":[{"href":"https:\/\/mockelnforeningarna.se\/migrationsgruppen\/wp-json\/wp\/v2\/pages"}],"about":[{"href":"https:\/\/mockelnforeningarna.se\/migrationsgruppen\/wp-json\/wp\/v2\/types\/page"}],"author":[{"embeddable":true,"href":"https:\/\/mockelnforeningarna.se\/migrationsgruppen\/wp-json\/wp\/v2\/users\/3"}],"replies":[{"embeddable":true,"href":"https:\/\/mockelnforeningarna.se\/migrationsgruppen\/wp-json\/wp\/v2\/comments?post=5"}],"version-history":[{"count":21,"href":"https:\/\/mockelnforeningarna.se\/migrationsgruppen\/wp-json\/wp\/v2\/pages\/5\/revisions"}],"predecessor-version":[{"id":343,"href":"https:\/\/mockelnforeningarna.se\/migrationsgruppen\/wp-json\/wp\/v2\/pages\/5\/revisions\/343"}],"wp:attachment":[{"href":"https:\/\/mockelnforeningarna.se\/migrationsgruppen\/wp-json\/wp\/v2\/media?parent=5"}],"curies":[{"name":"wp","href":"https:\/\/api.w.org\/{rel}","templated":true}]}}