{"id":63,"date":"2022-01-17T13:55:27","date_gmt":"2022-01-17T12:55:27","guid":{"rendered":"https:\/\/mockelnforeningarna.se\/migrationsgruppen\/?page_id=63"},"modified":"2024-04-11T15:57:57","modified_gmt":"2024-04-11T13:57:57","slug":"oppet-tider","status":"publish","type":"page","link":"https:\/\/mockelnforeningarna.se\/migrationsgruppen\/hem\/oppet-tider\/","title":{"rendered":"Tr\u00e4ffar"},"content":{"rendered":"<h3>N\u00e4r:<\/h3>\n<p>Onsdagar mellan kl. 09.00 och 16.00.<\/p>\n<h3>Var:<\/h3>\n<p>Styrelserummet i R\u00e4v\u00e5skyrkan, Bastugatan 39, 691 32 Karlskoga<\/p>\n<h3>Hur:<\/h3>\n<p>Vi hj\u00e4lper flyktingar med kontakter med Migrationsverket m.fl.<br \/>\nBes\u00f6k och telefonsamtal efter tids bokning.<br \/>\nEndast kontakt med en person per bes\u00f6k p\u00e5 grund av smittrisk eller telefon, e-post eller brev.<br \/>\nTillg\u00e5ng till tolkar som kan hj\u00e4lpa oss \u00f6vers\u00e4tta till\/fr\u00e5n olika spr\u00e5k:\u00a0<strong>arabiska, dari, persiska, somaliska, tigrinska och ukrainska.<\/strong><\/p>\n<h3>Vem:<\/h3>\n<p>Eva Lindb\u00e4ck, lindback.eva@gmail.com, mobil 073-056 06 00<br \/>\nPer-Erik Johansson, per.erik.johansson@telia.com, mobil 073-026 85 98<br \/>\nBoo Thuvander, boo.thuvander@telia.com, mobil 070-334 17 46<\/p>\n<h3>\u00d6vers\u00e4ttning<\/h3>\n<p><a href=\"https:\/\/mockelnforeningarna.se\/migrationsgruppen\/meetings\/\">Engelska<\/a><br \/>\n<a href=\"https:\/\/mockelnforeningarna.se\/migrationsgruppen\/traffar-arabiska\/\">Arabiska<\/a><br \/>\n<a href=\"https:\/\/mockelnforeningarna.se\/migrationsgruppen\/traffar-somaliska\/\">Somaliska<\/a><br \/>\n<a href=\"https:\/\/mockelnforeningarna.se\/migrationsgruppen\/traffar-tigrinja\">Tigrinja<\/a><br \/>\n<a href=\"https:\/\/mockelnforeningarna.se\/migrationsgruppen\/traffar-farsi\/\">Farsi<\/a><br \/>\n<a href=\"https:\/\/mockelnforeningarna.se\/migrationsgruppen\/traffar-ukrainska\/\">Ukrainska<\/a><\/p>\n","protected":false},"excerpt":{"rendered":"<p>N\u00e4r: Onsdagar mellan kl. 09.00 och 16.00. Var: Styrelserummet i R\u00e4v\u00e5skyrkan, Bastugatan 39, 691 32 Karlskoga Hur: Vi hj\u00e4lper flyktingar med kontakter med Migrationsverket m.fl. Bes\u00f6k och telefonsamtal efter tids [&hellip;]<\/p>\n","protected":false},"author":3,"featured_media":0,"parent":5,"menu_order":15,"comment_status":"closed","ping_status":"closed","template":"","meta":{"footnotes":""},"class_list":["post-63","page","type-page","status-publish","hentry"],"_links":{"self":[{"href":"https:\/\/mockelnforeningarna.se\/migrationsgruppen\/wp-json\/wp\/v2\/pages\/63","targetHints":{"allow":["GET"]}}],"collection":[{"href":"https:\/\/mockelnforeningarna.se\/migrationsgruppen\/wp-json\/wp\/v2\/pages"}],"about":[{"href":"https:\/\/mockelnforeningarna.se\/migrationsgruppen\/wp-json\/wp\/v2\/types\/page"}],"author":[{"embeddable":true,"href":"https:\/\/mockelnforeningarna.se\/migrationsgruppen\/wp-json\/wp\/v2\/users\/3"}],"replies":[{"embeddable":true,"href":"https:\/\/mockelnforeningarna.se\/migrationsgruppen\/wp-json\/wp\/v2\/comments?post=63"}],"version-history":[{"count":1,"href":"https:\/\/mockelnforeningarna.se\/migrationsgruppen\/wp-json\/wp\/v2\/pages\/63\/revisions"}],"predecessor-version":[{"id":252,"href":"https:\/\/mockelnforeningarna.se\/migrationsgruppen\/wp-json\/wp\/v2\/pages\/63\/revisions\/252"}],"up":[{"embeddable":true,"href":"https:\/\/mockelnforeningarna.se\/migrationsgruppen\/wp-json\/wp\/v2\/pages\/5"}],"wp:attachment":[{"href":"https:\/\/mockelnforeningarna.se\/migrationsgruppen\/wp-json\/wp\/v2\/media?parent=63"}],"curies":[{"name":"wp","href":"https:\/\/api.w.org\/{rel}","templated":true}]}}