{"id":94,"date":"2022-01-27T10:38:42","date_gmt":"2022-01-27T09:38:42","guid":{"rendered":"https:\/\/mockelnforeningarna.se\/migrationsgruppen\/?page_id=94"},"modified":"2024-04-12T10:55:44","modified_gmt":"2024-04-12T08:55:44","slug":"traffar-somaliska","status":"publish","type":"page","link":"https:\/\/mockelnforeningarna.se\/migrationsgruppen\/traffar-somaliska\/","title":{"rendered":"Tr\u00e4ffar- Somaliska"},"content":{"rendered":"<p>Karlskoga<\/p>\n<p>Kooxda socdaalka KARLSKOGA R\u00c4V\u00c5SKYRKAN<\/p>\n<p>Goorma: Arbacada dhaxaysa 09.00 iyo 16.00.<\/p>\n<p>Halkee: Qolka fadhiga ee R\u00e4v\u00e5skyrkan Adresska waa ::: Bastugatan 39, 691 32 Karlskoga<\/p>\n<p>Sidee :: Waxaan ka caawinnaa qaxootiga la xiriirka laanta socdaalka iyo kuwa kale. Booqashooyinka iyo wicitaanada taleefoonada waa ballan ahaan. Lasoo xariir kaliya hal qof booqashadiiba khatarta caabuqa awgeed,,, telefoon, email ama warqad. Waa jiraan Helitaanka turjubaano naga caawin kara inaan u turjuno \/ ka turjumo luqado kala duwan. Yaa:<\/p>\n<p>Eva Lindb\u00e4ck, Lindback. eva@gmail.com mobile 073-056 06 00<\/p>\n<p>Per-Erik Johansson per.erik.johansson@telia.com mobile 073-026 85 98<\/p>\n<p>Boo Thuvander boo.thuvander@telia.com mobile 070-334 17 46<\/p>\n<p>Sawsan Alchaar sawsan.alchaar@gmail.com 0722941719<\/p>\n","protected":false},"excerpt":{"rendered":"<p>Karlskoga Kooxda socdaalka KARLSKOGA R\u00c4V\u00c5SKYRKAN Goorma: Arbacada dhaxaysa 09.00 iyo 16.00. Halkee: Qolka fadhiga ee R\u00e4v\u00e5skyrkan Adresska waa ::: Bastugatan 39, 691 32 Karlskoga Sidee :: Waxaan ka caawinnaa qaxootiga [&hellip;]<\/p>\n","protected":false},"author":3,"featured_media":0,"parent":0,"menu_order":0,"comment_status":"closed","ping_status":"closed","template":"","meta":{"footnotes":""},"class_list":["post-94","page","type-page","status-publish","hentry"],"_links":{"self":[{"href":"https:\/\/mockelnforeningarna.se\/migrationsgruppen\/wp-json\/wp\/v2\/pages\/94","targetHints":{"allow":["GET"]}}],"collection":[{"href":"https:\/\/mockelnforeningarna.se\/migrationsgruppen\/wp-json\/wp\/v2\/pages"}],"about":[{"href":"https:\/\/mockelnforeningarna.se\/migrationsgruppen\/wp-json\/wp\/v2\/types\/page"}],"author":[{"embeddable":true,"href":"https:\/\/mockelnforeningarna.se\/migrationsgruppen\/wp-json\/wp\/v2\/users\/3"}],"replies":[{"embeddable":true,"href":"https:\/\/mockelnforeningarna.se\/migrationsgruppen\/wp-json\/wp\/v2\/comments?post=94"}],"version-history":[{"count":1,"href":"https:\/\/mockelnforeningarna.se\/migrationsgruppen\/wp-json\/wp\/v2\/pages\/94\/revisions"}],"predecessor-version":[{"id":255,"href":"https:\/\/mockelnforeningarna.se\/migrationsgruppen\/wp-json\/wp\/v2\/pages\/94\/revisions\/255"}],"wp:attachment":[{"href":"https:\/\/mockelnforeningarna.se\/migrationsgruppen\/wp-json\/wp\/v2\/media?parent=94"}],"curies":[{"name":"wp","href":"https:\/\/api.w.org\/{rel}","templated":true}]}}