{"id":1948,"date":"2021-12-22T09:13:40","date_gmt":"2021-12-22T08:13:40","guid":{"rendered":"https:\/\/mockelnforeningarna.se\/mohass\/?page_id=1948"},"modified":"2022-12-12T21:30:22","modified_gmt":"2022-12-12T20:30:22","slug":"bestallning","status":"publish","type":"page","link":"https:\/\/mockelnforeningarna.se\/mohass\/bestallning\/","title":{"rendered":"Best\u00e4llning"},"content":{"rendered":"\n<div class=\"wp-block-cover alignfull is-light\"><span aria-hidden=\"true\" class=\"wp-block-cover__background has-background-dim-30 has-background-dim\"><\/span><img loading=\"lazy\" decoding=\"async\" width=\"2560\" height=\"1707\" class=\"wp-block-cover__image-background wp-image-2029\" alt=\"\" src=\"https:\/\/mockelnforeningarna.se\/app\/uploads\/sites\/38\/2022\/03\/pexels-pixabay-257937-scaled.jpg\" data-object-fit=\"cover\" srcset=\"https:\/\/mockelnforeningarna.se\/app\/uploads\/sites\/38\/2022\/03\/pexels-pixabay-257937-scaled.jpg 2560w, https:\/\/mockelnforeningarna.se\/app\/uploads\/sites\/38\/2022\/03\/pexels-pixabay-257937-300x200.jpg 300w, https:\/\/mockelnforeningarna.se\/app\/uploads\/sites\/38\/2022\/03\/pexels-pixabay-257937-1024x683.jpg 1024w, https:\/\/mockelnforeningarna.se\/app\/uploads\/sites\/38\/2022\/03\/pexels-pixabay-257937-768x512.jpg 768w, https:\/\/mockelnforeningarna.se\/app\/uploads\/sites\/38\/2022\/03\/pexels-pixabay-257937-1536x1024.jpg 1536w, https:\/\/mockelnforeningarna.se\/app\/uploads\/sites\/38\/2022\/03\/pexels-pixabay-257937-2048x1365.jpg 2048w, https:\/\/mockelnforeningarna.se\/app\/uploads\/sites\/38\/2022\/03\/pexels-pixabay-257937-1400x933.jpg 1400w, https:\/\/mockelnforeningarna.se\/app\/uploads\/sites\/38\/2022\/03\/pexels-pixabay-257937-800x533.jpg 800w, https:\/\/mockelnforeningarna.se\/app\/uploads\/sites\/38\/2022\/03\/pexels-pixabay-257937-500x333.jpg 500w, https:\/\/mockelnforeningarna.se\/app\/uploads\/sites\/38\/2022\/03\/pexels-pixabay-257937-1440x960.jpg 1440w, https:\/\/mockelnforeningarna.se\/app\/uploads\/sites\/38\/2022\/03\/pexels-pixabay-257937-600x400.jpg 600w, https:\/\/mockelnforeningarna.se\/app\/uploads\/sites\/38\/2022\/03\/pexels-pixabay-257937-1600x1067.jpg 1600w\" sizes=\"auto, (max-width: 2560px) 100vw, 2560px\" \/><div class=\"wp-block-cover__inner-container is-layout-flow wp-block-cover-is-layout-flow\">\n<p class=\"has-text-align-center has-white-color has-text-color has-large-font-size\">Best\u00e4llning<\/p>\n<\/div><\/div>\n\n\n\n<div class=\"wp-block-group has-global-padding is-layout-constrained wp-block-group-is-layout-constrained\" style=\"padding-top:var(--wp--preset--spacing--medium)\">\n<p>H\u00e4r kan du l\u00e4ttast kontakta oss<\/p>\n<\/div>\n\n\n\n<div class=\"wp-block-contact-form-7-contact-form-selector\">\n<div class=\"wpcf7 no-js\" id=\"wpcf7-f9-o1\" lang=\"sv-SE\" dir=\"ltr\" data-wpcf7-id=\"9\">\n<div class=\"screen-reader-response\"><p role=\"status\" aria-live=\"polite\" aria-atomic=\"true\"><\/p> <ul><\/ul><\/div>\n<form action=\"\/mohass\/wp-json\/wp\/v2\/pages\/1948#wpcf7-f9-o1\" method=\"post\" class=\"wpcf7-form init\" aria-label=\"Kontaktformul\u00e4r\" novalidate=\"novalidate\" data-status=\"init\">\n<fieldset class=\"hidden-fields-container\"><input type=\"hidden\" name=\"_wpcf7\" value=\"9\" \/><input type=\"hidden\" name=\"_wpcf7_version\" value=\"6.1.5\" \/><input type=\"hidden\" name=\"_wpcf7_locale\" value=\"sv_SE\" \/><input type=\"hidden\" name=\"_wpcf7_unit_tag\" value=\"wpcf7-f9-o1\" \/><input type=\"hidden\" name=\"_wpcf7_container_post\" value=\"0\" \/><input type=\"hidden\" name=\"_wpcf7_posted_data_hash\" value=\"\" \/>\n<\/fieldset>\n<h3> Best\u00e4ll en tj\u00e4nst\n<\/h3>\n<p>Vi svarar inom 1-2 arbetsdagar.\n<\/p>\n<blockquote>\n\t<p>Du kan \u00e4ven ringa f\u00f6r att best\u00e4lla, tel:072-1468931\n\t<\/p>\n<\/blockquote>\n<p><label> Ditt namn<i class=\"red\">*<\/i> (obligatoriskt)<br \/>\n<span class=\"wpcf7-form-control-wrap\" data-name=\"your-name\"><input size=\"40\" maxlength=\"400\" class=\"wpcf7-form-control wpcf7-text wpcf7-validates-as-required\" aria-required=\"true\" aria-invalid=\"false\" value=\"\" type=\"text\" name=\"your-name\" \/><\/span> <\/label>\n<\/p>\n<p><label> Din e-post<br \/>\n<span class=\"wpcf7-form-control-wrap\" data-name=\"your-email\"><input size=\"40\" maxlength=\"400\" class=\"wpcf7-form-control wpcf7-email wpcf7-text wpcf7-validates-as-email\" aria-invalid=\"false\" value=\"\" type=\"email\" name=\"your-email\" \/><\/span> <\/label>\n<\/p>\n<p><label> Ditt telefonnr<i class=\"red\">*<\/i> (obligatoriskt)<br \/>\n<span class=\"wpcf7-form-control-wrap\" data-name=\"your-phone\"><input class=\"wpcf7-form-control wpcf7-number wpcf7-validates-as-required wpcf7-validates-as-number\" aria-required=\"true\" aria-invalid=\"false\" value=\"\" type=\"number\" name=\"your-phone\" \/><\/span><\/label><br \/>\n<span class=\"wpcf7-form-control-wrap\" data-name=\"checkbox-tjanst\"><span class=\"wpcf7-form-control wpcf7-checkbox\"><span class=\"wpcf7-list-item first\"><label><input type=\"checkbox\" name=\"checkbox-tjanst[]\" value=\"Gr\u00e4sklippning\/Tr\u00e4dg\u00e5rdsarbete\" \/><span class=\"wpcf7-list-item-label\">Gr\u00e4sklippning\/Tr\u00e4dg\u00e5rdsarbete<\/span><\/label><\/span><span class=\"wpcf7-list-item\"><label><input type=\"checkbox\" name=\"checkbox-tjanst[]\" value=\"Sn\u00f6skottning\" \/><span class=\"wpcf7-list-item-label\">Sn\u00f6skottning<\/span><\/label><\/span><span class=\"wpcf7-list-item\"><label><input type=\"checkbox\" name=\"checkbox-tjanst[]\" value=\"Skr\u00e4pk\u00f6rning\" \/><span class=\"wpcf7-list-item-label\">Skr\u00e4pk\u00f6rning<\/span><\/label><\/span><span class=\"wpcf7-list-item last\"><label><input type=\"checkbox\" name=\"checkbox-tjanst[]\" value=\"\u00d6vrigt\" \/><span class=\"wpcf7-list-item-label\">\u00d6vrigt<\/span><\/label><\/span><\/span><\/span>\n<\/p>\n<p><label> \u00c4mne<br \/>\n<span class=\"wpcf7-form-control-wrap\" data-name=\"your-subject\"><input size=\"40\" maxlength=\"400\" class=\"wpcf7-form-control wpcf7-text\" aria-invalid=\"false\" value=\"\" type=\"text\" name=\"your-subject\" \/><\/span> <\/label>\n<\/p>\n<p><label> Ditt meddelande<br \/>\n<span class=\"wpcf7-form-control-wrap\" data-name=\"your-message\"><textarea cols=\"40\" rows=\"10\" maxlength=\"2000\" class=\"wpcf7-form-control wpcf7-textarea\" aria-invalid=\"false\" name=\"your-message\"><\/textarea><\/span> <\/label>\n<\/p>\n<p><input class=\"wpcf7-form-control wpcf7-submit has-spinner\" type=\"submit\" value=\"Skicka\" \/>\n<\/p><div class=\"wpcf7-response-output\" aria-hidden=\"true\"><\/div>\n<\/form>\n<\/div>\n<\/div>\n","protected":false},"excerpt":{"rendered":"<p>H\u00e4r kan du l\u00e4ttast kontakta oss<\/p>\n","protected":false},"author":3,"featured_media":0,"parent":0,"menu_order":0,"comment_status":"closed","ping_status":"closed","template":"page-notitle.php","meta":{"footnotes":""},"class_list":["post-1948","page","type-page","status-publish","hentry"],"_links":{"self":[{"href":"https:\/\/mockelnforeningarna.se\/mohass\/wp-json\/wp\/v2\/pages\/1948","targetHints":{"allow":["GET"]}}],"collection":[{"href":"https:\/\/mockelnforeningarna.se\/mohass\/wp-json\/wp\/v2\/pages"}],"about":[{"href":"https:\/\/mockelnforeningarna.se\/mohass\/wp-json\/wp\/v2\/types\/page"}],"author":[{"embeddable":true,"href":"https:\/\/mockelnforeningarna.se\/mohass\/wp-json\/wp\/v2\/users\/3"}],"replies":[{"embeddable":true,"href":"https:\/\/mockelnforeningarna.se\/mohass\/wp-json\/wp\/v2\/comments?post=1948"}],"version-history":[{"count":4,"href":"https:\/\/mockelnforeningarna.se\/mohass\/wp-json\/wp\/v2\/pages\/1948\/revisions"}],"predecessor-version":[{"id":2053,"href":"https:\/\/mockelnforeningarna.se\/mohass\/wp-json\/wp\/v2\/pages\/1948\/revisions\/2053"}],"wp:attachment":[{"href":"https:\/\/mockelnforeningarna.se\/mohass\/wp-json\/wp\/v2\/media?parent=1948"}],"curies":[{"name":"wp","href":"https:\/\/api.w.org\/{rel}","templated":true}]}}