{"id":1951,"date":"2021-12-22T09:14:58","date_gmt":"2021-12-22T08:14:58","guid":{"rendered":"https:\/\/mockelnforeningarna.se\/mohass\/?page_id=1951"},"modified":"2022-12-12T22:04:51","modified_gmt":"2022-12-12T21:04:51","slug":"grasklippning","status":"publish","type":"page","link":"https:\/\/mockelnforeningarna.se\/mohass\/grasklippning\/","title":{"rendered":"Gr\u00e4sklippning\/ Tr\u00e4dg\u00e5rdsarbete"},"content":{"rendered":"\n<div class=\"wp-block-cover alignfull is-light\"><span aria-hidden=\"true\" class=\"wp-block-cover__background has-background-dim\"><\/span><img loading=\"lazy\" decoding=\"async\" width=\"1880\" height=\"1253\" class=\"wp-block-cover__image-background wp-image-1078\" alt=\"\" src=\"https:\/\/mockelnforeningarna.se\/app\/uploads\/sites\/38\/2019\/03\/trimmerb.jpg\" data-object-fit=\"cover\" srcset=\"https:\/\/mockelnforeningarna.se\/app\/uploads\/sites\/38\/2019\/03\/trimmerb.jpg 1880w, https:\/\/mockelnforeningarna.se\/app\/uploads\/sites\/38\/2019\/03\/trimmerb-300x200.jpg 300w, https:\/\/mockelnforeningarna.se\/app\/uploads\/sites\/38\/2019\/03\/trimmerb-1024x682.jpg 1024w, https:\/\/mockelnforeningarna.se\/app\/uploads\/sites\/38\/2019\/03\/trimmerb-768x512.jpg 768w, https:\/\/mockelnforeningarna.se\/app\/uploads\/sites\/38\/2019\/03\/trimmerb-1536x1024.jpg 1536w, https:\/\/mockelnforeningarna.se\/app\/uploads\/sites\/38\/2019\/03\/trimmerb-1400x933.jpg 1400w, https:\/\/mockelnforeningarna.se\/app\/uploads\/sites\/38\/2019\/03\/trimmerb-800x533.jpg 800w, https:\/\/mockelnforeningarna.se\/app\/uploads\/sites\/38\/2019\/03\/trimmerb-500x333.jpg 500w, https:\/\/mockelnforeningarna.se\/app\/uploads\/sites\/38\/2019\/03\/trimmerb-1440x960.jpg 1440w, https:\/\/mockelnforeningarna.se\/app\/uploads\/sites\/38\/2019\/03\/trimmerb-600x400.jpg 600w, https:\/\/mockelnforeningarna.se\/app\/uploads\/sites\/38\/2019\/03\/trimmerb-1600x1066.jpg 1600w\" sizes=\"auto, (max-width: 1880px) 100vw, 1880px\" \/><div class=\"wp-block-cover__inner-container is-layout-flow wp-block-cover-is-layout-flow\">\n<p class=\"has-text-align-center has-white-color has-text-color has-large-font-size\">Gr\u00e4sklippning\/ Tr\u00e4dg\u00e5rdsarbete<\/p>\n<\/div><\/div>\n\n\n\n<div class=\"wp-block-group has-global-padding is-layout-constrained wp-container-core-group-is-layout-bbc91078 wp-block-group-is-layout-constrained\" style=\"padding-top:var(--wp--preset--spacing--small);padding-right:0;padding-bottom:0;padding-left:0\">\n<p style=\"margin-top:var(--wp--preset--spacing--tiny)\"><strong>Gr\u00e4sklippning<\/strong><br>Vi klipper ditt gr\u00e4s efter ditt \u00f6nskem\u00e5l. Du v\u00e4ljer om du vill boka enstaka klippningar, eller om du vill teckna ett abonnemang som d\u00e5 g\u00f6r att vi kommer och klipper din gr\u00e4smatta en g\u00e5ng per vecka, eller enligt \u00f6nskem\u00e5l, under avtalad tid. Pris s\u00e4tts efter storlek p\u00e5 gr\u00e4smattan.<\/p>\n\n\n\n<p><strong>Tr\u00e4dg\u00e5rdsarbete<\/strong><br>Vi utf\u00f6r det mesta vad g\u00e4ller tr\u00e4dg\u00e5rdsarbeten. Allt fr\u00e5n att rensa dina rabatter, rensa grusg\u00e5ngar eller plattg\u00e5ngar, kratta l\u00f6v m.m. Vi kan \u00e4ven forsla bort ditt tr\u00e4dg\u00e5rdsavfall.<\/p>\n\n\n\n<p>Allt detta till konkurrenskraftiga priser.<\/p>\n\n\n\n<p>M\u00f6jlighet till RUT avdrag finns.<\/p>\n\n\n\n<p>Kontakta Jani V\u00e4\u00e4n\u00e4nen f\u00f6r ytterligare information\/pris p\u00e5 tel. 072-1468931.<\/p>\n<\/div>\n","protected":false},"excerpt":{"rendered":"<p>Gr\u00e4sklippningVi klipper ditt gr\u00e4s efter ditt \u00f6nskem\u00e5l. Du v\u00e4ljer om du vill boka enstaka klippningar, eller om du vill teckna ett abonnemang som d\u00e5 g\u00f6r att vi kommer och klipper [&hellip;]<\/p>\n","protected":false},"author":3,"featured_media":0,"parent":0,"menu_order":0,"comment_status":"closed","ping_status":"closed","template":"page-notitle.php","meta":{"footnotes":""},"class_list":["post-1951","page","type-page","status-publish","hentry"],"_links":{"self":[{"href":"https:\/\/mockelnforeningarna.se\/mohass\/wp-json\/wp\/v2\/pages\/1951","targetHints":{"allow":["GET"]}}],"collection":[{"href":"https:\/\/mockelnforeningarna.se\/mohass\/wp-json\/wp\/v2\/pages"}],"about":[{"href":"https:\/\/mockelnforeningarna.se\/mohass\/wp-json\/wp\/v2\/types\/page"}],"author":[{"embeddable":true,"href":"https:\/\/mockelnforeningarna.se\/mohass\/wp-json\/wp\/v2\/users\/3"}],"replies":[{"embeddable":true,"href":"https:\/\/mockelnforeningarna.se\/mohass\/wp-json\/wp\/v2\/comments?post=1951"}],"version-history":[{"count":4,"href":"https:\/\/mockelnforeningarna.se\/mohass\/wp-json\/wp\/v2\/pages\/1951\/revisions"}],"predecessor-version":[{"id":2074,"href":"https:\/\/mockelnforeningarna.se\/mohass\/wp-json\/wp\/v2\/pages\/1951\/revisions\/2074"}],"wp:attachment":[{"href":"https:\/\/mockelnforeningarna.se\/mohass\/wp-json\/wp\/v2\/media?parent=1951"}],"curies":[{"name":"wp","href":"https:\/\/api.w.org\/{rel}","templated":true}]}}