{"id":1953,"date":"2021-12-22T09:15:07","date_gmt":"2021-12-22T08:15:07","guid":{"rendered":"https:\/\/mockelnforeningarna.se\/mohass\/?page_id=1953"},"modified":"2022-12-12T21:36:44","modified_gmt":"2022-12-12T20:36:44","slug":"skrapkorning","status":"publish","type":"page","link":"https:\/\/mockelnforeningarna.se\/mohass\/skrapkorning\/","title":{"rendered":"Skr\u00e4pk\u00f6rning"},"content":{"rendered":"\n<div class=\"wp-block-cover alignfull\"><span aria-hidden=\"true\" class=\"wp-block-cover__background has-background-dim\"><\/span><img loading=\"lazy\" decoding=\"async\" width=\"1880\" height=\"1251\" class=\"wp-block-cover__image-background wp-image-1449\" alt=\"\" src=\"https:\/\/mockelnforeningarna.se\/app\/uploads\/sites\/38\/2019\/04\/bottles.jpg\" data-object-fit=\"cover\" srcset=\"https:\/\/mockelnforeningarna.se\/app\/uploads\/sites\/38\/2019\/04\/bottles.jpg 1880w, https:\/\/mockelnforeningarna.se\/app\/uploads\/sites\/38\/2019\/04\/bottles-300x200.jpg 300w, https:\/\/mockelnforeningarna.se\/app\/uploads\/sites\/38\/2019\/04\/bottles-1024x681.jpg 1024w, https:\/\/mockelnforeningarna.se\/app\/uploads\/sites\/38\/2019\/04\/bottles-768x511.jpg 768w, https:\/\/mockelnforeningarna.se\/app\/uploads\/sites\/38\/2019\/04\/bottles-1536x1022.jpg 1536w, https:\/\/mockelnforeningarna.se\/app\/uploads\/sites\/38\/2019\/04\/bottles-1400x932.jpg 1400w, https:\/\/mockelnforeningarna.se\/app\/uploads\/sites\/38\/2019\/04\/bottles-800x532.jpg 800w, https:\/\/mockelnforeningarna.se\/app\/uploads\/sites\/38\/2019\/04\/bottles-500x333.jpg 500w, https:\/\/mockelnforeningarna.se\/app\/uploads\/sites\/38\/2019\/04\/bottles-1440x958.jpg 1440w, https:\/\/mockelnforeningarna.se\/app\/uploads\/sites\/38\/2019\/04\/bottles-600x399.jpg 600w, https:\/\/mockelnforeningarna.se\/app\/uploads\/sites\/38\/2019\/04\/bottles-1600x1065.jpg 1600w\" sizes=\"auto, (max-width: 1880px) 100vw, 1880px\" \/><div class=\"wp-block-cover__inner-container is-layout-flow wp-block-cover-is-layout-flow\">\n<p class=\"has-text-align-center has-large-font-size\">Skr\u00e4pk\u00f6rning<\/p>\n<\/div><\/div>\n\n\n\n<p style=\"padding-top:var(--wp--preset--spacing--medium);padding-right:0;padding-bottom:0;padding-left:0\"><strong>Skr\u00e4pk\u00f6rning<\/strong><\/p>\n\n\n\n<p>En popul\u00e4r tj\u00e4nst som fler och fler anv\u00e4nder sig av. Vi h\u00e4mtar ditt skr\u00e4p och ser till att det kommer till en avfallsstation. Vi h\u00e4mtar ditt skr\u00e4p p\u00e5 \u00f6verenskommen plats och du slipper b\u00e4ra sj\u00e4lv.<\/p>\n\n\n\n<p>Vi transporterar det mesta till tippen. Enda undantagen \u00e4r matavfall, hush\u00e5llssopor, farligt avfall och asbest.<\/p>\n\n\n\n<p>Om Du har flera olika sorters avfall i s\u00e4ck packas varje sort f\u00f6r sig och varje s\u00e4ck m\u00e4rks med inneh\u00e5ll,<\/p>\n\n\n\n<p>t ex br\u00e4nnbart, tr\u00e4dg\u00e5rdsavfall m.m.<\/p>\n\n\n\n<p>Kontakta Jani V\u00e4\u00e4n\u00e4nen f\u00f6r ytterligare information\/pris p\u00e5 tel. 072-1468931.<\/p>\n","protected":false},"excerpt":{"rendered":"<p>Skr\u00e4pk\u00f6rning En popul\u00e4r tj\u00e4nst som fler och fler anv\u00e4nder sig av. Vi h\u00e4mtar ditt skr\u00e4p och ser till att det kommer till en avfallsstation. Vi h\u00e4mtar ditt skr\u00e4p p\u00e5 \u00f6verenskommen [&hellip;]<\/p>\n","protected":false},"author":3,"featured_media":0,"parent":0,"menu_order":0,"comment_status":"closed","ping_status":"closed","template":"page-notitle.php","meta":{"footnotes":""},"class_list":["post-1953","page","type-page","status-publish","hentry"],"_links":{"self":[{"href":"https:\/\/mockelnforeningarna.se\/mohass\/wp-json\/wp\/v2\/pages\/1953","targetHints":{"allow":["GET"]}}],"collection":[{"href":"https:\/\/mockelnforeningarna.se\/mohass\/wp-json\/wp\/v2\/pages"}],"about":[{"href":"https:\/\/mockelnforeningarna.se\/mohass\/wp-json\/wp\/v2\/types\/page"}],"author":[{"embeddable":true,"href":"https:\/\/mockelnforeningarna.se\/mohass\/wp-json\/wp\/v2\/users\/3"}],"replies":[{"embeddable":true,"href":"https:\/\/mockelnforeningarna.se\/mohass\/wp-json\/wp\/v2\/comments?post=1953"}],"version-history":[{"count":2,"href":"https:\/\/mockelnforeningarna.se\/mohass\/wp-json\/wp\/v2\/pages\/1953\/revisions"}],"predecessor-version":[{"id":2060,"href":"https:\/\/mockelnforeningarna.se\/mohass\/wp-json\/wp\/v2\/pages\/1953\/revisions\/2060"}],"wp:attachment":[{"href":"https:\/\/mockelnforeningarna.se\/mohass\/wp-json\/wp\/v2\/media?parent=1953"}],"curies":[{"name":"wp","href":"https:\/\/api.w.org\/{rel}","templated":true}]}}