{"id":1969,"date":"2021-12-22T09:19:38","date_gmt":"2021-12-22T08:19:38","guid":{"rendered":"https:\/\/mockelnforeningarna.se\/mohass\/?page_id=1969"},"modified":"2023-12-05T11:43:45","modified_gmt":"2023-12-05T10:43:45","slug":"startsida","status":"publish","type":"page","link":"https:\/\/mockelnforeningarna.se\/mohass\/","title":{"rendered":"Startsida"},"content":{"rendered":"<div id=\"gutenslider-t3ejxkbo6\" class=\"wp-block-eedee-block-gutenslider content-change alignfull arrow-style-1 arrow-position-sides arrow-mb-none arrows-lg arrows-md arrows-sm dot-style-1 dots-lg dots-md dots-sm dot-position-bottom is-position-center-center mb-none\" style=\"--gutenslider-min-height: 70vh;--gutenslider-arrow-size: 30px;--gutenslider-dot-size: 25px;--gutenslider-arrow-color: #ffffff;--gutenslider-dot-color: #ffffff;--gutenslider-padding-y-mobile: 40px;--gutenslider-padding-x-mobile: 40px;--gutenslider-padding-y-tablet: 40px;--gutenslider-padding-x-tablet: 40px;--gutenslider-padding-y-desktop: 40px;--gutenslider-padding-x-desktop: 40px;--gutenslider-bg-image: url();--gutenslider-min-height-md: 50vh;--gutenslider-min-height-sm: 50vh;--gutenslider-padding-x: 40px;--gutenslider-padding-x-md: 40px;--gutenslider-padding-x-sm: 20px;--gutenslider-padding-y: 40px;--gutenslider-padding-y-md: 40px;--gutenslider-padding-y-sm: 20px;--gutenslider-arrow-size-md: 30px;--gutenslider-arrow-size-sm: 30px;--gutenslider-dot-size-md: 25px;--gutenslider-dot-size-sm: 25px;--gutenslider-arrow-bg-color: transparent;--gutenslider-arrow-hover-color: #eeeeee;--gutenslider-arrow-bg-hover-color: transparent;--gutenslider-arrow-x-offset: 10px;--gutenslider-arrow-x-offset-md: 10px;--gutenslider-arrow-x-offset-sm: 10px;--gutenslider-arrow-y-offset: 0px;--gutenslider-arrow-y-offset-md: 0px;--gutenslider-arrow-y-offset-sm: 0px;--gutenslider-arrow-x-spacing: 0px;--gutenslider-dot-y-offset: 10px;--gutenslider-dot-y-offset-md: 10px;--gutenslider-dot-y-offset-sm: 10px;--gutenslider-margin-x: 0px;--gutenslider-margin-x-md: 0px;--gutenslider-margin-x-sm: 0px;--gutenslider-margin-y: 0px;--gutenslider-margin-y-md: 0px;--gutenslider-margin-y-sm: 0px;--gutenslider-divider-top: 60px;--gutenslider-divider-bottom: 60px;--gutenslider-lightgallery-bg: #ffffff;--gutenslider-lightgallery-font: #000000;\" data-parallax-direction=\"down\" data-parallax-amount=\"1.3\" data-lg-transition=\"lg-slide\" data-hash=\"\"><div class=\"eedee-swiper-outer\"><div class=\"gutenslider-divider-top\" style=\"color:#fff; height:60px;\"><\/div><div class=\"swiper\" data-settings='{\"autoplay\":{\"delay\":3000,\"pauseOnMouseEnter\":true,\"disableOnInteraction\":false},\"speed\":700,\"direction\":\"horizontal\",\"autoHeight\":\"\",\"loop\":true,\"centeredSlides\":true,\"spaceBetween\":0,\"slidesPerView\":1,\"slidesPerGroup\":1,\"effect\":\"fade\",\"coverflowEffect\":{\"rotate\":30,\"slideShadows\":false,\"depth\":100,\"stretch\":50,\"modifier\":1},\"fadeEffect\":{\"crossFade\":true},\"zoom\":\"\",\"navigation\":{\"nextEl\":\"#gutenslider-t3ejxkbo6 .eedee-gutenslider-next\",\"prevEl\":\"#gutenslider-t3ejxkbo6 .eedee-gutenslider-prev\"},\"pagination\":{\"type\":\"bullets\",\"clickable\":true,\"dynamicBullets\":false,\"el\":\"#gutenslider-t3ejxkbo6 .eedee-gutenslider-pagination\"},\"pauseOnHover\":\"1\",\"watchSlidesProgress\":true,\"watchSlidesVisibility\":true,\"settingsMd\":{\"autoHeight\":\"\",\"slidesPerView\":1,\"slidesPerGroup\":1,\"spaceBetween\":0},\"settingsLg\":{\"autoHeight\":\"\",\"slidesPerView\":1,\"slidesPerGroup\":1,\"spaceBetween\":0},\"hasLg\":false,\"hasLgCounter\":true,\"isFullScreen\":false,\"arrowsFollowMouse\":false,\"lgTitle\":\"none\",\"lgCaption\":\"none\",\"lgThumbnails\":true,\"keyboard\":{\"keyboard\":{\"enabled\":true,\"onlyInViewport\":true}},\"hashNavigation\":false}'><div class=\"swiper-wrapper\">\n<div class=\"swiper-slide wp-block-eedee-block-gutenslide is-position-center-center ed-bg-image\" style=\"--ed-vw:300;--ed-vh:200;\" data-hash=\"\"><div class=\"eedee-background-div bg-image\"><img loading=\"lazy\" decoding=\"async\" width=\"1024\" height=\"682\" class=\"swiper-lazy wp-image-1078\" src=\"https:\/\/mockelnforeningarna.se\/app\/uploads\/sites\/38\/2019\/03\/trimmerb-1024x682.jpg\" alt=\"\" style=\"object-fit: cover; object-position: 50% 50%;\"  data-title=\"trimmerb\" srcset=\"https:\/\/mockelnforeningarna.se\/app\/uploads\/sites\/38\/2019\/03\/trimmerb-1024x682.jpg 1024w, https:\/\/mockelnforeningarna.se\/app\/uploads\/sites\/38\/2019\/03\/trimmerb-300x200.jpg 300w, https:\/\/mockelnforeningarna.se\/app\/uploads\/sites\/38\/2019\/03\/trimmerb-768x512.jpg 768w, https:\/\/mockelnforeningarna.se\/app\/uploads\/sites\/38\/2019\/03\/trimmerb-1536x1024.jpg 1536w, https:\/\/mockelnforeningarna.se\/app\/uploads\/sites\/38\/2019\/03\/trimmerb-1400x933.jpg 1400w, https:\/\/mockelnforeningarna.se\/app\/uploads\/sites\/38\/2019\/03\/trimmerb-800x533.jpg 800w, https:\/\/mockelnforeningarna.se\/app\/uploads\/sites\/38\/2019\/03\/trimmerb-500x333.jpg 500w, https:\/\/mockelnforeningarna.se\/app\/uploads\/sites\/38\/2019\/03\/trimmerb-1440x960.jpg 1440w, https:\/\/mockelnforeningarna.se\/app\/uploads\/sites\/38\/2019\/03\/trimmerb-600x400.jpg 600w, https:\/\/mockelnforeningarna.se\/app\/uploads\/sites\/38\/2019\/03\/trimmerb-1600x1066.jpg 1600w, https:\/\/mockelnforeningarna.se\/app\/uploads\/sites\/38\/2019\/03\/trimmerb.jpg 1880w\" sizes=\"auto, (max-width: 1024px) 100vw, 1024px\" \/><div class=\"eedee-background-div__overlay\" style=\"opacity:1;\"><\/div><\/div><div class=\"slide-content\">\n\n<p class=\"has-text-align-center gutenslider-content-initial has-larger-font-size\"><\/p>\n\n<\/div><\/div>\n\n<div class=\"swiper-slide wp-block-eedee-block-gutenslide is-position-center-center ed-bg-image\" style=\"--ed-vw:300;--ed-vh:200;\" data-hash=\"\"><div class=\"eedee-background-div bg-image\"><img loading=\"lazy\" decoding=\"async\" width=\"1024\" height=\"681\" class=\"swiper-lazy wp-image-1449\" src=\"https:\/\/mockelnforeningarna.se\/app\/uploads\/sites\/38\/2019\/04\/bottles-1024x681.jpg\" alt=\"\" style=\"object-fit: cover; object-position: 50% 50%;\"  data-title=\"bottles\" srcset=\"https:\/\/mockelnforeningarna.se\/app\/uploads\/sites\/38\/2019\/04\/bottles-1024x681.jpg 1024w, https:\/\/mockelnforeningarna.se\/app\/uploads\/sites\/38\/2019\/04\/bottles-300x200.jpg 300w, https:\/\/mockelnforeningarna.se\/app\/uploads\/sites\/38\/2019\/04\/bottles-768x511.jpg 768w, https:\/\/mockelnforeningarna.se\/app\/uploads\/sites\/38\/2019\/04\/bottles-1536x1022.jpg 1536w, https:\/\/mockelnforeningarna.se\/app\/uploads\/sites\/38\/2019\/04\/bottles-1400x932.jpg 1400w, https:\/\/mockelnforeningarna.se\/app\/uploads\/sites\/38\/2019\/04\/bottles-800x532.jpg 800w, https:\/\/mockelnforeningarna.se\/app\/uploads\/sites\/38\/2019\/04\/bottles-500x333.jpg 500w, https:\/\/mockelnforeningarna.se\/app\/uploads\/sites\/38\/2019\/04\/bottles-1440x958.jpg 1440w, https:\/\/mockelnforeningarna.se\/app\/uploads\/sites\/38\/2019\/04\/bottles-600x399.jpg 600w, https:\/\/mockelnforeningarna.se\/app\/uploads\/sites\/38\/2019\/04\/bottles-1600x1065.jpg 1600w, https:\/\/mockelnforeningarna.se\/app\/uploads\/sites\/38\/2019\/04\/bottles.jpg 1880w\" sizes=\"auto, (max-width: 1024px) 100vw, 1024px\" \/><div class=\"eedee-background-div__overlay\" style=\"opacity:1;\"><\/div><\/div><div class=\"slide-content\">\n\n<p class=\"has-text-align-center gutenslider-content-initial has-larger-font-size\"><\/p>\n\n<\/div><\/div>\n\n<div class=\"swiper-slide wp-block-eedee-block-gutenslide is-position-center-center ed-bg-image\" style=\"--ed-vw:200;--ed-vh:300;\" data-hash=\"\"><div class=\"eedee-background-div bg-image\"><img loading=\"lazy\" decoding=\"async\" width=\"682\" height=\"1024\" class=\"swiper-lazy wp-image-1286\" src=\"https:\/\/mockelnforeningarna.se\/app\/uploads\/sites\/38\/2019\/01\/flytt2-682x1024.jpg\" alt=\"\" style=\"object-fit: cover; object-position: 50% 50%;\"  data-title=\"flytt2\" srcset=\"https:\/\/mockelnforeningarna.se\/app\/uploads\/sites\/38\/2019\/01\/flytt2-682x1024.jpg 682w, https:\/\/mockelnforeningarna.se\/app\/uploads\/sites\/38\/2019\/01\/flytt2-200x300.jpg 200w, https:\/\/mockelnforeningarna.se\/app\/uploads\/sites\/38\/2019\/01\/flytt2-768x1154.jpg 768w, https:\/\/mockelnforeningarna.se\/app\/uploads\/sites\/38\/2019\/01\/flytt2-1023x1536.jpg 1023w, https:\/\/mockelnforeningarna.se\/app\/uploads\/sites\/38\/2019\/01\/flytt2-1363x2048.jpg 1363w, https:\/\/mockelnforeningarna.se\/app\/uploads\/sites\/38\/2019\/01\/flytt2-1400x2103.jpg 1400w, https:\/\/mockelnforeningarna.se\/app\/uploads\/sites\/38\/2019\/01\/flytt2-800x1202.jpg 800w, https:\/\/mockelnforeningarna.se\/app\/uploads\/sites\/38\/2019\/01\/flytt2-500x751.jpg 500w, https:\/\/mockelnforeningarna.se\/app\/uploads\/sites\/38\/2019\/01\/flytt2-1440x2163.jpg 1440w, https:\/\/mockelnforeningarna.se\/app\/uploads\/sites\/38\/2019\/01\/flytt2-600x901.jpg 600w, https:\/\/mockelnforeningarna.se\/app\/uploads\/sites\/38\/2019\/01\/flytt2.jpg 1446w\" sizes=\"auto, (max-width: 682px) 100vw, 682px\" \/><div class=\"eedee-background-div__overlay\" style=\"opacity:1;\"><\/div><\/div><div class=\"slide-content\">\n\n<p class=\"has-text-align-center gutenslider-content-initial has-larger-font-size\"><\/p>\n\n<\/div><\/div>\n\n<div class=\"swiper-slide wp-block-eedee-block-gutenslide is-position-center-center ed-bg-image\" style=\"--ed-vw:300;--ed-vh:200;\" data-hash=\"\"><div class=\"eedee-background-div bg-image\"><img loading=\"lazy\" decoding=\"async\" width=\"1024\" height=\"681\" class=\"swiper-lazy wp-image-1843\" src=\"https:\/\/mockelnforeningarna.se\/app\/uploads\/sites\/38\/2019\/05\/bottlesmohass-1024x681.jpg\" alt=\"\" style=\"object-fit: cover; object-position: 49% 84%;\"  data-title=\"bottles+mohass\" srcset=\"https:\/\/mockelnforeningarna.se\/app\/uploads\/sites\/38\/2019\/05\/bottlesmohass-1024x681.jpg 1024w, https:\/\/mockelnforeningarna.se\/app\/uploads\/sites\/38\/2019\/05\/bottlesmohass-300x200.jpg 300w, https:\/\/mockelnforeningarna.se\/app\/uploads\/sites\/38\/2019\/05\/bottlesmohass-768x511.jpg 768w, https:\/\/mockelnforeningarna.se\/app\/uploads\/sites\/38\/2019\/05\/bottlesmohass-1536x1022.jpg 1536w, https:\/\/mockelnforeningarna.se\/app\/uploads\/sites\/38\/2019\/05\/bottlesmohass-1400x932.jpg 1400w, https:\/\/mockelnforeningarna.se\/app\/uploads\/sites\/38\/2019\/05\/bottlesmohass-800x532.jpg 800w, https:\/\/mockelnforeningarna.se\/app\/uploads\/sites\/38\/2019\/05\/bottlesmohass-500x333.jpg 500w, https:\/\/mockelnforeningarna.se\/app\/uploads\/sites\/38\/2019\/05\/bottlesmohass-1440x958.jpg 1440w, https:\/\/mockelnforeningarna.se\/app\/uploads\/sites\/38\/2019\/05\/bottlesmohass-600x399.jpg 600w, https:\/\/mockelnforeningarna.se\/app\/uploads\/sites\/38\/2019\/05\/bottlesmohass-1600x1065.jpg 1600w, https:\/\/mockelnforeningarna.se\/app\/uploads\/sites\/38\/2019\/05\/bottlesmohass.jpg 1880w\" sizes=\"auto, (max-width: 1024px) 100vw, 1024px\" \/><div class=\"eedee-background-div__overlay\" style=\"opacity:1;\"><\/div><\/div><div class=\"slide-content\">\n\n<p class=\"has-text-align-center gutenslider-content-initial has-larger-font-size\"><\/p>\n\n<\/div><\/div>\n<\/div><\/div><button class=\"eedee-gutenslider-nav eedee-gutenslider-prev\"><svg xmlns=\"http:\/\/www.w3.org\/2000\/svg\" viewBox=\"0 0 24 24\" width=\"24\" height=\"24\"><circle class=\"bg\" cx=\"13\" cy=\"12\" r=\"11\" \/><path fill=\"none\" d=\"M0 0h24v24H0z\"\/><path class=\"arrow\" d=\"M10.828 12l4.95 4.95-1.414 1.414L8 12l6.364-6.364 1.414 1.414z\"\/><\/svg><\/button><button class=\"eedee-gutenslider-nav eedee-gutenslider-next\"><svg xmlns=\"http:\/\/www.w3.org\/2000\/svg\" viewBox=\"0 0 24 24\" width=\"24\" height=\"24\"><circle class=\"bg\" cx=\"11\" cy=\"12\" r=\"11\" \/><path fill=\"none\" d=\"M0 0h24v24H0z\"\/><path class=\"arrow\" d=\"M13.172 12l-4.95-4.95 1.414-1.414L16 12l-6.364 6.364-1.414-1.414z\"\/><\/svg><\/button><div class=\"eedee-gutenslider-pagination\"><\/div><\/div><div class=\"gutenslider-divider-bottom \" style=\"color:#fff; height:60px;\"><\/div><\/div>\n\n\n<div class=\"wp-block-group alignfull has-white-background-color has-background has-global-padding is-content-justification-center is-layout-constrained wp-container-core-group-is-layout-50790159 wp-block-group-is-layout-constrained\" style=\"padding-top:var(--wp--preset--spacing--medium);padding-right:var(--wp--preset--spacing--medium);padding-bottom:var(--wp--preset--spacing--medium);padding-left:var(--wp--preset--spacing--medium)\">\n<h2 class=\"wp-block-heading\">Om Mohass<\/h2>\n\n\n\n<p><em>Att anv\u00e4nda sig av ett Arbetsintegrerande socialt f\u00f6retag \u00e4r inte bara bra f\u00f6r dig sj\u00e4lv utan ger ett merv\u00e4rde f\u00f6r personer som arbetar d\u00e4r, samt \u00e4r ett bra alternativ f\u00f6r Karlskoga och i f\u00f6rl\u00e4ngningen hela Sverige.<\/em><\/p>\n\n\n\n<p>Ekonomiska f\u00f6reningen Mohass \u00e4r ett arbetsintegrerande socialt f\u00f6retag som startade Maj 2018, som ett svar p\u00e5 <em>Regeringens strategi f\u00f6r sociala f\u00f6retag<\/em>. Ett arbetsintegrerande socialt f\u00f6retag har som \u00f6vergripande \u00e4ndam\u00e5l att integrera m\u00e4nniskor som st\u00e5r l\u00e5ngt fr\u00e5n arbetsmarknaden och\/eller det sociala livet. Det inneb\u00e4r att det sociala f\u00f6retaget f\u00f6rs\u00f6ker skapa arbetstillf\u00e4llen och syssels\u00e4ttning, men ocks\u00e5 att vi kan erbjuda arbetstr\u00e4ning, rehabilitering, social samvaro m.m. f\u00f6r dom som deltar i verksamheten.<\/p>\n\n\n\n<p>F\u00f6reningen skall skapa delaktighet f\u00f6r medarbetarna genom deltagande i verksamheten efter egen f\u00f6rm\u00e5ga. Exempelvis genom att f\u00f6retagets verksamhet organiseras s\u00e5 att alla \u00e4r delaktiga i beslut g\u00e4llande f\u00f6reningen och kan p\u00e5verka sin egen utveckling. Eventuella vinster \u00e5terinvesteras alltid i verksamheten. Detta inneb\u00e4r att vinster anv\u00e4nds till att anst\u00e4lla fler, utveckla verksamheten, erbjuda kompetensutveckling eller f\u00f6r att utveckla f\u00f6retaget. F\u00f6r att r\u00e4knas som socialt f\u00f6retag m\u00e5ste f\u00f6reningen vara frist\u00e5ende fr\u00e5n offentlig verksamhet. Det inneb\u00e4r att f\u00f6retaget inte har \u00e4gare som \u00e4r kommuner eller andra offentligt \u00e4gda organisationer.<\/p>\n<\/div>\n","protected":false},"excerpt":{"rendered":"<p>Om Mohass Att anv\u00e4nda sig av ett Arbetsintegrerande socialt f\u00f6retag \u00e4r inte bara bra f\u00f6r dig sj\u00e4lv utan ger ett merv\u00e4rde f\u00f6r personer som arbetar d\u00e4r, samt \u00e4r ett bra [&hellip;]<\/p>\n","protected":false},"author":3,"featured_media":0,"parent":0,"menu_order":0,"comment_status":"closed","ping_status":"closed","template":"page-notitle.php","meta":{"footnotes":""},"class_list":["post-1969","page","type-page","status-publish","hentry"],"_links":{"self":[{"href":"https:\/\/mockelnforeningarna.se\/mohass\/wp-json\/wp\/v2\/pages\/1969","targetHints":{"allow":["GET"]}}],"collection":[{"href":"https:\/\/mockelnforeningarna.se\/mohass\/wp-json\/wp\/v2\/pages"}],"about":[{"href":"https:\/\/mockelnforeningarna.se\/mohass\/wp-json\/wp\/v2\/types\/page"}],"author":[{"embeddable":true,"href":"https:\/\/mockelnforeningarna.se\/mohass\/wp-json\/wp\/v2\/users\/3"}],"replies":[{"embeddable":true,"href":"https:\/\/mockelnforeningarna.se\/mohass\/wp-json\/wp\/v2\/comments?post=1969"}],"version-history":[{"count":12,"href":"https:\/\/mockelnforeningarna.se\/mohass\/wp-json\/wp\/v2\/pages\/1969\/revisions"}],"predecessor-version":[{"id":2109,"href":"https:\/\/mockelnforeningarna.se\/mohass\/wp-json\/wp\/v2\/pages\/1969\/revisions\/2109"}],"wp:attachment":[{"href":"https:\/\/mockelnforeningarna.se\/mohass\/wp-json\/wp\/v2\/media?parent=1969"}],"curies":[{"name":"wp","href":"https:\/\/api.w.org\/{rel}","templated":true}]}}