{"id":1972,"date":"2021-12-22T09:22:54","date_gmt":"2021-12-22T08:22:54","guid":{"rendered":"https:\/\/mockelnforeningarna.se\/mohass\/?page_id=1972"},"modified":"2021-12-22T09:22:54","modified_gmt":"2021-12-22T08:22:54","slug":"om-oss","status":"publish","type":"page","link":"https:\/\/mockelnforeningarna.se\/mohass\/startsida\/om-oss\/","title":{"rendered":"Om oss"},"content":{"rendered":"<div>\n<h2>Om Mohass<\/h2>\n<p><em>Att anv\u00e4nda sig av ett Arbetsintegrerande socialt f\u00f6retag \u00e4r inte bara bra f\u00f6r dig sj\u00e4lv utan ger ett merv\u00e4rde f\u00f6r personer som arbetar d\u00e4r, samt \u00e4r ett bra alternativ f\u00f6r Karlskoga och i f\u00f6rl\u00e4ngningen hela Sverige.<\/em><\/p>\n<p>Utelaget \u00e4r en enhet under Ekonomiska F\u00f6reningen Mohass. Mohass \u00e4r ett arbetsintegrerande socialt f\u00f6retag som startade Maj 2018. Ett arbetsintegrerande socialt f\u00f6retag har som \u00f6vergripande \u00e4ndam\u00e5l att integrera m\u00e4nniskor som st\u00e5r l\u00e5ngt fr\u00e5n arbetsmarknaden och\/eller det sociala livet. Det inneb\u00e4r att det sociala f\u00f6retaget f\u00f6rs\u00f6ker skapa arbetstillf\u00e4llen och syssels\u00e4ttning, men ocks\u00e5 att vi kan erbjuda arbetstr\u00e4ning, rehabilitering, social samvaro m.m. f\u00f6r dom som deltar i verksamheten.<\/p>\n<p>F\u00f6reningen skall skapa delaktighet f\u00f6r medarbetarna genom deltagande i verksamheten efter egen f\u00f6rm\u00e5ga. Exempelvis genom att f\u00f6retagets verksamhet organiseras s\u00e5 att alla \u00e4r delaktiga i beslut g\u00e4llande f\u00f6reningen och kan p\u00e5verka sin egen utveckling. Eventuella vinster \u00e5terinvesteras alltid i verksamheten. Detta inneb\u00e4r att vinster anv\u00e4nds till att anst\u00e4lla fler, utveckla verksamheten, erbjuda kompetensutveckling eller f\u00f6r att utveckla f\u00f6retaget. F\u00f6r att r\u00e4knas som socialt f\u00f6retag m\u00e5ste f\u00f6reningen vara frist\u00e5ende fr\u00e5n offentlig verksamhet. Det inneb\u00e4r att f\u00f6retaget inte har \u00e4gare som \u00e4r kommuner eller andra offentligt \u00e4gda organisationer.<\/p>\n<\/div>\n","protected":false},"excerpt":{"rendered":"<p>Om Mohass Att anv\u00e4nda sig av ett Arbetsintegrerande socialt f\u00f6retag \u00e4r inte bara bra f\u00f6r dig sj\u00e4lv utan ger ett merv\u00e4rde f\u00f6r personer som arbetar d\u00e4r, samt \u00e4r ett bra [&hellip;]<\/p>\n","protected":false},"author":3,"featured_media":0,"parent":1969,"menu_order":10,"comment_status":"closed","ping_status":"closed","template":"module-text.php","meta":{"footnotes":""},"class_list":["post-1972","page","type-page","status-publish","hentry"],"_links":{"self":[{"href":"https:\/\/mockelnforeningarna.se\/mohass\/wp-json\/wp\/v2\/pages\/1972","targetHints":{"allow":["GET"]}}],"collection":[{"href":"https:\/\/mockelnforeningarna.se\/mohass\/wp-json\/wp\/v2\/pages"}],"about":[{"href":"https:\/\/mockelnforeningarna.se\/mohass\/wp-json\/wp\/v2\/types\/page"}],"author":[{"embeddable":true,"href":"https:\/\/mockelnforeningarna.se\/mohass\/wp-json\/wp\/v2\/users\/3"}],"replies":[{"embeddable":true,"href":"https:\/\/mockelnforeningarna.se\/mohass\/wp-json\/wp\/v2\/comments?post=1972"}],"version-history":[{"count":0,"href":"https:\/\/mockelnforeningarna.se\/mohass\/wp-json\/wp\/v2\/pages\/1972\/revisions"}],"up":[{"embeddable":true,"href":"https:\/\/mockelnforeningarna.se\/mohass\/wp-json\/wp\/v2\/pages\/1969"}],"wp:attachment":[{"href":"https:\/\/mockelnforeningarna.se\/mohass\/wp-json\/wp\/v2\/media?parent=1972"}],"curies":[{"name":"wp","href":"https:\/\/api.w.org\/{rel}","templated":true}]}}